{"id":655581,"date":"2026-02-19T08:38:18","date_gmt":"2026-02-19T07:38:18","guid":{"rendered":"https:\/\/jydsk-stoflager.dk\/?post_type=product&#038;p=655581"},"modified":"2026-04-30T15:41:34","modified_gmt":"2026-04-30T13:41:34","slug":"pellavansekoitetta-kapeilla-raidoilla-musta-kopier-6","status":"publish","type":"product","link":"https:\/\/jydsk-stoflager.dk\/fi\/butik\/miten-kuunnella\/pellava-pesty\/pellavansekoitetta-kapeilla-raidoilla-musta-kopier-6\/","title":{"rendered":"Pellavasekoite, jossa on kapeita raitoja &#8211; sininen"},"content":{"rendered":"<p>Tyylikk\u00e4\u00e4t, ohuet pystysuorat raidat vaaleansinisess\u00e4 ja valkoisessa tuovat raikkaan ja klassisen ilmeen t\u00e4h\u00e4n laadukkaaseen materiaaliin. Pehme\u00e4 ja sile\u00e4 pinta, hienovarainen kiilto sek\u00e4 kevyesti laskeutuva rakenne korostuvat, kun kangas on ker\u00e4ttyn\u00e4 tai rypytettyn\u00e4. Tasaisesti kulkevat raidat luovat harmonisen vaikutelman, mik\u00e4 tekee t\u00e4st\u00e4 ihanteellisen vaihtoehdon esimerkiksi paitojen, puseroiden tai kevyiden kes\u00e4mekkojen ompeluun. Leve\u00e4 138 cm mitta mahdollistaa tehokkaan hy\u00f6dynt\u00e4misen my\u00f6s suuremmissa projekteissa.<\/p>\n<p>T\u00e4m\u00e4n <a href=\"https:\/\/jydsk-stoflager.dk\/fi\/butik\/product_cat\/koti-kangas\/kudottu-kangas\/\">kudotun materiaalin<\/a> hengitt\u00e4vyys ja luonnollinen struktuuri tekev\u00e4t siit\u00e4 erinomaisen valinnan my\u00f6s sisustustekstiileihin, kuten verhoihin, p\u00f6yt\u00e4liinoihin tai koristetyynyihin. Hienovarainen raitakuosi antaa kalusteille ja kodin pienille yksityiskohdille hillityn ilmeen, joka s\u00e4ilytt\u00e4\u00e4 tyylikkyytens\u00e4 vuodesta toiseen. Kankaan kest\u00e4v\u00e4 paino mahdollistaa k\u00e4yt\u00f6n my\u00f6s kevyiss\u00e4 verhoiluprojekteissa, kuten tuolien p\u00e4\u00e4llisiss\u00e4.<\/p>\n<p>Yhdist\u00e4 muihin <a href=\"https:\/\/jydsk-stoflager.dk\/fi\/butik\/product_cat\/muoti-kangas\/kangas\/\">laadukkaisiin kankaisiin<\/a> tai t\u00e4ydenn\u00e4 ompeluprojektisi <a href=\"https:\/\/jydsk-stoflager.dk\/fi\/butik\/product_cat\/muoti-kangas\/\">muotikankailla<\/a> luodaksesi kiinnostavia kontrasteja. Tutustu my\u00f6s <a href=\"https:\/\/jydsk-stoflager.dk\/fi\/butik\/product_cat\/popliini-yksivaerinen\/\">yksiv\u00e4risiin popliinikankaisiin<\/a> ja <a href=\"https:\/\/jydsk-stoflager.dk\/fi\/butik\/product_cat\/popliini-kuviollinen\/\">kuviollisiin popliineihin<\/a> t\u00e4ydent\u00e4\u00e4ksesi asuste- ja sisustusideoitasi.<\/p>\n","protected":false},"excerpt":{"rendered":"<table id=\"tablepress-538-no-5\" class=\"tablepress tablepress-id-538\">\n<caption style=\"caption-side:bottom;text-align:left;border:none;background:none;margin:0;padding:0\"><a href=\"https:\/\/jydsk-stoflager.dk\/wp-admin\/admin.php?page=tablepress&#038;action=edit&#038;table_id=538\" rel=\"nofollow\">Muokkaa<\/a><\/caption>\n<thead>\n<tr class=\"row-1\">\n<th class=\"column-1\">Laatu <\/th>\n<th class=\"column-2\">60% pellava 40%  puuvilla<\/th>\n<\/tr>\n<\/thead>\n<tbody class=\"row-striping row-hover\">\n<tr class=\"row-2\">\n<td class=\"column-1\">Pesuohje <\/td>\n<td class=\"column-2\"><a href=\"https:\/\/jydsk-stoflager.dk\/wp-content\/uploads\/2025\/04\/Washing-.webp\"><img decoding=\"async\" src=\"https:\/\/jydsk-stoflager.dk\/wp-content\/uploads\/2025\/04\/Washing-.webp\" alt=\"Wash 30\" width=\"178\" height=\"56\" class=\"alignnone size-full wp-image-626886\" \/><\/a><\/td>\n<\/tr>\n<tr class=\"row-3\">\n<td class=\"column-1\">Paino <\/td>\n<td class=\"column-2\">155 g\/m\u00b2<\/td>\n<\/tr>\n<tr class=\"row-4\">\n<td class=\"column-1\">bredde<\/td>\n<td class=\"column-2\">140 cm<\/td>\n<\/tr>\n<\/tbody>\n<\/table>\n","protected":false},"featured_media":655768,"comment_status":"open","ping_status":"closed","template":"","meta":{"_yoast_wpseo_focuskw":"","_yoast_wpseo_title":"","_yoast_wpseo_metadesc":"Onko sinulla yritys ja tarvitset kangasta tai tarvikkeita? Rekister\u00f6idy t\u00e4n\u00e4\u00e4n ja hanki NATUREB tukkuhintaan. sinulle taataan parhaat hinnat."},"product_brand":[],"product_cat":[1304,1577,1610],"product_tag":[1611],"class_list":{"0":"post-655581","1":"product","2":"type-product","3":"status-publish","4":"has-post-thumbnail","6":"product_cat-kangas-uutiset","7":"product_cat-miten-kuunnella","8":"product_cat-pellava-pesty","9":"product_tag-pellavaoekotex","10":"pa_certifikat-oekotex-fi","11":"pa_egenskaber-asuminen","12":"pa_egenskaber-hengittaevae","13":"pa_egenskaber-vaatteet","14":"pa_jersey-fast-melkein","15":"pa_laengde-1-m-fi","16":"pa_laengde-10-m-fi","17":"pa_laengde-50-m-fi","18":"pa_materialer-miten-kuunnella","19":"pa_vare-farve-luonto","21":"first","22":"instock","23":"taxable","24":"shipping-taxable","25":"purchasable","26":"product-type-variable"},"yoast_head":"<!-- This site is optimized with the Yoast SEO plugin v27.5 - https:\/\/yoast.com\/product\/yoast-seo-wordpress\/ -->\n<title>Pellavasekoite, jossa on kapeita raitoja - sininen - Jydsk stoflager<\/title>\n<meta name=\"description\" content=\"Onko sinulla yritys ja tarvitset kangasta tai tarvikkeita? Rekister\u00f6idy t\u00e4n\u00e4\u00e4n ja hanki NATUREB tukkuhintaan. sinulle taataan parhaat hinnat.\" \/>\n<meta name=\"robots\" content=\"index, follow, max-snippet:-1, max-image-preview:large, max-video-preview:-1\" \/>\n<link rel=\"canonical\" href=\"https:\/\/jydsk-stoflager.dk\/fi\/butik\/miten-kuunnella\/pellava-pesty\/pellavansekoitetta-kapeilla-raidoilla-musta-kopier-6\/\" \/>\n<meta property=\"og:locale\" content=\"fi_FI\" \/>\n<meta property=\"og:type\" content=\"article\" \/>\n<meta property=\"og:title\" content=\"Pellavasekoite, jossa on kapeita raitoja - sininen - Jydsk stoflager\" \/>\n<meta property=\"og:description\" content=\"Onko sinulla yritys ja tarvitset kangasta tai tarvikkeita? Rekister\u00f6idy t\u00e4n\u00e4\u00e4n ja hanki NATUREB tukkuhintaan. sinulle taataan parhaat hinnat.\" \/>\n<meta property=\"og:url\" content=\"https:\/\/jydsk-stoflager.dk\/fi\/butik\/miten-kuunnella\/pellava-pesty\/pellavansekoitetta-kapeilla-raidoilla-musta-kopier-6\/\" \/>\n<meta property=\"og:site_name\" content=\"Jydsk stoflager\" \/>\n<meta property=\"article:publisher\" content=\"https:\/\/www.facebook.com\/jydskstoflager\" \/>\n<meta property=\"article:modified_time\" content=\"2026-04-30T13:41:34+00:00\" \/>\n<meta property=\"og:image\" content=\"https:\/\/jydsk-stoflager.dk\/wp-content\/uploads\/2026\/02\/imgi_3_0936601_1-Lira-Stripe-Blue-Medium.jpeg\" \/>\n\t<meta property=\"og:image:width\" content=\"1000\" \/>\n\t<meta property=\"og:image:height\" content=\"1000\" \/>\n\t<meta property=\"og:image:type\" content=\"image\/jpeg\" \/>\n<meta name=\"twitter:card\" content=\"summary_large_image\" \/>\n<meta name=\"twitter:label1\" content=\"Saatavuus\" \/>\n\t<meta name=\"twitter:data1\" content=\"Varastossa\" \/>\n<script type=\"application\/ld+json\" class=\"yoast-schema-graph\">{\"@context\":\"https:\\\/\\\/schema.org\",\"@graph\":[{\"@type\":\"WebPage\",\"@id\":\"https:\\\/\\\/jydsk-stoflager.dk\\\/fi\\\/butik\\\/miten-kuunnella\\\/pellava-pesty\\\/pellavansekoitetta-kapeilla-raidoilla-musta-kopier-6\\\/\",\"url\":\"https:\\\/\\\/jydsk-stoflager.dk\\\/fi\\\/butik\\\/miten-kuunnella\\\/pellava-pesty\\\/pellavansekoitetta-kapeilla-raidoilla-musta-kopier-6\\\/\",\"name\":\"Pellavasekoite, jossa on kapeita raitoja - sininen - Jydsk stoflager\",\"isPartOf\":{\"@id\":\"https:\\\/\\\/jydsk-stoflager.dk\\\/fi\\\/#website\"},\"primaryImageOfPage\":{\"@id\":\"https:\\\/\\\/jydsk-stoflager.dk\\\/fi\\\/butik\\\/miten-kuunnella\\\/pellava-pesty\\\/pellavansekoitetta-kapeilla-raidoilla-musta-kopier-6\\\/#primaryimage\"},\"image\":{\"@id\":\"https:\\\/\\\/jydsk-stoflager.dk\\\/fi\\\/butik\\\/miten-kuunnella\\\/pellava-pesty\\\/pellavansekoitetta-kapeilla-raidoilla-musta-kopier-6\\\/#primaryimage\"},\"thumbnailUrl\":\"https:\\\/\\\/jydsk-stoflager.dk\\\/wp-content\\\/uploads\\\/2026\\\/02\\\/imgi_3_0936601_1-Lira-Stripe-Blue-Medium.jpeg\",\"datePublished\":\"2026-02-19T07:38:18+00:00\",\"dateModified\":\"2026-04-30T13:41:34+00:00\",\"description\":\"Onko sinulla yritys ja tarvitset kangasta tai tarvikkeita? Rekister\u00f6idy t\u00e4n\u00e4\u00e4n ja hanki NATUREB tukkuhintaan. sinulle taataan parhaat hinnat.\",\"breadcrumb\":{\"@id\":\"https:\\\/\\\/jydsk-stoflager.dk\\\/fi\\\/butik\\\/miten-kuunnella\\\/pellava-pesty\\\/pellavansekoitetta-kapeilla-raidoilla-musta-kopier-6\\\/#breadcrumb\"},\"inLanguage\":\"fi\",\"potentialAction\":[{\"@type\":\"ReadAction\",\"target\":[\"https:\\\/\\\/jydsk-stoflager.dk\\\/fi\\\/butik\\\/miten-kuunnella\\\/pellava-pesty\\\/pellavansekoitetta-kapeilla-raidoilla-musta-kopier-6\\\/\"]}]},{\"@type\":\"ImageObject\",\"inLanguage\":\"fi\",\"@id\":\"https:\\\/\\\/jydsk-stoflager.dk\\\/fi\\\/butik\\\/miten-kuunnella\\\/pellava-pesty\\\/pellavansekoitetta-kapeilla-raidoilla-musta-kopier-6\\\/#primaryimage\",\"url\":\"https:\\\/\\\/jydsk-stoflager.dk\\\/wp-content\\\/uploads\\\/2026\\\/02\\\/imgi_3_0936601_1-Lira-Stripe-Blue-Medium.jpeg\",\"contentUrl\":\"https:\\\/\\\/jydsk-stoflager.dk\\\/wp-content\\\/uploads\\\/2026\\\/02\\\/imgi_3_0936601_1-Lira-Stripe-Blue-Medium.jpeg\",\"width\":1000,\"height\":1000,\"caption\":\"Pellavasekoite, jossa on kapeita raitoja - sininen\"},{\"@type\":\"BreadcrumbList\",\"@id\":\"https:\\\/\\\/jydsk-stoflager.dk\\\/fi\\\/butik\\\/miten-kuunnella\\\/pellava-pesty\\\/pellavansekoitetta-kapeilla-raidoilla-musta-kopier-6\\\/#breadcrumb\",\"itemListElement\":[{\"@type\":\"ListItem\",\"position\":1,\"name\":\"Hjem\",\"item\":\"https:\\\/\\\/jydsk-stoflager.dk\\\/fi\\\/\"},{\"@type\":\"ListItem\",\"position\":2,\"name\":\"Myym\u00e4l\u00e4\",\"item\":\"https:\\\/\\\/jydsk-stoflager.dk\\\/fi\\\/myymaelae\\\/\"},{\"@type\":\"ListItem\",\"position\":3,\"name\":\"Pellavasekoite, jossa on kapeita raitoja &#8211; sininen\"}]},{\"@type\":\"WebSite\",\"@id\":\"https:\\\/\\\/jydsk-stoflager.dk\\\/fi\\\/#website\",\"url\":\"https:\\\/\\\/jydsk-stoflager.dk\\\/fi\\\/\",\"name\":\"Jydsk Stoflager\",\"description\":\"Jydsk Stoflager \u2013 stof til din forretning, kvalitet til dit brand\",\"publisher\":{\"@id\":\"https:\\\/\\\/jydsk-stoflager.dk\\\/fi\\\/#organization\"},\"alternateName\":\"Jydsk Stoflager\",\"potentialAction\":[{\"@type\":\"SearchAction\",\"target\":{\"@type\":\"EntryPoint\",\"urlTemplate\":\"https:\\\/\\\/jydsk-stoflager.dk\\\/fi\\\/?s={search_term_string}\"},\"query-input\":{\"@type\":\"PropertyValueSpecification\",\"valueRequired\":true,\"valueName\":\"search_term_string\"}}],\"inLanguage\":\"fi\"},{\"@type\":\"Organization\",\"@id\":\"https:\\\/\\\/jydsk-stoflager.dk\\\/fi\\\/#organization\",\"name\":\"Jydsk Stoflager\",\"alternateName\":\"Jydsk Stoflager\",\"url\":\"https:\\\/\\\/jydsk-stoflager.dk\\\/fi\\\/\",\"logo\":{\"@type\":\"ImageObject\",\"inLanguage\":\"fi\",\"@id\":\"https:\\\/\\\/jydsk-stoflager.dk\\\/fi\\\/#\\\/schema\\\/logo\\\/image\\\/\",\"url\":\"https:\\\/\\\/jydsk-stoflager.dk\\\/wp-content\\\/uploads\\\/2024\\\/04\\\/Jydsk-stoflager-logo-facebook-kopi.png\",\"contentUrl\":\"https:\\\/\\\/jydsk-stoflager.dk\\\/wp-content\\\/uploads\\\/2024\\\/04\\\/Jydsk-stoflager-logo-facebook-kopi.png\",\"width\":300,\"height\":300,\"caption\":\"Jydsk Stoflager\"},\"image\":{\"@id\":\"https:\\\/\\\/jydsk-stoflager.dk\\\/fi\\\/#\\\/schema\\\/logo\\\/image\\\/\"},\"sameAs\":[\"https:\\\/\\\/www.facebook.com\\\/jydskstoflager\",\"https:\\\/\\\/www.instagram.com\\\/jydskstoflager\\\/\"],\"hasMerchantReturnPolicy\":{\"@type\":\"MerchantReturnPolicy\",\"merchantReturnLink\":\"https:\\\/\\\/jydsk-stoflager.dk\\\/handelsbetingelser\\\/\"}}]}<\/script>\n<meta property=\"og:availability\" content=\"instock\" \/>\n<meta property=\"product:availability\" content=\"instock\" \/>\n<meta property=\"product:retailer_item_id\" content=\"JK0936-601\" \/>\n<meta property=\"product:condition\" content=\"new\" \/>\n<!-- \/ Yoast SEO plugin. -->","yoast_head_json":{"title":"Pellavasekoite, jossa on kapeita raitoja - sininen - Jydsk stoflager","description":"Onko sinulla yritys ja tarvitset kangasta tai tarvikkeita? Rekister\u00f6idy t\u00e4n\u00e4\u00e4n ja hanki NATUREB tukkuhintaan. sinulle taataan parhaat hinnat.","robots":{"index":"index","follow":"follow","max-snippet":"max-snippet:-1","max-image-preview":"max-image-preview:large","max-video-preview":"max-video-preview:-1"},"canonical":"https:\/\/jydsk-stoflager.dk\/fi\/butik\/miten-kuunnella\/pellava-pesty\/pellavansekoitetta-kapeilla-raidoilla-musta-kopier-6\/","og_locale":"fi_FI","og_type":"article","og_title":"Pellavasekoite, jossa on kapeita raitoja - sininen - Jydsk stoflager","og_description":"Onko sinulla yritys ja tarvitset kangasta tai tarvikkeita? Rekister\u00f6idy t\u00e4n\u00e4\u00e4n ja hanki NATUREB tukkuhintaan. sinulle taataan parhaat hinnat.","og_url":"https:\/\/jydsk-stoflager.dk\/fi\/butik\/miten-kuunnella\/pellava-pesty\/pellavansekoitetta-kapeilla-raidoilla-musta-kopier-6\/","og_site_name":"Jydsk stoflager","article_publisher":"https:\/\/www.facebook.com\/jydskstoflager","article_modified_time":"2026-04-30T13:41:34+00:00","og_image":[{"width":1000,"height":1000,"url":"https:\/\/jydsk-stoflager.dk\/wp-content\/uploads\/2026\/02\/imgi_3_0936601_1-Lira-Stripe-Blue-Medium.jpeg","type":"image\/jpeg"}],"twitter_card":"summary_large_image","twitter_misc":{"Saatavuus":"Varastossa"},"schema":{"@context":"https:\/\/schema.org","@graph":[{"@type":"WebPage","@id":"https:\/\/jydsk-stoflager.dk\/fi\/butik\/miten-kuunnella\/pellava-pesty\/pellavansekoitetta-kapeilla-raidoilla-musta-kopier-6\/","url":"https:\/\/jydsk-stoflager.dk\/fi\/butik\/miten-kuunnella\/pellava-pesty\/pellavansekoitetta-kapeilla-raidoilla-musta-kopier-6\/","name":"Pellavasekoite, jossa on kapeita raitoja - sininen - Jydsk stoflager","isPartOf":{"@id":"https:\/\/jydsk-stoflager.dk\/fi\/#website"},"primaryImageOfPage":{"@id":"https:\/\/jydsk-stoflager.dk\/fi\/butik\/miten-kuunnella\/pellava-pesty\/pellavansekoitetta-kapeilla-raidoilla-musta-kopier-6\/#primaryimage"},"image":{"@id":"https:\/\/jydsk-stoflager.dk\/fi\/butik\/miten-kuunnella\/pellava-pesty\/pellavansekoitetta-kapeilla-raidoilla-musta-kopier-6\/#primaryimage"},"thumbnailUrl":"https:\/\/jydsk-stoflager.dk\/wp-content\/uploads\/2026\/02\/imgi_3_0936601_1-Lira-Stripe-Blue-Medium.jpeg","datePublished":"2026-02-19T07:38:18+00:00","dateModified":"2026-04-30T13:41:34+00:00","description":"Onko sinulla yritys ja tarvitset kangasta tai tarvikkeita? Rekister\u00f6idy t\u00e4n\u00e4\u00e4n ja hanki NATUREB tukkuhintaan. sinulle taataan parhaat hinnat.","breadcrumb":{"@id":"https:\/\/jydsk-stoflager.dk\/fi\/butik\/miten-kuunnella\/pellava-pesty\/pellavansekoitetta-kapeilla-raidoilla-musta-kopier-6\/#breadcrumb"},"inLanguage":"fi","potentialAction":[{"@type":"ReadAction","target":["https:\/\/jydsk-stoflager.dk\/fi\/butik\/miten-kuunnella\/pellava-pesty\/pellavansekoitetta-kapeilla-raidoilla-musta-kopier-6\/"]}]},{"@type":"ImageObject","inLanguage":"fi","@id":"https:\/\/jydsk-stoflager.dk\/fi\/butik\/miten-kuunnella\/pellava-pesty\/pellavansekoitetta-kapeilla-raidoilla-musta-kopier-6\/#primaryimage","url":"https:\/\/jydsk-stoflager.dk\/wp-content\/uploads\/2026\/02\/imgi_3_0936601_1-Lira-Stripe-Blue-Medium.jpeg","contentUrl":"https:\/\/jydsk-stoflager.dk\/wp-content\/uploads\/2026\/02\/imgi_3_0936601_1-Lira-Stripe-Blue-Medium.jpeg","width":1000,"height":1000,"caption":"Pellavasekoite, jossa on kapeita raitoja - sininen"},{"@type":"BreadcrumbList","@id":"https:\/\/jydsk-stoflager.dk\/fi\/butik\/miten-kuunnella\/pellava-pesty\/pellavansekoitetta-kapeilla-raidoilla-musta-kopier-6\/#breadcrumb","itemListElement":[{"@type":"ListItem","position":1,"name":"Hjem","item":"https:\/\/jydsk-stoflager.dk\/fi\/"},{"@type":"ListItem","position":2,"name":"Myym\u00e4l\u00e4","item":"https:\/\/jydsk-stoflager.dk\/fi\/myymaelae\/"},{"@type":"ListItem","position":3,"name":"Pellavasekoite, jossa on kapeita raitoja &#8211; sininen"}]},{"@type":"WebSite","@id":"https:\/\/jydsk-stoflager.dk\/fi\/#website","url":"https:\/\/jydsk-stoflager.dk\/fi\/","name":"Jydsk Stoflager","description":"Jydsk Stoflager \u2013 stof til din forretning, kvalitet til dit brand","publisher":{"@id":"https:\/\/jydsk-stoflager.dk\/fi\/#organization"},"alternateName":"Jydsk Stoflager","potentialAction":[{"@type":"SearchAction","target":{"@type":"EntryPoint","urlTemplate":"https:\/\/jydsk-stoflager.dk\/fi\/?s={search_term_string}"},"query-input":{"@type":"PropertyValueSpecification","valueRequired":true,"valueName":"search_term_string"}}],"inLanguage":"fi"},{"@type":"Organization","@id":"https:\/\/jydsk-stoflager.dk\/fi\/#organization","name":"Jydsk Stoflager","alternateName":"Jydsk Stoflager","url":"https:\/\/jydsk-stoflager.dk\/fi\/","logo":{"@type":"ImageObject","inLanguage":"fi","@id":"https:\/\/jydsk-stoflager.dk\/fi\/#\/schema\/logo\/image\/","url":"https:\/\/jydsk-stoflager.dk\/wp-content\/uploads\/2024\/04\/Jydsk-stoflager-logo-facebook-kopi.png","contentUrl":"https:\/\/jydsk-stoflager.dk\/wp-content\/uploads\/2024\/04\/Jydsk-stoflager-logo-facebook-kopi.png","width":300,"height":300,"caption":"Jydsk Stoflager"},"image":{"@id":"https:\/\/jydsk-stoflager.dk\/fi\/#\/schema\/logo\/image\/"},"sameAs":["https:\/\/www.facebook.com\/jydskstoflager","https:\/\/www.instagram.com\/jydskstoflager\/"],"hasMerchantReturnPolicy":{"@type":"MerchantReturnPolicy","merchantReturnLink":"https:\/\/jydsk-stoflager.dk\/handelsbetingelser\/"}}]},"og_availability":"instock","product_availability":"instock","product_retailer_item_id":"JK0936-601","product_condition":"new"},"_links":{"self":[{"href":"https:\/\/jydsk-stoflager.dk\/fi\/wp-json\/wp\/v2\/product\/655581","targetHints":{"allow":["GET"]}}],"collection":[{"href":"https:\/\/jydsk-stoflager.dk\/fi\/wp-json\/wp\/v2\/product"}],"about":[{"href":"https:\/\/jydsk-stoflager.dk\/fi\/wp-json\/wp\/v2\/types\/product"}],"replies":[{"embeddable":true,"href":"https:\/\/jydsk-stoflager.dk\/fi\/wp-json\/wp\/v2\/comments?post=655581"}],"wp:featuredmedia":[{"embeddable":true,"href":"https:\/\/jydsk-stoflager.dk\/fi\/wp-json\/wp\/v2\/media\/655768"}],"wp:attachment":[{"href":"https:\/\/jydsk-stoflager.dk\/fi\/wp-json\/wp\/v2\/media?parent=655581"}],"wp:term":[{"taxonomy":"product_brand","embeddable":true,"href":"https:\/\/jydsk-stoflager.dk\/fi\/wp-json\/wp\/v2\/product_brand?post=655581"},{"taxonomy":"product_cat","embeddable":true,"href":"https:\/\/jydsk-stoflager.dk\/fi\/wp-json\/wp\/v2\/product_cat?post=655581"},{"taxonomy":"product_tag","embeddable":true,"href":"https:\/\/jydsk-stoflager.dk\/fi\/wp-json\/wp\/v2\/product_tag?post=655581"}],"curies":[{"name":"wp","href":"https:\/\/api.w.org\/{rel}","templated":true}]}}