{"id":653973,"date":"2026-02-11T09:25:29","date_gmt":"2026-02-11T08:25:29","guid":{"rendered":"https:\/\/jydsk-stoflager.dk\/?post_type=product&#038;p=653973"},"modified":"2026-04-30T15:15:21","modified_gmt":"2026-04-30T13:15:21","slug":"rib-jersey-printti-kauniilla-pienillae-kukkasilla-vaalea-multi-kopier","status":"publish","type":"product","link":"https:\/\/jydsk-stoflager.dk\/fi\/butik\/digitaalinen-tulostus\/rib-jersey-printti-kauniilla-pienillae-kukkasilla-vaalea-multi-kopier\/","title":{"rendered":"Puuvillaista kylkineulosta t\u00e4htikuviolla &#8211; harmaa"},"content":{"rendered":"<p>Vaaleapohjainen kangas, jossa on hillitty pystysuuntainen ribbi, tarjoaa hienostuneen tekstuurin ja pehme\u00e4n tunnun. Erikokoiset harmaat t\u00e4hdet, osa t\u00e4ytettyj\u00e4 ja osa \u00e4\u00e4riviivoin hahmoteltuja, on sommiteltu ep\u00e4s\u00e4\u00e4nn\u00f6llisesti kankaan pinnalle, mik\u00e4 tuo kokonaisuuteen kepeytt\u00e4 ja leikkisyytt\u00e4. Kangas sopii erinomaisesti esimerkiksi lastenhuoneen sisustukseen, vuodevaatteisiin tai verhoihin, mutta toimii my\u00f6s vaatteiden ja asusteiden ompelussa. Herkk\u00e4 kuviointi tekee siit\u00e4 loistavan valinnan niin vauvanpeittoihin kuin kevyisiin mekkoihin tai puseroihin. \u00d6ko-Tex-sertifiointi takaa turvallisuuden my\u00f6s herk\u00e4lle iholle, ja laadukas materiaali pysyy miellytt\u00e4v\u00e4n\u00e4 pesusta toiseen. 140 cm leveys mahdollistaa tehokkaan leikkuun ja v\u00e4hent\u00e4\u00e4 materiaalihukkaa. Tutustu my\u00f6s muihin <a href=\"https:\/\/jydsk-stoflager.dk\/fi\/butik\/product_cat\/jersey-kangas\/\">jersey-kankaisiin<\/a> ja <a href=\"https:\/\/jydsk-stoflager.dk\/fi\/butik\/product_cat\/puuvilla-jersey\/\">puuvillajerseykankaisiin<\/a> erilaisiin ompeluprojekteihin. Kokeile yhdist\u00e4\u00e4 t\u00e4m\u00e4 rauhallinen t\u00e4htikuvioinen kangas yksiv\u00e4risiin <a href=\"https:\/\/jydsk-stoflager.dk\/fi\/butik\/product_cat\/rib-jersey-fi\/\">rib-jerseykankaisiin<\/a> tai muihin <a href=\"https:\/\/jydsk-stoflager.dk\/fi\/butik\/product_cat\/digitaalinen-tulostus\/\">digitaalisesti painettuihin kankaisiin<\/a> luodaksesi persoonallisia kokonaisuuksia. Kankaan ajaton kuviointi sopii sek\u00e4 lapsille ett\u00e4 aikuisille.<\/p>\n","protected":false},"excerpt":{"rendered":"<table id=\"tablepress-535-no-21\" class=\"tablepress tablepress-id-535\">\n<caption style=\"caption-side:bottom;text-align:left;border:none;background:none;margin:0;padding:0\"><a href=\"https:\/\/jydsk-stoflager.dk\/wp-admin\/admin.php?page=tablepress&#038;action=edit&#038;table_id=535\" rel=\"nofollow\">Muokkaa<\/a><\/caption>\n<thead>\n<tr class=\"row-1\">\n<th class=\"column-1\">Laatu <\/th>\n<th class=\"column-2\">100% puuvilla<\/th>\n<\/tr>\n<\/thead>\n<tbody class=\"row-striping row-hover\">\n<tr class=\"row-2\">\n<td class=\"column-1\">Sertifiointi <\/td>\n<td class=\"column-2\"><a href=\"https:\/\/jydsk-stoflager.dk\/wp-content\/uploads\/2025\/04\/Washing-.webp\"><img decoding=\"async\" src=\"https:\/\/jydsk-stoflager.dk\/wp-content\/uploads\/2025\/04\/Washing-.webp\" alt=\"Wash 30\" width=\"178\" height=\"56\" class=\"alignnone size-full wp-image-626886\" \/><\/a><\/td>\n<\/tr>\n<tr class=\"row-3\">\n<td class=\"column-1\">Pesuohje <\/td>\n<td class=\"column-2\"><a href=\"https:\/\/jydsk-stoflager.dk\/wp-content\/uploads\/2025\/01\/oekotex.jpeg\"><img decoding=\"async\" src=\"https:\/\/jydsk-stoflager.dk\/wp-content\/uploads\/2025\/01\/oekotex.jpeg\" alt=\"\" width=\"125\" height=\"72\" class=\"alignnone size-full wp-image-598728\" \/><\/a><\/td>\n<\/tr>\n<tr class=\"row-4\">\n<td class=\"column-1\">Paino <\/td>\n<td class=\"column-2\">180 g\/m\u00b2<\/td>\n<\/tr>\n<tr class=\"row-5\">\n<td class=\"column-1\">Leveys <\/td>\n<td class=\"column-2\">150 cm<\/td>\n<\/tr>\n<\/tbody>\n<\/table>\n","protected":false},"featured_media":654002,"comment_status":"open","ping_status":"closed","template":"","meta":{"_yoast_wpseo_focuskw":"","_yoast_wpseo_title":"","_yoast_wpseo_metadesc":"Onko sinulla yritys ja tarvitset kangasta tai tarvikkeita? Rekister\u00f6idy jo t\u00e4n\u00e4\u00e4n ja hanki Rib trikoo tyylikk\u00e4ill\u00e4 kukilla 2 - ecru tukkuhintaan. sinulle taataan parhaat hinnat."},"product_brand":[],"product_cat":[1302,1304,1418],"product_tag":[],"class_list":{"0":"post-653973","1":"product","2":"type-product","3":"status-publish","4":"has-post-thumbnail","6":"product_cat-digitaalinen-tulostus","7":"product_cat-kangas-uutiset","8":"product_cat-rib-jersey-fi","9":"pa_certifikat-gots-fi","10":"pa_egenskaber-vaatteet","11":"pa_farve-monivaerinen","12":"pa_jersey-fast-jersey-fi","13":"pa_laengde-1-m-fi","14":"pa_laengde-10-m-fi","15":"pa_laengde-50-m-fi","16":"pa_materialer-puuvilla","17":"pa_materialer-spandex-fi","18":"pa_moenster-kukat","20":"first","21":"instock","22":"taxable","23":"shipping-taxable","24":"purchasable","25":"product-type-variable"},"yoast_head":"<!-- This site is optimized with the Yoast SEO plugin v27.4 - https:\/\/yoast.com\/product\/yoast-seo-wordpress\/ -->\n<title>Puuvillaista kylkineulosta t\u00e4htikuviolla - harmaa - Jydsk stoflager<\/title>\n<meta name=\"description\" content=\"Onko sinulla yritys ja tarvitset kangasta tai tarvikkeita? Rekister\u00f6idy jo t\u00e4n\u00e4\u00e4n ja hanki Rib trikoo tyylikk\u00e4ill\u00e4 kukilla 2 - ecru tukkuhintaan. sinulle taataan parhaat hinnat.\" \/>\n<meta name=\"robots\" content=\"index, follow, max-snippet:-1, max-image-preview:large, max-video-preview:-1\" \/>\n<link rel=\"canonical\" href=\"https:\/\/jydsk-stoflager.dk\/fi\/butik\/digitaalinen-tulostus\/rib-jersey-printti-kauniilla-pienillae-kukkasilla-vaalea-multi-kopier\/\" \/>\n<meta property=\"og:locale\" content=\"fi_FI\" \/>\n<meta property=\"og:type\" content=\"article\" \/>\n<meta property=\"og:title\" content=\"Puuvillaista kylkineulosta t\u00e4htikuviolla - harmaa - Jydsk stoflager\" \/>\n<meta property=\"og:description\" content=\"Onko sinulla yritys ja tarvitset kangasta tai tarvikkeita? Rekister\u00f6idy jo t\u00e4n\u00e4\u00e4n ja hanki Rib trikoo tyylikk\u00e4ill\u00e4 kukilla 2 - ecru tukkuhintaan. sinulle taataan parhaat hinnat.\" \/>\n<meta property=\"og:url\" content=\"https:\/\/jydsk-stoflager.dk\/fi\/butik\/digitaalinen-tulostus\/rib-jersey-printti-kauniilla-pienillae-kukkasilla-vaalea-multi-kopier\/\" \/>\n<meta property=\"og:site_name\" content=\"Jydsk stoflager\" \/>\n<meta property=\"article:publisher\" content=\"https:\/\/www.facebook.com\/jydskstoflager\" \/>\n<meta property=\"article:modified_time\" content=\"2026-04-30T13:15:21+00:00\" \/>\n<meta property=\"og:image\" content=\"https:\/\/jydsk-stoflager.dk\/wp-content\/uploads\/2026\/02\/imgi_29_dsc_126.jpeg\" \/>\n\t<meta property=\"og:image:width\" content=\"805\" \/>\n\t<meta property=\"og:image:height\" content=\"1000\" \/>\n\t<meta property=\"og:image:type\" content=\"image\/jpeg\" \/>\n<meta name=\"twitter:card\" content=\"summary_large_image\" \/>\n<meta name=\"twitter:label1\" content=\"Saatavuus\" \/>\n\t<meta name=\"twitter:data1\" content=\"Varastossa\" \/>\n<script type=\"application\/ld+json\" class=\"yoast-schema-graph\">{\"@context\":\"https:\\\/\\\/schema.org\",\"@graph\":[{\"@type\":\"WebPage\",\"@id\":\"https:\\\/\\\/jydsk-stoflager.dk\\\/fi\\\/butik\\\/digitaalinen-tulostus\\\/rib-jersey-printti-kauniilla-pienillae-kukkasilla-vaalea-multi-kopier\\\/\",\"url\":\"https:\\\/\\\/jydsk-stoflager.dk\\\/fi\\\/butik\\\/digitaalinen-tulostus\\\/rib-jersey-printti-kauniilla-pienillae-kukkasilla-vaalea-multi-kopier\\\/\",\"name\":\"Puuvillaista kylkineulosta t\u00e4htikuviolla - harmaa - Jydsk stoflager\",\"isPartOf\":{\"@id\":\"https:\\\/\\\/jydsk-stoflager.dk\\\/fi\\\/#website\"},\"primaryImageOfPage\":{\"@id\":\"https:\\\/\\\/jydsk-stoflager.dk\\\/fi\\\/butik\\\/digitaalinen-tulostus\\\/rib-jersey-printti-kauniilla-pienillae-kukkasilla-vaalea-multi-kopier\\\/#primaryimage\"},\"image\":{\"@id\":\"https:\\\/\\\/jydsk-stoflager.dk\\\/fi\\\/butik\\\/digitaalinen-tulostus\\\/rib-jersey-printti-kauniilla-pienillae-kukkasilla-vaalea-multi-kopier\\\/#primaryimage\"},\"thumbnailUrl\":\"https:\\\/\\\/jydsk-stoflager.dk\\\/wp-content\\\/uploads\\\/2026\\\/02\\\/imgi_29_dsc_126.jpeg\",\"datePublished\":\"2026-02-11T08:25:29+00:00\",\"dateModified\":\"2026-04-30T13:15:21+00:00\",\"description\":\"Onko sinulla yritys ja tarvitset kangasta tai tarvikkeita? Rekister\u00f6idy jo t\u00e4n\u00e4\u00e4n ja hanki Rib trikoo tyylikk\u00e4ill\u00e4 kukilla 2 - ecru tukkuhintaan. sinulle taataan parhaat hinnat.\",\"breadcrumb\":{\"@id\":\"https:\\\/\\\/jydsk-stoflager.dk\\\/fi\\\/butik\\\/digitaalinen-tulostus\\\/rib-jersey-printti-kauniilla-pienillae-kukkasilla-vaalea-multi-kopier\\\/#breadcrumb\"},\"inLanguage\":\"fi\",\"potentialAction\":[{\"@type\":\"ReadAction\",\"target\":[\"https:\\\/\\\/jydsk-stoflager.dk\\\/fi\\\/butik\\\/digitaalinen-tulostus\\\/rib-jersey-printti-kauniilla-pienillae-kukkasilla-vaalea-multi-kopier\\\/\"]}]},{\"@type\":\"ImageObject\",\"inLanguage\":\"fi\",\"@id\":\"https:\\\/\\\/jydsk-stoflager.dk\\\/fi\\\/butik\\\/digitaalinen-tulostus\\\/rib-jersey-printti-kauniilla-pienillae-kukkasilla-vaalea-multi-kopier\\\/#primaryimage\",\"url\":\"https:\\\/\\\/jydsk-stoflager.dk\\\/wp-content\\\/uploads\\\/2026\\\/02\\\/imgi_29_dsc_126.jpeg\",\"contentUrl\":\"https:\\\/\\\/jydsk-stoflager.dk\\\/wp-content\\\/uploads\\\/2026\\\/02\\\/imgi_29_dsc_126.jpeg\",\"width\":805,\"height\":1000,\"caption\":\"Puuvillaista kylkineulosta t\u00e4htikuviolla - harmaa\"},{\"@type\":\"BreadcrumbList\",\"@id\":\"https:\\\/\\\/jydsk-stoflager.dk\\\/fi\\\/butik\\\/digitaalinen-tulostus\\\/rib-jersey-printti-kauniilla-pienillae-kukkasilla-vaalea-multi-kopier\\\/#breadcrumb\",\"itemListElement\":[{\"@type\":\"ListItem\",\"position\":1,\"name\":\"Hjem\",\"item\":\"https:\\\/\\\/jydsk-stoflager.dk\\\/fi\\\/\"},{\"@type\":\"ListItem\",\"position\":2,\"name\":\"Myym\u00e4l\u00e4\",\"item\":\"https:\\\/\\\/jydsk-stoflager.dk\\\/fi\\\/myymaelae\\\/\"},{\"@type\":\"ListItem\",\"position\":3,\"name\":\"Puuvillaista kylkineulosta t\u00e4htikuviolla &#8211; harmaa\"}]},{\"@type\":\"WebSite\",\"@id\":\"https:\\\/\\\/jydsk-stoflager.dk\\\/fi\\\/#website\",\"url\":\"https:\\\/\\\/jydsk-stoflager.dk\\\/fi\\\/\",\"name\":\"Jydsk Stoflager\",\"description\":\"Jydsk Stoflager \u2013 stof til din forretning, kvalitet til dit brand\",\"publisher\":{\"@id\":\"https:\\\/\\\/jydsk-stoflager.dk\\\/fi\\\/#organization\"},\"alternateName\":\"Jydsk Stoflager\",\"potentialAction\":[{\"@type\":\"SearchAction\",\"target\":{\"@type\":\"EntryPoint\",\"urlTemplate\":\"https:\\\/\\\/jydsk-stoflager.dk\\\/fi\\\/?s={search_term_string}\"},\"query-input\":{\"@type\":\"PropertyValueSpecification\",\"valueRequired\":true,\"valueName\":\"search_term_string\"}}],\"inLanguage\":\"fi\"},{\"@type\":\"Organization\",\"@id\":\"https:\\\/\\\/jydsk-stoflager.dk\\\/fi\\\/#organization\",\"name\":\"Jydsk Stoflager\",\"alternateName\":\"Jydsk Stoflager\",\"url\":\"https:\\\/\\\/jydsk-stoflager.dk\\\/fi\\\/\",\"logo\":{\"@type\":\"ImageObject\",\"inLanguage\":\"fi\",\"@id\":\"https:\\\/\\\/jydsk-stoflager.dk\\\/fi\\\/#\\\/schema\\\/logo\\\/image\\\/\",\"url\":\"https:\\\/\\\/jydsk-stoflager.dk\\\/wp-content\\\/uploads\\\/2024\\\/04\\\/Jydsk-stoflager-logo-facebook-kopi.png\",\"contentUrl\":\"https:\\\/\\\/jydsk-stoflager.dk\\\/wp-content\\\/uploads\\\/2024\\\/04\\\/Jydsk-stoflager-logo-facebook-kopi.png\",\"width\":300,\"height\":300,\"caption\":\"Jydsk Stoflager\"},\"image\":{\"@id\":\"https:\\\/\\\/jydsk-stoflager.dk\\\/fi\\\/#\\\/schema\\\/logo\\\/image\\\/\"},\"sameAs\":[\"https:\\\/\\\/www.facebook.com\\\/jydskstoflager\",\"https:\\\/\\\/www.instagram.com\\\/jydskstoflager\\\/\"],\"hasMerchantReturnPolicy\":{\"@type\":\"MerchantReturnPolicy\",\"merchantReturnLink\":\"https:\\\/\\\/jydsk-stoflager.dk\\\/handelsbetingelser\\\/\"}}]}<\/script>\n<meta property=\"og:availability\" content=\"instock\" \/>\n<meta property=\"product:availability\" content=\"instock\" \/>\n<meta property=\"product:retailer_item_id\" content=\"JM-6078-126\" \/>\n<meta property=\"product:condition\" content=\"new\" \/>\n<!-- \/ Yoast SEO plugin. -->","yoast_head_json":{"title":"Puuvillaista kylkineulosta t\u00e4htikuviolla - harmaa - Jydsk stoflager","description":"Onko sinulla yritys ja tarvitset kangasta tai tarvikkeita? Rekister\u00f6idy jo t\u00e4n\u00e4\u00e4n ja hanki Rib trikoo tyylikk\u00e4ill\u00e4 kukilla 2 - ecru tukkuhintaan. sinulle taataan parhaat hinnat.","robots":{"index":"index","follow":"follow","max-snippet":"max-snippet:-1","max-image-preview":"max-image-preview:large","max-video-preview":"max-video-preview:-1"},"canonical":"https:\/\/jydsk-stoflager.dk\/fi\/butik\/digitaalinen-tulostus\/rib-jersey-printti-kauniilla-pienillae-kukkasilla-vaalea-multi-kopier\/","og_locale":"fi_FI","og_type":"article","og_title":"Puuvillaista kylkineulosta t\u00e4htikuviolla - harmaa - Jydsk stoflager","og_description":"Onko sinulla yritys ja tarvitset kangasta tai tarvikkeita? Rekister\u00f6idy jo t\u00e4n\u00e4\u00e4n ja hanki Rib trikoo tyylikk\u00e4ill\u00e4 kukilla 2 - ecru tukkuhintaan. sinulle taataan parhaat hinnat.","og_url":"https:\/\/jydsk-stoflager.dk\/fi\/butik\/digitaalinen-tulostus\/rib-jersey-printti-kauniilla-pienillae-kukkasilla-vaalea-multi-kopier\/","og_site_name":"Jydsk stoflager","article_publisher":"https:\/\/www.facebook.com\/jydskstoflager","article_modified_time":"2026-04-30T13:15:21+00:00","og_image":[{"width":805,"height":1000,"url":"https:\/\/jydsk-stoflager.dk\/wp-content\/uploads\/2026\/02\/imgi_29_dsc_126.jpeg","type":"image\/jpeg"}],"twitter_card":"summary_large_image","twitter_misc":{"Saatavuus":"Varastossa"},"schema":{"@context":"https:\/\/schema.org","@graph":[{"@type":"WebPage","@id":"https:\/\/jydsk-stoflager.dk\/fi\/butik\/digitaalinen-tulostus\/rib-jersey-printti-kauniilla-pienillae-kukkasilla-vaalea-multi-kopier\/","url":"https:\/\/jydsk-stoflager.dk\/fi\/butik\/digitaalinen-tulostus\/rib-jersey-printti-kauniilla-pienillae-kukkasilla-vaalea-multi-kopier\/","name":"Puuvillaista kylkineulosta t\u00e4htikuviolla - harmaa - Jydsk stoflager","isPartOf":{"@id":"https:\/\/jydsk-stoflager.dk\/fi\/#website"},"primaryImageOfPage":{"@id":"https:\/\/jydsk-stoflager.dk\/fi\/butik\/digitaalinen-tulostus\/rib-jersey-printti-kauniilla-pienillae-kukkasilla-vaalea-multi-kopier\/#primaryimage"},"image":{"@id":"https:\/\/jydsk-stoflager.dk\/fi\/butik\/digitaalinen-tulostus\/rib-jersey-printti-kauniilla-pienillae-kukkasilla-vaalea-multi-kopier\/#primaryimage"},"thumbnailUrl":"https:\/\/jydsk-stoflager.dk\/wp-content\/uploads\/2026\/02\/imgi_29_dsc_126.jpeg","datePublished":"2026-02-11T08:25:29+00:00","dateModified":"2026-04-30T13:15:21+00:00","description":"Onko sinulla yritys ja tarvitset kangasta tai tarvikkeita? Rekister\u00f6idy jo t\u00e4n\u00e4\u00e4n ja hanki Rib trikoo tyylikk\u00e4ill\u00e4 kukilla 2 - ecru tukkuhintaan. sinulle taataan parhaat hinnat.","breadcrumb":{"@id":"https:\/\/jydsk-stoflager.dk\/fi\/butik\/digitaalinen-tulostus\/rib-jersey-printti-kauniilla-pienillae-kukkasilla-vaalea-multi-kopier\/#breadcrumb"},"inLanguage":"fi","potentialAction":[{"@type":"ReadAction","target":["https:\/\/jydsk-stoflager.dk\/fi\/butik\/digitaalinen-tulostus\/rib-jersey-printti-kauniilla-pienillae-kukkasilla-vaalea-multi-kopier\/"]}]},{"@type":"ImageObject","inLanguage":"fi","@id":"https:\/\/jydsk-stoflager.dk\/fi\/butik\/digitaalinen-tulostus\/rib-jersey-printti-kauniilla-pienillae-kukkasilla-vaalea-multi-kopier\/#primaryimage","url":"https:\/\/jydsk-stoflager.dk\/wp-content\/uploads\/2026\/02\/imgi_29_dsc_126.jpeg","contentUrl":"https:\/\/jydsk-stoflager.dk\/wp-content\/uploads\/2026\/02\/imgi_29_dsc_126.jpeg","width":805,"height":1000,"caption":"Puuvillaista kylkineulosta t\u00e4htikuviolla - harmaa"},{"@type":"BreadcrumbList","@id":"https:\/\/jydsk-stoflager.dk\/fi\/butik\/digitaalinen-tulostus\/rib-jersey-printti-kauniilla-pienillae-kukkasilla-vaalea-multi-kopier\/#breadcrumb","itemListElement":[{"@type":"ListItem","position":1,"name":"Hjem","item":"https:\/\/jydsk-stoflager.dk\/fi\/"},{"@type":"ListItem","position":2,"name":"Myym\u00e4l\u00e4","item":"https:\/\/jydsk-stoflager.dk\/fi\/myymaelae\/"},{"@type":"ListItem","position":3,"name":"Puuvillaista kylkineulosta t\u00e4htikuviolla &#8211; harmaa"}]},{"@type":"WebSite","@id":"https:\/\/jydsk-stoflager.dk\/fi\/#website","url":"https:\/\/jydsk-stoflager.dk\/fi\/","name":"Jydsk Stoflager","description":"Jydsk Stoflager \u2013 stof til din forretning, kvalitet til dit brand","publisher":{"@id":"https:\/\/jydsk-stoflager.dk\/fi\/#organization"},"alternateName":"Jydsk Stoflager","potentialAction":[{"@type":"SearchAction","target":{"@type":"EntryPoint","urlTemplate":"https:\/\/jydsk-stoflager.dk\/fi\/?s={search_term_string}"},"query-input":{"@type":"PropertyValueSpecification","valueRequired":true,"valueName":"search_term_string"}}],"inLanguage":"fi"},{"@type":"Organization","@id":"https:\/\/jydsk-stoflager.dk\/fi\/#organization","name":"Jydsk Stoflager","alternateName":"Jydsk Stoflager","url":"https:\/\/jydsk-stoflager.dk\/fi\/","logo":{"@type":"ImageObject","inLanguage":"fi","@id":"https:\/\/jydsk-stoflager.dk\/fi\/#\/schema\/logo\/image\/","url":"https:\/\/jydsk-stoflager.dk\/wp-content\/uploads\/2024\/04\/Jydsk-stoflager-logo-facebook-kopi.png","contentUrl":"https:\/\/jydsk-stoflager.dk\/wp-content\/uploads\/2024\/04\/Jydsk-stoflager-logo-facebook-kopi.png","width":300,"height":300,"caption":"Jydsk Stoflager"},"image":{"@id":"https:\/\/jydsk-stoflager.dk\/fi\/#\/schema\/logo\/image\/"},"sameAs":["https:\/\/www.facebook.com\/jydskstoflager","https:\/\/www.instagram.com\/jydskstoflager\/"],"hasMerchantReturnPolicy":{"@type":"MerchantReturnPolicy","merchantReturnLink":"https:\/\/jydsk-stoflager.dk\/handelsbetingelser\/"}}]},"og_availability":"instock","product_availability":"instock","product_retailer_item_id":"JM-6078-126","product_condition":"new"},"_links":{"self":[{"href":"https:\/\/jydsk-stoflager.dk\/fi\/wp-json\/wp\/v2\/product\/653973","targetHints":{"allow":["GET"]}}],"collection":[{"href":"https:\/\/jydsk-stoflager.dk\/fi\/wp-json\/wp\/v2\/product"}],"about":[{"href":"https:\/\/jydsk-stoflager.dk\/fi\/wp-json\/wp\/v2\/types\/product"}],"replies":[{"embeddable":true,"href":"https:\/\/jydsk-stoflager.dk\/fi\/wp-json\/wp\/v2\/comments?post=653973"}],"wp:featuredmedia":[{"embeddable":true,"href":"https:\/\/jydsk-stoflager.dk\/fi\/wp-json\/wp\/v2\/media\/654002"}],"wp:attachment":[{"href":"https:\/\/jydsk-stoflager.dk\/fi\/wp-json\/wp\/v2\/media?parent=653973"}],"wp:term":[{"taxonomy":"product_brand","embeddable":true,"href":"https:\/\/jydsk-stoflager.dk\/fi\/wp-json\/wp\/v2\/product_brand?post=653973"},{"taxonomy":"product_cat","embeddable":true,"href":"https:\/\/jydsk-stoflager.dk\/fi\/wp-json\/wp\/v2\/product_cat?post=653973"},{"taxonomy":"product_tag","embeddable":true,"href":"https:\/\/jydsk-stoflager.dk\/fi\/wp-json\/wp\/v2\/product_tag?post=653973"}],"curies":[{"name":"wp","href":"https:\/\/api.w.org\/{rel}","templated":true}]}}