{"id":653861,"date":"2026-02-11T09:00:47","date_gmt":"2026-02-11T08:00:47","guid":{"rendered":"https:\/\/jydsk-stoflager.dk\/?post_type=product&#038;p=653861"},"modified":"2026-04-30T15:14:41","modified_gmt":"2026-04-30T13:14:41","slug":"bambujerseypainatus-vaerikkaeillae-perhosilla-kopier-2","status":"publish","type":"product","link":"https:\/\/jydsk-stoflager.dk\/fi\/butik\/bambu-jersey\/bambujerseypainatus-vaerikkaeillae-perhosilla-kopier-2\/","title":{"rendered":"Bambuprintti abstrakteilla kukilla &#8211; vaaleanpunainen"},"content":{"rendered":"<p>Herkk\u00e4 vesiv\u00e4rim\u00e4inen kukkakuosi luo kev\u00e4isen ja el\u00e4v\u00e4n ilmeen vaalealle pohjalle, jossa korostuvat s\u00e4vyt kuten vaaleanpunainen, sininen, vihre\u00e4 sek\u00e4 ripaus punaista ja violettia. Pehme\u00e4t ja virtaavat kukka- ja lehtikuviot vaihtelevat hienovaraisista pisteist\u00e4 t\u00e4ytel\u00e4isiin siveltimen vetoihin, mik\u00e4 antaa kankaalle ilmavan ja taiteellisen vaikutelman. Materiaalin sile\u00e4 ja miellytt\u00e4v\u00e4 pinta tekee siit\u00e4 ihanteellisen valinnan esimerkiksi kevyisiin puseroihin, mekkoihin, lastenvaatteisiin sek\u00e4 rentoihin vapaa-ajan asuihin.<\/p>\n<p>Digitaalinen tulostus korostaa yksityiskohtia ja s\u00e4ilytt\u00e4\u00e4 kirkkaat v\u00e4rit pesusta toiseen, joten kangas sopii my\u00f6s kodin sisustuksen pirist\u00e4j\u00e4ksi, kuten tyynynp\u00e4\u00e4llisiin tai verhoihin. Luonnollinen viilent\u00e4vyys yhdistettyn\u00e4 joustavuuteen takaa k\u00e4ytt\u00f6mukavuuden, ja GOTS-sertifiointi tekee siit\u00e4 ymp\u00e4rist\u00f6yst\u00e4v\u00e4llisen valinnan. Hypoallergeeniset ominaisuudet sopivat erityisesti herkk\u00e4ihoisille.<\/p>\n<p>Kankaan leveys (150\u2013155 cm) mahdollistaa monipuolisen k\u00e4yt\u00f6n erikokoisissa ompelut\u00f6iss\u00e4. Tutustu laajempaan <a href=\"https:\/\/jydsk-stoflager.dk\/fi\/butik\/product_cat\/bambu-jersey\/\">bambu-jersey kankaiden<\/a> valikoimaan, inspiroidu <a href=\"https:\/\/jydsk-stoflager.dk\/fi\/butik\/product_cat\/digitaalinen-tulostus\/\">digitaalisen tulostuksen<\/a> yksityiskohdista sek\u00e4 l\u00f6yd\u00e4 lis\u00e4\u00e4 <a href=\"https:\/\/jydsk-stoflager.dk\/fi\/butik\/product_cat\/muoti-kangas\/kangas\/kuvioitu-kangas\/\">kuviollisia kankaita<\/a> luoviin projekteihin.<\/p>\n","protected":false},"excerpt":{"rendered":"<table id=\"tablepress-172\" class=\"tablepress tablepress-id-172\">\n<caption style=\"caption-side:bottom;text-align:left;border:none;background:none;margin:0;padding:0\"><a href=\"https:\/\/jydsk-stoflager.dk\/wp-admin\/admin.php?page=tablepress&#038;action=edit&#038;table_id=172\" rel=\"nofollow\">Muokkaa<\/a><\/caption>\n<thead>\n<tr class=\"row-1\">\n<th class=\"column-1\">Laatu <\/th>\n<th class=\"column-2\">95% bambu, 5 % lycra<\/th>\n<\/tr>\n<\/thead>\n<tbody class=\"row-striping row-hover\">\n<tr class=\"row-2\">\n<td class=\"column-1\">Sertifiointi <\/td>\n<td class=\"column-2\"><img decoding=\"async\" src=\"\/wp-content\/uploads\/2024\/11\/GOTS-ewith-licensenumber-min.jpg\" alt=\"\" width=\"100\" height=\"100\" class=\"alignnone size-full wp-image-5924\" \/> License no. CE0246<\/td>\n<\/tr>\n<tr class=\"row-3\">\n<td class=\"column-1\">Pesuohje <\/td>\n<td class=\"column-2\"><a href=\"https:\/\/jydsk-stoflager.dk\/wp-content\/uploads\/2024\/11\/Washing-instructions.png\"><img decoding=\"async\" src=\"https:\/\/jydsk-stoflager.dk\/wp-content\/uploads\/2024\/11\/Washing-instructions.png\" alt=\"\" width=\"276\" height=\"111\" class=\"alignnone size-full wp-image-591322\" \/><\/a><\/td>\n<\/tr>\n<tr class=\"row-4\">\n<td class=\"column-1\">Paino <\/td>\n<td class=\"column-2\">220-240 g\/m\u00b2<\/td>\n<\/tr>\n<tr class=\"row-5\">\n<td class=\"column-1\">Leveys <\/td>\n<td class=\"column-2\">150 &#8211; 155 cm<\/td>\n<\/tr>\n<\/tbody>\n<\/table>\n","protected":false},"featured_media":653884,"comment_status":"open","ping_status":"closed","template":"","meta":{"_yoast_wpseo_focuskw":"","_yoast_wpseo_title":"","_yoast_wpseo_metadesc":"Onko sinulla yritys ja tarvitset kangasta tai tarvikkeita? Rekister\u00f6idy t\u00e4n\u00e4\u00e4n ja hanki Digtital print bambusta - Delicate spring 3 tukkuhintaan. sinulle taataan parhaat hinnat."},"product_brand":[],"product_cat":[1360,1361,1302,1303,1304],"product_tag":[],"class_list":{"0":"post-653861","1":"product","2":"type-product","3":"status-publish","4":"has-post-thumbnail","6":"product_cat-bambu-jersey","7":"product_cat-bambu-painatus","8":"product_cat-digitaalinen-tulostus","9":"product_cat-gots-fi","10":"product_cat-kangas-uutiset","11":"pa_certifikat-gots-fi","12":"pa_certifikat-orgaaninen","13":"pa_egenskaber-hengittaevae","14":"pa_egenskaber-pehmeae","15":"pa_farve-monivaerinen","16":"pa_jersey-fast-jersey-fi","17":"pa_laengde-1-m-fi","18":"pa_laengde-10-m-fi","19":"pa_laengde-50-m-fi","20":"pa_materialer-puuvilla","21":"pa_materialer-spandex-fi","22":"pa_moenster-tyttoe","24":"first","25":"instock","26":"taxable","27":"shipping-taxable","28":"purchasable","29":"product-type-variable"},"yoast_head":"<!-- This site is optimized with the Yoast SEO plugin v27.4 - https:\/\/yoast.com\/product\/yoast-seo-wordpress\/ -->\n<title>Bambuprintti abstrakteilla kukilla - vaaleanpunainen - Jydsk stoflager<\/title>\n<meta name=\"description\" content=\"Onko sinulla yritys ja tarvitset kangasta tai tarvikkeita? Rekister\u00f6idy t\u00e4n\u00e4\u00e4n ja hanki Digtital print bambusta - Delicate spring 3 tukkuhintaan. sinulle taataan parhaat hinnat.\" \/>\n<meta name=\"robots\" content=\"index, follow, max-snippet:-1, max-image-preview:large, max-video-preview:-1\" \/>\n<link rel=\"canonical\" href=\"https:\/\/jydsk-stoflager.dk\/fi\/butik\/bambu-jersey\/bambujerseypainatus-vaerikkaeillae-perhosilla-kopier-2\/\" \/>\n<meta property=\"og:locale\" content=\"fi_FI\" \/>\n<meta property=\"og:type\" content=\"article\" \/>\n<meta property=\"og:title\" content=\"Bambuprintti abstrakteilla kukilla - vaaleanpunainen - Jydsk stoflager\" \/>\n<meta property=\"og:description\" content=\"Onko sinulla yritys ja tarvitset kangasta tai tarvikkeita? Rekister\u00f6idy t\u00e4n\u00e4\u00e4n ja hanki Digtital print bambusta - Delicate spring 3 tukkuhintaan. sinulle taataan parhaat hinnat.\" \/>\n<meta property=\"og:url\" content=\"https:\/\/jydsk-stoflager.dk\/fi\/butik\/bambu-jersey\/bambujerseypainatus-vaerikkaeillae-perhosilla-kopier-2\/\" \/>\n<meta property=\"og:site_name\" content=\"Jydsk stoflager\" \/>\n<meta property=\"article:publisher\" content=\"https:\/\/www.facebook.com\/jydskstoflager\" \/>\n<meta property=\"article:modified_time\" content=\"2026-04-30T13:14:41+00:00\" \/>\n<meta property=\"og:image\" content=\"https:\/\/jydsk-stoflager.dk\/wp-content\/uploads\/2026\/02\/imgi_28_dsc_3044.jpeg\" \/>\n\t<meta property=\"og:image:width\" content=\"805\" \/>\n\t<meta property=\"og:image:height\" content=\"1000\" \/>\n\t<meta property=\"og:image:type\" content=\"image\/jpeg\" \/>\n<meta name=\"twitter:card\" content=\"summary_large_image\" \/>\n<meta name=\"twitter:label1\" content=\"Saatavuus\" \/>\n\t<meta name=\"twitter:data1\" content=\"Varastossa\" \/>\n<script type=\"application\/ld+json\" class=\"yoast-schema-graph\">{\"@context\":\"https:\\\/\\\/schema.org\",\"@graph\":[{\"@type\":\"WebPage\",\"@id\":\"https:\\\/\\\/jydsk-stoflager.dk\\\/fi\\\/butik\\\/bambu-jersey\\\/bambujerseypainatus-vaerikkaeillae-perhosilla-kopier-2\\\/\",\"url\":\"https:\\\/\\\/jydsk-stoflager.dk\\\/fi\\\/butik\\\/bambu-jersey\\\/bambujerseypainatus-vaerikkaeillae-perhosilla-kopier-2\\\/\",\"name\":\"Bambuprintti abstrakteilla kukilla - vaaleanpunainen - Jydsk stoflager\",\"isPartOf\":{\"@id\":\"https:\\\/\\\/jydsk-stoflager.dk\\\/fi\\\/#website\"},\"primaryImageOfPage\":{\"@id\":\"https:\\\/\\\/jydsk-stoflager.dk\\\/fi\\\/butik\\\/bambu-jersey\\\/bambujerseypainatus-vaerikkaeillae-perhosilla-kopier-2\\\/#primaryimage\"},\"image\":{\"@id\":\"https:\\\/\\\/jydsk-stoflager.dk\\\/fi\\\/butik\\\/bambu-jersey\\\/bambujerseypainatus-vaerikkaeillae-perhosilla-kopier-2\\\/#primaryimage\"},\"thumbnailUrl\":\"https:\\\/\\\/jydsk-stoflager.dk\\\/wp-content\\\/uploads\\\/2026\\\/02\\\/imgi_28_dsc_3044.jpeg\",\"datePublished\":\"2026-02-11T08:00:47+00:00\",\"dateModified\":\"2026-04-30T13:14:41+00:00\",\"description\":\"Onko sinulla yritys ja tarvitset kangasta tai tarvikkeita? Rekister\u00f6idy t\u00e4n\u00e4\u00e4n ja hanki Digtital print bambusta - Delicate spring 3 tukkuhintaan. sinulle taataan parhaat hinnat.\",\"breadcrumb\":{\"@id\":\"https:\\\/\\\/jydsk-stoflager.dk\\\/fi\\\/butik\\\/bambu-jersey\\\/bambujerseypainatus-vaerikkaeillae-perhosilla-kopier-2\\\/#breadcrumb\"},\"inLanguage\":\"fi\",\"potentialAction\":[{\"@type\":\"ReadAction\",\"target\":[\"https:\\\/\\\/jydsk-stoflager.dk\\\/fi\\\/butik\\\/bambu-jersey\\\/bambujerseypainatus-vaerikkaeillae-perhosilla-kopier-2\\\/\"]}]},{\"@type\":\"ImageObject\",\"inLanguage\":\"fi\",\"@id\":\"https:\\\/\\\/jydsk-stoflager.dk\\\/fi\\\/butik\\\/bambu-jersey\\\/bambujerseypainatus-vaerikkaeillae-perhosilla-kopier-2\\\/#primaryimage\",\"url\":\"https:\\\/\\\/jydsk-stoflager.dk\\\/wp-content\\\/uploads\\\/2026\\\/02\\\/imgi_28_dsc_3044.jpeg\",\"contentUrl\":\"https:\\\/\\\/jydsk-stoflager.dk\\\/wp-content\\\/uploads\\\/2026\\\/02\\\/imgi_28_dsc_3044.jpeg\",\"width\":805,\"height\":1000,\"caption\":\"Bambuprintti abstrakteilla kukilla - vaaleanpunainen\"},{\"@type\":\"BreadcrumbList\",\"@id\":\"https:\\\/\\\/jydsk-stoflager.dk\\\/fi\\\/butik\\\/bambu-jersey\\\/bambujerseypainatus-vaerikkaeillae-perhosilla-kopier-2\\\/#breadcrumb\",\"itemListElement\":[{\"@type\":\"ListItem\",\"position\":1,\"name\":\"Hjem\",\"item\":\"https:\\\/\\\/jydsk-stoflager.dk\\\/fi\\\/\"},{\"@type\":\"ListItem\",\"position\":2,\"name\":\"Myym\u00e4l\u00e4\",\"item\":\"https:\\\/\\\/jydsk-stoflager.dk\\\/fi\\\/myymaelae\\\/\"},{\"@type\":\"ListItem\",\"position\":3,\"name\":\"Bambuprintti abstrakteilla kukilla &#8211; vaaleanpunainen\"}]},{\"@type\":\"WebSite\",\"@id\":\"https:\\\/\\\/jydsk-stoflager.dk\\\/fi\\\/#website\",\"url\":\"https:\\\/\\\/jydsk-stoflager.dk\\\/fi\\\/\",\"name\":\"Jydsk Stoflager\",\"description\":\"Jydsk Stoflager \u2013 stof til din forretning, kvalitet til dit brand\",\"publisher\":{\"@id\":\"https:\\\/\\\/jydsk-stoflager.dk\\\/fi\\\/#organization\"},\"alternateName\":\"Jydsk Stoflager\",\"potentialAction\":[{\"@type\":\"SearchAction\",\"target\":{\"@type\":\"EntryPoint\",\"urlTemplate\":\"https:\\\/\\\/jydsk-stoflager.dk\\\/fi\\\/?s={search_term_string}\"},\"query-input\":{\"@type\":\"PropertyValueSpecification\",\"valueRequired\":true,\"valueName\":\"search_term_string\"}}],\"inLanguage\":\"fi\"},{\"@type\":\"Organization\",\"@id\":\"https:\\\/\\\/jydsk-stoflager.dk\\\/fi\\\/#organization\",\"name\":\"Jydsk Stoflager\",\"alternateName\":\"Jydsk Stoflager\",\"url\":\"https:\\\/\\\/jydsk-stoflager.dk\\\/fi\\\/\",\"logo\":{\"@type\":\"ImageObject\",\"inLanguage\":\"fi\",\"@id\":\"https:\\\/\\\/jydsk-stoflager.dk\\\/fi\\\/#\\\/schema\\\/logo\\\/image\\\/\",\"url\":\"https:\\\/\\\/jydsk-stoflager.dk\\\/wp-content\\\/uploads\\\/2024\\\/04\\\/Jydsk-stoflager-logo-facebook-kopi.png\",\"contentUrl\":\"https:\\\/\\\/jydsk-stoflager.dk\\\/wp-content\\\/uploads\\\/2024\\\/04\\\/Jydsk-stoflager-logo-facebook-kopi.png\",\"width\":300,\"height\":300,\"caption\":\"Jydsk Stoflager\"},\"image\":{\"@id\":\"https:\\\/\\\/jydsk-stoflager.dk\\\/fi\\\/#\\\/schema\\\/logo\\\/image\\\/\"},\"sameAs\":[\"https:\\\/\\\/www.facebook.com\\\/jydskstoflager\",\"https:\\\/\\\/www.instagram.com\\\/jydskstoflager\\\/\"],\"hasMerchantReturnPolicy\":{\"@type\":\"MerchantReturnPolicy\",\"merchantReturnLink\":\"https:\\\/\\\/jydsk-stoflager.dk\\\/handelsbetingelser\\\/\"}}]}<\/script>\n<meta property=\"og:availability\" content=\"instock\" \/>\n<meta property=\"product:availability\" content=\"instock\" \/>\n<meta property=\"product:retailer_item_id\" content=\"JM5951-1111\" \/>\n<meta property=\"product:condition\" content=\"new\" \/>\n<!-- \/ Yoast SEO plugin. -->","yoast_head_json":{"title":"Bambuprintti abstrakteilla kukilla - vaaleanpunainen - Jydsk stoflager","description":"Onko sinulla yritys ja tarvitset kangasta tai tarvikkeita? Rekister\u00f6idy t\u00e4n\u00e4\u00e4n ja hanki Digtital print bambusta - Delicate spring 3 tukkuhintaan. sinulle taataan parhaat hinnat.","robots":{"index":"index","follow":"follow","max-snippet":"max-snippet:-1","max-image-preview":"max-image-preview:large","max-video-preview":"max-video-preview:-1"},"canonical":"https:\/\/jydsk-stoflager.dk\/fi\/butik\/bambu-jersey\/bambujerseypainatus-vaerikkaeillae-perhosilla-kopier-2\/","og_locale":"fi_FI","og_type":"article","og_title":"Bambuprintti abstrakteilla kukilla - vaaleanpunainen - Jydsk stoflager","og_description":"Onko sinulla yritys ja tarvitset kangasta tai tarvikkeita? Rekister\u00f6idy t\u00e4n\u00e4\u00e4n ja hanki Digtital print bambusta - Delicate spring 3 tukkuhintaan. sinulle taataan parhaat hinnat.","og_url":"https:\/\/jydsk-stoflager.dk\/fi\/butik\/bambu-jersey\/bambujerseypainatus-vaerikkaeillae-perhosilla-kopier-2\/","og_site_name":"Jydsk stoflager","article_publisher":"https:\/\/www.facebook.com\/jydskstoflager","article_modified_time":"2026-04-30T13:14:41+00:00","og_image":[{"width":805,"height":1000,"url":"https:\/\/jydsk-stoflager.dk\/wp-content\/uploads\/2026\/02\/imgi_28_dsc_3044.jpeg","type":"image\/jpeg"}],"twitter_card":"summary_large_image","twitter_misc":{"Saatavuus":"Varastossa"},"schema":{"@context":"https:\/\/schema.org","@graph":[{"@type":"WebPage","@id":"https:\/\/jydsk-stoflager.dk\/fi\/butik\/bambu-jersey\/bambujerseypainatus-vaerikkaeillae-perhosilla-kopier-2\/","url":"https:\/\/jydsk-stoflager.dk\/fi\/butik\/bambu-jersey\/bambujerseypainatus-vaerikkaeillae-perhosilla-kopier-2\/","name":"Bambuprintti abstrakteilla kukilla - vaaleanpunainen - Jydsk stoflager","isPartOf":{"@id":"https:\/\/jydsk-stoflager.dk\/fi\/#website"},"primaryImageOfPage":{"@id":"https:\/\/jydsk-stoflager.dk\/fi\/butik\/bambu-jersey\/bambujerseypainatus-vaerikkaeillae-perhosilla-kopier-2\/#primaryimage"},"image":{"@id":"https:\/\/jydsk-stoflager.dk\/fi\/butik\/bambu-jersey\/bambujerseypainatus-vaerikkaeillae-perhosilla-kopier-2\/#primaryimage"},"thumbnailUrl":"https:\/\/jydsk-stoflager.dk\/wp-content\/uploads\/2026\/02\/imgi_28_dsc_3044.jpeg","datePublished":"2026-02-11T08:00:47+00:00","dateModified":"2026-04-30T13:14:41+00:00","description":"Onko sinulla yritys ja tarvitset kangasta tai tarvikkeita? Rekister\u00f6idy t\u00e4n\u00e4\u00e4n ja hanki Digtital print bambusta - Delicate spring 3 tukkuhintaan. sinulle taataan parhaat hinnat.","breadcrumb":{"@id":"https:\/\/jydsk-stoflager.dk\/fi\/butik\/bambu-jersey\/bambujerseypainatus-vaerikkaeillae-perhosilla-kopier-2\/#breadcrumb"},"inLanguage":"fi","potentialAction":[{"@type":"ReadAction","target":["https:\/\/jydsk-stoflager.dk\/fi\/butik\/bambu-jersey\/bambujerseypainatus-vaerikkaeillae-perhosilla-kopier-2\/"]}]},{"@type":"ImageObject","inLanguage":"fi","@id":"https:\/\/jydsk-stoflager.dk\/fi\/butik\/bambu-jersey\/bambujerseypainatus-vaerikkaeillae-perhosilla-kopier-2\/#primaryimage","url":"https:\/\/jydsk-stoflager.dk\/wp-content\/uploads\/2026\/02\/imgi_28_dsc_3044.jpeg","contentUrl":"https:\/\/jydsk-stoflager.dk\/wp-content\/uploads\/2026\/02\/imgi_28_dsc_3044.jpeg","width":805,"height":1000,"caption":"Bambuprintti abstrakteilla kukilla - vaaleanpunainen"},{"@type":"BreadcrumbList","@id":"https:\/\/jydsk-stoflager.dk\/fi\/butik\/bambu-jersey\/bambujerseypainatus-vaerikkaeillae-perhosilla-kopier-2\/#breadcrumb","itemListElement":[{"@type":"ListItem","position":1,"name":"Hjem","item":"https:\/\/jydsk-stoflager.dk\/fi\/"},{"@type":"ListItem","position":2,"name":"Myym\u00e4l\u00e4","item":"https:\/\/jydsk-stoflager.dk\/fi\/myymaelae\/"},{"@type":"ListItem","position":3,"name":"Bambuprintti abstrakteilla kukilla &#8211; vaaleanpunainen"}]},{"@type":"WebSite","@id":"https:\/\/jydsk-stoflager.dk\/fi\/#website","url":"https:\/\/jydsk-stoflager.dk\/fi\/","name":"Jydsk Stoflager","description":"Jydsk Stoflager \u2013 stof til din forretning, kvalitet til dit brand","publisher":{"@id":"https:\/\/jydsk-stoflager.dk\/fi\/#organization"},"alternateName":"Jydsk Stoflager","potentialAction":[{"@type":"SearchAction","target":{"@type":"EntryPoint","urlTemplate":"https:\/\/jydsk-stoflager.dk\/fi\/?s={search_term_string}"},"query-input":{"@type":"PropertyValueSpecification","valueRequired":true,"valueName":"search_term_string"}}],"inLanguage":"fi"},{"@type":"Organization","@id":"https:\/\/jydsk-stoflager.dk\/fi\/#organization","name":"Jydsk Stoflager","alternateName":"Jydsk Stoflager","url":"https:\/\/jydsk-stoflager.dk\/fi\/","logo":{"@type":"ImageObject","inLanguage":"fi","@id":"https:\/\/jydsk-stoflager.dk\/fi\/#\/schema\/logo\/image\/","url":"https:\/\/jydsk-stoflager.dk\/wp-content\/uploads\/2024\/04\/Jydsk-stoflager-logo-facebook-kopi.png","contentUrl":"https:\/\/jydsk-stoflager.dk\/wp-content\/uploads\/2024\/04\/Jydsk-stoflager-logo-facebook-kopi.png","width":300,"height":300,"caption":"Jydsk Stoflager"},"image":{"@id":"https:\/\/jydsk-stoflager.dk\/fi\/#\/schema\/logo\/image\/"},"sameAs":["https:\/\/www.facebook.com\/jydskstoflager","https:\/\/www.instagram.com\/jydskstoflager\/"],"hasMerchantReturnPolicy":{"@type":"MerchantReturnPolicy","merchantReturnLink":"https:\/\/jydsk-stoflager.dk\/handelsbetingelser\/"}}]},"og_availability":"instock","product_availability":"instock","product_retailer_item_id":"JM5951-1111","product_condition":"new"},"_links":{"self":[{"href":"https:\/\/jydsk-stoflager.dk\/fi\/wp-json\/wp\/v2\/product\/653861","targetHints":{"allow":["GET"]}}],"collection":[{"href":"https:\/\/jydsk-stoflager.dk\/fi\/wp-json\/wp\/v2\/product"}],"about":[{"href":"https:\/\/jydsk-stoflager.dk\/fi\/wp-json\/wp\/v2\/types\/product"}],"replies":[{"embeddable":true,"href":"https:\/\/jydsk-stoflager.dk\/fi\/wp-json\/wp\/v2\/comments?post=653861"}],"wp:featuredmedia":[{"embeddable":true,"href":"https:\/\/jydsk-stoflager.dk\/fi\/wp-json\/wp\/v2\/media\/653884"}],"wp:attachment":[{"href":"https:\/\/jydsk-stoflager.dk\/fi\/wp-json\/wp\/v2\/media?parent=653861"}],"wp:term":[{"taxonomy":"product_brand","embeddable":true,"href":"https:\/\/jydsk-stoflager.dk\/fi\/wp-json\/wp\/v2\/product_brand?post=653861"},{"taxonomy":"product_cat","embeddable":true,"href":"https:\/\/jydsk-stoflager.dk\/fi\/wp-json\/wp\/v2\/product_cat?post=653861"},{"taxonomy":"product_tag","embeddable":true,"href":"https:\/\/jydsk-stoflager.dk\/fi\/wp-json\/wp\/v2\/product_tag?post=653861"}],"curies":[{"name":"wp","href":"https:\/\/api.w.org\/{rel}","templated":true}]}}