{"id":653573,"date":"2026-02-11T08:56:09","date_gmt":"2026-02-11T07:56:09","guid":{"rendered":"https:\/\/jydsk-stoflager.dk\/?post_type=product&#038;p=653573"},"modified":"2026-04-29T08:35:05","modified_gmt":"2026-04-29T06:35:05","slug":"bambujerseypainatus-vaerikkaeillae-perhosilla-kopier-11","status":"publish","type":"product","link":"https:\/\/jydsk-stoflager.dk\/fi\/butik\/bambu-jersey\/bambujerseypainatus-vaerikkaeillae-perhosilla-kopier-11\/","title":{"rendered":"Bambuprintti kauniilla kukilla &#8211; sininen"},"content":{"rendered":"<p>Kankaassa el\u00e4v\u00e4inen, k\u00e4sinmaalattua muistuttava kukkakuosi yhdistyy syviin sinisen s\u00e4vyihin, jotka luovat vaikutelman vesiv\u00e4rimaalauksesta. Suurikokoiset, pehme\u00e4sti h\u00e4ivyttyv\u00e4t keltaiset, vaaleanpunaiset ja violetit kukat muodostavat n\u00e4ytt\u00e4vi\u00e4 ryhmi\u00e4 vihreiden lehtien ja ohuiden valkoisten oksien kanssa. Materiaalin sile\u00e4 ja viile\u00e4 pinta tuntuu mukavalta ihoa vasten ja sopii erityisen hyvin esimerkiksi t-paitoihin, mekkoihin, lastenvaatteisiin sek\u00e4 rentoihin vapaa-ajan asuihin. Digitaalinen painatus tuo kuvioihin syvyytt\u00e4 ja yksityiskohtia, jotka kest\u00e4v\u00e4t hyvin pesussa. <\/p>\n<p>Leve\u00e4, 150\u2013155 cm kangas mahdollistaa tehokkaan k\u00e4yt\u00f6n erilaisissa ompelu- ja sisustusprojekteissa. Luonnollisesti hengitt\u00e4v\u00e4, kosteutta siirt\u00e4v\u00e4 ja nopeasti kuivuva materiaali tekee siit\u00e4 erinomaisen valinnan l\u00e4mpimiin vuodenaikoihin tai aktiiviseen arkeen. Hyv\u00e4 elastisuus helpottaa ty\u00f6st\u00e4mist\u00e4 ja varmistaa, ett\u00e4 valmis vaate s\u00e4ilytt\u00e4\u00e4 muotonsa pitk\u00e4\u00e4n. <\/p>\n<p>Kangas on hypoallergeeninen ja ymp\u00e4rist\u00f6yst\u00e4v\u00e4llinen vaihtoehto, joka sopii my\u00f6s herkk\u00e4ihoisille. Tutustu laajaan <a href=\"https:\/\/jydsk-stoflager.dk\/fi\/butik\/product_cat\/bambu-jersey\/\">bambu jersey<\/a> -valikoimaan, vertaile <a href=\"https:\/\/jydsk-stoflager.dk\/fi\/butik\/product_cat\/puuvilla-jersey\/\">puuvilla jersey<\/a> -kankaisiin ja l\u00f6yd\u00e4 lis\u00e4\u00e4 inspiraatiota <a href=\"https:\/\/jydsk-stoflager.dk\/fi\/butik\/product_cat\/digitaalinen-tulostus\/\">digitaalisesti painettujen<\/a> sek\u00e4 <a href=\"https:\/\/jydsk-stoflager.dk\/fi\/butik\/product_cat\/bambu-painatus\/\">bambu painatusten<\/a> joukosta.<\/p>\n","protected":false},"excerpt":{"rendered":"<table id=\"tablepress-172-no-2\" class=\"tablepress tablepress-id-172\">\n<caption style=\"caption-side:bottom;text-align:left;border:none;background:none;margin:0;padding:0\"><a href=\"https:\/\/jydsk-stoflager.dk\/wp-admin\/admin.php?page=tablepress&#038;action=edit&#038;table_id=172\" rel=\"nofollow\">Muokkaa<\/a><\/caption>\n<thead>\n<tr class=\"row-1\">\n<th class=\"column-1\">Laatu <\/th>\n<th class=\"column-2\">95% bambu, 5 % lycra<\/th>\n<\/tr>\n<\/thead>\n<tbody class=\"row-striping row-hover\">\n<tr class=\"row-2\">\n<td class=\"column-1\">Sertifiointi <\/td>\n<td class=\"column-2\"><img decoding=\"async\" src=\"\/wp-content\/uploads\/2024\/11\/GOTS-ewith-licensenumber-min.jpg\" alt=\"\" width=\"100\" height=\"100\" class=\"alignnone size-full wp-image-5924\" \/> License no. CE0246<\/td>\n<\/tr>\n<tr class=\"row-3\">\n<td class=\"column-1\">Pesuohje <\/td>\n<td class=\"column-2\"><a href=\"https:\/\/jydsk-stoflager.dk\/wp-content\/uploads\/2024\/11\/Washing-instructions.png\"><img decoding=\"async\" src=\"https:\/\/jydsk-stoflager.dk\/wp-content\/uploads\/2024\/11\/Washing-instructions.png\" alt=\"\" width=\"276\" height=\"111\" class=\"alignnone size-full wp-image-591322\" \/><\/a><\/td>\n<\/tr>\n<tr class=\"row-4\">\n<td class=\"column-1\">Paino <\/td>\n<td class=\"column-2\">220-240 g\/m\u00b2<\/td>\n<\/tr>\n<tr class=\"row-5\">\n<td class=\"column-1\">Leveys <\/td>\n<td class=\"column-2\">150 &#8211; 155 cm<\/td>\n<\/tr>\n<\/tbody>\n<\/table>\n","protected":false},"featured_media":653836,"comment_status":"open","ping_status":"closed","template":"","meta":{"_yoast_wpseo_focuskw":"","_yoast_wpseo_title":"","_yoast_wpseo_metadesc":"Onko sinulla yritys ja tarvitset kangasta tai tarvikkeita? Rekister\u00f6idy t\u00e4n\u00e4\u00e4n ja hanki Digtital print bambusta - Delicate spring 3 tukkuhintaan. sinulle taataan parhaat hinnat."},"product_brand":[],"product_cat":[1360,1361,1302,1303,1304],"product_tag":[],"class_list":{"0":"post-653573","1":"product","2":"type-product","3":"status-publish","4":"has-post-thumbnail","6":"product_cat-bambu-jersey","7":"product_cat-bambu-painatus","8":"product_cat-digitaalinen-tulostus","9":"product_cat-gots-fi","10":"product_cat-kangas-uutiset","11":"pa_certifikat-gots-fi","12":"pa_certifikat-orgaaninen","13":"pa_egenskaber-hengittaevae","14":"pa_egenskaber-pehmeae","15":"pa_farve-monivaerinen","16":"pa_jersey-fast-jersey-fi","17":"pa_laengde-1-m-fi","18":"pa_laengde-10-m-fi","19":"pa_laengde-50-m-fi","20":"pa_materialer-puuvilla","21":"pa_materialer-spandex-fi","22":"pa_moenster-tyttoe","24":"first","25":"instock","26":"taxable","27":"shipping-taxable","28":"purchasable","29":"product-type-variable"},"yoast_head":"<!-- This site is optimized with the Yoast SEO plugin v27.4 - https:\/\/yoast.com\/product\/yoast-seo-wordpress\/ -->\n<title>Bambuprintti kauniilla kukilla - sininen - Jydsk stoflager<\/title>\n<meta name=\"description\" content=\"Onko sinulla yritys ja tarvitset kangasta tai tarvikkeita? Rekister\u00f6idy t\u00e4n\u00e4\u00e4n ja hanki Digtital print bambusta - Delicate spring 3 tukkuhintaan. sinulle taataan parhaat hinnat.\" \/>\n<meta name=\"robots\" content=\"index, follow, max-snippet:-1, max-image-preview:large, max-video-preview:-1\" \/>\n<link rel=\"canonical\" href=\"https:\/\/jydsk-stoflager.dk\/fi\/butik\/bambu-jersey\/bambujerseypainatus-vaerikkaeillae-perhosilla-kopier-11\/\" \/>\n<meta property=\"og:locale\" content=\"fi_FI\" \/>\n<meta property=\"og:type\" content=\"article\" \/>\n<meta property=\"og:title\" content=\"Bambuprintti kauniilla kukilla - sininen - Jydsk stoflager\" \/>\n<meta property=\"og:description\" content=\"Onko sinulla yritys ja tarvitset kangasta tai tarvikkeita? Rekister\u00f6idy t\u00e4n\u00e4\u00e4n ja hanki Digtital print bambusta - Delicate spring 3 tukkuhintaan. sinulle taataan parhaat hinnat.\" \/>\n<meta property=\"og:url\" content=\"https:\/\/jydsk-stoflager.dk\/fi\/butik\/bambu-jersey\/bambujerseypainatus-vaerikkaeillae-perhosilla-kopier-11\/\" \/>\n<meta property=\"og:site_name\" content=\"Jydsk stoflager\" \/>\n<meta property=\"article:publisher\" content=\"https:\/\/www.facebook.com\/jydskstoflager\" \/>\n<meta property=\"article:modified_time\" content=\"2026-04-29T06:35:05+00:00\" \/>\n<meta property=\"og:image\" content=\"https:\/\/jydsk-stoflager.dk\/wp-content\/uploads\/2026\/02\/imgi_22_dsc_401.jpeg\" \/>\n\t<meta property=\"og:image:width\" content=\"805\" \/>\n\t<meta property=\"og:image:height\" content=\"1000\" \/>\n\t<meta property=\"og:image:type\" content=\"image\/jpeg\" \/>\n<meta name=\"twitter:card\" content=\"summary_large_image\" \/>\n<meta name=\"twitter:label1\" content=\"Saatavuus\" \/>\n\t<meta name=\"twitter:data1\" content=\"Varastossa\" \/>\n<script type=\"application\/ld+json\" class=\"yoast-schema-graph\">{\"@context\":\"https:\\\/\\\/schema.org\",\"@graph\":[{\"@type\":\"WebPage\",\"@id\":\"https:\\\/\\\/jydsk-stoflager.dk\\\/fi\\\/butik\\\/bambu-jersey\\\/bambujerseypainatus-vaerikkaeillae-perhosilla-kopier-11\\\/\",\"url\":\"https:\\\/\\\/jydsk-stoflager.dk\\\/fi\\\/butik\\\/bambu-jersey\\\/bambujerseypainatus-vaerikkaeillae-perhosilla-kopier-11\\\/\",\"name\":\"Bambuprintti kauniilla kukilla - sininen - Jydsk stoflager\",\"isPartOf\":{\"@id\":\"https:\\\/\\\/jydsk-stoflager.dk\\\/fi\\\/#website\"},\"primaryImageOfPage\":{\"@id\":\"https:\\\/\\\/jydsk-stoflager.dk\\\/fi\\\/butik\\\/bambu-jersey\\\/bambujerseypainatus-vaerikkaeillae-perhosilla-kopier-11\\\/#primaryimage\"},\"image\":{\"@id\":\"https:\\\/\\\/jydsk-stoflager.dk\\\/fi\\\/butik\\\/bambu-jersey\\\/bambujerseypainatus-vaerikkaeillae-perhosilla-kopier-11\\\/#primaryimage\"},\"thumbnailUrl\":\"https:\\\/\\\/jydsk-stoflager.dk\\\/wp-content\\\/uploads\\\/2026\\\/02\\\/imgi_22_dsc_401.jpeg\",\"datePublished\":\"2026-02-11T07:56:09+00:00\",\"dateModified\":\"2026-04-29T06:35:05+00:00\",\"description\":\"Onko sinulla yritys ja tarvitset kangasta tai tarvikkeita? Rekister\u00f6idy t\u00e4n\u00e4\u00e4n ja hanki Digtital print bambusta - Delicate spring 3 tukkuhintaan. sinulle taataan parhaat hinnat.\",\"breadcrumb\":{\"@id\":\"https:\\\/\\\/jydsk-stoflager.dk\\\/fi\\\/butik\\\/bambu-jersey\\\/bambujerseypainatus-vaerikkaeillae-perhosilla-kopier-11\\\/#breadcrumb\"},\"inLanguage\":\"fi\",\"potentialAction\":[{\"@type\":\"ReadAction\",\"target\":[\"https:\\\/\\\/jydsk-stoflager.dk\\\/fi\\\/butik\\\/bambu-jersey\\\/bambujerseypainatus-vaerikkaeillae-perhosilla-kopier-11\\\/\"]}]},{\"@type\":\"ImageObject\",\"inLanguage\":\"fi\",\"@id\":\"https:\\\/\\\/jydsk-stoflager.dk\\\/fi\\\/butik\\\/bambu-jersey\\\/bambujerseypainatus-vaerikkaeillae-perhosilla-kopier-11\\\/#primaryimage\",\"url\":\"https:\\\/\\\/jydsk-stoflager.dk\\\/wp-content\\\/uploads\\\/2026\\\/02\\\/imgi_22_dsc_401.jpeg\",\"contentUrl\":\"https:\\\/\\\/jydsk-stoflager.dk\\\/wp-content\\\/uploads\\\/2026\\\/02\\\/imgi_22_dsc_401.jpeg\",\"width\":805,\"height\":1000,\"caption\":\"Bambuprintti kauniilla kukilla - sininen\"},{\"@type\":\"BreadcrumbList\",\"@id\":\"https:\\\/\\\/jydsk-stoflager.dk\\\/fi\\\/butik\\\/bambu-jersey\\\/bambujerseypainatus-vaerikkaeillae-perhosilla-kopier-11\\\/#breadcrumb\",\"itemListElement\":[{\"@type\":\"ListItem\",\"position\":1,\"name\":\"Hjem\",\"item\":\"https:\\\/\\\/jydsk-stoflager.dk\\\/fi\\\/\"},{\"@type\":\"ListItem\",\"position\":2,\"name\":\"Myym\u00e4l\u00e4\",\"item\":\"https:\\\/\\\/jydsk-stoflager.dk\\\/fi\\\/myymaelae\\\/\"},{\"@type\":\"ListItem\",\"position\":3,\"name\":\"Bambuprintti kauniilla kukilla &#8211; sininen\"}]},{\"@type\":\"WebSite\",\"@id\":\"https:\\\/\\\/jydsk-stoflager.dk\\\/fi\\\/#website\",\"url\":\"https:\\\/\\\/jydsk-stoflager.dk\\\/fi\\\/\",\"name\":\"Jydsk Stoflager\",\"description\":\"Jydsk Stoflager \u2013 stof til din forretning, kvalitet til dit brand\",\"publisher\":{\"@id\":\"https:\\\/\\\/jydsk-stoflager.dk\\\/fi\\\/#organization\"},\"alternateName\":\"Jydsk Stoflager\",\"potentialAction\":[{\"@type\":\"SearchAction\",\"target\":{\"@type\":\"EntryPoint\",\"urlTemplate\":\"https:\\\/\\\/jydsk-stoflager.dk\\\/fi\\\/?s={search_term_string}\"},\"query-input\":{\"@type\":\"PropertyValueSpecification\",\"valueRequired\":true,\"valueName\":\"search_term_string\"}}],\"inLanguage\":\"fi\"},{\"@type\":\"Organization\",\"@id\":\"https:\\\/\\\/jydsk-stoflager.dk\\\/fi\\\/#organization\",\"name\":\"Jydsk Stoflager\",\"alternateName\":\"Jydsk Stoflager\",\"url\":\"https:\\\/\\\/jydsk-stoflager.dk\\\/fi\\\/\",\"logo\":{\"@type\":\"ImageObject\",\"inLanguage\":\"fi\",\"@id\":\"https:\\\/\\\/jydsk-stoflager.dk\\\/fi\\\/#\\\/schema\\\/logo\\\/image\\\/\",\"url\":\"https:\\\/\\\/jydsk-stoflager.dk\\\/wp-content\\\/uploads\\\/2024\\\/04\\\/Jydsk-stoflager-logo-facebook-kopi.png\",\"contentUrl\":\"https:\\\/\\\/jydsk-stoflager.dk\\\/wp-content\\\/uploads\\\/2024\\\/04\\\/Jydsk-stoflager-logo-facebook-kopi.png\",\"width\":300,\"height\":300,\"caption\":\"Jydsk Stoflager\"},\"image\":{\"@id\":\"https:\\\/\\\/jydsk-stoflager.dk\\\/fi\\\/#\\\/schema\\\/logo\\\/image\\\/\"},\"sameAs\":[\"https:\\\/\\\/www.facebook.com\\\/jydskstoflager\",\"https:\\\/\\\/www.instagram.com\\\/jydskstoflager\\\/\"],\"hasMerchantReturnPolicy\":{\"@type\":\"MerchantReturnPolicy\",\"merchantReturnLink\":\"https:\\\/\\\/jydsk-stoflager.dk\\\/handelsbetingelser\\\/\"}}]}<\/script>\n<meta property=\"og:availability\" content=\"instock\" \/>\n<meta property=\"product:availability\" content=\"instock\" \/>\n<meta property=\"product:retailer_item_id\" content=\"JM5949-401\" \/>\n<meta property=\"product:condition\" content=\"new\" \/>\n<!-- \/ Yoast SEO plugin. -->","yoast_head_json":{"title":"Bambuprintti kauniilla kukilla - sininen - Jydsk stoflager","description":"Onko sinulla yritys ja tarvitset kangasta tai tarvikkeita? Rekister\u00f6idy t\u00e4n\u00e4\u00e4n ja hanki Digtital print bambusta - Delicate spring 3 tukkuhintaan. sinulle taataan parhaat hinnat.","robots":{"index":"index","follow":"follow","max-snippet":"max-snippet:-1","max-image-preview":"max-image-preview:large","max-video-preview":"max-video-preview:-1"},"canonical":"https:\/\/jydsk-stoflager.dk\/fi\/butik\/bambu-jersey\/bambujerseypainatus-vaerikkaeillae-perhosilla-kopier-11\/","og_locale":"fi_FI","og_type":"article","og_title":"Bambuprintti kauniilla kukilla - sininen - Jydsk stoflager","og_description":"Onko sinulla yritys ja tarvitset kangasta tai tarvikkeita? Rekister\u00f6idy t\u00e4n\u00e4\u00e4n ja hanki Digtital print bambusta - Delicate spring 3 tukkuhintaan. sinulle taataan parhaat hinnat.","og_url":"https:\/\/jydsk-stoflager.dk\/fi\/butik\/bambu-jersey\/bambujerseypainatus-vaerikkaeillae-perhosilla-kopier-11\/","og_site_name":"Jydsk stoflager","article_publisher":"https:\/\/www.facebook.com\/jydskstoflager","article_modified_time":"2026-04-29T06:35:05+00:00","og_image":[{"width":805,"height":1000,"url":"https:\/\/jydsk-stoflager.dk\/wp-content\/uploads\/2026\/02\/imgi_22_dsc_401.jpeg","type":"image\/jpeg"}],"twitter_card":"summary_large_image","twitter_misc":{"Saatavuus":"Varastossa"},"schema":{"@context":"https:\/\/schema.org","@graph":[{"@type":"WebPage","@id":"https:\/\/jydsk-stoflager.dk\/fi\/butik\/bambu-jersey\/bambujerseypainatus-vaerikkaeillae-perhosilla-kopier-11\/","url":"https:\/\/jydsk-stoflager.dk\/fi\/butik\/bambu-jersey\/bambujerseypainatus-vaerikkaeillae-perhosilla-kopier-11\/","name":"Bambuprintti kauniilla kukilla - sininen - Jydsk stoflager","isPartOf":{"@id":"https:\/\/jydsk-stoflager.dk\/fi\/#website"},"primaryImageOfPage":{"@id":"https:\/\/jydsk-stoflager.dk\/fi\/butik\/bambu-jersey\/bambujerseypainatus-vaerikkaeillae-perhosilla-kopier-11\/#primaryimage"},"image":{"@id":"https:\/\/jydsk-stoflager.dk\/fi\/butik\/bambu-jersey\/bambujerseypainatus-vaerikkaeillae-perhosilla-kopier-11\/#primaryimage"},"thumbnailUrl":"https:\/\/jydsk-stoflager.dk\/wp-content\/uploads\/2026\/02\/imgi_22_dsc_401.jpeg","datePublished":"2026-02-11T07:56:09+00:00","dateModified":"2026-04-29T06:35:05+00:00","description":"Onko sinulla yritys ja tarvitset kangasta tai tarvikkeita? Rekister\u00f6idy t\u00e4n\u00e4\u00e4n ja hanki Digtital print bambusta - Delicate spring 3 tukkuhintaan. sinulle taataan parhaat hinnat.","breadcrumb":{"@id":"https:\/\/jydsk-stoflager.dk\/fi\/butik\/bambu-jersey\/bambujerseypainatus-vaerikkaeillae-perhosilla-kopier-11\/#breadcrumb"},"inLanguage":"fi","potentialAction":[{"@type":"ReadAction","target":["https:\/\/jydsk-stoflager.dk\/fi\/butik\/bambu-jersey\/bambujerseypainatus-vaerikkaeillae-perhosilla-kopier-11\/"]}]},{"@type":"ImageObject","inLanguage":"fi","@id":"https:\/\/jydsk-stoflager.dk\/fi\/butik\/bambu-jersey\/bambujerseypainatus-vaerikkaeillae-perhosilla-kopier-11\/#primaryimage","url":"https:\/\/jydsk-stoflager.dk\/wp-content\/uploads\/2026\/02\/imgi_22_dsc_401.jpeg","contentUrl":"https:\/\/jydsk-stoflager.dk\/wp-content\/uploads\/2026\/02\/imgi_22_dsc_401.jpeg","width":805,"height":1000,"caption":"Bambuprintti kauniilla kukilla - sininen"},{"@type":"BreadcrumbList","@id":"https:\/\/jydsk-stoflager.dk\/fi\/butik\/bambu-jersey\/bambujerseypainatus-vaerikkaeillae-perhosilla-kopier-11\/#breadcrumb","itemListElement":[{"@type":"ListItem","position":1,"name":"Hjem","item":"https:\/\/jydsk-stoflager.dk\/fi\/"},{"@type":"ListItem","position":2,"name":"Myym\u00e4l\u00e4","item":"https:\/\/jydsk-stoflager.dk\/fi\/myymaelae\/"},{"@type":"ListItem","position":3,"name":"Bambuprintti kauniilla kukilla &#8211; sininen"}]},{"@type":"WebSite","@id":"https:\/\/jydsk-stoflager.dk\/fi\/#website","url":"https:\/\/jydsk-stoflager.dk\/fi\/","name":"Jydsk Stoflager","description":"Jydsk Stoflager \u2013 stof til din forretning, kvalitet til dit brand","publisher":{"@id":"https:\/\/jydsk-stoflager.dk\/fi\/#organization"},"alternateName":"Jydsk Stoflager","potentialAction":[{"@type":"SearchAction","target":{"@type":"EntryPoint","urlTemplate":"https:\/\/jydsk-stoflager.dk\/fi\/?s={search_term_string}"},"query-input":{"@type":"PropertyValueSpecification","valueRequired":true,"valueName":"search_term_string"}}],"inLanguage":"fi"},{"@type":"Organization","@id":"https:\/\/jydsk-stoflager.dk\/fi\/#organization","name":"Jydsk Stoflager","alternateName":"Jydsk Stoflager","url":"https:\/\/jydsk-stoflager.dk\/fi\/","logo":{"@type":"ImageObject","inLanguage":"fi","@id":"https:\/\/jydsk-stoflager.dk\/fi\/#\/schema\/logo\/image\/","url":"https:\/\/jydsk-stoflager.dk\/wp-content\/uploads\/2024\/04\/Jydsk-stoflager-logo-facebook-kopi.png","contentUrl":"https:\/\/jydsk-stoflager.dk\/wp-content\/uploads\/2024\/04\/Jydsk-stoflager-logo-facebook-kopi.png","width":300,"height":300,"caption":"Jydsk Stoflager"},"image":{"@id":"https:\/\/jydsk-stoflager.dk\/fi\/#\/schema\/logo\/image\/"},"sameAs":["https:\/\/www.facebook.com\/jydskstoflager","https:\/\/www.instagram.com\/jydskstoflager\/"],"hasMerchantReturnPolicy":{"@type":"MerchantReturnPolicy","merchantReturnLink":"https:\/\/jydsk-stoflager.dk\/handelsbetingelser\/"}}]},"og_availability":"instock","product_availability":"instock","product_retailer_item_id":"JM5949-401","product_condition":"new"},"_links":{"self":[{"href":"https:\/\/jydsk-stoflager.dk\/fi\/wp-json\/wp\/v2\/product\/653573","targetHints":{"allow":["GET"]}}],"collection":[{"href":"https:\/\/jydsk-stoflager.dk\/fi\/wp-json\/wp\/v2\/product"}],"about":[{"href":"https:\/\/jydsk-stoflager.dk\/fi\/wp-json\/wp\/v2\/types\/product"}],"replies":[{"embeddable":true,"href":"https:\/\/jydsk-stoflager.dk\/fi\/wp-json\/wp\/v2\/comments?post=653573"}],"wp:featuredmedia":[{"embeddable":true,"href":"https:\/\/jydsk-stoflager.dk\/fi\/wp-json\/wp\/v2\/media\/653836"}],"wp:attachment":[{"href":"https:\/\/jydsk-stoflager.dk\/fi\/wp-json\/wp\/v2\/media?parent=653573"}],"wp:term":[{"taxonomy":"product_brand","embeddable":true,"href":"https:\/\/jydsk-stoflager.dk\/fi\/wp-json\/wp\/v2\/product_brand?post=653573"},{"taxonomy":"product_cat","embeddable":true,"href":"https:\/\/jydsk-stoflager.dk\/fi\/wp-json\/wp\/v2\/product_cat?post=653573"},{"taxonomy":"product_tag","embeddable":true,"href":"https:\/\/jydsk-stoflager.dk\/fi\/wp-json\/wp\/v2\/product_tag?post=653573"}],"curies":[{"name":"wp","href":"https:\/\/api.w.org\/{rel}","templated":true}]}}