{"id":640658,"date":"2025-09-24T11:23:12","date_gmt":"2025-09-24T09:23:12","guid":{"rendered":"https:\/\/jydsk-stoflager.dk\/butik\/Ei-luokiteltu\/hessiankangas-jossa-on-lurexia-vihrea\/"},"modified":"2026-04-28T10:48:15","modified_gmt":"2026-04-28T08:48:15","slug":"hessiankangas-jossa-on-lurexia-vihrea","status":"publish","type":"product","link":"https:\/\/jydsk-stoflager.dk\/fi\/butik\/joulukangas\/hessiankangas-jossa-on-lurexia-vihrea\/","title":{"rendered":"Hessiankangas, jossa on lurexia &#8211; vihre\u00e4"},"content":{"rendered":"<p>Syv\u00e4n vihre\u00e4 s\u00e4vy yhdistyy kauniisti hienovaraisesti kimaltaviin kultaisiin lurex-lankoihin, jotka antavat pinnalle hillityn hohteen. Kankaan karkea, luonnollinen rakenne ja avoin kudos tuovat siihen rustiikkisen tunnelman, mik\u00e4 tekee siit\u00e4 ihanteellisen valinnan sek\u00e4 juhlavien ett\u00e4 arjen sisustuselementtien toteutukseen. Keskipaksu materiaali mukautuu hyvin erilaisiin k\u00e4ytt\u00f6tarkoituksiin, ja sen taipuisa laatu mahdollistaa n\u00e4ytt\u00e4v\u00e4t laskokset ja rypytykset esimerkiksi p\u00f6yt\u00e4liinoihin tai sein\u00e4koristeisiin.<\/p>\n<p>Materiaali soveltuu erinomaisesti joulukoristeisiin, lahjapakkauksiin ja erilaisiin DIY-projekteihin, joissa yhdistyv\u00e4t luonnollinen ilme ja pieni ripaus juhlavuutta. Voit yhdist\u00e4\u00e4 t\u00e4m\u00e4n kankaan esimerkiksi <a href=\"https:\/\/jydsk-stoflager.dk\/fi\/butik\/product_cat\/kalvokangas\/\">kalvokankaisiin<\/a> korostamaan kontrasteja, tai tuoda lis\u00e4\u00e4 tekstuuria valitsemalla <a href=\"https:\/\/jydsk-stoflager.dk\/fi\/butik\/product_cat\/muoti-kangas\/kiinteae-kangas\/organza-fi\/\">organzaa<\/a> tai <a href=\"https:\/\/jydsk-stoflager.dk\/fi\/butik\/product_cat\/muoti-kangas\/kiinteae-kangas\/sifonki\/\">sifonkia<\/a> projekteihin. Kankaan hengitt\u00e4vyys ja aidon k\u00e4sity\u00f6l\u00e4ism\u00e4inen ulkon\u00e4k\u00f6 sopivat mainiosti my\u00f6s <a href=\"https:\/\/jydsk-stoflager.dk\/fi\/butik\/product_cat\/koti-kangas\/kudottu-kangas\/\">kudottujen kankaiden<\/a> kanssa yhdistelt\u00e4v\u00e4ksi.<\/p>\n","protected":false},"excerpt":{"rendered":"<table id=\"tablepress-150\" class=\"tablepress tablepress-id-150\">\n<caption style=\"caption-side:bottom;text-align:left;border:none;background:none;margin:0;padding:0\"><a href=\"https:\/\/jydsk-stoflager.dk\/wp-admin\/admin.php?page=tablepress&#038;action=edit&#038;table_id=150\" rel=\"nofollow\">Muokkaa<\/a><\/caption>\n<thead>\n<tr class=\"row-1\">\n<th class=\"column-1\">Laatu <\/th>\n<th class=\"column-2\">100% jute<\/th>\n<\/tr>\n<\/thead>\n<tbody class=\"row-striping row-hover\">\n<tr class=\"row-2\">\n<td class=\"column-1\">Paino <\/td>\n<td class=\"column-2\">325 g\/m\u00b2<\/td>\n<\/tr>\n<tr class=\"row-3\">\n<td class=\"column-1\">Leveys <\/td>\n<td class=\"column-2\">140  cm<\/td>\n<\/tr>\n<\/tbody>\n<\/table>\n","protected":false},"featured_media":640340,"comment_status":"open","ping_status":"closed","template":"","meta":{"_yoast_wpseo_focuskw":"","_yoast_wpseo_title":"","_yoast_wpseo_metadesc":"Onko sinulla yritys ja tarvitset kangasta tai tarvikkeita? Rekister\u00f6idy t\u00e4n\u00e4\u00e4n ja hanki Hessian tukkuhintaan. sinulle taataan parhaat hinnat."},"product_brand":[],"product_cat":[1473],"product_tag":[1498],"class_list":{"0":"post-640658","1":"product","2":"type-product","3":"status-publish","4":"has-post-thumbnail","6":"product_cat-joulukangas","7":"product_tag-ecotex","8":"pa_certifikat-oekotex-fi","9":"pa_egenskaber-hengittaevae","10":"pa_farve-beige-fi","11":"pa_laengde-1-m-fi","12":"pa_laengde-10-m-fi","13":"pa_laengde-50-m-fi","14":"pa_materialer-juutti","16":"first","17":"instock","18":"sale","19":"taxable","20":"shipping-taxable","21":"purchasable","22":"product-type-variable"},"yoast_head":"<!-- This site is optimized with the Yoast SEO plugin v27.4 - https:\/\/yoast.com\/product\/yoast-seo-wordpress\/ -->\n<title>Hessiankangas, jossa on lurexia - vihre\u00e4 - Jydsk stoflager<\/title>\n<meta name=\"description\" content=\"Onko sinulla yritys ja tarvitset kangasta tai tarvikkeita? Rekister\u00f6idy t\u00e4n\u00e4\u00e4n ja hanki Hessian tukkuhintaan. sinulle taataan parhaat hinnat.\" \/>\n<meta name=\"robots\" content=\"index, follow, max-snippet:-1, max-image-preview:large, max-video-preview:-1\" \/>\n<link rel=\"canonical\" href=\"https:\/\/jydsk-stoflager.dk\/fi\/butik\/joulukangas\/hessiankangas-jossa-on-lurexia-vihrea\/\" \/>\n<meta property=\"og:locale\" content=\"fi_FI\" \/>\n<meta property=\"og:type\" content=\"article\" \/>\n<meta property=\"og:title\" content=\"Hessiankangas, jossa on lurexia - vihre\u00e4 - Jydsk stoflager\" \/>\n<meta property=\"og:description\" content=\"Onko sinulla yritys ja tarvitset kangasta tai tarvikkeita? Rekister\u00f6idy t\u00e4n\u00e4\u00e4n ja hanki Hessian tukkuhintaan. sinulle taataan parhaat hinnat.\" \/>\n<meta property=\"og:url\" content=\"https:\/\/jydsk-stoflager.dk\/fi\/butik\/joulukangas\/hessiankangas-jossa-on-lurexia-vihrea\/\" \/>\n<meta property=\"og:site_name\" content=\"Jydsk stoflager\" \/>\n<meta property=\"article:publisher\" content=\"https:\/\/www.facebook.com\/jydskstoflager\" \/>\n<meta property=\"article:modified_time\" content=\"2026-04-28T08:48:15+00:00\" \/>\n<meta property=\"og:image\" content=\"https:\/\/jydsk-stoflager.dk\/wp-content\/uploads\/2025\/09\/imgi_3_90126200_1-Dyed-Jute-Lurex-Green.jpeg\" \/>\n\t<meta property=\"og:image:width\" content=\"1000\" \/>\n\t<meta property=\"og:image:height\" content=\"1000\" \/>\n\t<meta property=\"og:image:type\" content=\"image\/jpeg\" \/>\n<meta name=\"twitter:card\" content=\"summary_large_image\" \/>\n<meta name=\"twitter:label1\" content=\"Saatavuus\" \/>\n\t<meta name=\"twitter:data1\" content=\"Varastossa\" \/>\n<script type=\"application\/ld+json\" class=\"yoast-schema-graph\">{\"@context\":\"https:\\\/\\\/schema.org\",\"@graph\":[{\"@type\":\"WebPage\",\"@id\":\"https:\\\/\\\/jydsk-stoflager.dk\\\/fi\\\/butik\\\/joulukangas\\\/hessiankangas-jossa-on-lurexia-vihrea\\\/\",\"url\":\"https:\\\/\\\/jydsk-stoflager.dk\\\/fi\\\/butik\\\/joulukangas\\\/hessiankangas-jossa-on-lurexia-vihrea\\\/\",\"name\":\"Hessiankangas, jossa on lurexia - vihre\u00e4 - Jydsk stoflager\",\"isPartOf\":{\"@id\":\"https:\\\/\\\/jydsk-stoflager.dk\\\/fi\\\/#website\"},\"primaryImageOfPage\":{\"@id\":\"https:\\\/\\\/jydsk-stoflager.dk\\\/fi\\\/butik\\\/joulukangas\\\/hessiankangas-jossa-on-lurexia-vihrea\\\/#primaryimage\"},\"image\":{\"@id\":\"https:\\\/\\\/jydsk-stoflager.dk\\\/fi\\\/butik\\\/joulukangas\\\/hessiankangas-jossa-on-lurexia-vihrea\\\/#primaryimage\"},\"thumbnailUrl\":\"https:\\\/\\\/jydsk-stoflager.dk\\\/wp-content\\\/uploads\\\/2025\\\/09\\\/imgi_3_90126200_1-Dyed-Jute-Lurex-Green.jpeg\",\"datePublished\":\"2025-09-24T09:23:12+00:00\",\"dateModified\":\"2026-04-28T08:48:15+00:00\",\"description\":\"Onko sinulla yritys ja tarvitset kangasta tai tarvikkeita? Rekister\u00f6idy t\u00e4n\u00e4\u00e4n ja hanki Hessian tukkuhintaan. sinulle taataan parhaat hinnat.\",\"breadcrumb\":{\"@id\":\"https:\\\/\\\/jydsk-stoflager.dk\\\/fi\\\/butik\\\/joulukangas\\\/hessiankangas-jossa-on-lurexia-vihrea\\\/#breadcrumb\"},\"inLanguage\":\"fi\",\"potentialAction\":[{\"@type\":\"ReadAction\",\"target\":[\"https:\\\/\\\/jydsk-stoflager.dk\\\/fi\\\/butik\\\/joulukangas\\\/hessiankangas-jossa-on-lurexia-vihrea\\\/\"]}]},{\"@type\":\"ImageObject\",\"inLanguage\":\"fi\",\"@id\":\"https:\\\/\\\/jydsk-stoflager.dk\\\/fi\\\/butik\\\/joulukangas\\\/hessiankangas-jossa-on-lurexia-vihrea\\\/#primaryimage\",\"url\":\"https:\\\/\\\/jydsk-stoflager.dk\\\/wp-content\\\/uploads\\\/2025\\\/09\\\/imgi_3_90126200_1-Dyed-Jute-Lurex-Green.jpeg\",\"contentUrl\":\"https:\\\/\\\/jydsk-stoflager.dk\\\/wp-content\\\/uploads\\\/2025\\\/09\\\/imgi_3_90126200_1-Dyed-Jute-Lurex-Green.jpeg\",\"width\":1000,\"height\":1000,\"caption\":\"Hessiankangas, jossa on lurexia - vihre\u00e4\"},{\"@type\":\"BreadcrumbList\",\"@id\":\"https:\\\/\\\/jydsk-stoflager.dk\\\/fi\\\/butik\\\/joulukangas\\\/hessiankangas-jossa-on-lurexia-vihrea\\\/#breadcrumb\",\"itemListElement\":[{\"@type\":\"ListItem\",\"position\":1,\"name\":\"Hjem\",\"item\":\"https:\\\/\\\/jydsk-stoflager.dk\\\/fi\\\/\"},{\"@type\":\"ListItem\",\"position\":2,\"name\":\"Myym\u00e4l\u00e4\",\"item\":\"https:\\\/\\\/jydsk-stoflager.dk\\\/fi\\\/myymaelae\\\/\"},{\"@type\":\"ListItem\",\"position\":3,\"name\":\"Hessiankangas, jossa on lurexia &#8211; vihre\u00e4\"}]},{\"@type\":\"WebSite\",\"@id\":\"https:\\\/\\\/jydsk-stoflager.dk\\\/fi\\\/#website\",\"url\":\"https:\\\/\\\/jydsk-stoflager.dk\\\/fi\\\/\",\"name\":\"Jydsk Stoflager\",\"description\":\"Jydsk Stoflager \u2013 stof til din forretning, kvalitet til dit brand\",\"publisher\":{\"@id\":\"https:\\\/\\\/jydsk-stoflager.dk\\\/fi\\\/#organization\"},\"alternateName\":\"Jydsk Stoflager\",\"potentialAction\":[{\"@type\":\"SearchAction\",\"target\":{\"@type\":\"EntryPoint\",\"urlTemplate\":\"https:\\\/\\\/jydsk-stoflager.dk\\\/fi\\\/?s={search_term_string}\"},\"query-input\":{\"@type\":\"PropertyValueSpecification\",\"valueRequired\":true,\"valueName\":\"search_term_string\"}}],\"inLanguage\":\"fi\"},{\"@type\":\"Organization\",\"@id\":\"https:\\\/\\\/jydsk-stoflager.dk\\\/fi\\\/#organization\",\"name\":\"Jydsk Stoflager\",\"alternateName\":\"Jydsk Stoflager\",\"url\":\"https:\\\/\\\/jydsk-stoflager.dk\\\/fi\\\/\",\"logo\":{\"@type\":\"ImageObject\",\"inLanguage\":\"fi\",\"@id\":\"https:\\\/\\\/jydsk-stoflager.dk\\\/fi\\\/#\\\/schema\\\/logo\\\/image\\\/\",\"url\":\"https:\\\/\\\/jydsk-stoflager.dk\\\/wp-content\\\/uploads\\\/2024\\\/04\\\/Jydsk-stoflager-logo-facebook-kopi.png\",\"contentUrl\":\"https:\\\/\\\/jydsk-stoflager.dk\\\/wp-content\\\/uploads\\\/2024\\\/04\\\/Jydsk-stoflager-logo-facebook-kopi.png\",\"width\":300,\"height\":300,\"caption\":\"Jydsk Stoflager\"},\"image\":{\"@id\":\"https:\\\/\\\/jydsk-stoflager.dk\\\/fi\\\/#\\\/schema\\\/logo\\\/image\\\/\"},\"sameAs\":[\"https:\\\/\\\/www.facebook.com\\\/jydskstoflager\",\"https:\\\/\\\/www.instagram.com\\\/jydskstoflager\\\/\"],\"hasMerchantReturnPolicy\":{\"@type\":\"MerchantReturnPolicy\",\"merchantReturnLink\":\"https:\\\/\\\/jydsk-stoflager.dk\\\/handelsbetingelser\\\/\"}}]}<\/script>\n<meta property=\"og:availability\" content=\"instock\" \/>\n<meta property=\"product:availability\" content=\"instock\" \/>\n<meta property=\"product:retailer_item_id\" content=\"90126-200\" \/>\n<meta property=\"product:condition\" content=\"new\" \/>\n<!-- \/ Yoast SEO plugin. -->","yoast_head_json":{"title":"Hessiankangas, jossa on lurexia - vihre\u00e4 - Jydsk stoflager","description":"Onko sinulla yritys ja tarvitset kangasta tai tarvikkeita? Rekister\u00f6idy t\u00e4n\u00e4\u00e4n ja hanki Hessian tukkuhintaan. sinulle taataan parhaat hinnat.","robots":{"index":"index","follow":"follow","max-snippet":"max-snippet:-1","max-image-preview":"max-image-preview:large","max-video-preview":"max-video-preview:-1"},"canonical":"https:\/\/jydsk-stoflager.dk\/fi\/butik\/joulukangas\/hessiankangas-jossa-on-lurexia-vihrea\/","og_locale":"fi_FI","og_type":"article","og_title":"Hessiankangas, jossa on lurexia - vihre\u00e4 - Jydsk stoflager","og_description":"Onko sinulla yritys ja tarvitset kangasta tai tarvikkeita? Rekister\u00f6idy t\u00e4n\u00e4\u00e4n ja hanki Hessian tukkuhintaan. sinulle taataan parhaat hinnat.","og_url":"https:\/\/jydsk-stoflager.dk\/fi\/butik\/joulukangas\/hessiankangas-jossa-on-lurexia-vihrea\/","og_site_name":"Jydsk stoflager","article_publisher":"https:\/\/www.facebook.com\/jydskstoflager","article_modified_time":"2026-04-28T08:48:15+00:00","og_image":[{"width":1000,"height":1000,"url":"https:\/\/jydsk-stoflager.dk\/wp-content\/uploads\/2025\/09\/imgi_3_90126200_1-Dyed-Jute-Lurex-Green.jpeg","type":"image\/jpeg"}],"twitter_card":"summary_large_image","twitter_misc":{"Saatavuus":"Varastossa"},"schema":{"@context":"https:\/\/schema.org","@graph":[{"@type":"WebPage","@id":"https:\/\/jydsk-stoflager.dk\/fi\/butik\/joulukangas\/hessiankangas-jossa-on-lurexia-vihrea\/","url":"https:\/\/jydsk-stoflager.dk\/fi\/butik\/joulukangas\/hessiankangas-jossa-on-lurexia-vihrea\/","name":"Hessiankangas, jossa on lurexia - vihre\u00e4 - Jydsk stoflager","isPartOf":{"@id":"https:\/\/jydsk-stoflager.dk\/fi\/#website"},"primaryImageOfPage":{"@id":"https:\/\/jydsk-stoflager.dk\/fi\/butik\/joulukangas\/hessiankangas-jossa-on-lurexia-vihrea\/#primaryimage"},"image":{"@id":"https:\/\/jydsk-stoflager.dk\/fi\/butik\/joulukangas\/hessiankangas-jossa-on-lurexia-vihrea\/#primaryimage"},"thumbnailUrl":"https:\/\/jydsk-stoflager.dk\/wp-content\/uploads\/2025\/09\/imgi_3_90126200_1-Dyed-Jute-Lurex-Green.jpeg","datePublished":"2025-09-24T09:23:12+00:00","dateModified":"2026-04-28T08:48:15+00:00","description":"Onko sinulla yritys ja tarvitset kangasta tai tarvikkeita? Rekister\u00f6idy t\u00e4n\u00e4\u00e4n ja hanki Hessian tukkuhintaan. sinulle taataan parhaat hinnat.","breadcrumb":{"@id":"https:\/\/jydsk-stoflager.dk\/fi\/butik\/joulukangas\/hessiankangas-jossa-on-lurexia-vihrea\/#breadcrumb"},"inLanguage":"fi","potentialAction":[{"@type":"ReadAction","target":["https:\/\/jydsk-stoflager.dk\/fi\/butik\/joulukangas\/hessiankangas-jossa-on-lurexia-vihrea\/"]}]},{"@type":"ImageObject","inLanguage":"fi","@id":"https:\/\/jydsk-stoflager.dk\/fi\/butik\/joulukangas\/hessiankangas-jossa-on-lurexia-vihrea\/#primaryimage","url":"https:\/\/jydsk-stoflager.dk\/wp-content\/uploads\/2025\/09\/imgi_3_90126200_1-Dyed-Jute-Lurex-Green.jpeg","contentUrl":"https:\/\/jydsk-stoflager.dk\/wp-content\/uploads\/2025\/09\/imgi_3_90126200_1-Dyed-Jute-Lurex-Green.jpeg","width":1000,"height":1000,"caption":"Hessiankangas, jossa on lurexia - vihre\u00e4"},{"@type":"BreadcrumbList","@id":"https:\/\/jydsk-stoflager.dk\/fi\/butik\/joulukangas\/hessiankangas-jossa-on-lurexia-vihrea\/#breadcrumb","itemListElement":[{"@type":"ListItem","position":1,"name":"Hjem","item":"https:\/\/jydsk-stoflager.dk\/fi\/"},{"@type":"ListItem","position":2,"name":"Myym\u00e4l\u00e4","item":"https:\/\/jydsk-stoflager.dk\/fi\/myymaelae\/"},{"@type":"ListItem","position":3,"name":"Hessiankangas, jossa on lurexia &#8211; vihre\u00e4"}]},{"@type":"WebSite","@id":"https:\/\/jydsk-stoflager.dk\/fi\/#website","url":"https:\/\/jydsk-stoflager.dk\/fi\/","name":"Jydsk Stoflager","description":"Jydsk Stoflager \u2013 stof til din forretning, kvalitet til dit brand","publisher":{"@id":"https:\/\/jydsk-stoflager.dk\/fi\/#organization"},"alternateName":"Jydsk Stoflager","potentialAction":[{"@type":"SearchAction","target":{"@type":"EntryPoint","urlTemplate":"https:\/\/jydsk-stoflager.dk\/fi\/?s={search_term_string}"},"query-input":{"@type":"PropertyValueSpecification","valueRequired":true,"valueName":"search_term_string"}}],"inLanguage":"fi"},{"@type":"Organization","@id":"https:\/\/jydsk-stoflager.dk\/fi\/#organization","name":"Jydsk Stoflager","alternateName":"Jydsk Stoflager","url":"https:\/\/jydsk-stoflager.dk\/fi\/","logo":{"@type":"ImageObject","inLanguage":"fi","@id":"https:\/\/jydsk-stoflager.dk\/fi\/#\/schema\/logo\/image\/","url":"https:\/\/jydsk-stoflager.dk\/wp-content\/uploads\/2024\/04\/Jydsk-stoflager-logo-facebook-kopi.png","contentUrl":"https:\/\/jydsk-stoflager.dk\/wp-content\/uploads\/2024\/04\/Jydsk-stoflager-logo-facebook-kopi.png","width":300,"height":300,"caption":"Jydsk Stoflager"},"image":{"@id":"https:\/\/jydsk-stoflager.dk\/fi\/#\/schema\/logo\/image\/"},"sameAs":["https:\/\/www.facebook.com\/jydskstoflager","https:\/\/www.instagram.com\/jydskstoflager\/"],"hasMerchantReturnPolicy":{"@type":"MerchantReturnPolicy","merchantReturnLink":"https:\/\/jydsk-stoflager.dk\/handelsbetingelser\/"}}]},"og_availability":"instock","product_availability":"instock","product_retailer_item_id":"90126-200","product_condition":"new"},"_links":{"self":[{"href":"https:\/\/jydsk-stoflager.dk\/fi\/wp-json\/wp\/v2\/product\/640658","targetHints":{"allow":["GET"]}}],"collection":[{"href":"https:\/\/jydsk-stoflager.dk\/fi\/wp-json\/wp\/v2\/product"}],"about":[{"href":"https:\/\/jydsk-stoflager.dk\/fi\/wp-json\/wp\/v2\/types\/product"}],"replies":[{"embeddable":true,"href":"https:\/\/jydsk-stoflager.dk\/fi\/wp-json\/wp\/v2\/comments?post=640658"}],"wp:featuredmedia":[{"embeddable":true,"href":"https:\/\/jydsk-stoflager.dk\/fi\/wp-json\/wp\/v2\/media\/640340"}],"wp:attachment":[{"href":"https:\/\/jydsk-stoflager.dk\/fi\/wp-json\/wp\/v2\/media?parent=640658"}],"wp:term":[{"taxonomy":"product_brand","embeddable":true,"href":"https:\/\/jydsk-stoflager.dk\/fi\/wp-json\/wp\/v2\/product_brand?post=640658"},{"taxonomy":"product_cat","embeddable":true,"href":"https:\/\/jydsk-stoflager.dk\/fi\/wp-json\/wp\/v2\/product_cat?post=640658"},{"taxonomy":"product_tag","embeddable":true,"href":"https:\/\/jydsk-stoflager.dk\/fi\/wp-json\/wp\/v2\/product_tag?post=640658"}],"curies":[{"name":"wp","href":"https:\/\/api.w.org\/{rel}","templated":true}]}}