{"id":616868,"date":"2024-07-31T15:48:27","date_gmt":"2024-07-31T13:48:27","guid":{"rendered":"https:\/\/jydsk-stoflager.dk\/butik\/Ei-luokiteltu\/bambu-trikoo-painatus-vaerikkaeillae-kukilla\/"},"modified":"2026-03-05T11:56:57","modified_gmt":"2026-03-05T10:56:57","slug":"bambu-trikoo-painatus-vaerikkaeillae-kukilla","status":"publish","type":"product","link":"https:\/\/jydsk-stoflager.dk\/fi\/butik\/bambu-jersey\/bambu-trikoo-painatus-vaerikkaeillae-kukilla\/","title":{"rendered":"Bambu trikoo painatus v\u00e4rikk\u00e4ill\u00e4 kukilla"},"content":{"rendered":"<p>T\u00e4m\u00e4 vieh\u00e4tt\u00e4v\u00e4 <a href=\"https:\/\/jydsk-stoflager.dk\/fi\/butik\/product_cat\/bambu-jersey\/\">bambu jersey<\/a> hurmaa v\u00e4rikk\u00e4ill\u00e4 kukkakuvioillaan, jotka tuovat mieleen syksyn runsaat v\u00e4ris\u00e4vyt. Syv\u00e4n siniset, kirkkaan oranssit, pehme\u00e4n vaaleanpunaiset ja keltaiset kukat luovat eloisan, kolmiulotteisen vaikutelman tummaa taustaa vasten. Jokainen kukka on yksityiskohtaisesti muotoiltu, ja pienet kuivattujen kukkien ja lehtien koristeet lis\u00e4\u00e4v\u00e4t kuviointiin syvyytt\u00e4 ja luonnollista vaihtelua.<\/p>\n<p>Kangas on valmistettu 95% bambusta ja 5% lycrasta, mik\u00e4 tekee siit\u00e4 erityisen pehme\u00e4n, hengitt\u00e4v\u00e4n ja miellytt\u00e4v\u00e4n ihoa vasten. T\u00e4m\u00e4 <a href=\"https:\/\/jydsk-stoflager.dk\/fi\/butik\/product_cat\/digitaalinen-tulostus\/\">digitaalisesti painettu<\/a> materiaali on ihanteellinen mukaviin vaatteisiin kuten t-paitoihin, mekoihin ja lastenvaatteisiin. Bambukuidun luonnollinen antibakteerinen ominaisuus tekee siit\u00e4 erinomaisen valinnan my\u00f6s herk\u00e4lle iholle.<\/p>\n<p>GOTS-sertifiointi takaa, ett\u00e4 kangas on tuotettu kest\u00e4v\u00e4sti ja ymp\u00e4rist\u00f6yst\u00e4v\u00e4llisesti. 220-240 g\/m\u00b2 paino antaa materiaalille hyv\u00e4n laskeutuvuuden ja kest\u00e4vyyden, mik\u00e4 tekee siit\u00e4 sopivan moniin k\u00e4ytt\u00f6tarkoituksiin. 150-155 cm leveys mahdollistaa tehokkaiden leikkuusuunnitelmien tekemisen.<\/p>\n<p>T\u00e4m\u00e4 <a href=\"https:\/\/jydsk-stoflager.dk\/fi\/butik\/product_cat\/bambu-painatus\/\">bambu painokangas<\/a> on erinomainen valinta syksyisiin projekteihin, mutta sen v\u00e4rikkyys sopii ymp\u00e4ri vuoden k\u00e4ytett\u00e4v\u00e4ksi. Verrattuna perinteisiin <a href=\"https:\/\/jydsk-stoflager.dk\/fi\/butik\/product_cat\/jersey-kangas\/\">jersey-kankaisiin<\/a> ja <a href=\"https:\/\/jydsk-stoflager.dk\/fi\/butik\/product_cat\/puuvilla-jersey\/\">puuvillajerseysiin<\/a>, bambusekoite tarjoaa ylellisemm\u00e4n tunnun ja paremman kosteudenimukykyyn, tehden siit\u00e4 t\u00e4ydellisen valinnan sek\u00e4 arkivaatteisiin ett\u00e4 erityisiin tilaisuuksiin.<\/p>\n","protected":false},"excerpt":{"rendered":"<table id=\"tablepress-172-no-6\" class=\"tablepress tablepress-id-172\">\n<caption style=\"caption-side:bottom;text-align:left;border:none;background:none;margin:0;padding:0\"><a href=\"https:\/\/jydsk-stoflager.dk\/wp-admin\/admin.php?page=tablepress&#038;action=edit&#038;table_id=172\" rel=\"nofollow\">Muokkaa<\/a><\/caption>\n<thead>\n<tr class=\"row-1\">\n<th class=\"column-1\">Laatu <\/th>\n<th class=\"column-2\">95% bambu, 5 % lycra<\/th>\n<\/tr>\n<\/thead>\n<tbody class=\"row-striping row-hover\">\n<tr class=\"row-2\">\n<td class=\"column-1\">Sertifiointi <\/td>\n<td class=\"column-2\"><img decoding=\"async\" src=\"\/wp-content\/uploads\/2024\/11\/GOTS-ewith-licensenumber-min.jpg\" alt=\"\" width=\"100\" height=\"100\" class=\"alignnone size-full wp-image-5924\" \/> License no. CE0246<\/td>\n<\/tr>\n<tr class=\"row-3\">\n<td class=\"column-1\">Pesuohje <\/td>\n<td class=\"column-2\"><a href=\"https:\/\/jydsk-stoflager.dk\/wp-content\/uploads\/2024\/11\/Washing-instructions.png\"><img decoding=\"async\" src=\"https:\/\/jydsk-stoflager.dk\/wp-content\/uploads\/2024\/11\/Washing-instructions.png\" alt=\"\" width=\"276\" height=\"111\" class=\"alignnone size-full wp-image-591322\" \/><\/a><\/td>\n<\/tr>\n<tr class=\"row-4\">\n<td class=\"column-1\">Paino <\/td>\n<td class=\"column-2\">220-240 g\/m\u00b2<\/td>\n<\/tr>\n<tr class=\"row-5\">\n<td class=\"column-1\">Leveys <\/td>\n<td class=\"column-2\">150 &#8211; 155 cm<\/td>\n<\/tr>\n<\/tbody>\n<\/table>\n","protected":false},"featured_media":616871,"comment_status":"open","ping_status":"closed","template":"","meta":{"_yoast_wpseo_focuskw":"","_yoast_wpseo_title":"","_yoast_wpseo_metadesc":"Onko sinulla yritys ja tarvitset kangasta tai tarvikkeita? Rekister\u00f6idy jo t\u00e4n\u00e4\u00e4n ja hanki bambujerseypainatus v\u00e4rikk\u00e4ill\u00e4 kukilla tukkuhintaan. sinulle taataan parhaat hinnat."},"product_brand":[],"product_cat":[1360,1361,1302,1303,1304],"product_tag":[],"class_list":{"0":"post-616868","1":"product","2":"type-product","3":"status-publish","4":"has-post-thumbnail","6":"product_cat-bambu-jersey","7":"product_cat-bambu-painatus","8":"product_cat-digitaalinen-tulostus","9":"product_cat-gots-fi","10":"product_cat-kangas-uutiset","11":"pa_certifikat-gots-fi","12":"pa_certifikat-orgaaninen","13":"pa_egenskaber-asuminen","14":"pa_egenskaber-hengittaevae","15":"pa_farve-monivaerinen","16":"pa_jersey-fast-jersey-fi","17":"pa_laengde-1-m-fi","18":"pa_laengde-10-m-fi","19":"pa_laengde-50-m-fi","20":"pa_materialer-bambu","21":"pa_materialer-spandex-fi","22":"pa_moenster-kukat","24":"first","25":"instock","26":"taxable","27":"shipping-taxable","28":"purchasable","29":"product-type-variable"},"yoast_head":"<!-- This site is optimized with the Yoast SEO plugin v27.5 - https:\/\/yoast.com\/product\/yoast-seo-wordpress\/ -->\n<title>Bambu trikoo painatus v\u00e4rikk\u00e4ill\u00e4 kukilla - Jydsk stoflager<\/title>\n<meta name=\"description\" content=\"Onko sinulla yritys ja tarvitset kangasta tai tarvikkeita? Rekister\u00f6idy jo t\u00e4n\u00e4\u00e4n ja hanki bambujerseypainatus v\u00e4rikk\u00e4ill\u00e4 kukilla tukkuhintaan. sinulle taataan parhaat hinnat.\" \/>\n<meta name=\"robots\" content=\"index, follow, max-snippet:-1, max-image-preview:large, max-video-preview:-1\" \/>\n<link rel=\"canonical\" href=\"https:\/\/jydsk-stoflager.dk\/fi\/butik\/bambu-jersey\/bambu-trikoo-painatus-vaerikkaeillae-kukilla\/\" \/>\n<meta property=\"og:locale\" content=\"fi_FI\" \/>\n<meta property=\"og:type\" content=\"article\" \/>\n<meta property=\"og:title\" content=\"Bambu trikoo painatus v\u00e4rikk\u00e4ill\u00e4 kukilla - Jydsk stoflager\" \/>\n<meta property=\"og:description\" content=\"Onko sinulla yritys ja tarvitset kangasta tai tarvikkeita? Rekister\u00f6idy jo t\u00e4n\u00e4\u00e4n ja hanki bambujerseypainatus v\u00e4rikk\u00e4ill\u00e4 kukilla tukkuhintaan. sinulle taataan parhaat hinnat.\" \/>\n<meta property=\"og:url\" content=\"https:\/\/jydsk-stoflager.dk\/fi\/butik\/bambu-jersey\/bambu-trikoo-painatus-vaerikkaeillae-kukilla\/\" \/>\n<meta property=\"og:site_name\" content=\"Jydsk stoflager\" \/>\n<meta property=\"article:publisher\" content=\"https:\/\/www.facebook.com\/jydskstoflager\" \/>\n<meta property=\"article:modified_time\" content=\"2026-03-05T10:56:57+00:00\" \/>\n<meta property=\"og:image\" content=\"https:\/\/jydsk-stoflager.dk\/wp-content\/uploads\/2024\/10\/Autumn-floral-3d-measurement-Bamboo-min-min.jpg\" \/>\n\t<meta property=\"og:image:width\" content=\"1000\" \/>\n\t<meta property=\"og:image:height\" content=\"1000\" \/>\n\t<meta property=\"og:image:type\" content=\"image\/jpeg\" \/>\n<meta name=\"twitter:card\" content=\"summary_large_image\" \/>\n<meta name=\"twitter:label1\" content=\"Saatavuus\" \/>\n\t<meta name=\"twitter:data1\" content=\"Varastossa\" \/>\n<script type=\"application\/ld+json\" class=\"yoast-schema-graph\">{\"@context\":\"https:\\\/\\\/schema.org\",\"@graph\":[{\"@type\":\"WebPage\",\"@id\":\"https:\\\/\\\/jydsk-stoflager.dk\\\/fi\\\/butik\\\/bambu-jersey\\\/bambu-trikoo-painatus-vaerikkaeillae-kukilla\\\/\",\"url\":\"https:\\\/\\\/jydsk-stoflager.dk\\\/fi\\\/butik\\\/bambu-jersey\\\/bambu-trikoo-painatus-vaerikkaeillae-kukilla\\\/\",\"name\":\"Bambu trikoo painatus v\u00e4rikk\u00e4ill\u00e4 kukilla - Jydsk stoflager\",\"isPartOf\":{\"@id\":\"https:\\\/\\\/jydsk-stoflager.dk\\\/fi\\\/#website\"},\"primaryImageOfPage\":{\"@id\":\"https:\\\/\\\/jydsk-stoflager.dk\\\/fi\\\/butik\\\/bambu-jersey\\\/bambu-trikoo-painatus-vaerikkaeillae-kukilla\\\/#primaryimage\"},\"image\":{\"@id\":\"https:\\\/\\\/jydsk-stoflager.dk\\\/fi\\\/butik\\\/bambu-jersey\\\/bambu-trikoo-painatus-vaerikkaeillae-kukilla\\\/#primaryimage\"},\"thumbnailUrl\":\"https:\\\/\\\/jydsk-stoflager.dk\\\/wp-content\\\/uploads\\\/2024\\\/10\\\/Autumn-floral-3d-measurement-Bamboo-min-min.jpg\",\"datePublished\":\"2024-07-31T13:48:27+00:00\",\"dateModified\":\"2026-03-05T10:56:57+00:00\",\"description\":\"Onko sinulla yritys ja tarvitset kangasta tai tarvikkeita? Rekister\u00f6idy jo t\u00e4n\u00e4\u00e4n ja hanki bambujerseypainatus v\u00e4rikk\u00e4ill\u00e4 kukilla tukkuhintaan. sinulle taataan parhaat hinnat.\",\"breadcrumb\":{\"@id\":\"https:\\\/\\\/jydsk-stoflager.dk\\\/fi\\\/butik\\\/bambu-jersey\\\/bambu-trikoo-painatus-vaerikkaeillae-kukilla\\\/#breadcrumb\"},\"inLanguage\":\"fi\",\"potentialAction\":[{\"@type\":\"ReadAction\",\"target\":[\"https:\\\/\\\/jydsk-stoflager.dk\\\/fi\\\/butik\\\/bambu-jersey\\\/bambu-trikoo-painatus-vaerikkaeillae-kukilla\\\/\"]}]},{\"@type\":\"ImageObject\",\"inLanguage\":\"fi\",\"@id\":\"https:\\\/\\\/jydsk-stoflager.dk\\\/fi\\\/butik\\\/bambu-jersey\\\/bambu-trikoo-painatus-vaerikkaeillae-kukilla\\\/#primaryimage\",\"url\":\"https:\\\/\\\/jydsk-stoflager.dk\\\/wp-content\\\/uploads\\\/2024\\\/10\\\/Autumn-floral-3d-measurement-Bamboo-min-min.jpg\",\"contentUrl\":\"https:\\\/\\\/jydsk-stoflager.dk\\\/wp-content\\\/uploads\\\/2024\\\/10\\\/Autumn-floral-3d-measurement-Bamboo-min-min.jpg\",\"width\":1000,\"height\":1000,\"caption\":\"Digitaalipainettu bambujersey v\u00e4rikk\u00e4ill\u00e4 kukilla varustettuna\"},{\"@type\":\"BreadcrumbList\",\"@id\":\"https:\\\/\\\/jydsk-stoflager.dk\\\/fi\\\/butik\\\/bambu-jersey\\\/bambu-trikoo-painatus-vaerikkaeillae-kukilla\\\/#breadcrumb\",\"itemListElement\":[{\"@type\":\"ListItem\",\"position\":1,\"name\":\"Hjem\",\"item\":\"https:\\\/\\\/jydsk-stoflager.dk\\\/fi\\\/\"},{\"@type\":\"ListItem\",\"position\":2,\"name\":\"Myym\u00e4l\u00e4\",\"item\":\"https:\\\/\\\/jydsk-stoflager.dk\\\/fi\\\/myymaelae\\\/\"},{\"@type\":\"ListItem\",\"position\":3,\"name\":\"Bambu trikoo painatus v\u00e4rikk\u00e4ill\u00e4 kukilla\"}]},{\"@type\":\"WebSite\",\"@id\":\"https:\\\/\\\/jydsk-stoflager.dk\\\/fi\\\/#website\",\"url\":\"https:\\\/\\\/jydsk-stoflager.dk\\\/fi\\\/\",\"name\":\"Jydsk Stoflager\",\"description\":\"Jydsk Stoflager \u2013 stof til din forretning, kvalitet til dit brand\",\"publisher\":{\"@id\":\"https:\\\/\\\/jydsk-stoflager.dk\\\/fi\\\/#organization\"},\"alternateName\":\"Jydsk Stoflager\",\"potentialAction\":[{\"@type\":\"SearchAction\",\"target\":{\"@type\":\"EntryPoint\",\"urlTemplate\":\"https:\\\/\\\/jydsk-stoflager.dk\\\/fi\\\/?s={search_term_string}\"},\"query-input\":{\"@type\":\"PropertyValueSpecification\",\"valueRequired\":true,\"valueName\":\"search_term_string\"}}],\"inLanguage\":\"fi\"},{\"@type\":\"Organization\",\"@id\":\"https:\\\/\\\/jydsk-stoflager.dk\\\/fi\\\/#organization\",\"name\":\"Jydsk Stoflager\",\"alternateName\":\"Jydsk Stoflager\",\"url\":\"https:\\\/\\\/jydsk-stoflager.dk\\\/fi\\\/\",\"logo\":{\"@type\":\"ImageObject\",\"inLanguage\":\"fi\",\"@id\":\"https:\\\/\\\/jydsk-stoflager.dk\\\/fi\\\/#\\\/schema\\\/logo\\\/image\\\/\",\"url\":\"https:\\\/\\\/jydsk-stoflager.dk\\\/wp-content\\\/uploads\\\/2024\\\/04\\\/Jydsk-stoflager-logo-facebook-kopi.png\",\"contentUrl\":\"https:\\\/\\\/jydsk-stoflager.dk\\\/wp-content\\\/uploads\\\/2024\\\/04\\\/Jydsk-stoflager-logo-facebook-kopi.png\",\"width\":300,\"height\":300,\"caption\":\"Jydsk Stoflager\"},\"image\":{\"@id\":\"https:\\\/\\\/jydsk-stoflager.dk\\\/fi\\\/#\\\/schema\\\/logo\\\/image\\\/\"},\"sameAs\":[\"https:\\\/\\\/www.facebook.com\\\/jydskstoflager\",\"https:\\\/\\\/www.instagram.com\\\/jydskstoflager\\\/\"],\"hasMerchantReturnPolicy\":{\"@type\":\"MerchantReturnPolicy\",\"merchantReturnLink\":\"https:\\\/\\\/jydsk-stoflager.dk\\\/handelsbetingelser\\\/\"}}]}<\/script>\n<meta property=\"og:availability\" content=\"instock\" \/>\n<meta property=\"product:availability\" content=\"instock\" \/>\n<meta property=\"product:retailer_item_id\" content=\"GSB2407-001\" \/>\n<meta property=\"product:condition\" content=\"new\" \/>\n<!-- \/ Yoast SEO plugin. -->","yoast_head_json":{"title":"Bambu trikoo painatus v\u00e4rikk\u00e4ill\u00e4 kukilla - Jydsk stoflager","description":"Onko sinulla yritys ja tarvitset kangasta tai tarvikkeita? Rekister\u00f6idy jo t\u00e4n\u00e4\u00e4n ja hanki bambujerseypainatus v\u00e4rikk\u00e4ill\u00e4 kukilla tukkuhintaan. sinulle taataan parhaat hinnat.","robots":{"index":"index","follow":"follow","max-snippet":"max-snippet:-1","max-image-preview":"max-image-preview:large","max-video-preview":"max-video-preview:-1"},"canonical":"https:\/\/jydsk-stoflager.dk\/fi\/butik\/bambu-jersey\/bambu-trikoo-painatus-vaerikkaeillae-kukilla\/","og_locale":"fi_FI","og_type":"article","og_title":"Bambu trikoo painatus v\u00e4rikk\u00e4ill\u00e4 kukilla - Jydsk stoflager","og_description":"Onko sinulla yritys ja tarvitset kangasta tai tarvikkeita? Rekister\u00f6idy jo t\u00e4n\u00e4\u00e4n ja hanki bambujerseypainatus v\u00e4rikk\u00e4ill\u00e4 kukilla tukkuhintaan. sinulle taataan parhaat hinnat.","og_url":"https:\/\/jydsk-stoflager.dk\/fi\/butik\/bambu-jersey\/bambu-trikoo-painatus-vaerikkaeillae-kukilla\/","og_site_name":"Jydsk stoflager","article_publisher":"https:\/\/www.facebook.com\/jydskstoflager","article_modified_time":"2026-03-05T10:56:57+00:00","og_image":[{"width":1000,"height":1000,"url":"https:\/\/jydsk-stoflager.dk\/wp-content\/uploads\/2024\/10\/Autumn-floral-3d-measurement-Bamboo-min-min.jpg","type":"image\/jpeg"}],"twitter_card":"summary_large_image","twitter_misc":{"Saatavuus":"Varastossa"},"schema":{"@context":"https:\/\/schema.org","@graph":[{"@type":"WebPage","@id":"https:\/\/jydsk-stoflager.dk\/fi\/butik\/bambu-jersey\/bambu-trikoo-painatus-vaerikkaeillae-kukilla\/","url":"https:\/\/jydsk-stoflager.dk\/fi\/butik\/bambu-jersey\/bambu-trikoo-painatus-vaerikkaeillae-kukilla\/","name":"Bambu trikoo painatus v\u00e4rikk\u00e4ill\u00e4 kukilla - Jydsk stoflager","isPartOf":{"@id":"https:\/\/jydsk-stoflager.dk\/fi\/#website"},"primaryImageOfPage":{"@id":"https:\/\/jydsk-stoflager.dk\/fi\/butik\/bambu-jersey\/bambu-trikoo-painatus-vaerikkaeillae-kukilla\/#primaryimage"},"image":{"@id":"https:\/\/jydsk-stoflager.dk\/fi\/butik\/bambu-jersey\/bambu-trikoo-painatus-vaerikkaeillae-kukilla\/#primaryimage"},"thumbnailUrl":"https:\/\/jydsk-stoflager.dk\/wp-content\/uploads\/2024\/10\/Autumn-floral-3d-measurement-Bamboo-min-min.jpg","datePublished":"2024-07-31T13:48:27+00:00","dateModified":"2026-03-05T10:56:57+00:00","description":"Onko sinulla yritys ja tarvitset kangasta tai tarvikkeita? Rekister\u00f6idy jo t\u00e4n\u00e4\u00e4n ja hanki bambujerseypainatus v\u00e4rikk\u00e4ill\u00e4 kukilla tukkuhintaan. sinulle taataan parhaat hinnat.","breadcrumb":{"@id":"https:\/\/jydsk-stoflager.dk\/fi\/butik\/bambu-jersey\/bambu-trikoo-painatus-vaerikkaeillae-kukilla\/#breadcrumb"},"inLanguage":"fi","potentialAction":[{"@type":"ReadAction","target":["https:\/\/jydsk-stoflager.dk\/fi\/butik\/bambu-jersey\/bambu-trikoo-painatus-vaerikkaeillae-kukilla\/"]}]},{"@type":"ImageObject","inLanguage":"fi","@id":"https:\/\/jydsk-stoflager.dk\/fi\/butik\/bambu-jersey\/bambu-trikoo-painatus-vaerikkaeillae-kukilla\/#primaryimage","url":"https:\/\/jydsk-stoflager.dk\/wp-content\/uploads\/2024\/10\/Autumn-floral-3d-measurement-Bamboo-min-min.jpg","contentUrl":"https:\/\/jydsk-stoflager.dk\/wp-content\/uploads\/2024\/10\/Autumn-floral-3d-measurement-Bamboo-min-min.jpg","width":1000,"height":1000,"caption":"Digitaalipainettu bambujersey v\u00e4rikk\u00e4ill\u00e4 kukilla varustettuna"},{"@type":"BreadcrumbList","@id":"https:\/\/jydsk-stoflager.dk\/fi\/butik\/bambu-jersey\/bambu-trikoo-painatus-vaerikkaeillae-kukilla\/#breadcrumb","itemListElement":[{"@type":"ListItem","position":1,"name":"Hjem","item":"https:\/\/jydsk-stoflager.dk\/fi\/"},{"@type":"ListItem","position":2,"name":"Myym\u00e4l\u00e4","item":"https:\/\/jydsk-stoflager.dk\/fi\/myymaelae\/"},{"@type":"ListItem","position":3,"name":"Bambu trikoo painatus v\u00e4rikk\u00e4ill\u00e4 kukilla"}]},{"@type":"WebSite","@id":"https:\/\/jydsk-stoflager.dk\/fi\/#website","url":"https:\/\/jydsk-stoflager.dk\/fi\/","name":"Jydsk Stoflager","description":"Jydsk Stoflager \u2013 stof til din forretning, kvalitet til dit brand","publisher":{"@id":"https:\/\/jydsk-stoflager.dk\/fi\/#organization"},"alternateName":"Jydsk Stoflager","potentialAction":[{"@type":"SearchAction","target":{"@type":"EntryPoint","urlTemplate":"https:\/\/jydsk-stoflager.dk\/fi\/?s={search_term_string}"},"query-input":{"@type":"PropertyValueSpecification","valueRequired":true,"valueName":"search_term_string"}}],"inLanguage":"fi"},{"@type":"Organization","@id":"https:\/\/jydsk-stoflager.dk\/fi\/#organization","name":"Jydsk Stoflager","alternateName":"Jydsk Stoflager","url":"https:\/\/jydsk-stoflager.dk\/fi\/","logo":{"@type":"ImageObject","inLanguage":"fi","@id":"https:\/\/jydsk-stoflager.dk\/fi\/#\/schema\/logo\/image\/","url":"https:\/\/jydsk-stoflager.dk\/wp-content\/uploads\/2024\/04\/Jydsk-stoflager-logo-facebook-kopi.png","contentUrl":"https:\/\/jydsk-stoflager.dk\/wp-content\/uploads\/2024\/04\/Jydsk-stoflager-logo-facebook-kopi.png","width":300,"height":300,"caption":"Jydsk Stoflager"},"image":{"@id":"https:\/\/jydsk-stoflager.dk\/fi\/#\/schema\/logo\/image\/"},"sameAs":["https:\/\/www.facebook.com\/jydskstoflager","https:\/\/www.instagram.com\/jydskstoflager\/"],"hasMerchantReturnPolicy":{"@type":"MerchantReturnPolicy","merchantReturnLink":"https:\/\/jydsk-stoflager.dk\/handelsbetingelser\/"}}]},"og_availability":"instock","product_availability":"instock","product_retailer_item_id":"GSB2407-001","product_condition":"new"},"_links":{"self":[{"href":"https:\/\/jydsk-stoflager.dk\/fi\/wp-json\/wp\/v2\/product\/616868","targetHints":{"allow":["GET"]}}],"collection":[{"href":"https:\/\/jydsk-stoflager.dk\/fi\/wp-json\/wp\/v2\/product"}],"about":[{"href":"https:\/\/jydsk-stoflager.dk\/fi\/wp-json\/wp\/v2\/types\/product"}],"replies":[{"embeddable":true,"href":"https:\/\/jydsk-stoflager.dk\/fi\/wp-json\/wp\/v2\/comments?post=616868"}],"wp:featuredmedia":[{"embeddable":true,"href":"https:\/\/jydsk-stoflager.dk\/fi\/wp-json\/wp\/v2\/media\/616871"}],"wp:attachment":[{"href":"https:\/\/jydsk-stoflager.dk\/fi\/wp-json\/wp\/v2\/media?parent=616868"}],"wp:term":[{"taxonomy":"product_brand","embeddable":true,"href":"https:\/\/jydsk-stoflager.dk\/fi\/wp-json\/wp\/v2\/product_brand?post=616868"},{"taxonomy":"product_cat","embeddable":true,"href":"https:\/\/jydsk-stoflager.dk\/fi\/wp-json\/wp\/v2\/product_cat?post=616868"},{"taxonomy":"product_tag","embeddable":true,"href":"https:\/\/jydsk-stoflager.dk\/fi\/wp-json\/wp\/v2\/product_tag?post=616868"}],"curies":[{"name":"wp","href":"https:\/\/api.w.org\/{rel}","templated":true}]}}