{"id":614347,"date":"2024-09-26T12:40:17","date_gmt":"2024-09-26T10:40:17","guid":{"rendered":"https:\/\/jydsk-stoflager.dk\/butik\/Ei-luokiteltu\/kangaspainatus-kirkkaalla-elaeinkuviolla\/"},"modified":"2026-03-05T11:46:53","modified_gmt":"2026-03-05T10:46:53","slug":"kangaspainatus-kirkkaalla-elaeinkuviolla","status":"publish","type":"product","link":"https:\/\/jydsk-stoflager.dk\/fi\/butik\/koti-kangas\/verhoilukangas\/puoli-panama\/kangaspainatus-kirkkaalla-elaeinkuviolla\/","title":{"rendered":"Kangaspainatus kirkkaalla el\u00e4inkuviolla"},"content":{"rendered":"<p>T\u00e4m\u00e4 ihastuttava canvas-kangas vaaleine el\u00e4inkuvioineen tuo l\u00e4mpim\u00e4n ja leikkis\u00e4n ilmeen monenlaisiin ompelurojekteihin. 100% puuvillasta valmistettu, 230 g\/m\u00b2 painoinen kangas tarjoaa ihanteellisen pohjan kest\u00e4ville luomuksille. 140 cm leveys mahdollistaa monipuolisen k\u00e4yt\u00f6n niin vaatteissa kuin sisustustekstiileiss\u00e4.<\/p>\n<p>Kangas sopii t\u00e4ydellisesti <a href=\"https:\/\/jydsk-stoflager.dk\/fi\/butik\/product_cat\/digitaalinen-tulostus\/\">digitaalisesti painettujen kankaiden<\/a> yst\u00e4ville, jotka arvostavat tarkkoja yksityiskohtia ja el\u00e4v\u00e4isi\u00e4 kuvioita. Voit k\u00e4ytt\u00e4\u00e4 sit\u00e4 lastenhuoneen sisustuksessa, tyynyiss\u00e4, sein\u00e4tekstiileiss\u00e4 tai jopa lastenvaatteissa. Kest\u00e4v\u00e4n laadun ansiosta se s\u00e4ilytt\u00e4\u00e4 v\u00e4rins\u00e4 ja muotonsa pesujen j\u00e4lkeenkin.<\/p>\n<p>El\u00e4inkuviointi tuo mieleen luonnon ja sadut, mik\u00e4 tekee kankaasta erityisen houkuttelevan perheiden projekteissa. Pesunkest\u00e4vyys (30\u00b0C) takaa helpon hoidon, vaikka kangas olisikin jokap\u00e4iv\u00e4isess\u00e4 k\u00e4yt\u00f6ss\u00e4. Voit yhdist\u00e4\u00e4 t\u00e4m\u00e4n kankaan my\u00f6s muihin <a href=\"https:\/\/jydsk-stoflager.dk\/fi\/butik\/product_cat\/rotary-sprintti\/\">rotary-printti<\/a> malleihin tai <a href=\"https:\/\/jydsk-stoflager.dk\/fi\/butik\/product_cat\/jersey-foliopainatuksella\/\">foliopainettuihin jersey-kankaisiin<\/a> luodaksesi mielenkiintoisia kontrasteja.<\/p>\n<p>Jos etsit jotain erityist\u00e4 teemajuhliin tai sesonkiprojekteihin, tutustu my\u00f6s <a href=\"https:\/\/jydsk-stoflager.dk\/fi\/butik\/product_cat\/halloween-digitaalinen-tulostus\/\">Halloween-aiheisiin digitaalisiin painokankaisiin<\/a> tai <a href=\"https:\/\/jydsk-stoflager.dk\/fi\/butik\/product_cat\/lisenssin-painatus\/\">lisenssipainatuksella varustettuihin kankaisiin<\/a>. Laadukkaana puuvillakankaana t\u00e4m\u00e4 tuote on kuitenkin monik\u00e4ytt\u00f6inen valinta, joka inspiroi luoviin projekteihin vuodenajasta riippumatta.<\/p>\n","protected":false},"excerpt":{"rendered":"<table id=\"tablepress-214-no-2\" class=\"tablepress tablepress-id-214\">\n<caption style=\"caption-side:bottom;text-align:left;border:none;background:none;margin:0;padding:0\"><a href=\"https:\/\/jydsk-stoflager.dk\/wp-admin\/admin.php?page=tablepress&#038;action=edit&#038;table_id=214\" rel=\"nofollow\">Muokkaa<\/a><\/caption>\n<thead>\n<tr class=\"row-1\">\n<th class=\"column-1\">Laatu <\/th>\n<th class=\"column-2\">100% puuvilla<\/th>\n<\/tr>\n<\/thead>\n<tbody class=\"row-striping row-hover\">\n<tr class=\"row-2\">\n<td class=\"column-1\">Sertifiointi <\/td>\n<td class=\"column-2\"><\/td>\n<\/tr>\n<tr class=\"row-3\">\n<td class=\"column-1\">Pesuohje <\/td>\n<td class=\"column-2\"><a href=\"https:\/\/jydsk-stoflager.dk\/wp-content\/uploads\/2025\/04\/laundry-line-icon-set-symbol-for-washing-clothes-illustration-free-vector.jpg\"><img decoding=\"async\" src=\"https:\/\/jydsk-stoflager.dk\/wp-content\/uploads\/2025\/04\/laundry-line-icon-set-symbol-for-washing-clothes-illustration-free-vector-300x100.jpg\" alt=\"\" width=\"300\" height=\"100\" class=\"alignnone size-medium wp-image-626579\" \/><\/a><\/td>\n<\/tr>\n<tr class=\"row-4\">\n<td class=\"column-1\">Paino <\/td>\n<td class=\"column-2\">230 g\/m\u00b2<\/td>\n<\/tr>\n<tr class=\"row-5\">\n<td class=\"column-1\">Leveys <\/td>\n<td class=\"column-2\">140 cm <\/td>\n<\/tr>\n<\/tbody>\n<\/table>\n","protected":false},"featured_media":614352,"comment_status":"open","ping_status":"closed","template":"","meta":{"_yoast_wpseo_focuskw":"","_yoast_wpseo_title":"","_yoast_wpseo_metadesc":"Onko sinulla yritys ja tarvitset kangasta tai tarvikkeita? Rekister\u00f6idy t\u00e4n\u00e4\u00e4n ja hanki Canvas print kirkkaalla el\u00e4inkuviolla tukkuhintaan. sinulle taataan parhaat hinnat."},"product_brand":[],"product_cat":[1302,1385,1384],"product_tag":[],"class_list":{"0":"post-614347","1":"product","2":"type-product","3":"status-publish","4":"has-post-thumbnail","6":"product_cat-digitaalinen-tulostus","7":"product_cat-puoli-panama","8":"product_cat-verhoilukangas","9":"pa_certifikat-oekotex-fi","10":"pa_egenskaber-asuminen","11":"pa_farve-monivaerinen","12":"pa_laengde-1-m-fi","13":"pa_laengde-10-m-fi","14":"pa_laengde-50-m-fi","15":"pa_materialer-puuvilla","16":"pa_moenster-abstrakti","18":"first","19":"instock","20":"taxable","21":"shipping-taxable","22":"purchasable","23":"product-type-variable"},"yoast_head":"<!-- This site is optimized with the Yoast SEO plugin v27.4 - https:\/\/yoast.com\/product\/yoast-seo-wordpress\/ -->\n<title>Kangaspainatus kirkkaalla el\u00e4inkuviolla - Jydsk stoflager<\/title>\n<meta name=\"description\" content=\"Onko sinulla yritys ja tarvitset kangasta tai tarvikkeita? Rekister\u00f6idy t\u00e4n\u00e4\u00e4n ja hanki Canvas print kirkkaalla el\u00e4inkuviolla tukkuhintaan. sinulle taataan parhaat hinnat.\" \/>\n<meta name=\"robots\" content=\"index, follow, max-snippet:-1, max-image-preview:large, max-video-preview:-1\" \/>\n<link rel=\"canonical\" href=\"https:\/\/jydsk-stoflager.dk\/fi\/butik\/koti-kangas\/verhoilukangas\/puoli-panama\/kangaspainatus-kirkkaalla-elaeinkuviolla\/\" \/>\n<meta property=\"og:locale\" content=\"fi_FI\" \/>\n<meta property=\"og:type\" content=\"article\" \/>\n<meta property=\"og:title\" content=\"Kangaspainatus kirkkaalla el\u00e4inkuviolla - Jydsk stoflager\" \/>\n<meta property=\"og:description\" content=\"Onko sinulla yritys ja tarvitset kangasta tai tarvikkeita? Rekister\u00f6idy t\u00e4n\u00e4\u00e4n ja hanki Canvas print kirkkaalla el\u00e4inkuviolla tukkuhintaan. sinulle taataan parhaat hinnat.\" \/>\n<meta property=\"og:url\" content=\"https:\/\/jydsk-stoflager.dk\/fi\/butik\/koti-kangas\/verhoilukangas\/puoli-panama\/kangaspainatus-kirkkaalla-elaeinkuviolla\/\" \/>\n<meta property=\"og:site_name\" content=\"Jydsk stoflager\" \/>\n<meta property=\"article:publisher\" content=\"https:\/\/www.facebook.com\/jydskstoflager\" \/>\n<meta property=\"article:modified_time\" content=\"2026-03-05T10:46:53+00:00\" \/>\n<meta property=\"og:image\" content=\"https:\/\/jydsk-stoflager.dk\/wp-content\/uploads\/2024\/10\/d70a9e2d-efd7-4a59-a7dd-de9bb8a68b0f-min.jpeg\" \/>\n\t<meta property=\"og:image:width\" content=\"900\" \/>\n\t<meta property=\"og:image:height\" content=\"900\" \/>\n\t<meta property=\"og:image:type\" content=\"image\/jpeg\" \/>\n<meta name=\"twitter:card\" content=\"summary_large_image\" \/>\n<meta name=\"twitter:label1\" content=\"Saatavuus\" \/>\n\t<meta name=\"twitter:data1\" content=\"Varastossa\" \/>\n<script type=\"application\/ld+json\" class=\"yoast-schema-graph\">{\"@context\":\"https:\\\/\\\/schema.org\",\"@graph\":[{\"@type\":\"WebPage\",\"@id\":\"https:\\\/\\\/jydsk-stoflager.dk\\\/fi\\\/butik\\\/koti-kangas\\\/verhoilukangas\\\/puoli-panama\\\/kangaspainatus-kirkkaalla-elaeinkuviolla\\\/\",\"url\":\"https:\\\/\\\/jydsk-stoflager.dk\\\/fi\\\/butik\\\/koti-kangas\\\/verhoilukangas\\\/puoli-panama\\\/kangaspainatus-kirkkaalla-elaeinkuviolla\\\/\",\"name\":\"Kangaspainatus kirkkaalla el\u00e4inkuviolla - Jydsk stoflager\",\"isPartOf\":{\"@id\":\"https:\\\/\\\/jydsk-stoflager.dk\\\/fi\\\/#website\"},\"primaryImageOfPage\":{\"@id\":\"https:\\\/\\\/jydsk-stoflager.dk\\\/fi\\\/butik\\\/koti-kangas\\\/verhoilukangas\\\/puoli-panama\\\/kangaspainatus-kirkkaalla-elaeinkuviolla\\\/#primaryimage\"},\"image\":{\"@id\":\"https:\\\/\\\/jydsk-stoflager.dk\\\/fi\\\/butik\\\/koti-kangas\\\/verhoilukangas\\\/puoli-panama\\\/kangaspainatus-kirkkaalla-elaeinkuviolla\\\/#primaryimage\"},\"thumbnailUrl\":\"https:\\\/\\\/jydsk-stoflager.dk\\\/wp-content\\\/uploads\\\/2024\\\/10\\\/d70a9e2d-efd7-4a59-a7dd-de9bb8a68b0f-min.jpeg\",\"datePublished\":\"2024-09-26T10:40:17+00:00\",\"dateModified\":\"2026-03-05T10:46:53+00:00\",\"description\":\"Onko sinulla yritys ja tarvitset kangasta tai tarvikkeita? Rekister\u00f6idy t\u00e4n\u00e4\u00e4n ja hanki Canvas print kirkkaalla el\u00e4inkuviolla tukkuhintaan. sinulle taataan parhaat hinnat.\",\"breadcrumb\":{\"@id\":\"https:\\\/\\\/jydsk-stoflager.dk\\\/fi\\\/butik\\\/koti-kangas\\\/verhoilukangas\\\/puoli-panama\\\/kangaspainatus-kirkkaalla-elaeinkuviolla\\\/#breadcrumb\"},\"inLanguage\":\"fi\",\"potentialAction\":[{\"@type\":\"ReadAction\",\"target\":[\"https:\\\/\\\/jydsk-stoflager.dk\\\/fi\\\/butik\\\/koti-kangas\\\/verhoilukangas\\\/puoli-panama\\\/kangaspainatus-kirkkaalla-elaeinkuviolla\\\/\"]}]},{\"@type\":\"ImageObject\",\"inLanguage\":\"fi\",\"@id\":\"https:\\\/\\\/jydsk-stoflager.dk\\\/fi\\\/butik\\\/koti-kangas\\\/verhoilukangas\\\/puoli-panama\\\/kangaspainatus-kirkkaalla-elaeinkuviolla\\\/#primaryimage\",\"url\":\"https:\\\/\\\/jydsk-stoflager.dk\\\/wp-content\\\/uploads\\\/2024\\\/10\\\/d70a9e2d-efd7-4a59-a7dd-de9bb8a68b0f-min.jpeg\",\"contentUrl\":\"https:\\\/\\\/jydsk-stoflager.dk\\\/wp-content\\\/uploads\\\/2024\\\/10\\\/d70a9e2d-efd7-4a59-a7dd-de9bb8a68b0f-min.jpeg\",\"width\":900,\"height\":900,\"caption\":\"Kangaspainatus kirkkaalla el\u00e4inkuviolla\"},{\"@type\":\"BreadcrumbList\",\"@id\":\"https:\\\/\\\/jydsk-stoflager.dk\\\/fi\\\/butik\\\/koti-kangas\\\/verhoilukangas\\\/puoli-panama\\\/kangaspainatus-kirkkaalla-elaeinkuviolla\\\/#breadcrumb\",\"itemListElement\":[{\"@type\":\"ListItem\",\"position\":1,\"name\":\"Hjem\",\"item\":\"https:\\\/\\\/jydsk-stoflager.dk\\\/fi\\\/\"},{\"@type\":\"ListItem\",\"position\":2,\"name\":\"Myym\u00e4l\u00e4\",\"item\":\"https:\\\/\\\/jydsk-stoflager.dk\\\/fi\\\/myymaelae\\\/\"},{\"@type\":\"ListItem\",\"position\":3,\"name\":\"Kangaspainatus kirkkaalla el\u00e4inkuviolla\"}]},{\"@type\":\"WebSite\",\"@id\":\"https:\\\/\\\/jydsk-stoflager.dk\\\/fi\\\/#website\",\"url\":\"https:\\\/\\\/jydsk-stoflager.dk\\\/fi\\\/\",\"name\":\"Jydsk Stoflager\",\"description\":\"Jydsk Stoflager \u2013 stof til din forretning, kvalitet til dit brand\",\"publisher\":{\"@id\":\"https:\\\/\\\/jydsk-stoflager.dk\\\/fi\\\/#organization\"},\"alternateName\":\"Jydsk Stoflager\",\"potentialAction\":[{\"@type\":\"SearchAction\",\"target\":{\"@type\":\"EntryPoint\",\"urlTemplate\":\"https:\\\/\\\/jydsk-stoflager.dk\\\/fi\\\/?s={search_term_string}\"},\"query-input\":{\"@type\":\"PropertyValueSpecification\",\"valueRequired\":true,\"valueName\":\"search_term_string\"}}],\"inLanguage\":\"fi\"},{\"@type\":\"Organization\",\"@id\":\"https:\\\/\\\/jydsk-stoflager.dk\\\/fi\\\/#organization\",\"name\":\"Jydsk Stoflager\",\"alternateName\":\"Jydsk Stoflager\",\"url\":\"https:\\\/\\\/jydsk-stoflager.dk\\\/fi\\\/\",\"logo\":{\"@type\":\"ImageObject\",\"inLanguage\":\"fi\",\"@id\":\"https:\\\/\\\/jydsk-stoflager.dk\\\/fi\\\/#\\\/schema\\\/logo\\\/image\\\/\",\"url\":\"https:\\\/\\\/jydsk-stoflager.dk\\\/wp-content\\\/uploads\\\/2024\\\/04\\\/Jydsk-stoflager-logo-facebook-kopi.png\",\"contentUrl\":\"https:\\\/\\\/jydsk-stoflager.dk\\\/wp-content\\\/uploads\\\/2024\\\/04\\\/Jydsk-stoflager-logo-facebook-kopi.png\",\"width\":300,\"height\":300,\"caption\":\"Jydsk Stoflager\"},\"image\":{\"@id\":\"https:\\\/\\\/jydsk-stoflager.dk\\\/fi\\\/#\\\/schema\\\/logo\\\/image\\\/\"},\"sameAs\":[\"https:\\\/\\\/www.facebook.com\\\/jydskstoflager\",\"https:\\\/\\\/www.instagram.com\\\/jydskstoflager\\\/\"],\"hasMerchantReturnPolicy\":{\"@type\":\"MerchantReturnPolicy\",\"merchantReturnLink\":\"https:\\\/\\\/jydsk-stoflager.dk\\\/handelsbetingelser\\\/\"}}]}<\/script>\n<meta property=\"og:availability\" content=\"instock\" \/>\n<meta property=\"product:availability\" content=\"instock\" \/>\n<meta property=\"product:retailer_item_id\" content=\"SGC2410-007\" \/>\n<meta property=\"product:condition\" content=\"new\" \/>\n<!-- \/ Yoast SEO plugin. -->","yoast_head_json":{"title":"Kangaspainatus kirkkaalla el\u00e4inkuviolla - Jydsk stoflager","description":"Onko sinulla yritys ja tarvitset kangasta tai tarvikkeita? Rekister\u00f6idy t\u00e4n\u00e4\u00e4n ja hanki Canvas print kirkkaalla el\u00e4inkuviolla tukkuhintaan. sinulle taataan parhaat hinnat.","robots":{"index":"index","follow":"follow","max-snippet":"max-snippet:-1","max-image-preview":"max-image-preview:large","max-video-preview":"max-video-preview:-1"},"canonical":"https:\/\/jydsk-stoflager.dk\/fi\/butik\/koti-kangas\/verhoilukangas\/puoli-panama\/kangaspainatus-kirkkaalla-elaeinkuviolla\/","og_locale":"fi_FI","og_type":"article","og_title":"Kangaspainatus kirkkaalla el\u00e4inkuviolla - Jydsk stoflager","og_description":"Onko sinulla yritys ja tarvitset kangasta tai tarvikkeita? Rekister\u00f6idy t\u00e4n\u00e4\u00e4n ja hanki Canvas print kirkkaalla el\u00e4inkuviolla tukkuhintaan. sinulle taataan parhaat hinnat.","og_url":"https:\/\/jydsk-stoflager.dk\/fi\/butik\/koti-kangas\/verhoilukangas\/puoli-panama\/kangaspainatus-kirkkaalla-elaeinkuviolla\/","og_site_name":"Jydsk stoflager","article_publisher":"https:\/\/www.facebook.com\/jydskstoflager","article_modified_time":"2026-03-05T10:46:53+00:00","og_image":[{"width":900,"height":900,"url":"https:\/\/jydsk-stoflager.dk\/wp-content\/uploads\/2024\/10\/d70a9e2d-efd7-4a59-a7dd-de9bb8a68b0f-min.jpeg","type":"image\/jpeg"}],"twitter_card":"summary_large_image","twitter_misc":{"Saatavuus":"Varastossa"},"schema":{"@context":"https:\/\/schema.org","@graph":[{"@type":"WebPage","@id":"https:\/\/jydsk-stoflager.dk\/fi\/butik\/koti-kangas\/verhoilukangas\/puoli-panama\/kangaspainatus-kirkkaalla-elaeinkuviolla\/","url":"https:\/\/jydsk-stoflager.dk\/fi\/butik\/koti-kangas\/verhoilukangas\/puoli-panama\/kangaspainatus-kirkkaalla-elaeinkuviolla\/","name":"Kangaspainatus kirkkaalla el\u00e4inkuviolla - Jydsk stoflager","isPartOf":{"@id":"https:\/\/jydsk-stoflager.dk\/fi\/#website"},"primaryImageOfPage":{"@id":"https:\/\/jydsk-stoflager.dk\/fi\/butik\/koti-kangas\/verhoilukangas\/puoli-panama\/kangaspainatus-kirkkaalla-elaeinkuviolla\/#primaryimage"},"image":{"@id":"https:\/\/jydsk-stoflager.dk\/fi\/butik\/koti-kangas\/verhoilukangas\/puoli-panama\/kangaspainatus-kirkkaalla-elaeinkuviolla\/#primaryimage"},"thumbnailUrl":"https:\/\/jydsk-stoflager.dk\/wp-content\/uploads\/2024\/10\/d70a9e2d-efd7-4a59-a7dd-de9bb8a68b0f-min.jpeg","datePublished":"2024-09-26T10:40:17+00:00","dateModified":"2026-03-05T10:46:53+00:00","description":"Onko sinulla yritys ja tarvitset kangasta tai tarvikkeita? Rekister\u00f6idy t\u00e4n\u00e4\u00e4n ja hanki Canvas print kirkkaalla el\u00e4inkuviolla tukkuhintaan. sinulle taataan parhaat hinnat.","breadcrumb":{"@id":"https:\/\/jydsk-stoflager.dk\/fi\/butik\/koti-kangas\/verhoilukangas\/puoli-panama\/kangaspainatus-kirkkaalla-elaeinkuviolla\/#breadcrumb"},"inLanguage":"fi","potentialAction":[{"@type":"ReadAction","target":["https:\/\/jydsk-stoflager.dk\/fi\/butik\/koti-kangas\/verhoilukangas\/puoli-panama\/kangaspainatus-kirkkaalla-elaeinkuviolla\/"]}]},{"@type":"ImageObject","inLanguage":"fi","@id":"https:\/\/jydsk-stoflager.dk\/fi\/butik\/koti-kangas\/verhoilukangas\/puoli-panama\/kangaspainatus-kirkkaalla-elaeinkuviolla\/#primaryimage","url":"https:\/\/jydsk-stoflager.dk\/wp-content\/uploads\/2024\/10\/d70a9e2d-efd7-4a59-a7dd-de9bb8a68b0f-min.jpeg","contentUrl":"https:\/\/jydsk-stoflager.dk\/wp-content\/uploads\/2024\/10\/d70a9e2d-efd7-4a59-a7dd-de9bb8a68b0f-min.jpeg","width":900,"height":900,"caption":"Kangaspainatus kirkkaalla el\u00e4inkuviolla"},{"@type":"BreadcrumbList","@id":"https:\/\/jydsk-stoflager.dk\/fi\/butik\/koti-kangas\/verhoilukangas\/puoli-panama\/kangaspainatus-kirkkaalla-elaeinkuviolla\/#breadcrumb","itemListElement":[{"@type":"ListItem","position":1,"name":"Hjem","item":"https:\/\/jydsk-stoflager.dk\/fi\/"},{"@type":"ListItem","position":2,"name":"Myym\u00e4l\u00e4","item":"https:\/\/jydsk-stoflager.dk\/fi\/myymaelae\/"},{"@type":"ListItem","position":3,"name":"Kangaspainatus kirkkaalla el\u00e4inkuviolla"}]},{"@type":"WebSite","@id":"https:\/\/jydsk-stoflager.dk\/fi\/#website","url":"https:\/\/jydsk-stoflager.dk\/fi\/","name":"Jydsk Stoflager","description":"Jydsk Stoflager \u2013 stof til din forretning, kvalitet til dit brand","publisher":{"@id":"https:\/\/jydsk-stoflager.dk\/fi\/#organization"},"alternateName":"Jydsk Stoflager","potentialAction":[{"@type":"SearchAction","target":{"@type":"EntryPoint","urlTemplate":"https:\/\/jydsk-stoflager.dk\/fi\/?s={search_term_string}"},"query-input":{"@type":"PropertyValueSpecification","valueRequired":true,"valueName":"search_term_string"}}],"inLanguage":"fi"},{"@type":"Organization","@id":"https:\/\/jydsk-stoflager.dk\/fi\/#organization","name":"Jydsk Stoflager","alternateName":"Jydsk Stoflager","url":"https:\/\/jydsk-stoflager.dk\/fi\/","logo":{"@type":"ImageObject","inLanguage":"fi","@id":"https:\/\/jydsk-stoflager.dk\/fi\/#\/schema\/logo\/image\/","url":"https:\/\/jydsk-stoflager.dk\/wp-content\/uploads\/2024\/04\/Jydsk-stoflager-logo-facebook-kopi.png","contentUrl":"https:\/\/jydsk-stoflager.dk\/wp-content\/uploads\/2024\/04\/Jydsk-stoflager-logo-facebook-kopi.png","width":300,"height":300,"caption":"Jydsk Stoflager"},"image":{"@id":"https:\/\/jydsk-stoflager.dk\/fi\/#\/schema\/logo\/image\/"},"sameAs":["https:\/\/www.facebook.com\/jydskstoflager","https:\/\/www.instagram.com\/jydskstoflager\/"],"hasMerchantReturnPolicy":{"@type":"MerchantReturnPolicy","merchantReturnLink":"https:\/\/jydsk-stoflager.dk\/handelsbetingelser\/"}}]},"og_availability":"instock","product_availability":"instock","product_retailer_item_id":"SGC2410-007","product_condition":"new"},"_links":{"self":[{"href":"https:\/\/jydsk-stoflager.dk\/fi\/wp-json\/wp\/v2\/product\/614347","targetHints":{"allow":["GET"]}}],"collection":[{"href":"https:\/\/jydsk-stoflager.dk\/fi\/wp-json\/wp\/v2\/product"}],"about":[{"href":"https:\/\/jydsk-stoflager.dk\/fi\/wp-json\/wp\/v2\/types\/product"}],"replies":[{"embeddable":true,"href":"https:\/\/jydsk-stoflager.dk\/fi\/wp-json\/wp\/v2\/comments?post=614347"}],"wp:featuredmedia":[{"embeddable":true,"href":"https:\/\/jydsk-stoflager.dk\/fi\/wp-json\/wp\/v2\/media\/614352"}],"wp:attachment":[{"href":"https:\/\/jydsk-stoflager.dk\/fi\/wp-json\/wp\/v2\/media?parent=614347"}],"wp:term":[{"taxonomy":"product_brand","embeddable":true,"href":"https:\/\/jydsk-stoflager.dk\/fi\/wp-json\/wp\/v2\/product_brand?post=614347"},{"taxonomy":"product_cat","embeddable":true,"href":"https:\/\/jydsk-stoflager.dk\/fi\/wp-json\/wp\/v2\/product_cat?post=614347"},{"taxonomy":"product_tag","embeddable":true,"href":"https:\/\/jydsk-stoflager.dk\/fi\/wp-json\/wp\/v2\/product_tag?post=614347"}],"curies":[{"name":"wp","href":"https:\/\/api.w.org\/{rel}","templated":true}]}}