{"id":613092,"date":"2022-02-25T15:14:37","date_gmt":"2022-02-25T14:14:37","guid":{"rendered":"https:\/\/jydsk-stoflager.dk\/butik\/Ei-luokiteltu\/hermostunut-veluuri-vaalean-okranvaeristae\/"},"modified":"2026-03-05T15:18:52","modified_gmt":"2026-03-05T14:18:52","slug":"hermostunut-veluuri-vaalean-okranvaeristae","status":"publish","type":"product","link":"https:\/\/jydsk-stoflager.dk\/fi\/butik\/muoti-kangas\/velour-fi\/hermostunut-veluuri\/hermostunut-veluuri-vaalean-okranvaeristae\/","title":{"rendered":"Hermostunut veluuri vaalean okranv\u00e4rist\u00e4"},"content":{"rendered":"<p>T\u00e4m\u00e4 ylellinen, vaalean okranv\u00e4rinen kangas tarjoaa pehme\u00e4n ja miellytt\u00e4v\u00e4n tunnun. 100% polyesterist\u00e4 valmistettu materiaali heijastaa kauniisti valoa, luoden el\u00e4v\u00e4n vivahteen l\u00e4mpim\u00e4\u00e4n s\u00e4vyyns\u00e4. Materiaalin lyhyt, tihe\u00e4 nukka takaa miellytt\u00e4v\u00e4n pehmeyden ja kevyen joustavuuden, mik\u00e4 tekee siit\u00e4 ihanteellisen moniin k\u00e4ytt\u00f6tarkoituksiin. 160 g\/m\u00b2 painoisena ja 145-150 cm leve\u00e4n\u00e4 kangas on sopivan kevyt mutta silti kest\u00e4v\u00e4.<\/p>\n<p>Kangas soveltuu erinomaisesti sek\u00e4 <a href=\"https:\/\/jydsk-stoflager.dk\/fi\/butik\/product_cat\/muoti-kangas\/\">muotikankaaksi<\/a> ett\u00e4 kodin tekstiileihin. Voit k\u00e4ytt\u00e4\u00e4 sit\u00e4 tyylikk\u00e4iden takkien, housujen tai hameiden ompeluun, mutta se toimii yht\u00e4 hyvin pehmeiss\u00e4 sisustustyynyiss\u00e4, verhoissa tai vaikka lastentossun vuorauksessa. L\u00e4mpim\u00e4n s\u00e4vyns\u00e4 ansiosta se tuo mukavaa tunnelmaa mihin tahansa projektiin.<\/p>\n<p><a href=\"https:\/\/jydsk-stoflager.dk\/fi\/butik\/product_cat\/muoti-kangas\/velour-fi\/\">Veluurikankaiden<\/a> yst\u00e4ville t\u00e4m\u00e4 materiaali on todellinen l\u00f6yt\u00f6 &#8211; sen pehme\u00e4 tuntu ja kaunis v\u00e4ri tuovat luksusta arkeen. Vaikka t\u00e4m\u00e4 kangas ei ole <a href=\"https:\/\/jydsk-stoflager.dk\/fi\/butik\/product_cat\/muoti-kangas\/velour-fi\/puuvilla-veluuria\/\">puuvillaveluuria<\/a>, sen polyesteripohja tekee siit\u00e4 eritt\u00e4in helppohoitoisen. Kangas on pest\u00e4viss\u00e4 kotona, mik\u00e4 lis\u00e4\u00e4 sen k\u00e4yt\u00e4nn\u00f6llisyytt\u00e4.<\/p>\n<p>Jos etsit vaihtoehtoja, tutustu my\u00f6s valikoimamme <a href=\"https:\/\/jydsk-stoflager.dk\/fi\/butik\/product_cat\/muoti-kangas\/bi-stretch-fi\/\">bi-stretch-kankaisiin<\/a> tai <a href=\"https:\/\/jydsk-stoflager.dk\/fi\/butik\/product_cat\/muoti-kangas\/denim-fi\/\">denimeihin<\/a> erilaisia projekteja varten. T\u00e4m\u00e4 kangas tarjoaa kuitenkin ainutlaatuisen yhdistelm\u00e4n tyyli\u00e4 ja k\u00e4yt\u00e4nn\u00f6llisyytt\u00e4, joka sopii sek\u00e4 aloitteleville ett\u00e4 kokeneille ompelijoille.<\/p>\n","protected":false},"excerpt":{"rendered":"<table id=\"tablepress-54-no-2\" class=\"tablepress tablepress-id-54\">\n<caption style=\"caption-side:bottom;text-align:left;border:none;background:none;margin:0;padding:0\"><a href=\"https:\/\/jydsk-stoflager.dk\/wp-admin\/admin.php?page=tablepress&#038;action=edit&#038;table_id=54\" rel=\"nofollow\">Muokkaa<\/a><\/caption>\n<thead>\n<tr class=\"row-1\">\n<th class=\"column-1\">Laatu <\/th>\n<th class=\"column-2\">100% polyesteri<\/th>\n<\/tr>\n<\/thead>\n<tbody class=\"row-striping row-hover\">\n<tr class=\"row-2\">\n<td class=\"column-1\">Sertifiointi <\/td>\n<td class=\"column-2\"><\/td>\n<\/tr>\n<tr class=\"row-3\">\n<td class=\"column-1\">Pesuohje <\/td>\n<td class=\"column-2\"><img decoding=\"async\" src=\"\/wp-content\/uploads\/2019\/03\/6-2.png\" alt=\"\" width=\"178\" height=\"56\" class=\"alignnone size-full wp-image-5792\" \/><\/td>\n<\/tr>\n<tr class=\"row-4\">\n<td class=\"column-1\">Paino <\/td>\n<td class=\"column-2\">160 g\/m\u00b2<\/td>\n<\/tr>\n<tr class=\"row-5\">\n<td class=\"column-1\">Leveys <\/td>\n<td class=\"column-2\">145 &#8211; 150 cm<\/td>\n<\/tr>\n<\/tbody>\n<\/table>\n","protected":false},"featured_media":613094,"comment_status":"open","ping_status":"closed","template":"","meta":{"_yoast_wpseo_focuskw":"","_yoast_wpseo_title":"","_yoast_wpseo_metadesc":"Onko sinulla yritys ja tarvitset kangasta tai tarvikkeita? Rekister\u00f6idy jo t\u00e4n\u00e4\u00e4n ja hanki Nervous velouria vaalean okran v\u00e4risen\u00e4 tukkuhintaan. sinulle taataan parhaat hinnat."},"product_brand":[],"product_cat":[1705],"product_tag":[],"class_list":{"0":"post-613092","1":"product","2":"type-product","3":"status-publish","4":"has-post-thumbnail","6":"product_cat-hermostunut-veluuri","7":"pa_egenskaber-pehmeae","8":"pa_egenskaber-venyvae","9":"pa_laengde-1-m-fi","10":"pa_laengde-10-m-fi","11":"pa_laengde-50-m-fi","12":"pa_materialer-polyesteri-fi","13":"pa_vare-farve-kulta","15":"first","16":"instock","17":"taxable","18":"shipping-taxable","19":"purchasable","20":"product-type-variable"},"yoast_head":"<!-- This site is optimized with the Yoast SEO plugin v27.5 - https:\/\/yoast.com\/product\/yoast-seo-wordpress\/ -->\n<title>Hermostunut veluuri vaalean okranv\u00e4rist\u00e4 - Jydsk stoflager<\/title>\n<meta name=\"description\" content=\"Onko sinulla yritys ja tarvitset kangasta tai tarvikkeita? Rekister\u00f6idy jo t\u00e4n\u00e4\u00e4n ja hanki Nervous velouria vaalean okran v\u00e4risen\u00e4 tukkuhintaan. sinulle taataan parhaat hinnat.\" \/>\n<meta name=\"robots\" content=\"index, follow, max-snippet:-1, max-image-preview:large, max-video-preview:-1\" \/>\n<link rel=\"canonical\" href=\"https:\/\/jydsk-stoflager.dk\/fi\/butik\/muoti-kangas\/velour-fi\/hermostunut-veluuri\/hermostunut-veluuri-vaalean-okranvaeristae\/\" \/>\n<meta property=\"og:locale\" content=\"fi_FI\" \/>\n<meta property=\"og:type\" content=\"article\" \/>\n<meta property=\"og:title\" content=\"Hermostunut veluuri vaalean okranv\u00e4rist\u00e4 - Jydsk stoflager\" \/>\n<meta property=\"og:description\" content=\"Onko sinulla yritys ja tarvitset kangasta tai tarvikkeita? Rekister\u00f6idy jo t\u00e4n\u00e4\u00e4n ja hanki Nervous velouria vaalean okran v\u00e4risen\u00e4 tukkuhintaan. sinulle taataan parhaat hinnat.\" \/>\n<meta property=\"og:url\" content=\"https:\/\/jydsk-stoflager.dk\/fi\/butik\/muoti-kangas\/velour-fi\/hermostunut-veluuri\/hermostunut-veluuri-vaalean-okranvaeristae\/\" \/>\n<meta property=\"og:site_name\" content=\"Jydsk stoflager\" \/>\n<meta property=\"article:publisher\" content=\"https:\/\/www.facebook.com\/jydskstoflager\" \/>\n<meta property=\"article:modified_time\" content=\"2026-03-05T14:18:52+00:00\" \/>\n<meta property=\"og:image\" content=\"https:\/\/jydsk-stoflager.dk\/wp-content\/uploads\/2023\/03\/100060_0100.jpg\" \/>\n\t<meta property=\"og:image:width\" content=\"1084\" \/>\n\t<meta property=\"og:image:height\" content=\"803\" \/>\n\t<meta property=\"og:image:type\" content=\"image\/jpeg\" \/>\n<meta name=\"twitter:card\" content=\"summary_large_image\" \/>\n<meta name=\"twitter:label1\" content=\"Saatavuus\" \/>\n\t<meta name=\"twitter:data1\" content=\"Varastossa\" \/>\n<script type=\"application\/ld+json\" class=\"yoast-schema-graph\">{\"@context\":\"https:\\\/\\\/schema.org\",\"@graph\":[{\"@type\":\"WebPage\",\"@id\":\"https:\\\/\\\/jydsk-stoflager.dk\\\/fi\\\/butik\\\/muoti-kangas\\\/velour-fi\\\/hermostunut-veluuri\\\/hermostunut-veluuri-vaalean-okranvaeristae\\\/\",\"url\":\"https:\\\/\\\/jydsk-stoflager.dk\\\/fi\\\/butik\\\/muoti-kangas\\\/velour-fi\\\/hermostunut-veluuri\\\/hermostunut-veluuri-vaalean-okranvaeristae\\\/\",\"name\":\"Hermostunut veluuri vaalean okranv\u00e4rist\u00e4 - Jydsk stoflager\",\"isPartOf\":{\"@id\":\"https:\\\/\\\/jydsk-stoflager.dk\\\/fi\\\/#website\"},\"primaryImageOfPage\":{\"@id\":\"https:\\\/\\\/jydsk-stoflager.dk\\\/fi\\\/butik\\\/muoti-kangas\\\/velour-fi\\\/hermostunut-veluuri\\\/hermostunut-veluuri-vaalean-okranvaeristae\\\/#primaryimage\"},\"image\":{\"@id\":\"https:\\\/\\\/jydsk-stoflager.dk\\\/fi\\\/butik\\\/muoti-kangas\\\/velour-fi\\\/hermostunut-veluuri\\\/hermostunut-veluuri-vaalean-okranvaeristae\\\/#primaryimage\"},\"thumbnailUrl\":\"https:\\\/\\\/jydsk-stoflager.dk\\\/wp-content\\\/uploads\\\/2023\\\/03\\\/100060_0100.jpg\",\"datePublished\":\"2022-02-25T14:14:37+00:00\",\"dateModified\":\"2026-03-05T14:18:52+00:00\",\"description\":\"Onko sinulla yritys ja tarvitset kangasta tai tarvikkeita? Rekister\u00f6idy jo t\u00e4n\u00e4\u00e4n ja hanki Nervous velouria vaalean okran v\u00e4risen\u00e4 tukkuhintaan. sinulle taataan parhaat hinnat.\",\"breadcrumb\":{\"@id\":\"https:\\\/\\\/jydsk-stoflager.dk\\\/fi\\\/butik\\\/muoti-kangas\\\/velour-fi\\\/hermostunut-veluuri\\\/hermostunut-veluuri-vaalean-okranvaeristae\\\/#breadcrumb\"},\"inLanguage\":\"fi\",\"potentialAction\":[{\"@type\":\"ReadAction\",\"target\":[\"https:\\\/\\\/jydsk-stoflager.dk\\\/fi\\\/butik\\\/muoti-kangas\\\/velour-fi\\\/hermostunut-veluuri\\\/hermostunut-veluuri-vaalean-okranvaeristae\\\/\"]}]},{\"@type\":\"ImageObject\",\"inLanguage\":\"fi\",\"@id\":\"https:\\\/\\\/jydsk-stoflager.dk\\\/fi\\\/butik\\\/muoti-kangas\\\/velour-fi\\\/hermostunut-veluuri\\\/hermostunut-veluuri-vaalean-okranvaeristae\\\/#primaryimage\",\"url\":\"https:\\\/\\\/jydsk-stoflager.dk\\\/wp-content\\\/uploads\\\/2023\\\/03\\\/100060_0100.jpg\",\"contentUrl\":\"https:\\\/\\\/jydsk-stoflager.dk\\\/wp-content\\\/uploads\\\/2023\\\/03\\\/100060_0100.jpg\",\"width\":1084,\"height\":803},{\"@type\":\"BreadcrumbList\",\"@id\":\"https:\\\/\\\/jydsk-stoflager.dk\\\/fi\\\/butik\\\/muoti-kangas\\\/velour-fi\\\/hermostunut-veluuri\\\/hermostunut-veluuri-vaalean-okranvaeristae\\\/#breadcrumb\",\"itemListElement\":[{\"@type\":\"ListItem\",\"position\":1,\"name\":\"Hjem\",\"item\":\"https:\\\/\\\/jydsk-stoflager.dk\\\/fi\\\/\"},{\"@type\":\"ListItem\",\"position\":2,\"name\":\"Myym\u00e4l\u00e4\",\"item\":\"https:\\\/\\\/jydsk-stoflager.dk\\\/fi\\\/myymaelae\\\/\"},{\"@type\":\"ListItem\",\"position\":3,\"name\":\"Hermostunut veluuri vaalean okranv\u00e4rist\u00e4\"}]},{\"@type\":\"WebSite\",\"@id\":\"https:\\\/\\\/jydsk-stoflager.dk\\\/fi\\\/#website\",\"url\":\"https:\\\/\\\/jydsk-stoflager.dk\\\/fi\\\/\",\"name\":\"Jydsk Stoflager\",\"description\":\"Jydsk Stoflager \u2013 stof til din forretning, kvalitet til dit brand\",\"publisher\":{\"@id\":\"https:\\\/\\\/jydsk-stoflager.dk\\\/fi\\\/#organization\"},\"alternateName\":\"Jydsk Stoflager\",\"potentialAction\":[{\"@type\":\"SearchAction\",\"target\":{\"@type\":\"EntryPoint\",\"urlTemplate\":\"https:\\\/\\\/jydsk-stoflager.dk\\\/fi\\\/?s={search_term_string}\"},\"query-input\":{\"@type\":\"PropertyValueSpecification\",\"valueRequired\":true,\"valueName\":\"search_term_string\"}}],\"inLanguage\":\"fi\"},{\"@type\":\"Organization\",\"@id\":\"https:\\\/\\\/jydsk-stoflager.dk\\\/fi\\\/#organization\",\"name\":\"Jydsk Stoflager\",\"alternateName\":\"Jydsk Stoflager\",\"url\":\"https:\\\/\\\/jydsk-stoflager.dk\\\/fi\\\/\",\"logo\":{\"@type\":\"ImageObject\",\"inLanguage\":\"fi\",\"@id\":\"https:\\\/\\\/jydsk-stoflager.dk\\\/fi\\\/#\\\/schema\\\/logo\\\/image\\\/\",\"url\":\"https:\\\/\\\/jydsk-stoflager.dk\\\/wp-content\\\/uploads\\\/2024\\\/04\\\/Jydsk-stoflager-logo-facebook-kopi.png\",\"contentUrl\":\"https:\\\/\\\/jydsk-stoflager.dk\\\/wp-content\\\/uploads\\\/2024\\\/04\\\/Jydsk-stoflager-logo-facebook-kopi.png\",\"width\":300,\"height\":300,\"caption\":\"Jydsk Stoflager\"},\"image\":{\"@id\":\"https:\\\/\\\/jydsk-stoflager.dk\\\/fi\\\/#\\\/schema\\\/logo\\\/image\\\/\"},\"sameAs\":[\"https:\\\/\\\/www.facebook.com\\\/jydskstoflager\",\"https:\\\/\\\/www.instagram.com\\\/jydskstoflager\\\/\"],\"hasMerchantReturnPolicy\":{\"@type\":\"MerchantReturnPolicy\",\"merchantReturnLink\":\"https:\\\/\\\/jydsk-stoflager.dk\\\/handelsbetingelser\\\/\"}}]}<\/script>\n<meta property=\"og:availability\" content=\"instock\" \/>\n<meta property=\"product:availability\" content=\"instock\" \/>\n<meta property=\"product:retailer_item_id\" content=\"100060_0100\" \/>\n<meta property=\"product:condition\" content=\"new\" \/>\n<!-- \/ Yoast SEO plugin. -->","yoast_head_json":{"title":"Hermostunut veluuri vaalean okranv\u00e4rist\u00e4 - Jydsk stoflager","description":"Onko sinulla yritys ja tarvitset kangasta tai tarvikkeita? Rekister\u00f6idy jo t\u00e4n\u00e4\u00e4n ja hanki Nervous velouria vaalean okran v\u00e4risen\u00e4 tukkuhintaan. sinulle taataan parhaat hinnat.","robots":{"index":"index","follow":"follow","max-snippet":"max-snippet:-1","max-image-preview":"max-image-preview:large","max-video-preview":"max-video-preview:-1"},"canonical":"https:\/\/jydsk-stoflager.dk\/fi\/butik\/muoti-kangas\/velour-fi\/hermostunut-veluuri\/hermostunut-veluuri-vaalean-okranvaeristae\/","og_locale":"fi_FI","og_type":"article","og_title":"Hermostunut veluuri vaalean okranv\u00e4rist\u00e4 - Jydsk stoflager","og_description":"Onko sinulla yritys ja tarvitset kangasta tai tarvikkeita? Rekister\u00f6idy jo t\u00e4n\u00e4\u00e4n ja hanki Nervous velouria vaalean okran v\u00e4risen\u00e4 tukkuhintaan. sinulle taataan parhaat hinnat.","og_url":"https:\/\/jydsk-stoflager.dk\/fi\/butik\/muoti-kangas\/velour-fi\/hermostunut-veluuri\/hermostunut-veluuri-vaalean-okranvaeristae\/","og_site_name":"Jydsk stoflager","article_publisher":"https:\/\/www.facebook.com\/jydskstoflager","article_modified_time":"2026-03-05T14:18:52+00:00","og_image":[{"width":1084,"height":803,"url":"https:\/\/jydsk-stoflager.dk\/wp-content\/uploads\/2023\/03\/100060_0100.jpg","type":"image\/jpeg"}],"twitter_card":"summary_large_image","twitter_misc":{"Saatavuus":"Varastossa"},"schema":{"@context":"https:\/\/schema.org","@graph":[{"@type":"WebPage","@id":"https:\/\/jydsk-stoflager.dk\/fi\/butik\/muoti-kangas\/velour-fi\/hermostunut-veluuri\/hermostunut-veluuri-vaalean-okranvaeristae\/","url":"https:\/\/jydsk-stoflager.dk\/fi\/butik\/muoti-kangas\/velour-fi\/hermostunut-veluuri\/hermostunut-veluuri-vaalean-okranvaeristae\/","name":"Hermostunut veluuri vaalean okranv\u00e4rist\u00e4 - Jydsk stoflager","isPartOf":{"@id":"https:\/\/jydsk-stoflager.dk\/fi\/#website"},"primaryImageOfPage":{"@id":"https:\/\/jydsk-stoflager.dk\/fi\/butik\/muoti-kangas\/velour-fi\/hermostunut-veluuri\/hermostunut-veluuri-vaalean-okranvaeristae\/#primaryimage"},"image":{"@id":"https:\/\/jydsk-stoflager.dk\/fi\/butik\/muoti-kangas\/velour-fi\/hermostunut-veluuri\/hermostunut-veluuri-vaalean-okranvaeristae\/#primaryimage"},"thumbnailUrl":"https:\/\/jydsk-stoflager.dk\/wp-content\/uploads\/2023\/03\/100060_0100.jpg","datePublished":"2022-02-25T14:14:37+00:00","dateModified":"2026-03-05T14:18:52+00:00","description":"Onko sinulla yritys ja tarvitset kangasta tai tarvikkeita? Rekister\u00f6idy jo t\u00e4n\u00e4\u00e4n ja hanki Nervous velouria vaalean okran v\u00e4risen\u00e4 tukkuhintaan. sinulle taataan parhaat hinnat.","breadcrumb":{"@id":"https:\/\/jydsk-stoflager.dk\/fi\/butik\/muoti-kangas\/velour-fi\/hermostunut-veluuri\/hermostunut-veluuri-vaalean-okranvaeristae\/#breadcrumb"},"inLanguage":"fi","potentialAction":[{"@type":"ReadAction","target":["https:\/\/jydsk-stoflager.dk\/fi\/butik\/muoti-kangas\/velour-fi\/hermostunut-veluuri\/hermostunut-veluuri-vaalean-okranvaeristae\/"]}]},{"@type":"ImageObject","inLanguage":"fi","@id":"https:\/\/jydsk-stoflager.dk\/fi\/butik\/muoti-kangas\/velour-fi\/hermostunut-veluuri\/hermostunut-veluuri-vaalean-okranvaeristae\/#primaryimage","url":"https:\/\/jydsk-stoflager.dk\/wp-content\/uploads\/2023\/03\/100060_0100.jpg","contentUrl":"https:\/\/jydsk-stoflager.dk\/wp-content\/uploads\/2023\/03\/100060_0100.jpg","width":1084,"height":803},{"@type":"BreadcrumbList","@id":"https:\/\/jydsk-stoflager.dk\/fi\/butik\/muoti-kangas\/velour-fi\/hermostunut-veluuri\/hermostunut-veluuri-vaalean-okranvaeristae\/#breadcrumb","itemListElement":[{"@type":"ListItem","position":1,"name":"Hjem","item":"https:\/\/jydsk-stoflager.dk\/fi\/"},{"@type":"ListItem","position":2,"name":"Myym\u00e4l\u00e4","item":"https:\/\/jydsk-stoflager.dk\/fi\/myymaelae\/"},{"@type":"ListItem","position":3,"name":"Hermostunut veluuri vaalean okranv\u00e4rist\u00e4"}]},{"@type":"WebSite","@id":"https:\/\/jydsk-stoflager.dk\/fi\/#website","url":"https:\/\/jydsk-stoflager.dk\/fi\/","name":"Jydsk Stoflager","description":"Jydsk Stoflager \u2013 stof til din forretning, kvalitet til dit brand","publisher":{"@id":"https:\/\/jydsk-stoflager.dk\/fi\/#organization"},"alternateName":"Jydsk Stoflager","potentialAction":[{"@type":"SearchAction","target":{"@type":"EntryPoint","urlTemplate":"https:\/\/jydsk-stoflager.dk\/fi\/?s={search_term_string}"},"query-input":{"@type":"PropertyValueSpecification","valueRequired":true,"valueName":"search_term_string"}}],"inLanguage":"fi"},{"@type":"Organization","@id":"https:\/\/jydsk-stoflager.dk\/fi\/#organization","name":"Jydsk Stoflager","alternateName":"Jydsk Stoflager","url":"https:\/\/jydsk-stoflager.dk\/fi\/","logo":{"@type":"ImageObject","inLanguage":"fi","@id":"https:\/\/jydsk-stoflager.dk\/fi\/#\/schema\/logo\/image\/","url":"https:\/\/jydsk-stoflager.dk\/wp-content\/uploads\/2024\/04\/Jydsk-stoflager-logo-facebook-kopi.png","contentUrl":"https:\/\/jydsk-stoflager.dk\/wp-content\/uploads\/2024\/04\/Jydsk-stoflager-logo-facebook-kopi.png","width":300,"height":300,"caption":"Jydsk Stoflager"},"image":{"@id":"https:\/\/jydsk-stoflager.dk\/fi\/#\/schema\/logo\/image\/"},"sameAs":["https:\/\/www.facebook.com\/jydskstoflager","https:\/\/www.instagram.com\/jydskstoflager\/"],"hasMerchantReturnPolicy":{"@type":"MerchantReturnPolicy","merchantReturnLink":"https:\/\/jydsk-stoflager.dk\/handelsbetingelser\/"}}]},"og_availability":"instock","product_availability":"instock","product_retailer_item_id":"100060_0100","product_condition":"new"},"_links":{"self":[{"href":"https:\/\/jydsk-stoflager.dk\/fi\/wp-json\/wp\/v2\/product\/613092","targetHints":{"allow":["GET"]}}],"collection":[{"href":"https:\/\/jydsk-stoflager.dk\/fi\/wp-json\/wp\/v2\/product"}],"about":[{"href":"https:\/\/jydsk-stoflager.dk\/fi\/wp-json\/wp\/v2\/types\/product"}],"replies":[{"embeddable":true,"href":"https:\/\/jydsk-stoflager.dk\/fi\/wp-json\/wp\/v2\/comments?post=613092"}],"wp:featuredmedia":[{"embeddable":true,"href":"https:\/\/jydsk-stoflager.dk\/fi\/wp-json\/wp\/v2\/media\/613094"}],"wp:attachment":[{"href":"https:\/\/jydsk-stoflager.dk\/fi\/wp-json\/wp\/v2\/media?parent=613092"}],"wp:term":[{"taxonomy":"product_brand","embeddable":true,"href":"https:\/\/jydsk-stoflager.dk\/fi\/wp-json\/wp\/v2\/product_brand?post=613092"},{"taxonomy":"product_cat","embeddable":true,"href":"https:\/\/jydsk-stoflager.dk\/fi\/wp-json\/wp\/v2\/product_cat?post=613092"},{"taxonomy":"product_tag","embeddable":true,"href":"https:\/\/jydsk-stoflager.dk\/fi\/wp-json\/wp\/v2\/product_tag?post=613092"}],"curies":[{"name":"wp","href":"https:\/\/api.w.org\/{rel}","templated":true}]}}