{"id":613083,"date":"2022-02-25T15:14:37","date_gmt":"2022-02-25T14:14:37","guid":{"rendered":"https:\/\/jydsk-stoflager.dk\/butik\/Ei-luokiteltu\/hermostunut-veluuria-vihreae\/"},"modified":"2026-05-02T08:05:19","modified_gmt":"2026-05-02T06:05:19","slug":"hermostunut-veluuria-vihreae","status":"publish","type":"product","link":"https:\/\/jydsk-stoflager.dk\/fi\/butik\/muoti-kangas\/velour-fi\/hermostunut-veluuri\/hermostunut-veluuria-vihreae\/","title":{"rendered":"Nerv\u00f6s-veluuri vihre\u00e4"},"content":{"rendered":"<p>Nerv\u00f6s-veluuri vihre\u00e4 on neulottua veluuria 100% polyesterist\u00e4, pehme\u00e4 ja joustava, syv\u00e4n kyll\u00e4isen vihre\u00e4ll\u00e4 pinnalla, joka vaihtaa ilmett\u00e4 kosketuksessa ja liikkeess\u00e4.<\/p>\n<p><strong>Tekniset tiedot:<\/strong><\/p>\n<ul>\n<li>Materiaali: 100% polyesteri<\/li>\n<li>Ominaisuudet: Pehme\u00e4, joustava<\/li>\n<li>Rakenne: Neulottu veluuri<\/li>\n<li>V\u00e4ri: Vihre\u00e4<\/li>\n<li>Joustavuus: 2-suuntainen<\/li>\n<\/ul>\n<p>Syv\u00e4 vihre\u00e4 s\u00e4vy sopii erinomaisesti loungeweariin, veluuri-jogginghousuihin, yl\u00e4osiin ja rentoihin mallistoihin, joissa haetaan luonnollista ja maanl\u00e4heist\u00e4 v\u00e4rimaailmaa. Vihre\u00e4 veluuri toimii naisten-, juniori- ja lastenmallistoissa ja yhdistyy luontevasti camel-s\u00e4vyihin, Blackiin ja off-whiteen.<\/p>\n<p>Veluurissa on hyv\u00e4 poikittaisjousto ja se my\u00f6t\u00e4ilee vartaloa kirist\u00e4m\u00e4tt\u00e4 &#8212; valmiit vaatteet s\u00e4ilytt\u00e4v\u00e4t muotonsa ja tarjoavat hyv\u00e4n liikkumavapauden. Pinta on pehme\u00e4 ja tasainen ja s\u00e4ilytt\u00e4\u00e4 syv\u00e4n vihre\u00e4n s\u00e4vyns\u00e4 toistuvissa pesuissa menett\u00e4m\u00e4tt\u00e4 nukan kiiltoa.<\/p>\n<p>Nerv\u00f6s-veluuri vihre\u00e4 tilataan p\u00e4\u00e4asiassa vaatevalmistajille ja kangaskaupoille, joiden fokus on loungewear- ja casualwear-mallistoissa luonnollisissa v\u00e4reiss\u00e4. Vihre\u00e4t s\u00e4vyt ovat vakaasti kysyttyj\u00e4 skandinaavisilla markkinoilla eik\u00e4 niit\u00e4 ole sidottu yhteen sesonkiin &#8212; kangas voi olla valikoimassa ymp\u00e4ri vuoden. Varastotuote &#8212; valmiina l\u00e4hetykseen samana arkip\u00e4iv\u00e4n\u00e4, kun tilaus tehd\u00e4\u00e4n ennen klo 12.<\/p>\n<p>Pese 30 asteessa nurinp\u00e4in. V\u00e4lt\u00e4 kuivausrumpua &#8212; ripusta kuivumaan.<\/p>\n<p>Yhdist\u00e4 yksiv\u00e4riseen jerseyyn Black- tai off-white-s\u00e4vyiss\u00e4 valikoimastamme <a href=\"https:\/\/jydsk-stoflager.dk\/butik\/product_cat\/jersey-kangas\/ensfarvet-jersey\/\">yksiv\u00e4rinen jersey -mallisto<\/a> kontrasti- ja t\u00e4ydent\u00e4viksi v\u00e4reiksi lounge-setteihin.<\/p>\n<p>Tilaa alkaen 10 m &#8212; toimitus 1-3 arkip\u00e4iv\u00e4\u00e4 Skandinaviaan.<\/p>\n","protected":false},"excerpt":{"rendered":"<table id=\"tablepress-54\" class=\"tablepress tablepress-id-54\">\n<caption style=\"caption-side:bottom;text-align:left;border:none;background:none;margin:0;padding:0\"><a href=\"https:\/\/jydsk-stoflager.dk\/wp-admin\/admin.php?page=tablepress&#038;action=edit&#038;table_id=54\" rel=\"nofollow\">Muokkaa<\/a><\/caption>\n<thead>\n<tr class=\"row-1\">\n<th class=\"column-1\">Laatu <\/th>\n<th class=\"column-2\">100% polyesteri<\/th>\n<\/tr>\n<\/thead>\n<tbody class=\"row-striping row-hover\">\n<tr class=\"row-2\">\n<td class=\"column-1\">Sertifiointi <\/td>\n<td class=\"column-2\"><\/td>\n<\/tr>\n<tr class=\"row-3\">\n<td class=\"column-1\">Pesuohje <\/td>\n<td class=\"column-2\"><img decoding=\"async\" src=\"\/wp-content\/uploads\/2019\/03\/6-2.png\" alt=\"\" width=\"178\" height=\"56\" class=\"alignnone size-full wp-image-5792\" \/><\/td>\n<\/tr>\n<tr class=\"row-4\">\n<td class=\"column-1\">Paino <\/td>\n<td class=\"column-2\">160 g\/m\u00b2<\/td>\n<\/tr>\n<tr class=\"row-5\">\n<td class=\"column-1\">Leveys <\/td>\n<td class=\"column-2\">145 &#8211; 150 cm<\/td>\n<\/tr>\n<\/tbody>\n<\/table>\n","protected":false},"featured_media":613084,"comment_status":"open","ping_status":"closed","template":"","meta":{"_yoast_wpseo_focuskw":"veluuri kangas","_yoast_wpseo_title":"Nerv\u00f6s-veluuri vihre\u00e4 | Veluuri -- Jydsk Stoflager","_yoast_wpseo_metadesc":"Veluuri kangas tukkumyynti: Nerv\u00f6s-veluuri vihre\u00e4, neulottu polyesteriveluuri, kaunis pinnan el\u00e4v\u00e4isyys. Tilaa alkaen 10 m."},"product_brand":[],"product_cat":[1705],"product_tag":[],"class_list":{"0":"post-613083","1":"product","2":"type-product","3":"status-publish","4":"has-post-thumbnail","6":"product_cat-hermostunut-veluuri","7":"pa_egenskaber-pehmeae","8":"pa_egenskaber-venyvae","9":"pa_laengde-1-m-fi","10":"pa_laengde-10-m-fi","11":"pa_laengde-50-m-fi","12":"pa_materialer-polyesteri-fi","13":"pa_vare-farve-vihreae-vaeri","15":"first","16":"instock","17":"taxable","18":"shipping-taxable","19":"purchasable","20":"product-type-variable"},"yoast_head":"<!-- This site is optimized with the Yoast SEO plugin v27.4 - https:\/\/yoast.com\/product\/yoast-seo-wordpress\/ -->\n<title>Nerv\u00f6s-veluuri vihre\u00e4 | Veluuri -- Jydsk Stoflager<\/title>\n<meta name=\"description\" content=\"Veluuri kangas tukkumyynti: Nerv\u00f6s-veluuri vihre\u00e4, neulottu polyesteriveluuri, kaunis pinnan el\u00e4v\u00e4isyys. Tilaa alkaen 10 m.\" \/>\n<meta name=\"robots\" content=\"index, follow, max-snippet:-1, max-image-preview:large, max-video-preview:-1\" \/>\n<link rel=\"canonical\" href=\"https:\/\/jydsk-stoflager.dk\/fi\/butik\/muoti-kangas\/velour-fi\/hermostunut-veluuri\/hermostunut-veluuria-vihreae\/\" \/>\n<meta property=\"og:locale\" content=\"fi_FI\" \/>\n<meta property=\"og:type\" content=\"article\" \/>\n<meta property=\"og:title\" content=\"Nerv\u00f6s-veluuri vihre\u00e4 | Veluuri -- Jydsk Stoflager\" \/>\n<meta property=\"og:description\" content=\"Veluuri kangas tukkumyynti: Nerv\u00f6s-veluuri vihre\u00e4, neulottu polyesteriveluuri, kaunis pinnan el\u00e4v\u00e4isyys. Tilaa alkaen 10 m.\" \/>\n<meta property=\"og:url\" content=\"https:\/\/jydsk-stoflager.dk\/fi\/butik\/muoti-kangas\/velour-fi\/hermostunut-veluuri\/hermostunut-veluuria-vihreae\/\" \/>\n<meta property=\"og:site_name\" content=\"Jydsk stoflager\" \/>\n<meta property=\"article:publisher\" content=\"https:\/\/www.facebook.com\/jydskstoflager\" \/>\n<meta property=\"article:modified_time\" content=\"2026-05-02T06:05:19+00:00\" \/>\n<meta property=\"og:image\" content=\"https:\/\/jydsk-stoflager.dk\/wp-content\/uploads\/2023\/03\/100060_0042.jpg\" \/>\n\t<meta property=\"og:image:width\" content=\"1084\" \/>\n\t<meta property=\"og:image:height\" content=\"803\" \/>\n\t<meta property=\"og:image:type\" content=\"image\/jpeg\" \/>\n<meta name=\"twitter:card\" content=\"summary_large_image\" \/>\n<meta name=\"twitter:label1\" content=\"Saatavuus\" \/>\n\t<meta name=\"twitter:data1\" content=\"Varastossa\" \/>\n<script type=\"application\/ld+json\" class=\"yoast-schema-graph\">{\"@context\":\"https:\\\/\\\/schema.org\",\"@graph\":[{\"@type\":\"WebPage\",\"@id\":\"https:\\\/\\\/jydsk-stoflager.dk\\\/fi\\\/butik\\\/muoti-kangas\\\/velour-fi\\\/hermostunut-veluuri\\\/hermostunut-veluuria-vihreae\\\/\",\"url\":\"https:\\\/\\\/jydsk-stoflager.dk\\\/fi\\\/butik\\\/muoti-kangas\\\/velour-fi\\\/hermostunut-veluuri\\\/hermostunut-veluuria-vihreae\\\/\",\"name\":\"Nerv\u00f6s-veluuri vihre\u00e4 | Veluuri -- Jydsk Stoflager\",\"isPartOf\":{\"@id\":\"https:\\\/\\\/jydsk-stoflager.dk\\\/fi\\\/#website\"},\"primaryImageOfPage\":{\"@id\":\"https:\\\/\\\/jydsk-stoflager.dk\\\/fi\\\/butik\\\/muoti-kangas\\\/velour-fi\\\/hermostunut-veluuri\\\/hermostunut-veluuria-vihreae\\\/#primaryimage\"},\"image\":{\"@id\":\"https:\\\/\\\/jydsk-stoflager.dk\\\/fi\\\/butik\\\/muoti-kangas\\\/velour-fi\\\/hermostunut-veluuri\\\/hermostunut-veluuria-vihreae\\\/#primaryimage\"},\"thumbnailUrl\":\"https:\\\/\\\/jydsk-stoflager.dk\\\/wp-content\\\/uploads\\\/2023\\\/03\\\/100060_0042.jpg\",\"datePublished\":\"2022-02-25T14:14:37+00:00\",\"dateModified\":\"2026-05-02T06:05:19+00:00\",\"description\":\"Veluuri kangas tukkumyynti: Nerv\u00f6s-veluuri vihre\u00e4, neulottu polyesteriveluuri, kaunis pinnan el\u00e4v\u00e4isyys. Tilaa alkaen 10 m.\",\"breadcrumb\":{\"@id\":\"https:\\\/\\\/jydsk-stoflager.dk\\\/fi\\\/butik\\\/muoti-kangas\\\/velour-fi\\\/hermostunut-veluuri\\\/hermostunut-veluuria-vihreae\\\/#breadcrumb\"},\"inLanguage\":\"fi\",\"potentialAction\":[{\"@type\":\"ReadAction\",\"target\":[\"https:\\\/\\\/jydsk-stoflager.dk\\\/fi\\\/butik\\\/muoti-kangas\\\/velour-fi\\\/hermostunut-veluuri\\\/hermostunut-veluuria-vihreae\\\/\"]}]},{\"@type\":\"ImageObject\",\"inLanguage\":\"fi\",\"@id\":\"https:\\\/\\\/jydsk-stoflager.dk\\\/fi\\\/butik\\\/muoti-kangas\\\/velour-fi\\\/hermostunut-veluuri\\\/hermostunut-veluuria-vihreae\\\/#primaryimage\",\"url\":\"https:\\\/\\\/jydsk-stoflager.dk\\\/wp-content\\\/uploads\\\/2023\\\/03\\\/100060_0042.jpg\",\"contentUrl\":\"https:\\\/\\\/jydsk-stoflager.dk\\\/wp-content\\\/uploads\\\/2023\\\/03\\\/100060_0042.jpg\",\"width\":1084,\"height\":803,\"caption\":\"Nerv\u00f6s-veluuri vihre\u00e4n\u00e4 -- neulottu polyesteriveluuri Jydsk Stoflagerilta\"},{\"@type\":\"BreadcrumbList\",\"@id\":\"https:\\\/\\\/jydsk-stoflager.dk\\\/fi\\\/butik\\\/muoti-kangas\\\/velour-fi\\\/hermostunut-veluuri\\\/hermostunut-veluuria-vihreae\\\/#breadcrumb\",\"itemListElement\":[{\"@type\":\"ListItem\",\"position\":1,\"name\":\"Hjem\",\"item\":\"https:\\\/\\\/jydsk-stoflager.dk\\\/fi\\\/\"},{\"@type\":\"ListItem\",\"position\":2,\"name\":\"Myym\u00e4l\u00e4\",\"item\":\"https:\\\/\\\/jydsk-stoflager.dk\\\/fi\\\/myymaelae\\\/\"},{\"@type\":\"ListItem\",\"position\":3,\"name\":\"Nerv\u00f6s-veluuri vihre\u00e4\"}]},{\"@type\":\"WebSite\",\"@id\":\"https:\\\/\\\/jydsk-stoflager.dk\\\/fi\\\/#website\",\"url\":\"https:\\\/\\\/jydsk-stoflager.dk\\\/fi\\\/\",\"name\":\"Jydsk Stoflager\",\"description\":\"Jydsk Stoflager \u2013 stof til din forretning, kvalitet til dit brand\",\"publisher\":{\"@id\":\"https:\\\/\\\/jydsk-stoflager.dk\\\/fi\\\/#organization\"},\"alternateName\":\"Jydsk Stoflager\",\"potentialAction\":[{\"@type\":\"SearchAction\",\"target\":{\"@type\":\"EntryPoint\",\"urlTemplate\":\"https:\\\/\\\/jydsk-stoflager.dk\\\/fi\\\/?s={search_term_string}\"},\"query-input\":{\"@type\":\"PropertyValueSpecification\",\"valueRequired\":true,\"valueName\":\"search_term_string\"}}],\"inLanguage\":\"fi\"},{\"@type\":\"Organization\",\"@id\":\"https:\\\/\\\/jydsk-stoflager.dk\\\/fi\\\/#organization\",\"name\":\"Jydsk Stoflager\",\"alternateName\":\"Jydsk Stoflager\",\"url\":\"https:\\\/\\\/jydsk-stoflager.dk\\\/fi\\\/\",\"logo\":{\"@type\":\"ImageObject\",\"inLanguage\":\"fi\",\"@id\":\"https:\\\/\\\/jydsk-stoflager.dk\\\/fi\\\/#\\\/schema\\\/logo\\\/image\\\/\",\"url\":\"https:\\\/\\\/jydsk-stoflager.dk\\\/wp-content\\\/uploads\\\/2024\\\/04\\\/Jydsk-stoflager-logo-facebook-kopi.png\",\"contentUrl\":\"https:\\\/\\\/jydsk-stoflager.dk\\\/wp-content\\\/uploads\\\/2024\\\/04\\\/Jydsk-stoflager-logo-facebook-kopi.png\",\"width\":300,\"height\":300,\"caption\":\"Jydsk Stoflager\"},\"image\":{\"@id\":\"https:\\\/\\\/jydsk-stoflager.dk\\\/fi\\\/#\\\/schema\\\/logo\\\/image\\\/\"},\"sameAs\":[\"https:\\\/\\\/www.facebook.com\\\/jydskstoflager\",\"https:\\\/\\\/www.instagram.com\\\/jydskstoflager\\\/\"],\"hasMerchantReturnPolicy\":{\"@type\":\"MerchantReturnPolicy\",\"merchantReturnLink\":\"https:\\\/\\\/jydsk-stoflager.dk\\\/handelsbetingelser\\\/\"}}]}<\/script>\n<meta property=\"og:availability\" content=\"instock\" \/>\n<meta property=\"product:availability\" content=\"instock\" \/>\n<meta property=\"product:retailer_item_id\" content=\"100060_0042\" \/>\n<meta property=\"product:condition\" content=\"new\" \/>\n<!-- \/ Yoast SEO plugin. -->","yoast_head_json":{"title":"Nerv\u00f6s-veluuri vihre\u00e4 | Veluuri -- Jydsk Stoflager","description":"Veluuri kangas tukkumyynti: Nerv\u00f6s-veluuri vihre\u00e4, neulottu polyesteriveluuri, kaunis pinnan el\u00e4v\u00e4isyys. Tilaa alkaen 10 m.","robots":{"index":"index","follow":"follow","max-snippet":"max-snippet:-1","max-image-preview":"max-image-preview:large","max-video-preview":"max-video-preview:-1"},"canonical":"https:\/\/jydsk-stoflager.dk\/fi\/butik\/muoti-kangas\/velour-fi\/hermostunut-veluuri\/hermostunut-veluuria-vihreae\/","og_locale":"fi_FI","og_type":"article","og_title":"Nerv\u00f6s-veluuri vihre\u00e4 | Veluuri -- Jydsk Stoflager","og_description":"Veluuri kangas tukkumyynti: Nerv\u00f6s-veluuri vihre\u00e4, neulottu polyesteriveluuri, kaunis pinnan el\u00e4v\u00e4isyys. Tilaa alkaen 10 m.","og_url":"https:\/\/jydsk-stoflager.dk\/fi\/butik\/muoti-kangas\/velour-fi\/hermostunut-veluuri\/hermostunut-veluuria-vihreae\/","og_site_name":"Jydsk stoflager","article_publisher":"https:\/\/www.facebook.com\/jydskstoflager","article_modified_time":"2026-05-02T06:05:19+00:00","og_image":[{"width":1084,"height":803,"url":"https:\/\/jydsk-stoflager.dk\/wp-content\/uploads\/2023\/03\/100060_0042.jpg","type":"image\/jpeg"}],"twitter_card":"summary_large_image","twitter_misc":{"Saatavuus":"Varastossa"},"schema":{"@context":"https:\/\/schema.org","@graph":[{"@type":"WebPage","@id":"https:\/\/jydsk-stoflager.dk\/fi\/butik\/muoti-kangas\/velour-fi\/hermostunut-veluuri\/hermostunut-veluuria-vihreae\/","url":"https:\/\/jydsk-stoflager.dk\/fi\/butik\/muoti-kangas\/velour-fi\/hermostunut-veluuri\/hermostunut-veluuria-vihreae\/","name":"Nerv\u00f6s-veluuri vihre\u00e4 | Veluuri -- Jydsk Stoflager","isPartOf":{"@id":"https:\/\/jydsk-stoflager.dk\/fi\/#website"},"primaryImageOfPage":{"@id":"https:\/\/jydsk-stoflager.dk\/fi\/butik\/muoti-kangas\/velour-fi\/hermostunut-veluuri\/hermostunut-veluuria-vihreae\/#primaryimage"},"image":{"@id":"https:\/\/jydsk-stoflager.dk\/fi\/butik\/muoti-kangas\/velour-fi\/hermostunut-veluuri\/hermostunut-veluuria-vihreae\/#primaryimage"},"thumbnailUrl":"https:\/\/jydsk-stoflager.dk\/wp-content\/uploads\/2023\/03\/100060_0042.jpg","datePublished":"2022-02-25T14:14:37+00:00","dateModified":"2026-05-02T06:05:19+00:00","description":"Veluuri kangas tukkumyynti: Nerv\u00f6s-veluuri vihre\u00e4, neulottu polyesteriveluuri, kaunis pinnan el\u00e4v\u00e4isyys. Tilaa alkaen 10 m.","breadcrumb":{"@id":"https:\/\/jydsk-stoflager.dk\/fi\/butik\/muoti-kangas\/velour-fi\/hermostunut-veluuri\/hermostunut-veluuria-vihreae\/#breadcrumb"},"inLanguage":"fi","potentialAction":[{"@type":"ReadAction","target":["https:\/\/jydsk-stoflager.dk\/fi\/butik\/muoti-kangas\/velour-fi\/hermostunut-veluuri\/hermostunut-veluuria-vihreae\/"]}]},{"@type":"ImageObject","inLanguage":"fi","@id":"https:\/\/jydsk-stoflager.dk\/fi\/butik\/muoti-kangas\/velour-fi\/hermostunut-veluuri\/hermostunut-veluuria-vihreae\/#primaryimage","url":"https:\/\/jydsk-stoflager.dk\/wp-content\/uploads\/2023\/03\/100060_0042.jpg","contentUrl":"https:\/\/jydsk-stoflager.dk\/wp-content\/uploads\/2023\/03\/100060_0042.jpg","width":1084,"height":803,"caption":"Nerv\u00f6s-veluuri vihre\u00e4n\u00e4 -- neulottu polyesteriveluuri Jydsk Stoflagerilta"},{"@type":"BreadcrumbList","@id":"https:\/\/jydsk-stoflager.dk\/fi\/butik\/muoti-kangas\/velour-fi\/hermostunut-veluuri\/hermostunut-veluuria-vihreae\/#breadcrumb","itemListElement":[{"@type":"ListItem","position":1,"name":"Hjem","item":"https:\/\/jydsk-stoflager.dk\/fi\/"},{"@type":"ListItem","position":2,"name":"Myym\u00e4l\u00e4","item":"https:\/\/jydsk-stoflager.dk\/fi\/myymaelae\/"},{"@type":"ListItem","position":3,"name":"Nerv\u00f6s-veluuri vihre\u00e4"}]},{"@type":"WebSite","@id":"https:\/\/jydsk-stoflager.dk\/fi\/#website","url":"https:\/\/jydsk-stoflager.dk\/fi\/","name":"Jydsk Stoflager","description":"Jydsk Stoflager \u2013 stof til din forretning, kvalitet til dit brand","publisher":{"@id":"https:\/\/jydsk-stoflager.dk\/fi\/#organization"},"alternateName":"Jydsk Stoflager","potentialAction":[{"@type":"SearchAction","target":{"@type":"EntryPoint","urlTemplate":"https:\/\/jydsk-stoflager.dk\/fi\/?s={search_term_string}"},"query-input":{"@type":"PropertyValueSpecification","valueRequired":true,"valueName":"search_term_string"}}],"inLanguage":"fi"},{"@type":"Organization","@id":"https:\/\/jydsk-stoflager.dk\/fi\/#organization","name":"Jydsk Stoflager","alternateName":"Jydsk Stoflager","url":"https:\/\/jydsk-stoflager.dk\/fi\/","logo":{"@type":"ImageObject","inLanguage":"fi","@id":"https:\/\/jydsk-stoflager.dk\/fi\/#\/schema\/logo\/image\/","url":"https:\/\/jydsk-stoflager.dk\/wp-content\/uploads\/2024\/04\/Jydsk-stoflager-logo-facebook-kopi.png","contentUrl":"https:\/\/jydsk-stoflager.dk\/wp-content\/uploads\/2024\/04\/Jydsk-stoflager-logo-facebook-kopi.png","width":300,"height":300,"caption":"Jydsk Stoflager"},"image":{"@id":"https:\/\/jydsk-stoflager.dk\/fi\/#\/schema\/logo\/image\/"},"sameAs":["https:\/\/www.facebook.com\/jydskstoflager","https:\/\/www.instagram.com\/jydskstoflager\/"],"hasMerchantReturnPolicy":{"@type":"MerchantReturnPolicy","merchantReturnLink":"https:\/\/jydsk-stoflager.dk\/handelsbetingelser\/"}}]},"og_availability":"instock","product_availability":"instock","product_retailer_item_id":"100060_0042","product_condition":"new"},"_links":{"self":[{"href":"https:\/\/jydsk-stoflager.dk\/fi\/wp-json\/wp\/v2\/product\/613083","targetHints":{"allow":["GET"]}}],"collection":[{"href":"https:\/\/jydsk-stoflager.dk\/fi\/wp-json\/wp\/v2\/product"}],"about":[{"href":"https:\/\/jydsk-stoflager.dk\/fi\/wp-json\/wp\/v2\/types\/product"}],"replies":[{"embeddable":true,"href":"https:\/\/jydsk-stoflager.dk\/fi\/wp-json\/wp\/v2\/comments?post=613083"}],"wp:featuredmedia":[{"embeddable":true,"href":"https:\/\/jydsk-stoflager.dk\/fi\/wp-json\/wp\/v2\/media\/613084"}],"wp:attachment":[{"href":"https:\/\/jydsk-stoflager.dk\/fi\/wp-json\/wp\/v2\/media?parent=613083"}],"wp:term":[{"taxonomy":"product_brand","embeddable":true,"href":"https:\/\/jydsk-stoflager.dk\/fi\/wp-json\/wp\/v2\/product_brand?post=613083"},{"taxonomy":"product_cat","embeddable":true,"href":"https:\/\/jydsk-stoflager.dk\/fi\/wp-json\/wp\/v2\/product_cat?post=613083"},{"taxonomy":"product_tag","embeddable":true,"href":"https:\/\/jydsk-stoflager.dk\/fi\/wp-json\/wp\/v2\/product_tag?post=613083"}],"curies":[{"name":"wp","href":"https:\/\/api.w.org\/{rel}","templated":true}]}}