{"id":612983,"date":"2022-02-25T15:13:24","date_gmt":"2022-02-25T14:13:24","guid":{"rendered":"https:\/\/jydsk-stoflager.dk\/butik\/Ei-luokiteltu\/hermostunut-veluuria-violetti-2\/"},"modified":"2026-03-05T15:21:00","modified_gmt":"2026-03-05T14:21:00","slug":"hermostunut-veluuria-violetti-2","status":"publish","type":"product","link":"https:\/\/jydsk-stoflager.dk\/fi\/butik\/muoti-kangas\/velour-fi\/hermostunut-veluuri\/hermostunut-veluuria-violetti-2\/","title":{"rendered":"Hermostunut veluuria violetti 2"},"content":{"rendered":"<p>T\u00e4m\u00e4 pehme\u00e4 ja ylellisen tuntuinen <a href=\"https:\/\/jydsk-stoflager.dk\/fi\/butik\/product_cat\/muoti-kangas\/velour-fi\/\">veluurikangas<\/a> loisteliaan lilassa s\u00e4vyss\u00e4 tuo eleganssia ja syvyytt\u00e4 kaikkiin projekteihin. 100% polyesterist\u00e4 valmistettu, kevyt 160 g\/m\u00b2 materiaali tarjoaa miellytt\u00e4v\u00e4n tunnun ja s\u00e4ilytt\u00e4\u00e4 kauniin v\u00e4rins\u00e4 pitk\u00e4\u00e4n. Kankaan 145-150 cm leveys tekee siit\u00e4 ihanteellisen niin vaatteiden kuin sisustustuotteiden ompeluun.<\/p>\n<p>Erityisen pehme\u00e4 pinta houkuttelee koskettamaan, mik\u00e4 tekee siit\u00e4 t\u00e4ydellisen valinnan mukaviin vapaa-ajan asuihin, kuten collegepaitoihin, leggingseihin ja rentoutumisvaatteisiin. <a href=\"https:\/\/jydsk-stoflager.dk\/fi\/butik\/product_cat\/muoti-kangas\/velour-fi\/hermostunut-veluuri\/\">Hermostunut veluuri<\/a> laskeutuu kauniisti ja tarjoaa miellytt\u00e4v\u00e4n k\u00e4ytt\u00f6mukavuuden ymp\u00e4ri vuoden.<\/p>\n<p>Lilassa s\u00e4vyss\u00e4 oleva materiaali tuo tyylik\u00e4st\u00e4 v\u00e4ri\u00e4 sisustukseen &#8211; harkitse k\u00e4ytt\u00f6\u00e4 tyynyihin, verhoihin tai vaikka s\u00e4ngynp\u00e4\u00e4dyn verhoiluun. Kevyest\u00e4 rakenteestaan huolimatta <a href=\"https:\/\/jydsk-stoflager.dk\/fi\/butik\/product_cat\/muoti-kangas\/\">muotikangas<\/a> on kest\u00e4v\u00e4 ja s\u00e4ilytt\u00e4\u00e4 muotonsa hyvin.<\/p>\n<p>Helppohoitoisuus tekee t\u00e4st\u00e4 <a href=\"https:\/\/jydsk-stoflager.dk\/fi\/butik\/product_cat\/muoti-kangas\/velour-fi\/puuvilla-veluuria\/\">veluurityypist\u00e4<\/a> k\u00e4yt\u00e4nn\u00f6llisen valinnan my\u00f6s arjen vaatteisiin ja asusteisiin. Yhdist\u00e4 muihin <a href=\"https:\/\/jydsk-stoflager.dk\/fi\/butik\/product_cat\/muoti-kangas\/bi-stretch-fi\/\">joustaviin kankaisiin<\/a> saadaksesi aikaan mielenkiintoisia kontrasteja projekteissasi. Syv\u00e4 violetti s\u00e4vy sopii erinomaisesti sek\u00e4 arki- ett\u00e4 juhlak\u00e4ytt\u00f6\u00f6n, tuoden ripauksen ylellisyytt\u00e4 jokaiseen luomukseen.<\/p>\n","protected":false},"excerpt":{"rendered":"<table id=\"tablepress-54-no-13\" class=\"tablepress tablepress-id-54\">\n<caption style=\"caption-side:bottom;text-align:left;border:none;background:none;margin:0;padding:0\"><a href=\"https:\/\/jydsk-stoflager.dk\/wp-admin\/admin.php?page=tablepress&#038;action=edit&#038;table_id=54\" rel=\"nofollow\">Muokkaa<\/a><\/caption>\n<thead>\n<tr class=\"row-1\">\n<th class=\"column-1\">Laatu <\/th>\n<th class=\"column-2\">100% polyesteri<\/th>\n<\/tr>\n<\/thead>\n<tbody class=\"row-striping row-hover\">\n<tr class=\"row-2\">\n<td class=\"column-1\">Sertifiointi <\/td>\n<td class=\"column-2\"><\/td>\n<\/tr>\n<tr class=\"row-3\">\n<td class=\"column-1\">Pesuohje <\/td>\n<td class=\"column-2\"><img decoding=\"async\" src=\"\/wp-content\/uploads\/2019\/03\/6-2.png\" alt=\"\" width=\"178\" height=\"56\" class=\"alignnone size-full wp-image-5792\" \/><\/td>\n<\/tr>\n<tr class=\"row-4\">\n<td class=\"column-1\">Paino <\/td>\n<td class=\"column-2\">160 g\/m\u00b2<\/td>\n<\/tr>\n<tr class=\"row-5\">\n<td class=\"column-1\">Leveys <\/td>\n<td class=\"column-2\">145 &#8211; 150 cm<\/td>\n<\/tr>\n<\/tbody>\n<\/table>\n","protected":false},"featured_media":612985,"comment_status":"open","ping_status":"closed","template":"","meta":{"_yoast_wpseo_focuskw":"","_yoast_wpseo_title":"","_yoast_wpseo_metadesc":"Onko sinulla yritys ja tarvitset kangasta tai tarvikkeita? Rekister\u00f6idy t\u00e4n\u00e4\u00e4n ja hanki Nervous velouria violetti 2 tukkuhintaan. sinulle taataan parhaat hinnat."},"product_brand":[],"product_cat":[1705],"product_tag":[],"class_list":{"0":"post-612983","1":"product","2":"type-product","3":"status-publish","4":"has-post-thumbnail","6":"product_cat-hermostunut-veluuri","7":"pa_egenskaber-pehmeae","8":"pa_egenskaber-venyvae","9":"pa_laengde-1-m-fi","10":"pa_laengde-10-m-fi","11":"pa_laengde-50-m-fi","12":"pa_materialer-polyesteri-fi","13":"pa_vare-farve-violetti","15":"first","16":"onbackorder","17":"taxable","18":"shipping-taxable","19":"purchasable","20":"product-type-variable"},"yoast_head":"<!-- This site is optimized with the Yoast SEO plugin v27.4 - https:\/\/yoast.com\/product\/yoast-seo-wordpress\/ -->\n<title>Hermostunut veluuria violetti 2 - Jydsk stoflager<\/title>\n<meta name=\"description\" content=\"Onko sinulla yritys ja tarvitset kangasta tai tarvikkeita? Rekister\u00f6idy t\u00e4n\u00e4\u00e4n ja hanki Nervous velouria violetti 2 tukkuhintaan. sinulle taataan parhaat hinnat.\" \/>\n<meta name=\"robots\" content=\"index, follow, max-snippet:-1, max-image-preview:large, max-video-preview:-1\" \/>\n<link rel=\"canonical\" href=\"https:\/\/jydsk-stoflager.dk\/fi\/butik\/muoti-kangas\/velour-fi\/hermostunut-veluuri\/hermostunut-veluuria-violetti-2\/\" \/>\n<meta property=\"og:locale\" content=\"fi_FI\" \/>\n<meta property=\"og:type\" content=\"article\" \/>\n<meta property=\"og:title\" content=\"Hermostunut veluuria violetti 2 - Jydsk stoflager\" \/>\n<meta property=\"og:description\" content=\"Onko sinulla yritys ja tarvitset kangasta tai tarvikkeita? Rekister\u00f6idy t\u00e4n\u00e4\u00e4n ja hanki Nervous velouria violetti 2 tukkuhintaan. sinulle taataan parhaat hinnat.\" \/>\n<meta property=\"og:url\" content=\"https:\/\/jydsk-stoflager.dk\/fi\/butik\/muoti-kangas\/velour-fi\/hermostunut-veluuri\/hermostunut-veluuria-violetti-2\/\" \/>\n<meta property=\"og:site_name\" content=\"Jydsk stoflager\" \/>\n<meta property=\"article:publisher\" content=\"https:\/\/www.facebook.com\/jydskstoflager\" \/>\n<meta property=\"article:modified_time\" content=\"2026-03-05T14:21:00+00:00\" \/>\n<meta property=\"og:image\" content=\"https:\/\/jydsk-stoflager.dk\/wp-content\/uploads\/2023\/03\/100060_5024.jpg\" \/>\n\t<meta property=\"og:image:width\" content=\"1084\" \/>\n\t<meta property=\"og:image:height\" content=\"803\" \/>\n\t<meta property=\"og:image:type\" content=\"image\/jpeg\" \/>\n<meta name=\"twitter:card\" content=\"summary_large_image\" \/>\n<meta name=\"twitter:label1\" content=\"Saatavuus\" \/>\n\t<meta name=\"twitter:data1\" content=\"J\u00e4lkitoimituksessa\" \/>\n<script type=\"application\/ld+json\" class=\"yoast-schema-graph\">{\"@context\":\"https:\\\/\\\/schema.org\",\"@graph\":[{\"@type\":\"WebPage\",\"@id\":\"https:\\\/\\\/jydsk-stoflager.dk\\\/fi\\\/butik\\\/muoti-kangas\\\/velour-fi\\\/hermostunut-veluuri\\\/hermostunut-veluuria-violetti-2\\\/\",\"url\":\"https:\\\/\\\/jydsk-stoflager.dk\\\/fi\\\/butik\\\/muoti-kangas\\\/velour-fi\\\/hermostunut-veluuri\\\/hermostunut-veluuria-violetti-2\\\/\",\"name\":\"Hermostunut veluuria violetti 2 - Jydsk stoflager\",\"isPartOf\":{\"@id\":\"https:\\\/\\\/jydsk-stoflager.dk\\\/fi\\\/#website\"},\"primaryImageOfPage\":{\"@id\":\"https:\\\/\\\/jydsk-stoflager.dk\\\/fi\\\/butik\\\/muoti-kangas\\\/velour-fi\\\/hermostunut-veluuri\\\/hermostunut-veluuria-violetti-2\\\/#primaryimage\"},\"image\":{\"@id\":\"https:\\\/\\\/jydsk-stoflager.dk\\\/fi\\\/butik\\\/muoti-kangas\\\/velour-fi\\\/hermostunut-veluuri\\\/hermostunut-veluuria-violetti-2\\\/#primaryimage\"},\"thumbnailUrl\":\"https:\\\/\\\/jydsk-stoflager.dk\\\/wp-content\\\/uploads\\\/2023\\\/03\\\/100060_5024.jpg\",\"datePublished\":\"2022-02-25T14:13:24+00:00\",\"dateModified\":\"2026-03-05T14:21:00+00:00\",\"description\":\"Onko sinulla yritys ja tarvitset kangasta tai tarvikkeita? Rekister\u00f6idy t\u00e4n\u00e4\u00e4n ja hanki Nervous velouria violetti 2 tukkuhintaan. sinulle taataan parhaat hinnat.\",\"breadcrumb\":{\"@id\":\"https:\\\/\\\/jydsk-stoflager.dk\\\/fi\\\/butik\\\/muoti-kangas\\\/velour-fi\\\/hermostunut-veluuri\\\/hermostunut-veluuria-violetti-2\\\/#breadcrumb\"},\"inLanguage\":\"fi\",\"potentialAction\":[{\"@type\":\"ReadAction\",\"target\":[\"https:\\\/\\\/jydsk-stoflager.dk\\\/fi\\\/butik\\\/muoti-kangas\\\/velour-fi\\\/hermostunut-veluuri\\\/hermostunut-veluuria-violetti-2\\\/\"]}]},{\"@type\":\"ImageObject\",\"inLanguage\":\"fi\",\"@id\":\"https:\\\/\\\/jydsk-stoflager.dk\\\/fi\\\/butik\\\/muoti-kangas\\\/velour-fi\\\/hermostunut-veluuri\\\/hermostunut-veluuria-violetti-2\\\/#primaryimage\",\"url\":\"https:\\\/\\\/jydsk-stoflager.dk\\\/wp-content\\\/uploads\\\/2023\\\/03\\\/100060_5024.jpg\",\"contentUrl\":\"https:\\\/\\\/jydsk-stoflager.dk\\\/wp-content\\\/uploads\\\/2023\\\/03\\\/100060_5024.jpg\",\"width\":1084,\"height\":803},{\"@type\":\"BreadcrumbList\",\"@id\":\"https:\\\/\\\/jydsk-stoflager.dk\\\/fi\\\/butik\\\/muoti-kangas\\\/velour-fi\\\/hermostunut-veluuri\\\/hermostunut-veluuria-violetti-2\\\/#breadcrumb\",\"itemListElement\":[{\"@type\":\"ListItem\",\"position\":1,\"name\":\"Hjem\",\"item\":\"https:\\\/\\\/jydsk-stoflager.dk\\\/fi\\\/\"},{\"@type\":\"ListItem\",\"position\":2,\"name\":\"Myym\u00e4l\u00e4\",\"item\":\"https:\\\/\\\/jydsk-stoflager.dk\\\/fi\\\/myymaelae\\\/\"},{\"@type\":\"ListItem\",\"position\":3,\"name\":\"Hermostunut veluuria violetti 2\"}]},{\"@type\":\"WebSite\",\"@id\":\"https:\\\/\\\/jydsk-stoflager.dk\\\/fi\\\/#website\",\"url\":\"https:\\\/\\\/jydsk-stoflager.dk\\\/fi\\\/\",\"name\":\"Jydsk Stoflager\",\"description\":\"Jydsk Stoflager \u2013 stof til din forretning, kvalitet til dit brand\",\"publisher\":{\"@id\":\"https:\\\/\\\/jydsk-stoflager.dk\\\/fi\\\/#organization\"},\"alternateName\":\"Jydsk Stoflager\",\"potentialAction\":[{\"@type\":\"SearchAction\",\"target\":{\"@type\":\"EntryPoint\",\"urlTemplate\":\"https:\\\/\\\/jydsk-stoflager.dk\\\/fi\\\/?s={search_term_string}\"},\"query-input\":{\"@type\":\"PropertyValueSpecification\",\"valueRequired\":true,\"valueName\":\"search_term_string\"}}],\"inLanguage\":\"fi\"},{\"@type\":\"Organization\",\"@id\":\"https:\\\/\\\/jydsk-stoflager.dk\\\/fi\\\/#organization\",\"name\":\"Jydsk Stoflager\",\"alternateName\":\"Jydsk Stoflager\",\"url\":\"https:\\\/\\\/jydsk-stoflager.dk\\\/fi\\\/\",\"logo\":{\"@type\":\"ImageObject\",\"inLanguage\":\"fi\",\"@id\":\"https:\\\/\\\/jydsk-stoflager.dk\\\/fi\\\/#\\\/schema\\\/logo\\\/image\\\/\",\"url\":\"https:\\\/\\\/jydsk-stoflager.dk\\\/wp-content\\\/uploads\\\/2024\\\/04\\\/Jydsk-stoflager-logo-facebook-kopi.png\",\"contentUrl\":\"https:\\\/\\\/jydsk-stoflager.dk\\\/wp-content\\\/uploads\\\/2024\\\/04\\\/Jydsk-stoflager-logo-facebook-kopi.png\",\"width\":300,\"height\":300,\"caption\":\"Jydsk Stoflager\"},\"image\":{\"@id\":\"https:\\\/\\\/jydsk-stoflager.dk\\\/fi\\\/#\\\/schema\\\/logo\\\/image\\\/\"},\"sameAs\":[\"https:\\\/\\\/www.facebook.com\\\/jydskstoflager\",\"https:\\\/\\\/www.instagram.com\\\/jydskstoflager\\\/\"],\"hasMerchantReturnPolicy\":{\"@type\":\"MerchantReturnPolicy\",\"merchantReturnLink\":\"https:\\\/\\\/jydsk-stoflager.dk\\\/handelsbetingelser\\\/\"}}]}<\/script>\n<meta property=\"og:availability\" content=\"backorder\" \/>\n<meta property=\"product:availability\" content=\"available for order\" \/>\n<meta property=\"product:retailer_item_id\" content=\"100060_5024\" \/>\n<meta property=\"product:condition\" content=\"new\" \/>\n<!-- \/ Yoast SEO plugin. -->","yoast_head_json":{"title":"Hermostunut veluuria violetti 2 - Jydsk stoflager","description":"Onko sinulla yritys ja tarvitset kangasta tai tarvikkeita? Rekister\u00f6idy t\u00e4n\u00e4\u00e4n ja hanki Nervous velouria violetti 2 tukkuhintaan. sinulle taataan parhaat hinnat.","robots":{"index":"index","follow":"follow","max-snippet":"max-snippet:-1","max-image-preview":"max-image-preview:large","max-video-preview":"max-video-preview:-1"},"canonical":"https:\/\/jydsk-stoflager.dk\/fi\/butik\/muoti-kangas\/velour-fi\/hermostunut-veluuri\/hermostunut-veluuria-violetti-2\/","og_locale":"fi_FI","og_type":"article","og_title":"Hermostunut veluuria violetti 2 - Jydsk stoflager","og_description":"Onko sinulla yritys ja tarvitset kangasta tai tarvikkeita? Rekister\u00f6idy t\u00e4n\u00e4\u00e4n ja hanki Nervous velouria violetti 2 tukkuhintaan. sinulle taataan parhaat hinnat.","og_url":"https:\/\/jydsk-stoflager.dk\/fi\/butik\/muoti-kangas\/velour-fi\/hermostunut-veluuri\/hermostunut-veluuria-violetti-2\/","og_site_name":"Jydsk stoflager","article_publisher":"https:\/\/www.facebook.com\/jydskstoflager","article_modified_time":"2026-03-05T14:21:00+00:00","og_image":[{"width":1084,"height":803,"url":"https:\/\/jydsk-stoflager.dk\/wp-content\/uploads\/2023\/03\/100060_5024.jpg","type":"image\/jpeg"}],"twitter_card":"summary_large_image","twitter_misc":{"Saatavuus":"J\u00e4lkitoimituksessa"},"schema":{"@context":"https:\/\/schema.org","@graph":[{"@type":"WebPage","@id":"https:\/\/jydsk-stoflager.dk\/fi\/butik\/muoti-kangas\/velour-fi\/hermostunut-veluuri\/hermostunut-veluuria-violetti-2\/","url":"https:\/\/jydsk-stoflager.dk\/fi\/butik\/muoti-kangas\/velour-fi\/hermostunut-veluuri\/hermostunut-veluuria-violetti-2\/","name":"Hermostunut veluuria violetti 2 - Jydsk stoflager","isPartOf":{"@id":"https:\/\/jydsk-stoflager.dk\/fi\/#website"},"primaryImageOfPage":{"@id":"https:\/\/jydsk-stoflager.dk\/fi\/butik\/muoti-kangas\/velour-fi\/hermostunut-veluuri\/hermostunut-veluuria-violetti-2\/#primaryimage"},"image":{"@id":"https:\/\/jydsk-stoflager.dk\/fi\/butik\/muoti-kangas\/velour-fi\/hermostunut-veluuri\/hermostunut-veluuria-violetti-2\/#primaryimage"},"thumbnailUrl":"https:\/\/jydsk-stoflager.dk\/wp-content\/uploads\/2023\/03\/100060_5024.jpg","datePublished":"2022-02-25T14:13:24+00:00","dateModified":"2026-03-05T14:21:00+00:00","description":"Onko sinulla yritys ja tarvitset kangasta tai tarvikkeita? Rekister\u00f6idy t\u00e4n\u00e4\u00e4n ja hanki Nervous velouria violetti 2 tukkuhintaan. sinulle taataan parhaat hinnat.","breadcrumb":{"@id":"https:\/\/jydsk-stoflager.dk\/fi\/butik\/muoti-kangas\/velour-fi\/hermostunut-veluuri\/hermostunut-veluuria-violetti-2\/#breadcrumb"},"inLanguage":"fi","potentialAction":[{"@type":"ReadAction","target":["https:\/\/jydsk-stoflager.dk\/fi\/butik\/muoti-kangas\/velour-fi\/hermostunut-veluuri\/hermostunut-veluuria-violetti-2\/"]}]},{"@type":"ImageObject","inLanguage":"fi","@id":"https:\/\/jydsk-stoflager.dk\/fi\/butik\/muoti-kangas\/velour-fi\/hermostunut-veluuri\/hermostunut-veluuria-violetti-2\/#primaryimage","url":"https:\/\/jydsk-stoflager.dk\/wp-content\/uploads\/2023\/03\/100060_5024.jpg","contentUrl":"https:\/\/jydsk-stoflager.dk\/wp-content\/uploads\/2023\/03\/100060_5024.jpg","width":1084,"height":803},{"@type":"BreadcrumbList","@id":"https:\/\/jydsk-stoflager.dk\/fi\/butik\/muoti-kangas\/velour-fi\/hermostunut-veluuri\/hermostunut-veluuria-violetti-2\/#breadcrumb","itemListElement":[{"@type":"ListItem","position":1,"name":"Hjem","item":"https:\/\/jydsk-stoflager.dk\/fi\/"},{"@type":"ListItem","position":2,"name":"Myym\u00e4l\u00e4","item":"https:\/\/jydsk-stoflager.dk\/fi\/myymaelae\/"},{"@type":"ListItem","position":3,"name":"Hermostunut veluuria violetti 2"}]},{"@type":"WebSite","@id":"https:\/\/jydsk-stoflager.dk\/fi\/#website","url":"https:\/\/jydsk-stoflager.dk\/fi\/","name":"Jydsk Stoflager","description":"Jydsk Stoflager \u2013 stof til din forretning, kvalitet til dit brand","publisher":{"@id":"https:\/\/jydsk-stoflager.dk\/fi\/#organization"},"alternateName":"Jydsk Stoflager","potentialAction":[{"@type":"SearchAction","target":{"@type":"EntryPoint","urlTemplate":"https:\/\/jydsk-stoflager.dk\/fi\/?s={search_term_string}"},"query-input":{"@type":"PropertyValueSpecification","valueRequired":true,"valueName":"search_term_string"}}],"inLanguage":"fi"},{"@type":"Organization","@id":"https:\/\/jydsk-stoflager.dk\/fi\/#organization","name":"Jydsk Stoflager","alternateName":"Jydsk Stoflager","url":"https:\/\/jydsk-stoflager.dk\/fi\/","logo":{"@type":"ImageObject","inLanguage":"fi","@id":"https:\/\/jydsk-stoflager.dk\/fi\/#\/schema\/logo\/image\/","url":"https:\/\/jydsk-stoflager.dk\/wp-content\/uploads\/2024\/04\/Jydsk-stoflager-logo-facebook-kopi.png","contentUrl":"https:\/\/jydsk-stoflager.dk\/wp-content\/uploads\/2024\/04\/Jydsk-stoflager-logo-facebook-kopi.png","width":300,"height":300,"caption":"Jydsk Stoflager"},"image":{"@id":"https:\/\/jydsk-stoflager.dk\/fi\/#\/schema\/logo\/image\/"},"sameAs":["https:\/\/www.facebook.com\/jydskstoflager","https:\/\/www.instagram.com\/jydskstoflager\/"],"hasMerchantReturnPolicy":{"@type":"MerchantReturnPolicy","merchantReturnLink":"https:\/\/jydsk-stoflager.dk\/handelsbetingelser\/"}}]},"og_availability":"backorder","product_availability":"available for order","product_retailer_item_id":"100060_5024","product_condition":"new"},"_links":{"self":[{"href":"https:\/\/jydsk-stoflager.dk\/fi\/wp-json\/wp\/v2\/product\/612983","targetHints":{"allow":["GET"]}}],"collection":[{"href":"https:\/\/jydsk-stoflager.dk\/fi\/wp-json\/wp\/v2\/product"}],"about":[{"href":"https:\/\/jydsk-stoflager.dk\/fi\/wp-json\/wp\/v2\/types\/product"}],"replies":[{"embeddable":true,"href":"https:\/\/jydsk-stoflager.dk\/fi\/wp-json\/wp\/v2\/comments?post=612983"}],"wp:featuredmedia":[{"embeddable":true,"href":"https:\/\/jydsk-stoflager.dk\/fi\/wp-json\/wp\/v2\/media\/612985"}],"wp:attachment":[{"href":"https:\/\/jydsk-stoflager.dk\/fi\/wp-json\/wp\/v2\/media?parent=612983"}],"wp:term":[{"taxonomy":"product_brand","embeddable":true,"href":"https:\/\/jydsk-stoflager.dk\/fi\/wp-json\/wp\/v2\/product_brand?post=612983"},{"taxonomy":"product_cat","embeddable":true,"href":"https:\/\/jydsk-stoflager.dk\/fi\/wp-json\/wp\/v2\/product_cat?post=612983"},{"taxonomy":"product_tag","embeddable":true,"href":"https:\/\/jydsk-stoflager.dk\/fi\/wp-json\/wp\/v2\/product_tag?post=612983"}],"curies":[{"name":"wp","href":"https:\/\/api.w.org\/{rel}","templated":true}]}}