{"id":607553,"date":"2022-02-25T19:33:49","date_gmt":"2022-02-25T18:33:49","guid":{"rendered":"https:\/\/jydsk-stoflager.dk\/butik\/Ei-luokiteltu\/jerseypainatus-yksisarvisilla-violetti\/"},"modified":"2026-03-05T14:06:56","modified_gmt":"2026-03-05T13:06:56","slug":"jerseypainatus-yksisarvisilla-violetti","status":"publish","type":"product","link":"https:\/\/jydsk-stoflager.dk\/fi\/butik\/digitaalinen-tulostus\/jerseypainatus-yksisarvisilla-violetti\/","title":{"rendered":"Jerseypainatus yksisarvisilla &#8211; violetti"},"content":{"rendered":"<p>T\u00e4m\u00e4 ihastuttava lilapohjalla koristeltu neulostrikoo on t\u00e4ydellinen valinta yksisarvisista rakastaville. Korkealaatuinen 95% puuvilla ja 5% lycra -sekoitus tarjoaa erinomaisen joustavuuden ja mukavuuden, mik\u00e4 tekee siit\u00e4 ihanteellisen lasten vaatteisiin ja muihin luoviin projekteihin. 220 g\/m\u00b2 paino antaa kankaalle t\u00e4ytel\u00e4isen tuntuman s\u00e4ilytt\u00e4en silti pehme\u00e4n ja miellytt\u00e4v\u00e4n tunnun ihoa vasten.<\/p>\n<p>Kankaan 160 cm leveys mahdollistaa tehokkaen leikkaamisen ja v\u00e4hent\u00e4\u00e4 hukkamateriaalia ompelussa. \u00d6ko-Tex-sertifioituna t\u00e4m\u00e4 trikoo on turvallinen valinta herk\u00e4llekin iholle, mik\u00e4 tekee siit\u00e4 erinomaisen vaihtoehdon <a href=\"https:\/\/jydsk-stoflager.dk\/fi\/butik\/product_cat\/digitaalinen-tulostus\/\">digitaalisesti painettujen kankaiden<\/a> yst\u00e4ville, jotka arvostavat laatua ja turvallisuutta.<\/p>\n<p>Trikoon kuviointi tuo iloa arkeen ja sopii erinomaisesti paitoihin, leggingseihin, mekoihin ja muihin joustavuutta vaativiin vaatekappaleisiin. Jos pid\u00e4t t\u00e4st\u00e4, tutustu my\u00f6s muihin <a href=\"https:\/\/jydsk-stoflager.dk\/fi\/butik\/product_cat\/jersey-foliopainatuksella\/\">foliopainettuihin jerseykankaisiimme<\/a> tai sesonkikokoelmaamme, kuten <a href=\"https:\/\/jydsk-stoflager.dk\/fi\/butik\/product_cat\/halloween-digitaalinen-tulostus\/\">Halloween-aiheisiin painokankaisiin<\/a>.<\/p>\n<p>Helppohoitoisuus on yksi t\u00e4m\u00e4n kankaan vahvuuksista \u2013 pesu 30 asteessa s\u00e4ilytt\u00e4\u00e4 v\u00e4rit ja kuviot kirkkaina pitk\u00e4\u00e4n. Joustavuutensa ansiosta kangas on my\u00f6s aloittelijayst\u00e4v\u00e4llinen ompelussa. Inspiroidu ja kokeile my\u00f6s <a href=\"https:\/\/jydsk-stoflager.dk\/fi\/butik\/product_cat\/viskoosijersey-kuviollinen\/\">kuviollisia viskoosijerseykankaitamme<\/a> tai <a href=\"https:\/\/jydsk-stoflager.dk\/fi\/butik\/product_cat\/bambu-painatus\/\">bambupainokankaitamme<\/a> monipuolisiin projekteihin.<\/p>\n","protected":false},"excerpt":{"rendered":"<table id=\"tablepress-104-no-15\" class=\"tablepress tablepress-id-104\">\n<caption style=\"caption-side:bottom;text-align:left;border:none;background:none;margin:0;padding:0\"><a href=\"https:\/\/jydsk-stoflager.dk\/wp-admin\/admin.php?page=tablepress&#038;action=edit&#038;table_id=104\" rel=\"nofollow\">Muokkaa<\/a><\/caption>\n<thead>\n<tr class=\"row-1\">\n<th class=\"column-1\">Laatu <\/th>\n<th class=\"column-2\">95% puuvilla, 5 % lycra<\/th>\n<\/tr>\n<\/thead>\n<tbody class=\"row-striping row-hover\">\n<tr class=\"row-2\">\n<td class=\"column-1\">Sertifiointi <\/td>\n<td class=\"column-2\"><a href=\"https:\/\/jydsk-stoflager.dk\/wp-content\/uploads\/2024\/11\/GOTS-ewith-licensenumber-min.jpg\"><img decoding=\"async\" src=\"https:\/\/jydsk-stoflager.dk\/wp-content\/uploads\/2024\/11\/GOTS-ewith-licensenumber-min.jpg\" alt=\"\" width=\"180\" height=\"180\" class=\"alignnone size-full wp-image-591324\" \/><\/a><\/td>\n<\/tr>\n<tr class=\"row-3\">\n<td class=\"column-1\">Pesuohje <\/td>\n<td class=\"column-2\"><a href=\"https:\/\/jydsk-stoflager.dk\/wp-content\/uploads\/2025\/01\/washing-40-degrees.jpeg\"><img decoding=\"async\" src=\"https:\/\/jydsk-stoflager.dk\/wp-content\/uploads\/2025\/01\/washing-40-degrees.jpeg\" alt=\"\" width=\"125\" height=\"18\" class=\"alignnone size-full wp-image-598726\" \/><\/a><\/td>\n<\/tr>\n<tr class=\"row-4\">\n<td class=\"column-1\">Paino <\/td>\n<td class=\"column-2\">220 g\/m\u00b2<\/td>\n<\/tr>\n<tr class=\"row-5\">\n<td class=\"column-1\">Leveys <\/td>\n<td class=\"column-2\">160 cm<\/td>\n<\/tr>\n<\/tbody>\n<\/table>\n","protected":false},"featured_media":607555,"comment_status":"open","ping_status":"closed","template":"","meta":{"_yoast_wpseo_focuskw":"","_yoast_wpseo_title":"","_yoast_wpseo_metadesc":"Onko sinulla yritys ja tarvitset kangasta tai tarvikkeita? Rekister\u00f6idy jo t\u00e4n\u00e4\u00e4n ja hanki Jersey print with unicorns - purple tukkuhintaan. sinulle taataan parhaat hinnat."},"product_brand":[],"product_cat":[1302,1304],"product_tag":[],"class_list":{"0":"post-607553","1":"product","2":"type-product","3":"status-publish","4":"has-post-thumbnail","6":"product_cat-digitaalinen-tulostus","7":"product_cat-kangas-uutiset","8":"pa_certifikat-oekotex-fi","9":"pa_color-violetti","10":"pa_egenskaber-vaatteet","11":"pa_jersey-fast-jersey-fi","12":"pa_laengde-1-m-fi","13":"pa_laengde-10-m-fi","14":"pa_laengde-50-m-fi","15":"pa_materialer-puuvilla","16":"pa_materialer-spandex-fi","17":"pa_moenster-tyttoe","19":"first","20":"instock","21":"taxable","22":"shipping-taxable","23":"purchasable","24":"product-type-variable"},"yoast_head":"<!-- This site is optimized with the Yoast SEO plugin v27.4 - https:\/\/yoast.com\/product\/yoast-seo-wordpress\/ -->\n<title>Jerseypainatus yksisarvisilla - violetti - Jydsk stoflager<\/title>\n<meta name=\"description\" content=\"Onko sinulla yritys ja tarvitset kangasta tai tarvikkeita? Rekister\u00f6idy jo t\u00e4n\u00e4\u00e4n ja hanki Jersey print with unicorns - purple tukkuhintaan. sinulle taataan parhaat hinnat.\" \/>\n<meta name=\"robots\" content=\"index, follow, max-snippet:-1, max-image-preview:large, max-video-preview:-1\" \/>\n<link rel=\"canonical\" href=\"https:\/\/jydsk-stoflager.dk\/fi\/butik\/digitaalinen-tulostus\/jerseypainatus-yksisarvisilla-violetti\/\" \/>\n<meta property=\"og:locale\" content=\"fi_FI\" \/>\n<meta property=\"og:type\" content=\"article\" \/>\n<meta property=\"og:title\" content=\"Jerseypainatus yksisarvisilla - violetti - Jydsk stoflager\" \/>\n<meta property=\"og:description\" content=\"Onko sinulla yritys ja tarvitset kangasta tai tarvikkeita? Rekister\u00f6idy jo t\u00e4n\u00e4\u00e4n ja hanki Jersey print with unicorns - purple tukkuhintaan. sinulle taataan parhaat hinnat.\" \/>\n<meta property=\"og:url\" content=\"https:\/\/jydsk-stoflager.dk\/fi\/butik\/digitaalinen-tulostus\/jerseypainatus-yksisarvisilla-violetti\/\" \/>\n<meta property=\"og:site_name\" content=\"Jydsk stoflager\" \/>\n<meta property=\"article:publisher\" content=\"https:\/\/www.facebook.com\/jydskstoflager\" \/>\n<meta property=\"article:modified_time\" content=\"2026-03-05T13:06:56+00:00\" \/>\n<meta property=\"og:image\" content=\"https:\/\/jydsk-stoflager.dk\/wp-content\/uploads\/2024\/01\/Unicorns-3-repeat-size-updated-new.jpg\" \/>\n\t<meta property=\"og:image:width\" content=\"900\" \/>\n\t<meta property=\"og:image:height\" content=\"900\" \/>\n\t<meta property=\"og:image:type\" content=\"image\/jpeg\" \/>\n<meta name=\"twitter:card\" content=\"summary_large_image\" \/>\n<meta name=\"twitter:label1\" content=\"Saatavuus\" \/>\n\t<meta name=\"twitter:data1\" content=\"Varastossa\" \/>\n<script type=\"application\/ld+json\" class=\"yoast-schema-graph\">{\"@context\":\"https:\\\/\\\/schema.org\",\"@graph\":[{\"@type\":\"WebPage\",\"@id\":\"https:\\\/\\\/jydsk-stoflager.dk\\\/fi\\\/butik\\\/digitaalinen-tulostus\\\/jerseypainatus-yksisarvisilla-violetti\\\/\",\"url\":\"https:\\\/\\\/jydsk-stoflager.dk\\\/fi\\\/butik\\\/digitaalinen-tulostus\\\/jerseypainatus-yksisarvisilla-violetti\\\/\",\"name\":\"Jerseypainatus yksisarvisilla - violetti - Jydsk stoflager\",\"isPartOf\":{\"@id\":\"https:\\\/\\\/jydsk-stoflager.dk\\\/fi\\\/#website\"},\"primaryImageOfPage\":{\"@id\":\"https:\\\/\\\/jydsk-stoflager.dk\\\/fi\\\/butik\\\/digitaalinen-tulostus\\\/jerseypainatus-yksisarvisilla-violetti\\\/#primaryimage\"},\"image\":{\"@id\":\"https:\\\/\\\/jydsk-stoflager.dk\\\/fi\\\/butik\\\/digitaalinen-tulostus\\\/jerseypainatus-yksisarvisilla-violetti\\\/#primaryimage\"},\"thumbnailUrl\":\"https:\\\/\\\/jydsk-stoflager.dk\\\/wp-content\\\/uploads\\\/2024\\\/01\\\/Unicorns-3-repeat-size-updated-new.jpg\",\"datePublished\":\"2022-02-25T18:33:49+00:00\",\"dateModified\":\"2026-03-05T13:06:56+00:00\",\"description\":\"Onko sinulla yritys ja tarvitset kangasta tai tarvikkeita? Rekister\u00f6idy jo t\u00e4n\u00e4\u00e4n ja hanki Jersey print with unicorns - purple tukkuhintaan. sinulle taataan parhaat hinnat.\",\"breadcrumb\":{\"@id\":\"https:\\\/\\\/jydsk-stoflager.dk\\\/fi\\\/butik\\\/digitaalinen-tulostus\\\/jerseypainatus-yksisarvisilla-violetti\\\/#breadcrumb\"},\"inLanguage\":\"fi\",\"potentialAction\":[{\"@type\":\"ReadAction\",\"target\":[\"https:\\\/\\\/jydsk-stoflager.dk\\\/fi\\\/butik\\\/digitaalinen-tulostus\\\/jerseypainatus-yksisarvisilla-violetti\\\/\"]}]},{\"@type\":\"ImageObject\",\"inLanguage\":\"fi\",\"@id\":\"https:\\\/\\\/jydsk-stoflager.dk\\\/fi\\\/butik\\\/digitaalinen-tulostus\\\/jerseypainatus-yksisarvisilla-violetti\\\/#primaryimage\",\"url\":\"https:\\\/\\\/jydsk-stoflager.dk\\\/wp-content\\\/uploads\\\/2024\\\/01\\\/Unicorns-3-repeat-size-updated-new.jpg\",\"contentUrl\":\"https:\\\/\\\/jydsk-stoflager.dk\\\/wp-content\\\/uploads\\\/2024\\\/01\\\/Unicorns-3-repeat-size-updated-new.jpg\",\"width\":900,\"height\":900},{\"@type\":\"BreadcrumbList\",\"@id\":\"https:\\\/\\\/jydsk-stoflager.dk\\\/fi\\\/butik\\\/digitaalinen-tulostus\\\/jerseypainatus-yksisarvisilla-violetti\\\/#breadcrumb\",\"itemListElement\":[{\"@type\":\"ListItem\",\"position\":1,\"name\":\"Hjem\",\"item\":\"https:\\\/\\\/jydsk-stoflager.dk\\\/fi\\\/\"},{\"@type\":\"ListItem\",\"position\":2,\"name\":\"Myym\u00e4l\u00e4\",\"item\":\"https:\\\/\\\/jydsk-stoflager.dk\\\/fi\\\/myymaelae\\\/\"},{\"@type\":\"ListItem\",\"position\":3,\"name\":\"Jerseypainatus yksisarvisilla &#8211; violetti\"}]},{\"@type\":\"WebSite\",\"@id\":\"https:\\\/\\\/jydsk-stoflager.dk\\\/fi\\\/#website\",\"url\":\"https:\\\/\\\/jydsk-stoflager.dk\\\/fi\\\/\",\"name\":\"Jydsk Stoflager\",\"description\":\"Jydsk Stoflager \u2013 stof til din forretning, kvalitet til dit brand\",\"publisher\":{\"@id\":\"https:\\\/\\\/jydsk-stoflager.dk\\\/fi\\\/#organization\"},\"alternateName\":\"Jydsk Stoflager\",\"potentialAction\":[{\"@type\":\"SearchAction\",\"target\":{\"@type\":\"EntryPoint\",\"urlTemplate\":\"https:\\\/\\\/jydsk-stoflager.dk\\\/fi\\\/?s={search_term_string}\"},\"query-input\":{\"@type\":\"PropertyValueSpecification\",\"valueRequired\":true,\"valueName\":\"search_term_string\"}}],\"inLanguage\":\"fi\"},{\"@type\":\"Organization\",\"@id\":\"https:\\\/\\\/jydsk-stoflager.dk\\\/fi\\\/#organization\",\"name\":\"Jydsk Stoflager\",\"alternateName\":\"Jydsk Stoflager\",\"url\":\"https:\\\/\\\/jydsk-stoflager.dk\\\/fi\\\/\",\"logo\":{\"@type\":\"ImageObject\",\"inLanguage\":\"fi\",\"@id\":\"https:\\\/\\\/jydsk-stoflager.dk\\\/fi\\\/#\\\/schema\\\/logo\\\/image\\\/\",\"url\":\"https:\\\/\\\/jydsk-stoflager.dk\\\/wp-content\\\/uploads\\\/2024\\\/04\\\/Jydsk-stoflager-logo-facebook-kopi.png\",\"contentUrl\":\"https:\\\/\\\/jydsk-stoflager.dk\\\/wp-content\\\/uploads\\\/2024\\\/04\\\/Jydsk-stoflager-logo-facebook-kopi.png\",\"width\":300,\"height\":300,\"caption\":\"Jydsk Stoflager\"},\"image\":{\"@id\":\"https:\\\/\\\/jydsk-stoflager.dk\\\/fi\\\/#\\\/schema\\\/logo\\\/image\\\/\"},\"sameAs\":[\"https:\\\/\\\/www.facebook.com\\\/jydskstoflager\",\"https:\\\/\\\/www.instagram.com\\\/jydskstoflager\\\/\"],\"hasMerchantReturnPolicy\":{\"@type\":\"MerchantReturnPolicy\",\"merchantReturnLink\":\"https:\\\/\\\/jydsk-stoflager.dk\\\/handelsbetingelser\\\/\"}}]}<\/script>\n<meta property=\"og:availability\" content=\"instock\" \/>\n<meta property=\"product:availability\" content=\"instock\" \/>\n<meta property=\"product:retailer_item_id\" content=\"DG22-026\" \/>\n<meta property=\"product:condition\" content=\"new\" \/>\n<!-- \/ Yoast SEO plugin. -->","yoast_head_json":{"title":"Jerseypainatus yksisarvisilla - violetti - Jydsk stoflager","description":"Onko sinulla yritys ja tarvitset kangasta tai tarvikkeita? Rekister\u00f6idy jo t\u00e4n\u00e4\u00e4n ja hanki Jersey print with unicorns - purple tukkuhintaan. sinulle taataan parhaat hinnat.","robots":{"index":"index","follow":"follow","max-snippet":"max-snippet:-1","max-image-preview":"max-image-preview:large","max-video-preview":"max-video-preview:-1"},"canonical":"https:\/\/jydsk-stoflager.dk\/fi\/butik\/digitaalinen-tulostus\/jerseypainatus-yksisarvisilla-violetti\/","og_locale":"fi_FI","og_type":"article","og_title":"Jerseypainatus yksisarvisilla - violetti - Jydsk stoflager","og_description":"Onko sinulla yritys ja tarvitset kangasta tai tarvikkeita? Rekister\u00f6idy jo t\u00e4n\u00e4\u00e4n ja hanki Jersey print with unicorns - purple tukkuhintaan. sinulle taataan parhaat hinnat.","og_url":"https:\/\/jydsk-stoflager.dk\/fi\/butik\/digitaalinen-tulostus\/jerseypainatus-yksisarvisilla-violetti\/","og_site_name":"Jydsk stoflager","article_publisher":"https:\/\/www.facebook.com\/jydskstoflager","article_modified_time":"2026-03-05T13:06:56+00:00","og_image":[{"width":900,"height":900,"url":"https:\/\/jydsk-stoflager.dk\/wp-content\/uploads\/2024\/01\/Unicorns-3-repeat-size-updated-new.jpg","type":"image\/jpeg"}],"twitter_card":"summary_large_image","twitter_misc":{"Saatavuus":"Varastossa"},"schema":{"@context":"https:\/\/schema.org","@graph":[{"@type":"WebPage","@id":"https:\/\/jydsk-stoflager.dk\/fi\/butik\/digitaalinen-tulostus\/jerseypainatus-yksisarvisilla-violetti\/","url":"https:\/\/jydsk-stoflager.dk\/fi\/butik\/digitaalinen-tulostus\/jerseypainatus-yksisarvisilla-violetti\/","name":"Jerseypainatus yksisarvisilla - violetti - Jydsk stoflager","isPartOf":{"@id":"https:\/\/jydsk-stoflager.dk\/fi\/#website"},"primaryImageOfPage":{"@id":"https:\/\/jydsk-stoflager.dk\/fi\/butik\/digitaalinen-tulostus\/jerseypainatus-yksisarvisilla-violetti\/#primaryimage"},"image":{"@id":"https:\/\/jydsk-stoflager.dk\/fi\/butik\/digitaalinen-tulostus\/jerseypainatus-yksisarvisilla-violetti\/#primaryimage"},"thumbnailUrl":"https:\/\/jydsk-stoflager.dk\/wp-content\/uploads\/2024\/01\/Unicorns-3-repeat-size-updated-new.jpg","datePublished":"2022-02-25T18:33:49+00:00","dateModified":"2026-03-05T13:06:56+00:00","description":"Onko sinulla yritys ja tarvitset kangasta tai tarvikkeita? Rekister\u00f6idy jo t\u00e4n\u00e4\u00e4n ja hanki Jersey print with unicorns - purple tukkuhintaan. sinulle taataan parhaat hinnat.","breadcrumb":{"@id":"https:\/\/jydsk-stoflager.dk\/fi\/butik\/digitaalinen-tulostus\/jerseypainatus-yksisarvisilla-violetti\/#breadcrumb"},"inLanguage":"fi","potentialAction":[{"@type":"ReadAction","target":["https:\/\/jydsk-stoflager.dk\/fi\/butik\/digitaalinen-tulostus\/jerseypainatus-yksisarvisilla-violetti\/"]}]},{"@type":"ImageObject","inLanguage":"fi","@id":"https:\/\/jydsk-stoflager.dk\/fi\/butik\/digitaalinen-tulostus\/jerseypainatus-yksisarvisilla-violetti\/#primaryimage","url":"https:\/\/jydsk-stoflager.dk\/wp-content\/uploads\/2024\/01\/Unicorns-3-repeat-size-updated-new.jpg","contentUrl":"https:\/\/jydsk-stoflager.dk\/wp-content\/uploads\/2024\/01\/Unicorns-3-repeat-size-updated-new.jpg","width":900,"height":900},{"@type":"BreadcrumbList","@id":"https:\/\/jydsk-stoflager.dk\/fi\/butik\/digitaalinen-tulostus\/jerseypainatus-yksisarvisilla-violetti\/#breadcrumb","itemListElement":[{"@type":"ListItem","position":1,"name":"Hjem","item":"https:\/\/jydsk-stoflager.dk\/fi\/"},{"@type":"ListItem","position":2,"name":"Myym\u00e4l\u00e4","item":"https:\/\/jydsk-stoflager.dk\/fi\/myymaelae\/"},{"@type":"ListItem","position":3,"name":"Jerseypainatus yksisarvisilla &#8211; violetti"}]},{"@type":"WebSite","@id":"https:\/\/jydsk-stoflager.dk\/fi\/#website","url":"https:\/\/jydsk-stoflager.dk\/fi\/","name":"Jydsk Stoflager","description":"Jydsk Stoflager \u2013 stof til din forretning, kvalitet til dit brand","publisher":{"@id":"https:\/\/jydsk-stoflager.dk\/fi\/#organization"},"alternateName":"Jydsk Stoflager","potentialAction":[{"@type":"SearchAction","target":{"@type":"EntryPoint","urlTemplate":"https:\/\/jydsk-stoflager.dk\/fi\/?s={search_term_string}"},"query-input":{"@type":"PropertyValueSpecification","valueRequired":true,"valueName":"search_term_string"}}],"inLanguage":"fi"},{"@type":"Organization","@id":"https:\/\/jydsk-stoflager.dk\/fi\/#organization","name":"Jydsk Stoflager","alternateName":"Jydsk Stoflager","url":"https:\/\/jydsk-stoflager.dk\/fi\/","logo":{"@type":"ImageObject","inLanguage":"fi","@id":"https:\/\/jydsk-stoflager.dk\/fi\/#\/schema\/logo\/image\/","url":"https:\/\/jydsk-stoflager.dk\/wp-content\/uploads\/2024\/04\/Jydsk-stoflager-logo-facebook-kopi.png","contentUrl":"https:\/\/jydsk-stoflager.dk\/wp-content\/uploads\/2024\/04\/Jydsk-stoflager-logo-facebook-kopi.png","width":300,"height":300,"caption":"Jydsk Stoflager"},"image":{"@id":"https:\/\/jydsk-stoflager.dk\/fi\/#\/schema\/logo\/image\/"},"sameAs":["https:\/\/www.facebook.com\/jydskstoflager","https:\/\/www.instagram.com\/jydskstoflager\/"],"hasMerchantReturnPolicy":{"@type":"MerchantReturnPolicy","merchantReturnLink":"https:\/\/jydsk-stoflager.dk\/handelsbetingelser\/"}}]},"og_availability":"instock","product_availability":"instock","product_retailer_item_id":"DG22-026","product_condition":"new"},"_links":{"self":[{"href":"https:\/\/jydsk-stoflager.dk\/fi\/wp-json\/wp\/v2\/product\/607553","targetHints":{"allow":["GET"]}}],"collection":[{"href":"https:\/\/jydsk-stoflager.dk\/fi\/wp-json\/wp\/v2\/product"}],"about":[{"href":"https:\/\/jydsk-stoflager.dk\/fi\/wp-json\/wp\/v2\/types\/product"}],"replies":[{"embeddable":true,"href":"https:\/\/jydsk-stoflager.dk\/fi\/wp-json\/wp\/v2\/comments?post=607553"}],"wp:featuredmedia":[{"embeddable":true,"href":"https:\/\/jydsk-stoflager.dk\/fi\/wp-json\/wp\/v2\/media\/607555"}],"wp:attachment":[{"href":"https:\/\/jydsk-stoflager.dk\/fi\/wp-json\/wp\/v2\/media?parent=607553"}],"wp:term":[{"taxonomy":"product_brand","embeddable":true,"href":"https:\/\/jydsk-stoflager.dk\/fi\/wp-json\/wp\/v2\/product_brand?post=607553"},{"taxonomy":"product_cat","embeddable":true,"href":"https:\/\/jydsk-stoflager.dk\/fi\/wp-json\/wp\/v2\/product_cat?post=607553"},{"taxonomy":"product_tag","embeddable":true,"href":"https:\/\/jydsk-stoflager.dk\/fi\/wp-json\/wp\/v2\/product_tag?post=607553"}],"curies":[{"name":"wp","href":"https:\/\/api.w.org\/{rel}","templated":true}]}}