{"id":604241,"date":"2024-01-19T12:09:32","date_gmt":"2024-01-19T11:09:32","guid":{"rendered":"https:\/\/jydsk-stoflager.dk\/butik\/Ei-luokiteltu\/jerseyprintti-jossa-on-vesivaerikukkataeplaeys\/"},"modified":"2026-03-05T12:27:10","modified_gmt":"2026-03-05T11:27:10","slug":"jerseyprintti-jossa-on-vesivaerikukkataeplaeys","status":"publish","type":"product","link":"https:\/\/jydsk-stoflager.dk\/fi\/butik\/digitaalinen-tulostus\/jerseyprintti-jossa-on-vesivaerikukkataeplaeys\/","title":{"rendered":"Jerseyprintti, jossa on vesiv\u00e4rikukkat\u00e4pl\u00e4ys"},"content":{"rendered":"<p>T\u00e4m\u00e4 korkealaatuinen jersey on t\u00e4ydellinen valinta luoviin ompeluprojekteihin, joissa arvostat sek\u00e4 mukavuutta ett\u00e4 tyylik\u00e4st\u00e4 ilmett\u00e4. Kaunis vesiv\u00e4rim\u00e4inen kukkakuviointi tuo kankaaseen el\u00e4v\u00e4isen ja taiteellisen ilmeen, tehden jokaisesta ompeluty\u00f6st\u00e4 ainutkertaisen. 95% puuvillaa ja 5% lycraa sis\u00e4lt\u00e4v\u00e4 koostumus takaa miellytt\u00e4v\u00e4n tunnun iholla ja ihanteellisen joustavuuden, jota tarvitset esimerkiksi <a href=\"https:\/\/jydsk-stoflager.dk\/fi\/butik\/product_cat\/jersey-foliopainatuksella\/\">mukavien t-paitojen ja toppien<\/a> valmistukseen.<\/p>\n<p>Kangas on GOTS-sertifioitu, mik\u00e4 takaa sen ekologisen ja eettisen tuotannon. 200 g\/m\u00b2 paino tekee siit\u00e4 sopivan moniin k\u00e4ytt\u00f6tarkoituksiin &#8211; se on riitt\u00e4v\u00e4n tukeva s\u00e4ilytt\u00e4\u00e4kseen muotonsa, mutta silti mukavan joustava ja hengitt\u00e4v\u00e4. 150 cm leveys mahdollistaa tehokkaan kaavojen asettelun ja minimoi hukkapalat.<\/p>\n<p>Voit hy\u00f6dynt\u00e4\u00e4 t\u00e4t\u00e4 monipuolista kangasta niin <a href=\"https:\/\/jydsk-stoflager.dk\/fi\/butik\/product_cat\/digitaalinen-tulostus\/\">digitaalisesti painettujen kankaiden<\/a> kokoelmasi t\u00e4ydent\u00e4miseen kuin sesonkivaatteiden ompeluun. Pehme\u00e4 ja joustava materiaali sopii erinomaisesti mekoiksi, leggingseiksi tai vaikka <a href=\"https:\/\/jydsk-stoflager.dk\/fi\/butik\/product_cat\/viskoosijersey-kuviollinen\/\">laadukkaiksi lastenvaatteiksi<\/a>. V\u00e4rikyll\u00e4inen kuosi pysyy kauniina pesujen j\u00e4lkeenkin, kun noudatat hoito-ohjeita.<\/p>\n<p>Yhdistele t\u00e4t\u00e4 kangasta <a href=\"https:\/\/jydsk-stoflager.dk\/fi\/butik\/product_cat\/bambu-painatus\/\">bambupainatuksiin<\/a> tai muihin yksitasoisiin kankaisiin luodaksesi monipuolisia asuyhdistelmi\u00e4. Kukkakuviointi tarjoaa loputtomasti mahdollisuuksia sek\u00e4 arkisiin ett\u00e4 juhlavampiin vaatteisiin.<\/p>\n","protected":false},"excerpt":{"rendered":"<table id=\"tablepress-3-no-25\" class=\"tablepress tablepress-id-3\">\n<caption style=\"caption-side:bottom;text-align:left;border:none;background:none;margin:0;padding:0\"><a href=\"https:\/\/jydsk-stoflager.dk\/wp-admin\/admin.php?page=tablepress&#038;action=edit&#038;table_id=3\" rel=\"nofollow\">Muokkaa<\/a><\/caption>\n<thead>\n<tr class=\"row-1\">\n<th class=\"column-1\">Laatu <\/th>\n<th class=\"column-2\">95% puuvilla, 5 % lycra<\/th>\n<\/tr>\n<\/thead>\n<tbody class=\"row-striping row-hover\">\n<tr class=\"row-2\">\n<td class=\"column-1\">Sertifiointi <\/td>\n<td class=\"column-2\"><img decoding=\"async\" src=\"\/wp-content\/uploads\/2024\/11\/GOTS-ewith-licensenumber-min.jpg\" alt=\"\" width=\"100\" height=\"100\" class=\"alignnone size-full wp-image-5924\" \/> License no. CE0246<\/td>\n<\/tr>\n<tr class=\"row-3\">\n<td class=\"column-1\">Pesuohje <\/td>\n<td class=\"column-2\"><a href=\"https:\/\/jydsk-stoflager.dk\/wp-content\/uploads\/2024\/11\/Washing-instructions.png\"><img decoding=\"async\" src=\"https:\/\/jydsk-stoflager.dk\/wp-content\/uploads\/2024\/11\/Washing-instructions.png\" alt=\"\" width=\"276\" height=\"111\" class=\"alignnone size-full wp-image-591322\" \/><\/a><\/td>\n<\/tr>\n<tr class=\"row-4\">\n<td class=\"column-1\">Paino <\/td>\n<td class=\"column-2\">200 g\/m\u00b2<\/td>\n<\/tr>\n<tr class=\"row-5\">\n<td class=\"column-1\">Leveys <\/td>\n<td class=\"column-2\">150 cm<\/td>\n<\/tr>\n<\/tbody>\n<\/table>\n","protected":false},"featured_media":604243,"comment_status":"open","ping_status":"closed","template":"","meta":{"_yoast_wpseo_focuskw":"","_yoast_wpseo_title":"","_yoast_wpseo_metadesc":"Onko sinulla yritys ja tarvitset kangasta tai tarvikkeita? Rekister\u00f6idy jo t\u00e4n\u00e4\u00e4n ja hanki Jerseypainatus, jossa on vesiv\u00e4rikukkar\u00e4iskint\u00e4, tukkuhintaan. sinulle taataan parhaat hinnat."},"product_brand":[],"product_cat":[1302,1303,1304],"product_tag":[],"class_list":{"0":"post-604241","1":"product","2":"type-product","3":"status-publish","4":"has-post-thumbnail","6":"product_cat-digitaalinen-tulostus","7":"product_cat-gots-fi","8":"product_cat-kangas-uutiset","9":"pa_certifikat-gots-fi","10":"pa_certifikat-orgaaninen","11":"pa_egenskaber-vaatteet","12":"pa_farve-beige-fi","13":"pa_farve-violetti","14":"pa_jersey-fast-jersey-fi","15":"pa_laengde-1-m-fi","16":"pa_laengde-10-m-fi","17":"pa_laengde-50-m-fi","18":"pa_materialer-puuvilla","19":"pa_materialer-spandex-fi","20":"pa_moenster-digitaalinen-tulostus","21":"pa_moenster-kukat","23":"first","24":"instock","25":"taxable","26":"shipping-taxable","27":"purchasable","28":"product-type-variable"},"yoast_head":"<!-- This site is optimized with the Yoast SEO plugin v27.5 - https:\/\/yoast.com\/product\/yoast-seo-wordpress\/ -->\n<title>Jerseyprintti, jossa on vesiv\u00e4rikukkat\u00e4pl\u00e4ys - Jydsk stoflager<\/title>\n<meta name=\"description\" content=\"Onko sinulla yritys ja tarvitset kangasta tai tarvikkeita? Rekister\u00f6idy jo t\u00e4n\u00e4\u00e4n ja hanki Jerseypainatus, jossa on vesiv\u00e4rikukkar\u00e4iskint\u00e4, tukkuhintaan. sinulle taataan parhaat hinnat.\" \/>\n<meta name=\"robots\" content=\"index, follow, max-snippet:-1, max-image-preview:large, max-video-preview:-1\" \/>\n<link rel=\"canonical\" href=\"https:\/\/jydsk-stoflager.dk\/fi\/butik\/digitaalinen-tulostus\/jerseyprintti-jossa-on-vesivaerikukkataeplaeys\/\" \/>\n<meta property=\"og:locale\" content=\"fi_FI\" \/>\n<meta property=\"og:type\" content=\"article\" \/>\n<meta property=\"og:title\" content=\"Jerseyprintti, jossa on vesiv\u00e4rikukkat\u00e4pl\u00e4ys - Jydsk stoflager\" \/>\n<meta property=\"og:description\" content=\"Onko sinulla yritys ja tarvitset kangasta tai tarvikkeita? Rekister\u00f6idy jo t\u00e4n\u00e4\u00e4n ja hanki Jerseypainatus, jossa on vesiv\u00e4rikukkar\u00e4iskint\u00e4, tukkuhintaan. sinulle taataan parhaat hinnat.\" \/>\n<meta property=\"og:url\" content=\"https:\/\/jydsk-stoflager.dk\/fi\/butik\/digitaalinen-tulostus\/jerseyprintti-jossa-on-vesivaerikukkataeplaeys\/\" \/>\n<meta property=\"og:site_name\" content=\"Jydsk stoflager\" \/>\n<meta property=\"article:publisher\" content=\"https:\/\/www.facebook.com\/jydskstoflager\" \/>\n<meta property=\"article:modified_time\" content=\"2026-03-05T11:27:10+00:00\" \/>\n<meta property=\"og:image\" content=\"https:\/\/jydsk-stoflager.dk\/wp-content\/uploads\/2024\/06\/Watercolor-flower-splash-measurement.jpg\" \/>\n\t<meta property=\"og:image:width\" content=\"900\" \/>\n\t<meta property=\"og:image:height\" content=\"900\" \/>\n\t<meta property=\"og:image:type\" content=\"image\/jpeg\" \/>\n<meta name=\"twitter:card\" content=\"summary_large_image\" \/>\n<meta name=\"twitter:label1\" content=\"Saatavuus\" \/>\n\t<meta name=\"twitter:data1\" content=\"Varastossa\" \/>\n<script type=\"application\/ld+json\" class=\"yoast-schema-graph\">{\"@context\":\"https:\\\/\\\/schema.org\",\"@graph\":[{\"@type\":\"WebPage\",\"@id\":\"https:\\\/\\\/jydsk-stoflager.dk\\\/fi\\\/butik\\\/digitaalinen-tulostus\\\/jerseyprintti-jossa-on-vesivaerikukkataeplaeys\\\/\",\"url\":\"https:\\\/\\\/jydsk-stoflager.dk\\\/fi\\\/butik\\\/digitaalinen-tulostus\\\/jerseyprintti-jossa-on-vesivaerikukkataeplaeys\\\/\",\"name\":\"Jerseyprintti, jossa on vesiv\u00e4rikukkat\u00e4pl\u00e4ys - Jydsk stoflager\",\"isPartOf\":{\"@id\":\"https:\\\/\\\/jydsk-stoflager.dk\\\/fi\\\/#website\"},\"primaryImageOfPage\":{\"@id\":\"https:\\\/\\\/jydsk-stoflager.dk\\\/fi\\\/butik\\\/digitaalinen-tulostus\\\/jerseyprintti-jossa-on-vesivaerikukkataeplaeys\\\/#primaryimage\"},\"image\":{\"@id\":\"https:\\\/\\\/jydsk-stoflager.dk\\\/fi\\\/butik\\\/digitaalinen-tulostus\\\/jerseyprintti-jossa-on-vesivaerikukkataeplaeys\\\/#primaryimage\"},\"thumbnailUrl\":\"https:\\\/\\\/jydsk-stoflager.dk\\\/wp-content\\\/uploads\\\/2024\\\/06\\\/Watercolor-flower-splash-measurement.jpg\",\"datePublished\":\"2024-01-19T11:09:32+00:00\",\"dateModified\":\"2026-03-05T11:27:10+00:00\",\"description\":\"Onko sinulla yritys ja tarvitset kangasta tai tarvikkeita? Rekister\u00f6idy jo t\u00e4n\u00e4\u00e4n ja hanki Jerseypainatus, jossa on vesiv\u00e4rikukkar\u00e4iskint\u00e4, tukkuhintaan. sinulle taataan parhaat hinnat.\",\"breadcrumb\":{\"@id\":\"https:\\\/\\\/jydsk-stoflager.dk\\\/fi\\\/butik\\\/digitaalinen-tulostus\\\/jerseyprintti-jossa-on-vesivaerikukkataeplaeys\\\/#breadcrumb\"},\"inLanguage\":\"fi\",\"potentialAction\":[{\"@type\":\"ReadAction\",\"target\":[\"https:\\\/\\\/jydsk-stoflager.dk\\\/fi\\\/butik\\\/digitaalinen-tulostus\\\/jerseyprintti-jossa-on-vesivaerikukkataeplaeys\\\/\"]}]},{\"@type\":\"ImageObject\",\"inLanguage\":\"fi\",\"@id\":\"https:\\\/\\\/jydsk-stoflager.dk\\\/fi\\\/butik\\\/digitaalinen-tulostus\\\/jerseyprintti-jossa-on-vesivaerikukkataeplaeys\\\/#primaryimage\",\"url\":\"https:\\\/\\\/jydsk-stoflager.dk\\\/wp-content\\\/uploads\\\/2024\\\/06\\\/Watercolor-flower-splash-measurement.jpg\",\"contentUrl\":\"https:\\\/\\\/jydsk-stoflager.dk\\\/wp-content\\\/uploads\\\/2024\\\/06\\\/Watercolor-flower-splash-measurement.jpg\",\"width\":900,\"height\":900,\"caption\":\"Jerseyprintti, jossa on vesiv\u00e4rikukkat\u00e4pl\u00e4ys\"},{\"@type\":\"BreadcrumbList\",\"@id\":\"https:\\\/\\\/jydsk-stoflager.dk\\\/fi\\\/butik\\\/digitaalinen-tulostus\\\/jerseyprintti-jossa-on-vesivaerikukkataeplaeys\\\/#breadcrumb\",\"itemListElement\":[{\"@type\":\"ListItem\",\"position\":1,\"name\":\"Hjem\",\"item\":\"https:\\\/\\\/jydsk-stoflager.dk\\\/fi\\\/\"},{\"@type\":\"ListItem\",\"position\":2,\"name\":\"Myym\u00e4l\u00e4\",\"item\":\"https:\\\/\\\/jydsk-stoflager.dk\\\/fi\\\/myymaelae\\\/\"},{\"@type\":\"ListItem\",\"position\":3,\"name\":\"Jerseyprintti, jossa on vesiv\u00e4rikukkat\u00e4pl\u00e4ys\"}]},{\"@type\":\"WebSite\",\"@id\":\"https:\\\/\\\/jydsk-stoflager.dk\\\/fi\\\/#website\",\"url\":\"https:\\\/\\\/jydsk-stoflager.dk\\\/fi\\\/\",\"name\":\"Jydsk Stoflager\",\"description\":\"Jydsk Stoflager \u2013 stof til din forretning, kvalitet til dit brand\",\"publisher\":{\"@id\":\"https:\\\/\\\/jydsk-stoflager.dk\\\/fi\\\/#organization\"},\"alternateName\":\"Jydsk Stoflager\",\"potentialAction\":[{\"@type\":\"SearchAction\",\"target\":{\"@type\":\"EntryPoint\",\"urlTemplate\":\"https:\\\/\\\/jydsk-stoflager.dk\\\/fi\\\/?s={search_term_string}\"},\"query-input\":{\"@type\":\"PropertyValueSpecification\",\"valueRequired\":true,\"valueName\":\"search_term_string\"}}],\"inLanguage\":\"fi\"},{\"@type\":\"Organization\",\"@id\":\"https:\\\/\\\/jydsk-stoflager.dk\\\/fi\\\/#organization\",\"name\":\"Jydsk Stoflager\",\"alternateName\":\"Jydsk Stoflager\",\"url\":\"https:\\\/\\\/jydsk-stoflager.dk\\\/fi\\\/\",\"logo\":{\"@type\":\"ImageObject\",\"inLanguage\":\"fi\",\"@id\":\"https:\\\/\\\/jydsk-stoflager.dk\\\/fi\\\/#\\\/schema\\\/logo\\\/image\\\/\",\"url\":\"https:\\\/\\\/jydsk-stoflager.dk\\\/wp-content\\\/uploads\\\/2024\\\/04\\\/Jydsk-stoflager-logo-facebook-kopi.png\",\"contentUrl\":\"https:\\\/\\\/jydsk-stoflager.dk\\\/wp-content\\\/uploads\\\/2024\\\/04\\\/Jydsk-stoflager-logo-facebook-kopi.png\",\"width\":300,\"height\":300,\"caption\":\"Jydsk Stoflager\"},\"image\":{\"@id\":\"https:\\\/\\\/jydsk-stoflager.dk\\\/fi\\\/#\\\/schema\\\/logo\\\/image\\\/\"},\"sameAs\":[\"https:\\\/\\\/www.facebook.com\\\/jydskstoflager\",\"https:\\\/\\\/www.instagram.com\\\/jydskstoflager\\\/\"],\"hasMerchantReturnPolicy\":{\"@type\":\"MerchantReturnPolicy\",\"merchantReturnLink\":\"https:\\\/\\\/jydsk-stoflager.dk\\\/handelsbetingelser\\\/\"}}]}<\/script>\n<meta property=\"og:availability\" content=\"instock\" \/>\n<meta property=\"product:availability\" content=\"instock\" \/>\n<meta property=\"product:retailer_item_id\" content=\"GS2401-001\" \/>\n<meta property=\"product:condition\" content=\"new\" \/>\n<!-- \/ Yoast SEO plugin. -->","yoast_head_json":{"title":"Jerseyprintti, jossa on vesiv\u00e4rikukkat\u00e4pl\u00e4ys - Jydsk stoflager","description":"Onko sinulla yritys ja tarvitset kangasta tai tarvikkeita? Rekister\u00f6idy jo t\u00e4n\u00e4\u00e4n ja hanki Jerseypainatus, jossa on vesiv\u00e4rikukkar\u00e4iskint\u00e4, tukkuhintaan. sinulle taataan parhaat hinnat.","robots":{"index":"index","follow":"follow","max-snippet":"max-snippet:-1","max-image-preview":"max-image-preview:large","max-video-preview":"max-video-preview:-1"},"canonical":"https:\/\/jydsk-stoflager.dk\/fi\/butik\/digitaalinen-tulostus\/jerseyprintti-jossa-on-vesivaerikukkataeplaeys\/","og_locale":"fi_FI","og_type":"article","og_title":"Jerseyprintti, jossa on vesiv\u00e4rikukkat\u00e4pl\u00e4ys - Jydsk stoflager","og_description":"Onko sinulla yritys ja tarvitset kangasta tai tarvikkeita? Rekister\u00f6idy jo t\u00e4n\u00e4\u00e4n ja hanki Jerseypainatus, jossa on vesiv\u00e4rikukkar\u00e4iskint\u00e4, tukkuhintaan. sinulle taataan parhaat hinnat.","og_url":"https:\/\/jydsk-stoflager.dk\/fi\/butik\/digitaalinen-tulostus\/jerseyprintti-jossa-on-vesivaerikukkataeplaeys\/","og_site_name":"Jydsk stoflager","article_publisher":"https:\/\/www.facebook.com\/jydskstoflager","article_modified_time":"2026-03-05T11:27:10+00:00","og_image":[{"width":900,"height":900,"url":"https:\/\/jydsk-stoflager.dk\/wp-content\/uploads\/2024\/06\/Watercolor-flower-splash-measurement.jpg","type":"image\/jpeg"}],"twitter_card":"summary_large_image","twitter_misc":{"Saatavuus":"Varastossa"},"schema":{"@context":"https:\/\/schema.org","@graph":[{"@type":"WebPage","@id":"https:\/\/jydsk-stoflager.dk\/fi\/butik\/digitaalinen-tulostus\/jerseyprintti-jossa-on-vesivaerikukkataeplaeys\/","url":"https:\/\/jydsk-stoflager.dk\/fi\/butik\/digitaalinen-tulostus\/jerseyprintti-jossa-on-vesivaerikukkataeplaeys\/","name":"Jerseyprintti, jossa on vesiv\u00e4rikukkat\u00e4pl\u00e4ys - Jydsk stoflager","isPartOf":{"@id":"https:\/\/jydsk-stoflager.dk\/fi\/#website"},"primaryImageOfPage":{"@id":"https:\/\/jydsk-stoflager.dk\/fi\/butik\/digitaalinen-tulostus\/jerseyprintti-jossa-on-vesivaerikukkataeplaeys\/#primaryimage"},"image":{"@id":"https:\/\/jydsk-stoflager.dk\/fi\/butik\/digitaalinen-tulostus\/jerseyprintti-jossa-on-vesivaerikukkataeplaeys\/#primaryimage"},"thumbnailUrl":"https:\/\/jydsk-stoflager.dk\/wp-content\/uploads\/2024\/06\/Watercolor-flower-splash-measurement.jpg","datePublished":"2024-01-19T11:09:32+00:00","dateModified":"2026-03-05T11:27:10+00:00","description":"Onko sinulla yritys ja tarvitset kangasta tai tarvikkeita? Rekister\u00f6idy jo t\u00e4n\u00e4\u00e4n ja hanki Jerseypainatus, jossa on vesiv\u00e4rikukkar\u00e4iskint\u00e4, tukkuhintaan. sinulle taataan parhaat hinnat.","breadcrumb":{"@id":"https:\/\/jydsk-stoflager.dk\/fi\/butik\/digitaalinen-tulostus\/jerseyprintti-jossa-on-vesivaerikukkataeplaeys\/#breadcrumb"},"inLanguage":"fi","potentialAction":[{"@type":"ReadAction","target":["https:\/\/jydsk-stoflager.dk\/fi\/butik\/digitaalinen-tulostus\/jerseyprintti-jossa-on-vesivaerikukkataeplaeys\/"]}]},{"@type":"ImageObject","inLanguage":"fi","@id":"https:\/\/jydsk-stoflager.dk\/fi\/butik\/digitaalinen-tulostus\/jerseyprintti-jossa-on-vesivaerikukkataeplaeys\/#primaryimage","url":"https:\/\/jydsk-stoflager.dk\/wp-content\/uploads\/2024\/06\/Watercolor-flower-splash-measurement.jpg","contentUrl":"https:\/\/jydsk-stoflager.dk\/wp-content\/uploads\/2024\/06\/Watercolor-flower-splash-measurement.jpg","width":900,"height":900,"caption":"Jerseyprintti, jossa on vesiv\u00e4rikukkat\u00e4pl\u00e4ys"},{"@type":"BreadcrumbList","@id":"https:\/\/jydsk-stoflager.dk\/fi\/butik\/digitaalinen-tulostus\/jerseyprintti-jossa-on-vesivaerikukkataeplaeys\/#breadcrumb","itemListElement":[{"@type":"ListItem","position":1,"name":"Hjem","item":"https:\/\/jydsk-stoflager.dk\/fi\/"},{"@type":"ListItem","position":2,"name":"Myym\u00e4l\u00e4","item":"https:\/\/jydsk-stoflager.dk\/fi\/myymaelae\/"},{"@type":"ListItem","position":3,"name":"Jerseyprintti, jossa on vesiv\u00e4rikukkat\u00e4pl\u00e4ys"}]},{"@type":"WebSite","@id":"https:\/\/jydsk-stoflager.dk\/fi\/#website","url":"https:\/\/jydsk-stoflager.dk\/fi\/","name":"Jydsk Stoflager","description":"Jydsk Stoflager \u2013 stof til din forretning, kvalitet til dit brand","publisher":{"@id":"https:\/\/jydsk-stoflager.dk\/fi\/#organization"},"alternateName":"Jydsk Stoflager","potentialAction":[{"@type":"SearchAction","target":{"@type":"EntryPoint","urlTemplate":"https:\/\/jydsk-stoflager.dk\/fi\/?s={search_term_string}"},"query-input":{"@type":"PropertyValueSpecification","valueRequired":true,"valueName":"search_term_string"}}],"inLanguage":"fi"},{"@type":"Organization","@id":"https:\/\/jydsk-stoflager.dk\/fi\/#organization","name":"Jydsk Stoflager","alternateName":"Jydsk Stoflager","url":"https:\/\/jydsk-stoflager.dk\/fi\/","logo":{"@type":"ImageObject","inLanguage":"fi","@id":"https:\/\/jydsk-stoflager.dk\/fi\/#\/schema\/logo\/image\/","url":"https:\/\/jydsk-stoflager.dk\/wp-content\/uploads\/2024\/04\/Jydsk-stoflager-logo-facebook-kopi.png","contentUrl":"https:\/\/jydsk-stoflager.dk\/wp-content\/uploads\/2024\/04\/Jydsk-stoflager-logo-facebook-kopi.png","width":300,"height":300,"caption":"Jydsk Stoflager"},"image":{"@id":"https:\/\/jydsk-stoflager.dk\/fi\/#\/schema\/logo\/image\/"},"sameAs":["https:\/\/www.facebook.com\/jydskstoflager","https:\/\/www.instagram.com\/jydskstoflager\/"],"hasMerchantReturnPolicy":{"@type":"MerchantReturnPolicy","merchantReturnLink":"https:\/\/jydsk-stoflager.dk\/handelsbetingelser\/"}}]},"og_availability":"instock","product_availability":"instock","product_retailer_item_id":"GS2401-001","product_condition":"new"},"_links":{"self":[{"href":"https:\/\/jydsk-stoflager.dk\/fi\/wp-json\/wp\/v2\/product\/604241","targetHints":{"allow":["GET"]}}],"collection":[{"href":"https:\/\/jydsk-stoflager.dk\/fi\/wp-json\/wp\/v2\/product"}],"about":[{"href":"https:\/\/jydsk-stoflager.dk\/fi\/wp-json\/wp\/v2\/types\/product"}],"replies":[{"embeddable":true,"href":"https:\/\/jydsk-stoflager.dk\/fi\/wp-json\/wp\/v2\/comments?post=604241"}],"wp:featuredmedia":[{"embeddable":true,"href":"https:\/\/jydsk-stoflager.dk\/fi\/wp-json\/wp\/v2\/media\/604243"}],"wp:attachment":[{"href":"https:\/\/jydsk-stoflager.dk\/fi\/wp-json\/wp\/v2\/media?parent=604241"}],"wp:term":[{"taxonomy":"product_brand","embeddable":true,"href":"https:\/\/jydsk-stoflager.dk\/fi\/wp-json\/wp\/v2\/product_brand?post=604241"},{"taxonomy":"product_cat","embeddable":true,"href":"https:\/\/jydsk-stoflager.dk\/fi\/wp-json\/wp\/v2\/product_cat?post=604241"},{"taxonomy":"product_tag","embeddable":true,"href":"https:\/\/jydsk-stoflager.dk\/fi\/wp-json\/wp\/v2\/product_tag?post=604241"}],"curies":[{"name":"wp","href":"https:\/\/api.w.org\/{rel}","templated":true}]}}