{"id":603341,"date":"2023-11-28T10:48:56","date_gmt":"2023-11-28T09:48:56","guid":{"rendered":"https:\/\/jydsk-stoflager.dk\/butik\/Ei-luokiteltu\/digitaalinen-painatus-bambusta-dragon-10\/"},"modified":"2026-03-05T12:40:15","modified_gmt":"2026-03-05T11:40:15","slug":"digitaalinen-painatus-bambusta-dragon-10","status":"publish","type":"product","link":"https:\/\/jydsk-stoflager.dk\/fi\/butik\/bambu-jersey\/digitaalinen-painatus-bambusta-dragon-10\/","title":{"rendered":"Digitaalinen painatus bambusta &#8211; Dragon 10"},"content":{"rendered":"<p>T\u00e4m\u00e4 kaunis digitaalinen painatus yhdist\u00e4\u00e4 it\u00e4maista symboliikkaa ja hienostunutta estetiikkaa upealla tavalla. Tummansinisell\u00e4 pohjalla kultaiset lohik\u00e4\u00e4rmeet kiemurtelevat herk\u00e4sti kukkivien vaaleanpunaisten kirsikankukkien lomassa. Yksityiskohtaiset suomut, liehuvat harjat ja ilmeikk\u00e4\u00e4t siniset silm\u00e4t tuovat kuvioihin el\u00e4vyytt\u00e4 ja syvyytt\u00e4. <a href=\"https:\/\/jydsk-stoflager.dk\/fi\/butik\/product_cat\/bambu-jersey\/\">Bambu-jersey<\/a> materiaalina tuntuu iholla uskomattoman pehme\u00e4lt\u00e4 ja hengitt\u00e4v\u00e4lt\u00e4.<\/p>\n<p>Korkealaatuinen 95% bambu ja 5% lycra -sekoite tarjoaa t\u00e4ydellist\u00e4 joustavuutta ja muotoon palautuvuutta. T\u00e4m\u00e4 220-240 g\/m\u00b2 painoinen <a href=\"https:\/\/jydsk-stoflager.dk\/fi\/butik\/product_cat\/jersey-kangas\/\">jersey-kangas<\/a> soveltuu erinomaisesti mukaviin t-paitoihin, mekkoihin ja y\u00f6asuihin. GOTS-sertifioitu materiaali on ymp\u00e4rist\u00f6yst\u00e4v\u00e4llinen valinta tietoiselle kuluttajalle.<\/p>\n<p>N\u00e4ytt\u00e4v\u00e4 <a href=\"https:\/\/jydsk-stoflager.dk\/fi\/butik\/product_cat\/digitaalinen-tulostus\/\">digitaalinen tulostus<\/a> pysyy kauniina pesujen j\u00e4lkeenkin, ja 150-155 cm leveys tarjoaa runsaasti mahdollisuuksia monipuoliseen ompeluun. It\u00e4mainen kuviointi tuo vaatteisiin tai sisustustekstiileihin luksuksen tuntua ja ainutlaatuista ilmett\u00e4.<\/p>\n<p>Luonnollisesti antibakteerinen bambu tekee t\u00e4st\u00e4 <a href=\"https:\/\/jydsk-stoflager.dk\/fi\/butik\/product_cat\/bambu-painatus\/\">bambu-painatuksesta<\/a> ihanteellisen valinnan my\u00f6s herkk\u00e4ihoisille. Pehme\u00e4 tuntu muistuttaa <a href=\"https:\/\/jydsk-stoflager.dk\/fi\/butik\/product_cat\/puuvilla-jersey\/\">puuvilla-jerseyt\u00e4<\/a>, mutta tarjoaa entist\u00e4 ylellisemm\u00e4n tunnun ja paremman kosteudenimukyyn. T\u00e4st\u00e4 kankaasta valmistetut tuotteet ovat sek\u00e4 n\u00e4ytt\u00e4vi\u00e4 ett\u00e4 k\u00e4yt\u00e4nn\u00f6llisi\u00e4 jokap\u00e4iv\u00e4isess\u00e4 k\u00e4yt\u00f6ss\u00e4.<\/p>\n","protected":false},"excerpt":{"rendered":"<table id=\"tablepress-172-no-11\" class=\"tablepress tablepress-id-172\">\n<caption style=\"caption-side:bottom;text-align:left;border:none;background:none;margin:0;padding:0\"><a href=\"https:\/\/jydsk-stoflager.dk\/wp-admin\/admin.php?page=tablepress&#038;action=edit&#038;table_id=172\" rel=\"nofollow\">Muokkaa<\/a><\/caption>\n<thead>\n<tr class=\"row-1\">\n<th class=\"column-1\">Laatu <\/th>\n<th class=\"column-2\">95% bambu, 5 % lycra<\/th>\n<\/tr>\n<\/thead>\n<tbody class=\"row-striping row-hover\">\n<tr class=\"row-2\">\n<td class=\"column-1\">Sertifiointi <\/td>\n<td class=\"column-2\"><img decoding=\"async\" src=\"\/wp-content\/uploads\/2024\/11\/GOTS-ewith-licensenumber-min.jpg\" alt=\"\" width=\"100\" height=\"100\" class=\"alignnone size-full wp-image-5924\" \/> License no. CE0246<\/td>\n<\/tr>\n<tr class=\"row-3\">\n<td class=\"column-1\">Pesuohje <\/td>\n<td class=\"column-2\"><a href=\"https:\/\/jydsk-stoflager.dk\/wp-content\/uploads\/2024\/11\/Washing-instructions.png\"><img decoding=\"async\" src=\"https:\/\/jydsk-stoflager.dk\/wp-content\/uploads\/2024\/11\/Washing-instructions.png\" alt=\"\" width=\"276\" height=\"111\" class=\"alignnone size-full wp-image-591322\" \/><\/a><\/td>\n<\/tr>\n<tr class=\"row-4\">\n<td class=\"column-1\">Paino <\/td>\n<td class=\"column-2\">220-240 g\/m\u00b2<\/td>\n<\/tr>\n<tr class=\"row-5\">\n<td class=\"column-1\">Leveys <\/td>\n<td class=\"column-2\">150 &#8211; 155 cm<\/td>\n<\/tr>\n<\/tbody>\n<\/table>\n","protected":false},"featured_media":603346,"comment_status":"open","ping_status":"closed","template":"","meta":{"_yoast_wpseo_focuskw":"","_yoast_wpseo_title":"","_yoast_wpseo_metadesc":"Onko sinulla yritys ja tarvitset kangasta tai tarvikkeita? Rekister\u00f6idy jo t\u00e4n\u00e4\u00e4n ja hanki digipainatus bambusta - Dragon 10 tukkuhintaan. sinulle taataan parhaat hinnat."},"product_brand":[],"product_cat":[1360,1361,1302,1303,1304],"product_tag":[],"class_list":{"0":"post-603341","1":"product","2":"type-product","3":"status-publish","4":"has-post-thumbnail","6":"product_cat-bambu-jersey","7":"product_cat-bambu-painatus","8":"product_cat-digitaalinen-tulostus","9":"product_cat-gots-fi","10":"product_cat-kangas-uutiset","11":"pa_certifikat-gots-fi","12":"pa_certifikat-orgaaninen","13":"pa_egenskaber-hengittaevae","14":"pa_egenskaber-pehmeae","15":"pa_farve-kulta","16":"pa_jersey-fast-jersey-fi","17":"pa_laengde-1-m-fi","18":"pa_laengde-10-m-fi","19":"pa_laengde-50-m-fi","20":"pa_materialer-bambu","21":"pa_materialer-spandex-fi","22":"pa_moenster-poika","24":"first","25":"instock","26":"sale","27":"taxable","28":"shipping-taxable","29":"purchasable","30":"product-type-variable"},"yoast_head":"<!-- This site is optimized with the Yoast SEO plugin v27.5 - https:\/\/yoast.com\/product\/yoast-seo-wordpress\/ -->\n<title>Digitaalinen painatus bambusta - Dragon 10 - Jydsk stoflager<\/title>\n<meta name=\"description\" content=\"Onko sinulla yritys ja tarvitset kangasta tai tarvikkeita? Rekister\u00f6idy jo t\u00e4n\u00e4\u00e4n ja hanki digipainatus bambusta - Dragon 10 tukkuhintaan. sinulle taataan parhaat hinnat.\" \/>\n<meta name=\"robots\" content=\"index, follow, max-snippet:-1, max-image-preview:large, max-video-preview:-1\" \/>\n<link rel=\"canonical\" href=\"https:\/\/jydsk-stoflager.dk\/fi\/butik\/bambu-jersey\/digitaalinen-painatus-bambusta-dragon-10\/\" \/>\n<meta property=\"og:locale\" content=\"fi_FI\" \/>\n<meta property=\"og:type\" content=\"article\" \/>\n<meta property=\"og:title\" content=\"Digitaalinen painatus bambusta - Dragon 10 - Jydsk stoflager\" \/>\n<meta property=\"og:description\" content=\"Onko sinulla yritys ja tarvitset kangasta tai tarvikkeita? Rekister\u00f6idy jo t\u00e4n\u00e4\u00e4n ja hanki digipainatus bambusta - Dragon 10 tukkuhintaan. sinulle taataan parhaat hinnat.\" \/>\n<meta property=\"og:url\" content=\"https:\/\/jydsk-stoflager.dk\/fi\/butik\/bambu-jersey\/digitaalinen-painatus-bambusta-dragon-10\/\" \/>\n<meta property=\"og:site_name\" content=\"Jydsk stoflager\" \/>\n<meta property=\"article:publisher\" content=\"https:\/\/www.facebook.com\/jydskstoflager\" \/>\n<meta property=\"article:modified_time\" content=\"2026-03-05T11:40:15+00:00\" \/>\n<meta property=\"og:image\" content=\"https:\/\/jydsk-stoflager.dk\/wp-content\/uploads\/2024\/01\/Dragon-design-10-measurement.jpg\" \/>\n\t<meta property=\"og:image:width\" content=\"900\" \/>\n\t<meta property=\"og:image:height\" content=\"900\" \/>\n\t<meta property=\"og:image:type\" content=\"image\/jpeg\" \/>\n<meta name=\"twitter:card\" content=\"summary_large_image\" \/>\n<meta name=\"twitter:label1\" content=\"Saatavuus\" \/>\n\t<meta name=\"twitter:data1\" content=\"Varastossa\" \/>\n<script type=\"application\/ld+json\" class=\"yoast-schema-graph\">{\"@context\":\"https:\\\/\\\/schema.org\",\"@graph\":[{\"@type\":\"WebPage\",\"@id\":\"https:\\\/\\\/jydsk-stoflager.dk\\\/fi\\\/butik\\\/bambu-jersey\\\/digitaalinen-painatus-bambusta-dragon-10\\\/\",\"url\":\"https:\\\/\\\/jydsk-stoflager.dk\\\/fi\\\/butik\\\/bambu-jersey\\\/digitaalinen-painatus-bambusta-dragon-10\\\/\",\"name\":\"Digitaalinen painatus bambusta - Dragon 10 - Jydsk stoflager\",\"isPartOf\":{\"@id\":\"https:\\\/\\\/jydsk-stoflager.dk\\\/fi\\\/#website\"},\"primaryImageOfPage\":{\"@id\":\"https:\\\/\\\/jydsk-stoflager.dk\\\/fi\\\/butik\\\/bambu-jersey\\\/digitaalinen-painatus-bambusta-dragon-10\\\/#primaryimage\"},\"image\":{\"@id\":\"https:\\\/\\\/jydsk-stoflager.dk\\\/fi\\\/butik\\\/bambu-jersey\\\/digitaalinen-painatus-bambusta-dragon-10\\\/#primaryimage\"},\"thumbnailUrl\":\"https:\\\/\\\/jydsk-stoflager.dk\\\/wp-content\\\/uploads\\\/2024\\\/01\\\/Dragon-design-10-measurement.jpg\",\"datePublished\":\"2023-11-28T09:48:56+00:00\",\"dateModified\":\"2026-03-05T11:40:15+00:00\",\"description\":\"Onko sinulla yritys ja tarvitset kangasta tai tarvikkeita? Rekister\u00f6idy jo t\u00e4n\u00e4\u00e4n ja hanki digipainatus bambusta - Dragon 10 tukkuhintaan. sinulle taataan parhaat hinnat.\",\"breadcrumb\":{\"@id\":\"https:\\\/\\\/jydsk-stoflager.dk\\\/fi\\\/butik\\\/bambu-jersey\\\/digitaalinen-painatus-bambusta-dragon-10\\\/#breadcrumb\"},\"inLanguage\":\"fi\",\"potentialAction\":[{\"@type\":\"ReadAction\",\"target\":[\"https:\\\/\\\/jydsk-stoflager.dk\\\/fi\\\/butik\\\/bambu-jersey\\\/digitaalinen-painatus-bambusta-dragon-10\\\/\"]}]},{\"@type\":\"ImageObject\",\"inLanguage\":\"fi\",\"@id\":\"https:\\\/\\\/jydsk-stoflager.dk\\\/fi\\\/butik\\\/bambu-jersey\\\/digitaalinen-painatus-bambusta-dragon-10\\\/#primaryimage\",\"url\":\"https:\\\/\\\/jydsk-stoflager.dk\\\/wp-content\\\/uploads\\\/2024\\\/01\\\/Dragon-design-10-measurement.jpg\",\"contentUrl\":\"https:\\\/\\\/jydsk-stoflager.dk\\\/wp-content\\\/uploads\\\/2024\\\/01\\\/Dragon-design-10-measurement.jpg\",\"width\":900,\"height\":900},{\"@type\":\"BreadcrumbList\",\"@id\":\"https:\\\/\\\/jydsk-stoflager.dk\\\/fi\\\/butik\\\/bambu-jersey\\\/digitaalinen-painatus-bambusta-dragon-10\\\/#breadcrumb\",\"itemListElement\":[{\"@type\":\"ListItem\",\"position\":1,\"name\":\"Hjem\",\"item\":\"https:\\\/\\\/jydsk-stoflager.dk\\\/fi\\\/\"},{\"@type\":\"ListItem\",\"position\":2,\"name\":\"Myym\u00e4l\u00e4\",\"item\":\"https:\\\/\\\/jydsk-stoflager.dk\\\/fi\\\/myymaelae\\\/\"},{\"@type\":\"ListItem\",\"position\":3,\"name\":\"Digitaalinen painatus bambusta &#8211; Dragon 10\"}]},{\"@type\":\"WebSite\",\"@id\":\"https:\\\/\\\/jydsk-stoflager.dk\\\/fi\\\/#website\",\"url\":\"https:\\\/\\\/jydsk-stoflager.dk\\\/fi\\\/\",\"name\":\"Jydsk Stoflager\",\"description\":\"Jydsk Stoflager \u2013 stof til din forretning, kvalitet til dit brand\",\"publisher\":{\"@id\":\"https:\\\/\\\/jydsk-stoflager.dk\\\/fi\\\/#organization\"},\"alternateName\":\"Jydsk Stoflager\",\"potentialAction\":[{\"@type\":\"SearchAction\",\"target\":{\"@type\":\"EntryPoint\",\"urlTemplate\":\"https:\\\/\\\/jydsk-stoflager.dk\\\/fi\\\/?s={search_term_string}\"},\"query-input\":{\"@type\":\"PropertyValueSpecification\",\"valueRequired\":true,\"valueName\":\"search_term_string\"}}],\"inLanguage\":\"fi\"},{\"@type\":\"Organization\",\"@id\":\"https:\\\/\\\/jydsk-stoflager.dk\\\/fi\\\/#organization\",\"name\":\"Jydsk Stoflager\",\"alternateName\":\"Jydsk Stoflager\",\"url\":\"https:\\\/\\\/jydsk-stoflager.dk\\\/fi\\\/\",\"logo\":{\"@type\":\"ImageObject\",\"inLanguage\":\"fi\",\"@id\":\"https:\\\/\\\/jydsk-stoflager.dk\\\/fi\\\/#\\\/schema\\\/logo\\\/image\\\/\",\"url\":\"https:\\\/\\\/jydsk-stoflager.dk\\\/wp-content\\\/uploads\\\/2024\\\/04\\\/Jydsk-stoflager-logo-facebook-kopi.png\",\"contentUrl\":\"https:\\\/\\\/jydsk-stoflager.dk\\\/wp-content\\\/uploads\\\/2024\\\/04\\\/Jydsk-stoflager-logo-facebook-kopi.png\",\"width\":300,\"height\":300,\"caption\":\"Jydsk Stoflager\"},\"image\":{\"@id\":\"https:\\\/\\\/jydsk-stoflager.dk\\\/fi\\\/#\\\/schema\\\/logo\\\/image\\\/\"},\"sameAs\":[\"https:\\\/\\\/www.facebook.com\\\/jydskstoflager\",\"https:\\\/\\\/www.instagram.com\\\/jydskstoflager\\\/\"],\"hasMerchantReturnPolicy\":{\"@type\":\"MerchantReturnPolicy\",\"merchantReturnLink\":\"https:\\\/\\\/jydsk-stoflager.dk\\\/handelsbetingelser\\\/\"}}]}<\/script>\n<meta property=\"og:availability\" content=\"instock\" \/>\n<meta property=\"product:availability\" content=\"instock\" \/>\n<meta property=\"product:retailer_item_id\" content=\"GSB2311-028\" \/>\n<meta property=\"product:condition\" content=\"new\" \/>\n<!-- \/ Yoast SEO plugin. -->","yoast_head_json":{"title":"Digitaalinen painatus bambusta - Dragon 10 - Jydsk stoflager","description":"Onko sinulla yritys ja tarvitset kangasta tai tarvikkeita? Rekister\u00f6idy jo t\u00e4n\u00e4\u00e4n ja hanki digipainatus bambusta - Dragon 10 tukkuhintaan. sinulle taataan parhaat hinnat.","robots":{"index":"index","follow":"follow","max-snippet":"max-snippet:-1","max-image-preview":"max-image-preview:large","max-video-preview":"max-video-preview:-1"},"canonical":"https:\/\/jydsk-stoflager.dk\/fi\/butik\/bambu-jersey\/digitaalinen-painatus-bambusta-dragon-10\/","og_locale":"fi_FI","og_type":"article","og_title":"Digitaalinen painatus bambusta - Dragon 10 - Jydsk stoflager","og_description":"Onko sinulla yritys ja tarvitset kangasta tai tarvikkeita? Rekister\u00f6idy jo t\u00e4n\u00e4\u00e4n ja hanki digipainatus bambusta - Dragon 10 tukkuhintaan. sinulle taataan parhaat hinnat.","og_url":"https:\/\/jydsk-stoflager.dk\/fi\/butik\/bambu-jersey\/digitaalinen-painatus-bambusta-dragon-10\/","og_site_name":"Jydsk stoflager","article_publisher":"https:\/\/www.facebook.com\/jydskstoflager","article_modified_time":"2026-03-05T11:40:15+00:00","og_image":[{"width":900,"height":900,"url":"https:\/\/jydsk-stoflager.dk\/wp-content\/uploads\/2024\/01\/Dragon-design-10-measurement.jpg","type":"image\/jpeg"}],"twitter_card":"summary_large_image","twitter_misc":{"Saatavuus":"Varastossa"},"schema":{"@context":"https:\/\/schema.org","@graph":[{"@type":"WebPage","@id":"https:\/\/jydsk-stoflager.dk\/fi\/butik\/bambu-jersey\/digitaalinen-painatus-bambusta-dragon-10\/","url":"https:\/\/jydsk-stoflager.dk\/fi\/butik\/bambu-jersey\/digitaalinen-painatus-bambusta-dragon-10\/","name":"Digitaalinen painatus bambusta - Dragon 10 - Jydsk stoflager","isPartOf":{"@id":"https:\/\/jydsk-stoflager.dk\/fi\/#website"},"primaryImageOfPage":{"@id":"https:\/\/jydsk-stoflager.dk\/fi\/butik\/bambu-jersey\/digitaalinen-painatus-bambusta-dragon-10\/#primaryimage"},"image":{"@id":"https:\/\/jydsk-stoflager.dk\/fi\/butik\/bambu-jersey\/digitaalinen-painatus-bambusta-dragon-10\/#primaryimage"},"thumbnailUrl":"https:\/\/jydsk-stoflager.dk\/wp-content\/uploads\/2024\/01\/Dragon-design-10-measurement.jpg","datePublished":"2023-11-28T09:48:56+00:00","dateModified":"2026-03-05T11:40:15+00:00","description":"Onko sinulla yritys ja tarvitset kangasta tai tarvikkeita? Rekister\u00f6idy jo t\u00e4n\u00e4\u00e4n ja hanki digipainatus bambusta - Dragon 10 tukkuhintaan. sinulle taataan parhaat hinnat.","breadcrumb":{"@id":"https:\/\/jydsk-stoflager.dk\/fi\/butik\/bambu-jersey\/digitaalinen-painatus-bambusta-dragon-10\/#breadcrumb"},"inLanguage":"fi","potentialAction":[{"@type":"ReadAction","target":["https:\/\/jydsk-stoflager.dk\/fi\/butik\/bambu-jersey\/digitaalinen-painatus-bambusta-dragon-10\/"]}]},{"@type":"ImageObject","inLanguage":"fi","@id":"https:\/\/jydsk-stoflager.dk\/fi\/butik\/bambu-jersey\/digitaalinen-painatus-bambusta-dragon-10\/#primaryimage","url":"https:\/\/jydsk-stoflager.dk\/wp-content\/uploads\/2024\/01\/Dragon-design-10-measurement.jpg","contentUrl":"https:\/\/jydsk-stoflager.dk\/wp-content\/uploads\/2024\/01\/Dragon-design-10-measurement.jpg","width":900,"height":900},{"@type":"BreadcrumbList","@id":"https:\/\/jydsk-stoflager.dk\/fi\/butik\/bambu-jersey\/digitaalinen-painatus-bambusta-dragon-10\/#breadcrumb","itemListElement":[{"@type":"ListItem","position":1,"name":"Hjem","item":"https:\/\/jydsk-stoflager.dk\/fi\/"},{"@type":"ListItem","position":2,"name":"Myym\u00e4l\u00e4","item":"https:\/\/jydsk-stoflager.dk\/fi\/myymaelae\/"},{"@type":"ListItem","position":3,"name":"Digitaalinen painatus bambusta &#8211; Dragon 10"}]},{"@type":"WebSite","@id":"https:\/\/jydsk-stoflager.dk\/fi\/#website","url":"https:\/\/jydsk-stoflager.dk\/fi\/","name":"Jydsk Stoflager","description":"Jydsk Stoflager \u2013 stof til din forretning, kvalitet til dit brand","publisher":{"@id":"https:\/\/jydsk-stoflager.dk\/fi\/#organization"},"alternateName":"Jydsk Stoflager","potentialAction":[{"@type":"SearchAction","target":{"@type":"EntryPoint","urlTemplate":"https:\/\/jydsk-stoflager.dk\/fi\/?s={search_term_string}"},"query-input":{"@type":"PropertyValueSpecification","valueRequired":true,"valueName":"search_term_string"}}],"inLanguage":"fi"},{"@type":"Organization","@id":"https:\/\/jydsk-stoflager.dk\/fi\/#organization","name":"Jydsk Stoflager","alternateName":"Jydsk Stoflager","url":"https:\/\/jydsk-stoflager.dk\/fi\/","logo":{"@type":"ImageObject","inLanguage":"fi","@id":"https:\/\/jydsk-stoflager.dk\/fi\/#\/schema\/logo\/image\/","url":"https:\/\/jydsk-stoflager.dk\/wp-content\/uploads\/2024\/04\/Jydsk-stoflager-logo-facebook-kopi.png","contentUrl":"https:\/\/jydsk-stoflager.dk\/wp-content\/uploads\/2024\/04\/Jydsk-stoflager-logo-facebook-kopi.png","width":300,"height":300,"caption":"Jydsk Stoflager"},"image":{"@id":"https:\/\/jydsk-stoflager.dk\/fi\/#\/schema\/logo\/image\/"},"sameAs":["https:\/\/www.facebook.com\/jydskstoflager","https:\/\/www.instagram.com\/jydskstoflager\/"],"hasMerchantReturnPolicy":{"@type":"MerchantReturnPolicy","merchantReturnLink":"https:\/\/jydsk-stoflager.dk\/handelsbetingelser\/"}}]},"og_availability":"instock","product_availability":"instock","product_retailer_item_id":"GSB2311-028","product_condition":"new"},"_links":{"self":[{"href":"https:\/\/jydsk-stoflager.dk\/fi\/wp-json\/wp\/v2\/product\/603341","targetHints":{"allow":["GET"]}}],"collection":[{"href":"https:\/\/jydsk-stoflager.dk\/fi\/wp-json\/wp\/v2\/product"}],"about":[{"href":"https:\/\/jydsk-stoflager.dk\/fi\/wp-json\/wp\/v2\/types\/product"}],"replies":[{"embeddable":true,"href":"https:\/\/jydsk-stoflager.dk\/fi\/wp-json\/wp\/v2\/comments?post=603341"}],"wp:featuredmedia":[{"embeddable":true,"href":"https:\/\/jydsk-stoflager.dk\/fi\/wp-json\/wp\/v2\/media\/603346"}],"wp:attachment":[{"href":"https:\/\/jydsk-stoflager.dk\/fi\/wp-json\/wp\/v2\/media?parent=603341"}],"wp:term":[{"taxonomy":"product_brand","embeddable":true,"href":"https:\/\/jydsk-stoflager.dk\/fi\/wp-json\/wp\/v2\/product_brand?post=603341"},{"taxonomy":"product_cat","embeddable":true,"href":"https:\/\/jydsk-stoflager.dk\/fi\/wp-json\/wp\/v2\/product_cat?post=603341"},{"taxonomy":"product_tag","embeddable":true,"href":"https:\/\/jydsk-stoflager.dk\/fi\/wp-json\/wp\/v2\/product_tag?post=603341"}],"curies":[{"name":"wp","href":"https:\/\/api.w.org\/{rel}","templated":true}]}}