{"id":603179,"date":"2023-11-14T14:40:31","date_gmt":"2023-11-14T13:40:31","guid":{"rendered":"https:\/\/jydsk-stoflager.dk\/butik\/Ei-luokiteltu\/italialainen-villahuopa-viininpunainen\/"},"modified":"2026-03-05T12:43:06","modified_gmt":"2026-03-05T11:43:06","slug":"italialainen-villahuopa-viininpunainen","status":"publish","type":"product","link":"https:\/\/jydsk-stoflager.dk\/fi\/butik\/villa\/keitetty-villa\/italialainen-villahuopa-viininpunainen\/","title":{"rendered":"Italialainen villahuopa &#8211; viininpunainen"},"content":{"rendered":"<p>T\u00e4m\u00e4 ylellinen villahuopa tarjoaa t\u00e4ydellist\u00e4 l\u00e4mp\u00f6\u00e4 ja mukavuutta viininpunaisessa s\u00e4vyss\u00e4\u00e4n. Etupuoli on valmistettu 100% aitoa villaa, joka antaa huovalle pehme\u00e4n ja ylellisen tunnun, kun taas taustapuolen 100% polyesteri tuo tuotteeseen kest\u00e4vyytt\u00e4. Kokonaiskoostumukseltaan 80% villaa ja 20% polyesteri\u00e4, huopa yhdist\u00e4\u00e4 luonnonkuidun l\u00e4mm\u00f6nerist\u00e4vyyden ja synteettisen materiaalin k\u00e4yt\u00e4nn\u00f6llisyyden. 280 g\/m\u00b2 painollaan se on ihanteellinen <a href=\"https:\/\/jydsk-stoflager.dk\/fi\/butik\/product_cat\/villa\/\">villakankaiden<\/a> yst\u00e4ville, jotka arvostavat kest\u00e4v\u00e4\u00e4 laatua.<\/p>\n<p>150 cm leve\u00e4n\u00e4 huopa soveltuu monipuolisesti erilaisiin projekteihin. Se on erinomainen valinta sek\u00e4 sisustukseen ett\u00e4 vaatetukseen. Voit k\u00e4ytt\u00e4\u00e4 sit\u00e4 tyylikk\u00e4\u00e4n\u00e4 sohvanp\u00e4\u00e4llisen\u00e4, l\u00e4mp\u00f6isen\u00e4 vuodepeittona tai leikata siit\u00e4 <a href=\"https:\/\/jydsk-stoflager.dk\/fi\/butik\/product_cat\/villa\/takki-villaa\/\">takkikankaan<\/a> talven kylmimpi\u00e4 p\u00e4ivi\u00e4 varten. Syv\u00e4 viininpunainen s\u00e4vy tuo l\u00e4mp\u00f6\u00e4 ja eleganssia mihin tahansa tilaan tai asuun.<\/p>\n<p>Materiaali on <a href=\"https:\/\/jydsk-stoflager.dk\/fi\/butik\/product_cat\/villa\/keitetty-villa\/\">keitetyn villan<\/a> tapaan miellytt\u00e4v\u00e4 ihoa vasten eik\u00e4 tunnu kutittavalta. Se soveltuu erinomaisesti my\u00f6s ponchon, viitan tai huivin valmistukseen. <a href=\"https:\/\/jydsk-stoflager.dk\/fi\/butik\/product_cat\/muoti-kangas\/\">Muotikankaana<\/a> se on ajaton valinta, joka ei koskaan mene pois tyylist\u00e4. Huolellisella hoidolla t\u00e4m\u00e4 <a href=\"https:\/\/jydsk-stoflager.dk\/fi\/butik\/product_cat\/muoti-kangas\/kiinteae-kangas\/\">kiinte\u00e4 kangas<\/a> kest\u00e4\u00e4 vuosikausia s\u00e4ilytt\u00e4en kauniin ulkon\u00e4k\u00f6ns\u00e4 ja l\u00e4mm\u00f6npid\u00e4tyskykyns\u00e4.<\/p>\n","protected":false},"excerpt":{"rendered":"<table id=\"tablepress-175-no-16\" class=\"tablepress tablepress-id-175\">\n<caption style=\"caption-side:bottom;text-align:left;border:none;background:none;margin:0;padding:0\"><a href=\"https:\/\/jydsk-stoflager.dk\/wp-admin\/admin.php?page=tablepress&#038;action=edit&#038;table_id=175\" rel=\"nofollow\">Muokkaa<\/a><\/caption>\n<thead>\n<tr class=\"row-1\">\n<th class=\"column-1\">Laatu <\/th>\n<th class=\"column-2\">80% villa 20% polyesteri<\/th>\n<\/tr>\n<\/thead>\n<tbody class=\"row-striping row-hover\">\n<tr class=\"row-2\">\n<td class=\"column-1\">Forsiden <\/td>\n<td class=\"column-2\">100% villa<\/td>\n<\/tr>\n<tr class=\"row-3\">\n<td class=\"column-1\">Bagsiden<\/td>\n<td class=\"column-2\">100% polyesteri<\/td>\n<\/tr>\n<tr class=\"row-4\">\n<td class=\"column-1\">Sertifiointi <\/td>\n<td class=\"column-2\"><\/td>\n<\/tr>\n<tr class=\"row-5\">\n<td class=\"column-1\">Pesuohje <\/td>\n<td class=\"column-2\"><a href=\"https:\/\/jydsk-stoflager.dk\/wp-content\/uploads\/2019\/09\/Washing-instructions-4.png\"><img decoding=\"async\" src=\"https:\/\/jydsk-stoflager.dk\/wp-content\/uploads\/2019\/09\/Washing-instructions-4.png\" alt=\"\" width=\"176\" height=\"53\" class=\"alignnone size-full wp-image-25811\" \/><\/a><\/td>\n<\/tr>\n<tr class=\"row-6\">\n<td class=\"column-1\">Paino <\/td>\n<td class=\"column-2\">280 g\/m\u00b2<\/td>\n<\/tr>\n<tr class=\"row-7\">\n<td class=\"column-1\">Leveys <\/td>\n<td class=\"column-2\">150 cm<\/td>\n<\/tr>\n<\/tbody>\n<\/table>\n","protected":false},"featured_media":603181,"comment_status":"open","ping_status":"closed","template":"","meta":{"_yoast_wpseo_focuskw":"","_yoast_wpseo_title":"","_yoast_wpseo_metadesc":"Onko sinulla yritys ja tarvitset kangasta tai tarvikkeita? Rekister\u00f6idy jo t\u00e4n\u00e4\u00e4n ja hanki Italian Wool Felt - Wine Red tukkuhintaan. sinulle taataan parhaat hinnat."},"product_brand":[],"product_cat":[1303,1304,1425],"product_tag":[],"class_list":{"0":"post-603179","1":"product","2":"type-product","3":"status-publish","4":"has-post-thumbnail","6":"product_cat-gots-fi","7":"product_cat-kangas-uutiset","8":"product_cat-keitetty-villa","9":"pa_egenskaber-pehmeae","10":"pa_farve-punainen","11":"pa_farve-viini","12":"pa_jersey-fast-melkein","13":"pa_laengde-1-m-fi","14":"pa_laengde-10-m-fi","15":"pa_laengde-50-m-fi","16":"pa_materialer-villa","18":"first","19":"instock","20":"taxable","21":"shipping-taxable","22":"purchasable","23":"product-type-variable"},"yoast_head":"<!-- This site is optimized with the Yoast SEO plugin v27.5 - https:\/\/yoast.com\/product\/yoast-seo-wordpress\/ -->\n<title>Italialainen villahuopa - viininpunainen - Jydsk stoflager<\/title>\n<meta name=\"description\" content=\"Onko sinulla yritys ja tarvitset kangasta tai tarvikkeita? Rekister\u00f6idy jo t\u00e4n\u00e4\u00e4n ja hanki Italian Wool Felt - Wine Red tukkuhintaan. sinulle taataan parhaat hinnat.\" \/>\n<meta name=\"robots\" content=\"index, follow, max-snippet:-1, max-image-preview:large, max-video-preview:-1\" \/>\n<link rel=\"canonical\" href=\"https:\/\/jydsk-stoflager.dk\/fi\/butik\/villa\/keitetty-villa\/italialainen-villahuopa-viininpunainen\/\" \/>\n<meta property=\"og:locale\" content=\"fi_FI\" \/>\n<meta property=\"og:type\" content=\"article\" \/>\n<meta property=\"og:title\" content=\"Italialainen villahuopa - viininpunainen - Jydsk stoflager\" \/>\n<meta property=\"og:description\" content=\"Onko sinulla yritys ja tarvitset kangasta tai tarvikkeita? Rekister\u00f6idy jo t\u00e4n\u00e4\u00e4n ja hanki Italian Wool Felt - Wine Red tukkuhintaan. sinulle taataan parhaat hinnat.\" \/>\n<meta property=\"og:url\" content=\"https:\/\/jydsk-stoflager.dk\/fi\/butik\/villa\/keitetty-villa\/italialainen-villahuopa-viininpunainen\/\" \/>\n<meta property=\"og:site_name\" content=\"Jydsk stoflager\" \/>\n<meta property=\"article:publisher\" content=\"https:\/\/www.facebook.com\/jydskstoflager\" \/>\n<meta property=\"article:modified_time\" content=\"2026-03-05T11:43:06+00:00\" \/>\n<meta property=\"og:image\" content=\"https:\/\/jydsk-stoflager.dk\/wp-content\/uploads\/2024\/06\/Italiensk-uld-bordeaux-116\u00a8.jpg\" \/>\n\t<meta property=\"og:image:width\" content=\"1000\" \/>\n\t<meta property=\"og:image:height\" content=\"1000\" \/>\n\t<meta property=\"og:image:type\" content=\"image\/jpeg\" \/>\n<meta name=\"twitter:card\" content=\"summary_large_image\" \/>\n<meta name=\"twitter:label1\" content=\"Saatavuus\" \/>\n\t<meta name=\"twitter:data1\" content=\"Varastossa\" \/>\n<script type=\"application\/ld+json\" class=\"yoast-schema-graph\">{\"@context\":\"https:\\\/\\\/schema.org\",\"@graph\":[{\"@type\":\"WebPage\",\"@id\":\"https:\\\/\\\/jydsk-stoflager.dk\\\/fi\\\/butik\\\/villa\\\/keitetty-villa\\\/italialainen-villahuopa-viininpunainen\\\/\",\"url\":\"https:\\\/\\\/jydsk-stoflager.dk\\\/fi\\\/butik\\\/villa\\\/keitetty-villa\\\/italialainen-villahuopa-viininpunainen\\\/\",\"name\":\"Italialainen villahuopa - viininpunainen - Jydsk stoflager\",\"isPartOf\":{\"@id\":\"https:\\\/\\\/jydsk-stoflager.dk\\\/fi\\\/#website\"},\"primaryImageOfPage\":{\"@id\":\"https:\\\/\\\/jydsk-stoflager.dk\\\/fi\\\/butik\\\/villa\\\/keitetty-villa\\\/italialainen-villahuopa-viininpunainen\\\/#primaryimage\"},\"image\":{\"@id\":\"https:\\\/\\\/jydsk-stoflager.dk\\\/fi\\\/butik\\\/villa\\\/keitetty-villa\\\/italialainen-villahuopa-viininpunainen\\\/#primaryimage\"},\"thumbnailUrl\":\"https:\\\/\\\/jydsk-stoflager.dk\\\/wp-content\\\/uploads\\\/2024\\\/06\\\/Italiensk-uld-bordeaux-116\u00a8.jpg\",\"datePublished\":\"2023-11-14T13:40:31+00:00\",\"dateModified\":\"2026-03-05T11:43:06+00:00\",\"description\":\"Onko sinulla yritys ja tarvitset kangasta tai tarvikkeita? Rekister\u00f6idy jo t\u00e4n\u00e4\u00e4n ja hanki Italian Wool Felt - Wine Red tukkuhintaan. sinulle taataan parhaat hinnat.\",\"breadcrumb\":{\"@id\":\"https:\\\/\\\/jydsk-stoflager.dk\\\/fi\\\/butik\\\/villa\\\/keitetty-villa\\\/italialainen-villahuopa-viininpunainen\\\/#breadcrumb\"},\"inLanguage\":\"fi\",\"potentialAction\":[{\"@type\":\"ReadAction\",\"target\":[\"https:\\\/\\\/jydsk-stoflager.dk\\\/fi\\\/butik\\\/villa\\\/keitetty-villa\\\/italialainen-villahuopa-viininpunainen\\\/\"]}]},{\"@type\":\"ImageObject\",\"inLanguage\":\"fi\",\"@id\":\"https:\\\/\\\/jydsk-stoflager.dk\\\/fi\\\/butik\\\/villa\\\/keitetty-villa\\\/italialainen-villahuopa-viininpunainen\\\/#primaryimage\",\"url\":\"https:\\\/\\\/jydsk-stoflager.dk\\\/wp-content\\\/uploads\\\/2024\\\/06\\\/Italiensk-uld-bordeaux-116\u00a8.jpg\",\"contentUrl\":\"https:\\\/\\\/jydsk-stoflager.dk\\\/wp-content\\\/uploads\\\/2024\\\/06\\\/Italiensk-uld-bordeaux-116\u00a8.jpg\",\"width\":1000,\"height\":1000},{\"@type\":\"BreadcrumbList\",\"@id\":\"https:\\\/\\\/jydsk-stoflager.dk\\\/fi\\\/butik\\\/villa\\\/keitetty-villa\\\/italialainen-villahuopa-viininpunainen\\\/#breadcrumb\",\"itemListElement\":[{\"@type\":\"ListItem\",\"position\":1,\"name\":\"Hjem\",\"item\":\"https:\\\/\\\/jydsk-stoflager.dk\\\/fi\\\/\"},{\"@type\":\"ListItem\",\"position\":2,\"name\":\"Myym\u00e4l\u00e4\",\"item\":\"https:\\\/\\\/jydsk-stoflager.dk\\\/fi\\\/myymaelae\\\/\"},{\"@type\":\"ListItem\",\"position\":3,\"name\":\"Italialainen villahuopa &#8211; viininpunainen\"}]},{\"@type\":\"WebSite\",\"@id\":\"https:\\\/\\\/jydsk-stoflager.dk\\\/fi\\\/#website\",\"url\":\"https:\\\/\\\/jydsk-stoflager.dk\\\/fi\\\/\",\"name\":\"Jydsk Stoflager\",\"description\":\"Jydsk Stoflager \u2013 stof til din forretning, kvalitet til dit brand\",\"publisher\":{\"@id\":\"https:\\\/\\\/jydsk-stoflager.dk\\\/fi\\\/#organization\"},\"alternateName\":\"Jydsk Stoflager\",\"potentialAction\":[{\"@type\":\"SearchAction\",\"target\":{\"@type\":\"EntryPoint\",\"urlTemplate\":\"https:\\\/\\\/jydsk-stoflager.dk\\\/fi\\\/?s={search_term_string}\"},\"query-input\":{\"@type\":\"PropertyValueSpecification\",\"valueRequired\":true,\"valueName\":\"search_term_string\"}}],\"inLanguage\":\"fi\"},{\"@type\":\"Organization\",\"@id\":\"https:\\\/\\\/jydsk-stoflager.dk\\\/fi\\\/#organization\",\"name\":\"Jydsk Stoflager\",\"alternateName\":\"Jydsk Stoflager\",\"url\":\"https:\\\/\\\/jydsk-stoflager.dk\\\/fi\\\/\",\"logo\":{\"@type\":\"ImageObject\",\"inLanguage\":\"fi\",\"@id\":\"https:\\\/\\\/jydsk-stoflager.dk\\\/fi\\\/#\\\/schema\\\/logo\\\/image\\\/\",\"url\":\"https:\\\/\\\/jydsk-stoflager.dk\\\/wp-content\\\/uploads\\\/2024\\\/04\\\/Jydsk-stoflager-logo-facebook-kopi.png\",\"contentUrl\":\"https:\\\/\\\/jydsk-stoflager.dk\\\/wp-content\\\/uploads\\\/2024\\\/04\\\/Jydsk-stoflager-logo-facebook-kopi.png\",\"width\":300,\"height\":300,\"caption\":\"Jydsk Stoflager\"},\"image\":{\"@id\":\"https:\\\/\\\/jydsk-stoflager.dk\\\/fi\\\/#\\\/schema\\\/logo\\\/image\\\/\"},\"sameAs\":[\"https:\\\/\\\/www.facebook.com\\\/jydskstoflager\",\"https:\\\/\\\/www.instagram.com\\\/jydskstoflager\\\/\"],\"hasMerchantReturnPolicy\":{\"@type\":\"MerchantReturnPolicy\",\"merchantReturnLink\":\"https:\\\/\\\/jydsk-stoflager.dk\\\/handelsbetingelser\\\/\"}}]}<\/script>\n<meta property=\"og:availability\" content=\"instock\" \/>\n<meta property=\"product:availability\" content=\"instock\" \/>\n<meta property=\"product:retailer_item_id\" content=\"KU-2401-116\" \/>\n<meta property=\"product:condition\" content=\"new\" \/>\n<!-- \/ Yoast SEO plugin. -->","yoast_head_json":{"title":"Italialainen villahuopa - viininpunainen - Jydsk stoflager","description":"Onko sinulla yritys ja tarvitset kangasta tai tarvikkeita? Rekister\u00f6idy jo t\u00e4n\u00e4\u00e4n ja hanki Italian Wool Felt - Wine Red tukkuhintaan. sinulle taataan parhaat hinnat.","robots":{"index":"index","follow":"follow","max-snippet":"max-snippet:-1","max-image-preview":"max-image-preview:large","max-video-preview":"max-video-preview:-1"},"canonical":"https:\/\/jydsk-stoflager.dk\/fi\/butik\/villa\/keitetty-villa\/italialainen-villahuopa-viininpunainen\/","og_locale":"fi_FI","og_type":"article","og_title":"Italialainen villahuopa - viininpunainen - Jydsk stoflager","og_description":"Onko sinulla yritys ja tarvitset kangasta tai tarvikkeita? Rekister\u00f6idy jo t\u00e4n\u00e4\u00e4n ja hanki Italian Wool Felt - Wine Red tukkuhintaan. sinulle taataan parhaat hinnat.","og_url":"https:\/\/jydsk-stoflager.dk\/fi\/butik\/villa\/keitetty-villa\/italialainen-villahuopa-viininpunainen\/","og_site_name":"Jydsk stoflager","article_publisher":"https:\/\/www.facebook.com\/jydskstoflager","article_modified_time":"2026-03-05T11:43:06+00:00","og_image":[{"width":1000,"height":1000,"url":"https:\/\/jydsk-stoflager.dk\/wp-content\/uploads\/2024\/06\/Italiensk-uld-bordeaux-116\u00a8.jpg","type":"image\/jpeg"}],"twitter_card":"summary_large_image","twitter_misc":{"Saatavuus":"Varastossa"},"schema":{"@context":"https:\/\/schema.org","@graph":[{"@type":"WebPage","@id":"https:\/\/jydsk-stoflager.dk\/fi\/butik\/villa\/keitetty-villa\/italialainen-villahuopa-viininpunainen\/","url":"https:\/\/jydsk-stoflager.dk\/fi\/butik\/villa\/keitetty-villa\/italialainen-villahuopa-viininpunainen\/","name":"Italialainen villahuopa - viininpunainen - Jydsk stoflager","isPartOf":{"@id":"https:\/\/jydsk-stoflager.dk\/fi\/#website"},"primaryImageOfPage":{"@id":"https:\/\/jydsk-stoflager.dk\/fi\/butik\/villa\/keitetty-villa\/italialainen-villahuopa-viininpunainen\/#primaryimage"},"image":{"@id":"https:\/\/jydsk-stoflager.dk\/fi\/butik\/villa\/keitetty-villa\/italialainen-villahuopa-viininpunainen\/#primaryimage"},"thumbnailUrl":"https:\/\/jydsk-stoflager.dk\/wp-content\/uploads\/2024\/06\/Italiensk-uld-bordeaux-116\u00a8.jpg","datePublished":"2023-11-14T13:40:31+00:00","dateModified":"2026-03-05T11:43:06+00:00","description":"Onko sinulla yritys ja tarvitset kangasta tai tarvikkeita? Rekister\u00f6idy jo t\u00e4n\u00e4\u00e4n ja hanki Italian Wool Felt - Wine Red tukkuhintaan. sinulle taataan parhaat hinnat.","breadcrumb":{"@id":"https:\/\/jydsk-stoflager.dk\/fi\/butik\/villa\/keitetty-villa\/italialainen-villahuopa-viininpunainen\/#breadcrumb"},"inLanguage":"fi","potentialAction":[{"@type":"ReadAction","target":["https:\/\/jydsk-stoflager.dk\/fi\/butik\/villa\/keitetty-villa\/italialainen-villahuopa-viininpunainen\/"]}]},{"@type":"ImageObject","inLanguage":"fi","@id":"https:\/\/jydsk-stoflager.dk\/fi\/butik\/villa\/keitetty-villa\/italialainen-villahuopa-viininpunainen\/#primaryimage","url":"https:\/\/jydsk-stoflager.dk\/wp-content\/uploads\/2024\/06\/Italiensk-uld-bordeaux-116\u00a8.jpg","contentUrl":"https:\/\/jydsk-stoflager.dk\/wp-content\/uploads\/2024\/06\/Italiensk-uld-bordeaux-116\u00a8.jpg","width":1000,"height":1000},{"@type":"BreadcrumbList","@id":"https:\/\/jydsk-stoflager.dk\/fi\/butik\/villa\/keitetty-villa\/italialainen-villahuopa-viininpunainen\/#breadcrumb","itemListElement":[{"@type":"ListItem","position":1,"name":"Hjem","item":"https:\/\/jydsk-stoflager.dk\/fi\/"},{"@type":"ListItem","position":2,"name":"Myym\u00e4l\u00e4","item":"https:\/\/jydsk-stoflager.dk\/fi\/myymaelae\/"},{"@type":"ListItem","position":3,"name":"Italialainen villahuopa &#8211; viininpunainen"}]},{"@type":"WebSite","@id":"https:\/\/jydsk-stoflager.dk\/fi\/#website","url":"https:\/\/jydsk-stoflager.dk\/fi\/","name":"Jydsk Stoflager","description":"Jydsk Stoflager \u2013 stof til din forretning, kvalitet til dit brand","publisher":{"@id":"https:\/\/jydsk-stoflager.dk\/fi\/#organization"},"alternateName":"Jydsk Stoflager","potentialAction":[{"@type":"SearchAction","target":{"@type":"EntryPoint","urlTemplate":"https:\/\/jydsk-stoflager.dk\/fi\/?s={search_term_string}"},"query-input":{"@type":"PropertyValueSpecification","valueRequired":true,"valueName":"search_term_string"}}],"inLanguage":"fi"},{"@type":"Organization","@id":"https:\/\/jydsk-stoflager.dk\/fi\/#organization","name":"Jydsk Stoflager","alternateName":"Jydsk Stoflager","url":"https:\/\/jydsk-stoflager.dk\/fi\/","logo":{"@type":"ImageObject","inLanguage":"fi","@id":"https:\/\/jydsk-stoflager.dk\/fi\/#\/schema\/logo\/image\/","url":"https:\/\/jydsk-stoflager.dk\/wp-content\/uploads\/2024\/04\/Jydsk-stoflager-logo-facebook-kopi.png","contentUrl":"https:\/\/jydsk-stoflager.dk\/wp-content\/uploads\/2024\/04\/Jydsk-stoflager-logo-facebook-kopi.png","width":300,"height":300,"caption":"Jydsk Stoflager"},"image":{"@id":"https:\/\/jydsk-stoflager.dk\/fi\/#\/schema\/logo\/image\/"},"sameAs":["https:\/\/www.facebook.com\/jydskstoflager","https:\/\/www.instagram.com\/jydskstoflager\/"],"hasMerchantReturnPolicy":{"@type":"MerchantReturnPolicy","merchantReturnLink":"https:\/\/jydsk-stoflager.dk\/handelsbetingelser\/"}}]},"og_availability":"instock","product_availability":"instock","product_retailer_item_id":"KU-2401-116","product_condition":"new"},"_links":{"self":[{"href":"https:\/\/jydsk-stoflager.dk\/fi\/wp-json\/wp\/v2\/product\/603179","targetHints":{"allow":["GET"]}}],"collection":[{"href":"https:\/\/jydsk-stoflager.dk\/fi\/wp-json\/wp\/v2\/product"}],"about":[{"href":"https:\/\/jydsk-stoflager.dk\/fi\/wp-json\/wp\/v2\/types\/product"}],"replies":[{"embeddable":true,"href":"https:\/\/jydsk-stoflager.dk\/fi\/wp-json\/wp\/v2\/comments?post=603179"}],"wp:featuredmedia":[{"embeddable":true,"href":"https:\/\/jydsk-stoflager.dk\/fi\/wp-json\/wp\/v2\/media\/603181"}],"wp:attachment":[{"href":"https:\/\/jydsk-stoflager.dk\/fi\/wp-json\/wp\/v2\/media?parent=603179"}],"wp:term":[{"taxonomy":"product_brand","embeddable":true,"href":"https:\/\/jydsk-stoflager.dk\/fi\/wp-json\/wp\/v2\/product_brand?post=603179"},{"taxonomy":"product_cat","embeddable":true,"href":"https:\/\/jydsk-stoflager.dk\/fi\/wp-json\/wp\/v2\/product_cat?post=603179"},{"taxonomy":"product_tag","embeddable":true,"href":"https:\/\/jydsk-stoflager.dk\/fi\/wp-json\/wp\/v2\/product_tag?post=603179"}],"curies":[{"name":"wp","href":"https:\/\/api.w.org\/{rel}","templated":true}]}}