{"id":603013,"date":"2023-11-09T13:24:38","date_gmt":"2023-11-09T12:24:38","guid":{"rendered":"https:\/\/jydsk-stoflager.dk\/butik\/Ei-luokiteltu\/bi-stretch-oliivi\/"},"modified":"2026-03-05T12:46:45","modified_gmt":"2026-03-05T11:46:45","slug":"bi-stretch-oliivi","status":"publish","type":"product","link":"https:\/\/jydsk-stoflager.dk\/fi\/butik\/muoti-kangas\/bi-stretch-fi\/bi-stretch-oliivi\/","title":{"rendered":"Bi-stretch &#8211; Oliivi"},"content":{"rendered":"<p>T\u00e4m\u00e4 oliivins\u00e4vyinen <a href=\"https:\/\/jydsk-stoflager.dk\/fi\/butik\/product_cat\/muoti-kangas\/bi-stretch-fi\/\">bi-stretch kangas<\/a> tarjoaa erinomaisen joustavuuden ja mukavuuden kaikkiin ompeluhankkeitasi varten. Kevyt 170 g\/m\u00b2 paino tekee siit\u00e4 ihanteellisen moniin k\u00e4ytt\u00f6tarkoituksiin, kuten housuihin, hameisiin ja takkeihin. Sen 150 cm leveys mahdollistaa tehokkaan leikkaamisen, joten voit helposti toteuttaa suurempiakin ompeluprojekteja.<\/p>\n<p>Kest\u00e4v\u00e4 polyesterimateriaali s\u00e4ilytt\u00e4\u00e4 muotonsa erinomaisesti ja kest\u00e4\u00e4 kulutusta p\u00e4ivitt\u00e4isess\u00e4 k\u00e4yt\u00f6ss\u00e4. Kangas on helppohoitoinen &#8211; voit pest\u00e4 sen 30 asteen l\u00e4mp\u00f6tilassa, mik\u00e4 tekee siit\u00e4 k\u00e4yt\u00e4nn\u00f6llisen vaihtoehdon aktiiviseen el\u00e4m\u00e4ntyyliin. Tyylik\u00e4s oliivin s\u00e4vy sopii erityisen hyvin syksyn ja talven vaatekokoelmiin, mutta toimii my\u00f6s ajattomana v\u00e4rivaihtoehtona ymp\u00e4ri vuoden.<\/p>\n<p>Joustava rakenne takaa, ett\u00e4 vaatteet liikkuvat mukavasti kehon mukana, tehden t\u00e4st\u00e4 kankaasta t\u00e4ydellisen <a href=\"https:\/\/jydsk-stoflager.dk\/fi\/butik\/product_cat\/jersey-kangas\/lenkkeily\/\">urheiluvaatteiden<\/a> ja arkiasusteiden valmistukseen. Yhdist\u00e4 t\u00e4m\u00e4 <a href=\"https:\/\/jydsk-stoflager.dk\/fi\/butik\/product_cat\/muoti-kangas\/\">muotikangas<\/a> muihin materiaaleihin, kuten <a href=\"https:\/\/jydsk-stoflager.dk\/fi\/butik\/product_cat\/muoti-kangas\/denim-fi\/\">denimiin<\/a> tai <a href=\"https:\/\/jydsk-stoflager.dk\/fi\/butik\/product_cat\/jersey-kangas\/\">jerseykankaisiin<\/a> luodaksesi mielenkiintoisia kontrasteja ja kerroksia asukokonaisuuksiisi.<\/p>\n","protected":false},"excerpt":{"rendered":"<table id=\"tablepress-168\" class=\"tablepress tablepress-id-168\">\n<caption style=\"caption-side:bottom;text-align:left;border:none;background:none;margin:0;padding:0\"><a href=\"https:\/\/jydsk-stoflager.dk\/wp-admin\/admin.php?page=tablepress&#038;action=edit&#038;table_id=168\" rel=\"nofollow\">Muokkaa<\/a><\/caption>\n<thead>\n<tr class=\"row-1\">\n<th class=\"column-1\">Laatu <\/th>\n<th class=\"column-2\">100% polyesteri<\/th>\n<\/tr>\n<\/thead>\n<tbody class=\"row-striping row-hover\">\n<tr class=\"row-2\">\n<td class=\"column-1\">Pesuohje <\/td>\n<td class=\"column-2\"><a href=\"https:\/\/jydsk-stoflager.dk\/wp-content\/uploads\/2019\/09\/Washing-instructions-30-2.png\"><img decoding=\"async\" src=\"https:\/\/jydsk-stoflager.dk\/wp-content\/uploads\/2019\/09\/Washing-instructions-30-2.png\" alt=\"\" width=\"178\" height=\"56\" class=\"alignnone size-full wp-image-25807\" \/><\/a><\/td>\n<\/tr>\n<tr class=\"row-3\">\n<td class=\"column-1\">Paino <\/td>\n<td class=\"column-2\">170 g\/m\u00b2<\/td>\n<\/tr>\n<tr class=\"row-4\">\n<td class=\"column-1\">Leveys <\/td>\n<td class=\"column-2\">150 cm<\/td>\n<\/tr>\n<\/tbody>\n<\/table>\n","protected":false},"featured_media":603015,"comment_status":"open","ping_status":"closed","template":"","meta":{"_yoast_wpseo_focuskw":"","_yoast_wpseo_title":"","_yoast_wpseo_metadesc":"Onko sinulla yritys ja tarvitset kangasta tai tarvikkeita? Rekister\u00f6idy t\u00e4n\u00e4\u00e4n ja hanki Bee Stretch - Olive tukkuhintaan. sinulle taataan parhaat hinnat."},"product_brand":[],"product_cat":[1454],"product_tag":[],"class_list":{"0":"post-603013","1":"product","2":"type-product","3":"status-publish","4":"has-post-thumbnail","6":"product_cat-bi-stretch-fi","7":"pa_egenskaber-vaatteet","8":"pa_jersey-fast-melkein","9":"pa_laengde-1-m-fi","10":"pa_laengde-10-m-fi","11":"pa_laengde-50-m-fi","12":"pa_materialer-polyesteri-fi","14":"first","15":"instock","16":"taxable","17":"shipping-taxable","18":"purchasable","19":"product-type-variable"},"yoast_head":"<!-- This site is optimized with the Yoast SEO plugin v27.5 - https:\/\/yoast.com\/product\/yoast-seo-wordpress\/ -->\n<title>Bi-stretch - Oliivi - Jydsk stoflager<\/title>\n<meta name=\"description\" content=\"Onko sinulla yritys ja tarvitset kangasta tai tarvikkeita? Rekister\u00f6idy t\u00e4n\u00e4\u00e4n ja hanki Bee Stretch - Olive tukkuhintaan. sinulle taataan parhaat hinnat.\" \/>\n<meta name=\"robots\" content=\"index, follow, max-snippet:-1, max-image-preview:large, max-video-preview:-1\" \/>\n<link rel=\"canonical\" href=\"https:\/\/jydsk-stoflager.dk\/fi\/butik\/muoti-kangas\/bi-stretch-fi\/bi-stretch-oliivi\/\" \/>\n<meta property=\"og:locale\" content=\"fi_FI\" \/>\n<meta property=\"og:type\" content=\"article\" \/>\n<meta property=\"og:title\" content=\"Bi-stretch - Oliivi - Jydsk stoflager\" \/>\n<meta property=\"og:description\" content=\"Onko sinulla yritys ja tarvitset kangasta tai tarvikkeita? Rekister\u00f6idy t\u00e4n\u00e4\u00e4n ja hanki Bee Stretch - Olive tukkuhintaan. sinulle taataan parhaat hinnat.\" \/>\n<meta property=\"og:url\" content=\"https:\/\/jydsk-stoflager.dk\/fi\/butik\/muoti-kangas\/bi-stretch-fi\/bi-stretch-oliivi\/\" \/>\n<meta property=\"og:site_name\" content=\"Jydsk stoflager\" \/>\n<meta property=\"article:publisher\" content=\"https:\/\/www.facebook.com\/jydskstoflager\" \/>\n<meta property=\"article:modified_time\" content=\"2026-03-05T11:46:45+00:00\" \/>\n<meta property=\"og:image\" content=\"https:\/\/jydsk-stoflager.dk\/wp-content\/uploads\/2024\/01\/RS0008-059.jpg\" \/>\n\t<meta property=\"og:image:width\" content=\"1440\" \/>\n\t<meta property=\"og:image:height\" content=\"1440\" \/>\n\t<meta property=\"og:image:type\" content=\"image\/jpeg\" \/>\n<meta name=\"twitter:card\" content=\"summary_large_image\" \/>\n<meta name=\"twitter:label1\" content=\"Saatavuus\" \/>\n\t<meta name=\"twitter:data1\" content=\"Varastossa\" \/>\n<script type=\"application\/ld+json\" class=\"yoast-schema-graph\">{\"@context\":\"https:\\\/\\\/schema.org\",\"@graph\":[{\"@type\":\"WebPage\",\"@id\":\"https:\\\/\\\/jydsk-stoflager.dk\\\/fi\\\/butik\\\/muoti-kangas\\\/bi-stretch-fi\\\/bi-stretch-oliivi\\\/\",\"url\":\"https:\\\/\\\/jydsk-stoflager.dk\\\/fi\\\/butik\\\/muoti-kangas\\\/bi-stretch-fi\\\/bi-stretch-oliivi\\\/\",\"name\":\"Bi-stretch - Oliivi - Jydsk stoflager\",\"isPartOf\":{\"@id\":\"https:\\\/\\\/jydsk-stoflager.dk\\\/fi\\\/#website\"},\"primaryImageOfPage\":{\"@id\":\"https:\\\/\\\/jydsk-stoflager.dk\\\/fi\\\/butik\\\/muoti-kangas\\\/bi-stretch-fi\\\/bi-stretch-oliivi\\\/#primaryimage\"},\"image\":{\"@id\":\"https:\\\/\\\/jydsk-stoflager.dk\\\/fi\\\/butik\\\/muoti-kangas\\\/bi-stretch-fi\\\/bi-stretch-oliivi\\\/#primaryimage\"},\"thumbnailUrl\":\"https:\\\/\\\/jydsk-stoflager.dk\\\/wp-content\\\/uploads\\\/2024\\\/01\\\/RS0008-059.jpg\",\"datePublished\":\"2023-11-09T12:24:38+00:00\",\"dateModified\":\"2026-03-05T11:46:45+00:00\",\"description\":\"Onko sinulla yritys ja tarvitset kangasta tai tarvikkeita? Rekister\u00f6idy t\u00e4n\u00e4\u00e4n ja hanki Bee Stretch - Olive tukkuhintaan. sinulle taataan parhaat hinnat.\",\"breadcrumb\":{\"@id\":\"https:\\\/\\\/jydsk-stoflager.dk\\\/fi\\\/butik\\\/muoti-kangas\\\/bi-stretch-fi\\\/bi-stretch-oliivi\\\/#breadcrumb\"},\"inLanguage\":\"fi\",\"potentialAction\":[{\"@type\":\"ReadAction\",\"target\":[\"https:\\\/\\\/jydsk-stoflager.dk\\\/fi\\\/butik\\\/muoti-kangas\\\/bi-stretch-fi\\\/bi-stretch-oliivi\\\/\"]}]},{\"@type\":\"ImageObject\",\"inLanguage\":\"fi\",\"@id\":\"https:\\\/\\\/jydsk-stoflager.dk\\\/fi\\\/butik\\\/muoti-kangas\\\/bi-stretch-fi\\\/bi-stretch-oliivi\\\/#primaryimage\",\"url\":\"https:\\\/\\\/jydsk-stoflager.dk\\\/wp-content\\\/uploads\\\/2024\\\/01\\\/RS0008-059.jpg\",\"contentUrl\":\"https:\\\/\\\/jydsk-stoflager.dk\\\/wp-content\\\/uploads\\\/2024\\\/01\\\/RS0008-059.jpg\",\"width\":1440,\"height\":1440},{\"@type\":\"BreadcrumbList\",\"@id\":\"https:\\\/\\\/jydsk-stoflager.dk\\\/fi\\\/butik\\\/muoti-kangas\\\/bi-stretch-fi\\\/bi-stretch-oliivi\\\/#breadcrumb\",\"itemListElement\":[{\"@type\":\"ListItem\",\"position\":1,\"name\":\"Hjem\",\"item\":\"https:\\\/\\\/jydsk-stoflager.dk\\\/fi\\\/\"},{\"@type\":\"ListItem\",\"position\":2,\"name\":\"Myym\u00e4l\u00e4\",\"item\":\"https:\\\/\\\/jydsk-stoflager.dk\\\/fi\\\/myymaelae\\\/\"},{\"@type\":\"ListItem\",\"position\":3,\"name\":\"Bi-stretch &#8211; Oliivi\"}]},{\"@type\":\"WebSite\",\"@id\":\"https:\\\/\\\/jydsk-stoflager.dk\\\/fi\\\/#website\",\"url\":\"https:\\\/\\\/jydsk-stoflager.dk\\\/fi\\\/\",\"name\":\"Jydsk Stoflager\",\"description\":\"Jydsk Stoflager \u2013 stof til din forretning, kvalitet til dit brand\",\"publisher\":{\"@id\":\"https:\\\/\\\/jydsk-stoflager.dk\\\/fi\\\/#organization\"},\"alternateName\":\"Jydsk Stoflager\",\"potentialAction\":[{\"@type\":\"SearchAction\",\"target\":{\"@type\":\"EntryPoint\",\"urlTemplate\":\"https:\\\/\\\/jydsk-stoflager.dk\\\/fi\\\/?s={search_term_string}\"},\"query-input\":{\"@type\":\"PropertyValueSpecification\",\"valueRequired\":true,\"valueName\":\"search_term_string\"}}],\"inLanguage\":\"fi\"},{\"@type\":\"Organization\",\"@id\":\"https:\\\/\\\/jydsk-stoflager.dk\\\/fi\\\/#organization\",\"name\":\"Jydsk Stoflager\",\"alternateName\":\"Jydsk Stoflager\",\"url\":\"https:\\\/\\\/jydsk-stoflager.dk\\\/fi\\\/\",\"logo\":{\"@type\":\"ImageObject\",\"inLanguage\":\"fi\",\"@id\":\"https:\\\/\\\/jydsk-stoflager.dk\\\/fi\\\/#\\\/schema\\\/logo\\\/image\\\/\",\"url\":\"https:\\\/\\\/jydsk-stoflager.dk\\\/wp-content\\\/uploads\\\/2024\\\/04\\\/Jydsk-stoflager-logo-facebook-kopi.png\",\"contentUrl\":\"https:\\\/\\\/jydsk-stoflager.dk\\\/wp-content\\\/uploads\\\/2024\\\/04\\\/Jydsk-stoflager-logo-facebook-kopi.png\",\"width\":300,\"height\":300,\"caption\":\"Jydsk Stoflager\"},\"image\":{\"@id\":\"https:\\\/\\\/jydsk-stoflager.dk\\\/fi\\\/#\\\/schema\\\/logo\\\/image\\\/\"},\"sameAs\":[\"https:\\\/\\\/www.facebook.com\\\/jydskstoflager\",\"https:\\\/\\\/www.instagram.com\\\/jydskstoflager\\\/\"],\"hasMerchantReturnPolicy\":{\"@type\":\"MerchantReturnPolicy\",\"merchantReturnLink\":\"https:\\\/\\\/jydsk-stoflager.dk\\\/handelsbetingelser\\\/\"}}]}<\/script>\n<meta property=\"og:availability\" content=\"instock\" \/>\n<meta property=\"product:availability\" content=\"instock\" \/>\n<meta property=\"product:retailer_item_id\" content=\"RS0008-059\" \/>\n<meta property=\"product:condition\" content=\"new\" \/>\n<!-- \/ Yoast SEO plugin. -->","yoast_head_json":{"title":"Bi-stretch - Oliivi - Jydsk stoflager","description":"Onko sinulla yritys ja tarvitset kangasta tai tarvikkeita? Rekister\u00f6idy t\u00e4n\u00e4\u00e4n ja hanki Bee Stretch - Olive tukkuhintaan. sinulle taataan parhaat hinnat.","robots":{"index":"index","follow":"follow","max-snippet":"max-snippet:-1","max-image-preview":"max-image-preview:large","max-video-preview":"max-video-preview:-1"},"canonical":"https:\/\/jydsk-stoflager.dk\/fi\/butik\/muoti-kangas\/bi-stretch-fi\/bi-stretch-oliivi\/","og_locale":"fi_FI","og_type":"article","og_title":"Bi-stretch - Oliivi - Jydsk stoflager","og_description":"Onko sinulla yritys ja tarvitset kangasta tai tarvikkeita? Rekister\u00f6idy t\u00e4n\u00e4\u00e4n ja hanki Bee Stretch - Olive tukkuhintaan. sinulle taataan parhaat hinnat.","og_url":"https:\/\/jydsk-stoflager.dk\/fi\/butik\/muoti-kangas\/bi-stretch-fi\/bi-stretch-oliivi\/","og_site_name":"Jydsk stoflager","article_publisher":"https:\/\/www.facebook.com\/jydskstoflager","article_modified_time":"2026-03-05T11:46:45+00:00","og_image":[{"width":1440,"height":1440,"url":"https:\/\/jydsk-stoflager.dk\/wp-content\/uploads\/2024\/01\/RS0008-059.jpg","type":"image\/jpeg"}],"twitter_card":"summary_large_image","twitter_misc":{"Saatavuus":"Varastossa"},"schema":{"@context":"https:\/\/schema.org","@graph":[{"@type":"WebPage","@id":"https:\/\/jydsk-stoflager.dk\/fi\/butik\/muoti-kangas\/bi-stretch-fi\/bi-stretch-oliivi\/","url":"https:\/\/jydsk-stoflager.dk\/fi\/butik\/muoti-kangas\/bi-stretch-fi\/bi-stretch-oliivi\/","name":"Bi-stretch - Oliivi - Jydsk stoflager","isPartOf":{"@id":"https:\/\/jydsk-stoflager.dk\/fi\/#website"},"primaryImageOfPage":{"@id":"https:\/\/jydsk-stoflager.dk\/fi\/butik\/muoti-kangas\/bi-stretch-fi\/bi-stretch-oliivi\/#primaryimage"},"image":{"@id":"https:\/\/jydsk-stoflager.dk\/fi\/butik\/muoti-kangas\/bi-stretch-fi\/bi-stretch-oliivi\/#primaryimage"},"thumbnailUrl":"https:\/\/jydsk-stoflager.dk\/wp-content\/uploads\/2024\/01\/RS0008-059.jpg","datePublished":"2023-11-09T12:24:38+00:00","dateModified":"2026-03-05T11:46:45+00:00","description":"Onko sinulla yritys ja tarvitset kangasta tai tarvikkeita? Rekister\u00f6idy t\u00e4n\u00e4\u00e4n ja hanki Bee Stretch - Olive tukkuhintaan. sinulle taataan parhaat hinnat.","breadcrumb":{"@id":"https:\/\/jydsk-stoflager.dk\/fi\/butik\/muoti-kangas\/bi-stretch-fi\/bi-stretch-oliivi\/#breadcrumb"},"inLanguage":"fi","potentialAction":[{"@type":"ReadAction","target":["https:\/\/jydsk-stoflager.dk\/fi\/butik\/muoti-kangas\/bi-stretch-fi\/bi-stretch-oliivi\/"]}]},{"@type":"ImageObject","inLanguage":"fi","@id":"https:\/\/jydsk-stoflager.dk\/fi\/butik\/muoti-kangas\/bi-stretch-fi\/bi-stretch-oliivi\/#primaryimage","url":"https:\/\/jydsk-stoflager.dk\/wp-content\/uploads\/2024\/01\/RS0008-059.jpg","contentUrl":"https:\/\/jydsk-stoflager.dk\/wp-content\/uploads\/2024\/01\/RS0008-059.jpg","width":1440,"height":1440},{"@type":"BreadcrumbList","@id":"https:\/\/jydsk-stoflager.dk\/fi\/butik\/muoti-kangas\/bi-stretch-fi\/bi-stretch-oliivi\/#breadcrumb","itemListElement":[{"@type":"ListItem","position":1,"name":"Hjem","item":"https:\/\/jydsk-stoflager.dk\/fi\/"},{"@type":"ListItem","position":2,"name":"Myym\u00e4l\u00e4","item":"https:\/\/jydsk-stoflager.dk\/fi\/myymaelae\/"},{"@type":"ListItem","position":3,"name":"Bi-stretch &#8211; Oliivi"}]},{"@type":"WebSite","@id":"https:\/\/jydsk-stoflager.dk\/fi\/#website","url":"https:\/\/jydsk-stoflager.dk\/fi\/","name":"Jydsk Stoflager","description":"Jydsk Stoflager \u2013 stof til din forretning, kvalitet til dit brand","publisher":{"@id":"https:\/\/jydsk-stoflager.dk\/fi\/#organization"},"alternateName":"Jydsk Stoflager","potentialAction":[{"@type":"SearchAction","target":{"@type":"EntryPoint","urlTemplate":"https:\/\/jydsk-stoflager.dk\/fi\/?s={search_term_string}"},"query-input":{"@type":"PropertyValueSpecification","valueRequired":true,"valueName":"search_term_string"}}],"inLanguage":"fi"},{"@type":"Organization","@id":"https:\/\/jydsk-stoflager.dk\/fi\/#organization","name":"Jydsk Stoflager","alternateName":"Jydsk Stoflager","url":"https:\/\/jydsk-stoflager.dk\/fi\/","logo":{"@type":"ImageObject","inLanguage":"fi","@id":"https:\/\/jydsk-stoflager.dk\/fi\/#\/schema\/logo\/image\/","url":"https:\/\/jydsk-stoflager.dk\/wp-content\/uploads\/2024\/04\/Jydsk-stoflager-logo-facebook-kopi.png","contentUrl":"https:\/\/jydsk-stoflager.dk\/wp-content\/uploads\/2024\/04\/Jydsk-stoflager-logo-facebook-kopi.png","width":300,"height":300,"caption":"Jydsk Stoflager"},"image":{"@id":"https:\/\/jydsk-stoflager.dk\/fi\/#\/schema\/logo\/image\/"},"sameAs":["https:\/\/www.facebook.com\/jydskstoflager","https:\/\/www.instagram.com\/jydskstoflager\/"],"hasMerchantReturnPolicy":{"@type":"MerchantReturnPolicy","merchantReturnLink":"https:\/\/jydsk-stoflager.dk\/handelsbetingelser\/"}}]},"og_availability":"instock","product_availability":"instock","product_retailer_item_id":"RS0008-059","product_condition":"new"},"_links":{"self":[{"href":"https:\/\/jydsk-stoflager.dk\/fi\/wp-json\/wp\/v2\/product\/603013","targetHints":{"allow":["GET"]}}],"collection":[{"href":"https:\/\/jydsk-stoflager.dk\/fi\/wp-json\/wp\/v2\/product"}],"about":[{"href":"https:\/\/jydsk-stoflager.dk\/fi\/wp-json\/wp\/v2\/types\/product"}],"replies":[{"embeddable":true,"href":"https:\/\/jydsk-stoflager.dk\/fi\/wp-json\/wp\/v2\/comments?post=603013"}],"wp:featuredmedia":[{"embeddable":true,"href":"https:\/\/jydsk-stoflager.dk\/fi\/wp-json\/wp\/v2\/media\/603015"}],"wp:attachment":[{"href":"https:\/\/jydsk-stoflager.dk\/fi\/wp-json\/wp\/v2\/media?parent=603013"}],"wp:term":[{"taxonomy":"product_brand","embeddable":true,"href":"https:\/\/jydsk-stoflager.dk\/fi\/wp-json\/wp\/v2\/product_brand?post=603013"},{"taxonomy":"product_cat","embeddable":true,"href":"https:\/\/jydsk-stoflager.dk\/fi\/wp-json\/wp\/v2\/product_cat?post=603013"},{"taxonomy":"product_tag","embeddable":true,"href":"https:\/\/jydsk-stoflager.dk\/fi\/wp-json\/wp\/v2\/product_tag?post=603013"}],"curies":[{"name":"wp","href":"https:\/\/api.w.org\/{rel}","templated":true}]}}