{"id":601008,"date":"2024-01-30T11:17:03","date_gmt":"2024-01-30T10:17:03","guid":{"rendered":"https:\/\/jydsk-stoflager.dk\/butik\/Ei-luokiteltu\/gobelin-elsinor-negro-lanka\/"},"modified":"2026-03-05T12:23:07","modified_gmt":"2026-03-05T11:23:07","slug":"gobelin-elsinor-negro-lanka","status":"publish","type":"product","link":"https:\/\/jydsk-stoflager.dk\/fi\/butik\/koti-kangas\/verhoilukangas\/gobeliini\/gobelin-elsinor-negro-lanka\/","title":{"rendered":"Gobelin &#8211; Elsinor Negro (lanka)"},"content":{"rendered":"<p>T\u00e4m\u00e4 ylellinen tekstiili yhdist\u00e4\u00e4 perinteisen <a href=\"https:\/\/jydsk-stoflager.dk\/fi\/butik\/product_cat\/verhoilukangas\/gobeliini\/\">gobeliini<\/a>-tekniikan moderniin estetiikkaan. 50% puuvillan ja 50% polyesterin sekoitus tarjoaa erinomaisen kest\u00e4vyyden ja mukavuuden, mik\u00e4 tekee siit\u00e4 ihanteellisen valinnan monenlaisiin sisustusprojekteihin. Huomattavan painava 360 g\/m\u00b2 rakenne takaa pitk\u00e4aikaisen k\u00e4yt\u00f6n, joten se soveltuu erinomaisesti <a href=\"https:\/\/jydsk-stoflager.dk\/fi\/butik\/product_cat\/verhoilukangas\/\">verhoilukankaaksi<\/a> nojatuoleihin, sohviin ja muihin huonekaluihin.<\/p>\n<p>Syv\u00e4 musta s\u00e4vy tuo ajatonta tyylikkyytt\u00e4 ja sopii sek\u00e4 moderneihin ett\u00e4 klassisiin sisustuksiin. T\u00e4m\u00e4 <a href=\"https:\/\/jydsk-stoflager.dk\/fi\/butik\/product_cat\/kudottu-kangas\/\">kudottu kangas<\/a> on 140 cm leve\u00e4, mik\u00e4 mahdollistaa tehokkaan materiaalin k\u00e4yt\u00f6n useimmissa projekteissa. Kest\u00e4v\u00e4 rakenne tarjoaa erinomaisen kulutuskest\u00e4vyyden ja s\u00e4ilytt\u00e4\u00e4 muotonsa ja v\u00e4rins\u00e4 pitk\u00e4\u00e4n k\u00e4yt\u00f6ss\u00e4.<\/p>\n<p>Kangas on erinomainen valinta koristeellisiin tyynyihin, sein\u00e4tekstiileihin ja muihin sisustustuotteisiin, joihin haluat lis\u00e4t\u00e4 ripauksen ylellisyytt\u00e4. Se t\u00e4ydent\u00e4\u00e4 erinomaisesti muita <a href=\"https:\/\/jydsk-stoflager.dk\/fi\/butik\/product_cat\/verhoilukangas\/huonekalujen-veluuri\/\">verhoilumateriaaleja<\/a> ja toimii hienosti kontrastina vaaleammille pinnoille. Koska kankaassa on <a href=\"https:\/\/jydsk-stoflager.dk\/fi\/butik\/product_cat\/muoti-kangas\/kangas\/kuvioitu-kangas\/\">kuvioitu<\/a> pinta, se tuo syvyytt\u00e4 ja tekstuuria sisustukseen ilman, ett\u00e4 se dominoi tilaa.<\/p>\n","protected":false},"excerpt":{"rendered":"<table id=\"tablepress-141-no-3\" class=\"tablepress tablepress-id-141\">\n<caption style=\"caption-side:bottom;text-align:left;border:none;background:none;margin:0;padding:0\"><a href=\"https:\/\/jydsk-stoflager.dk\/wp-admin\/admin.php?page=tablepress&#038;action=edit&#038;table_id=141\" rel=\"nofollow\">Muokkaa<\/a><\/caption>\n<thead>\n<tr class=\"row-1\">\n<th class=\"column-1\">Laatu <\/th>\n<th class=\"column-2\">50% puuvilla 50% polyesteri<\/th>\n<\/tr>\n<\/thead>\n<tbody class=\"row-striping row-hover\">\n<tr class=\"row-2\">\n<td class=\"column-1\">Sertifiointi <\/td>\n<td class=\"column-2\"><a href=\"https:\/\/jydsk-stoflager.dk\/wp-content\/uploads\/2023\/10\/Bamboo-Jersey.jpg\"><img decoding=\"async\" src=\"https:\/\/jydsk-stoflager.dk\/wp-content\/uploads\/2023\/10\/Bamboo-Jersey-300x158.jpg\" alt=\"\" width=\"300\" height=\"158\" class=\"alignnone size-medium wp-image-551140\" \/><\/a><\/td>\n<\/tr>\n<tr class=\"row-3\">\n<td class=\"column-1\">Paino <\/td>\n<td class=\"column-2\">360 g\/m\u00b2<\/td>\n<\/tr>\n<tr class=\"row-4\">\n<td class=\"column-1\">Leveys <\/td>\n<td class=\"column-2\">140 cm<\/td>\n<\/tr>\n<\/tbody>\n<\/table>\n","protected":false},"featured_media":601011,"comment_status":"open","ping_status":"closed","template":"","meta":{"_yoast_wpseo_focuskw":"","_yoast_wpseo_title":"","_yoast_wpseo_metadesc":"Onko sinulla yritys ja tarvitset kangasta tai tarvikkeita? Rekister\u00f6idy t\u00e4n\u00e4\u00e4n ja hanki Gobelin - Elsinor Negro (lanka) tukkuhintaan. sinulle taataan parhaat hinnat."},"product_brand":[],"product_cat":[1334,1304],"product_tag":[],"class_list":{"0":"post-601008","1":"product","2":"type-product","3":"status-publish","4":"has-post-thumbnail","6":"product_cat-gobeliini","7":"product_cat-kangas-uutiset","8":"pa_certifikat-oekotex-fi","9":"pa_egenskaber-asuminen","10":"pa_farve-monivaerinen","11":"pa_jersey-fast-melkein","12":"pa_laengde-1-m-fi","13":"pa_laengde-10-m-fi","14":"pa_laengde-15-m-fi","15":"pa_laengde-30-m-fi","16":"pa_laengde-50-m-fi","17":"pa_materialer-polyesteri","18":"pa_materialer-puuvilla","19":"pa_moenster-digitaalinen-tulostus","21":"first","22":"instock","23":"sale","24":"taxable","25":"shipping-taxable","26":"purchasable","27":"product-type-variable"},"yoast_head":"<!-- This site is optimized with the Yoast SEO plugin v27.4 - https:\/\/yoast.com\/product\/yoast-seo-wordpress\/ -->\n<title>Gobelin - Elsinor Negro (lanka) - Jydsk stoflager<\/title>\n<meta name=\"description\" content=\"Onko sinulla yritys ja tarvitset kangasta tai tarvikkeita? Rekister\u00f6idy t\u00e4n\u00e4\u00e4n ja hanki Gobelin - Elsinor Negro (lanka) tukkuhintaan. sinulle taataan parhaat hinnat.\" \/>\n<meta name=\"robots\" content=\"index, follow, max-snippet:-1, max-image-preview:large, max-video-preview:-1\" \/>\n<link rel=\"canonical\" href=\"https:\/\/jydsk-stoflager.dk\/fi\/butik\/koti-kangas\/verhoilukangas\/gobeliini\/gobelin-elsinor-negro-lanka\/\" \/>\n<meta property=\"og:locale\" content=\"fi_FI\" \/>\n<meta property=\"og:type\" content=\"article\" \/>\n<meta property=\"og:title\" content=\"Gobelin - Elsinor Negro (lanka) - Jydsk stoflager\" \/>\n<meta property=\"og:description\" content=\"Onko sinulla yritys ja tarvitset kangasta tai tarvikkeita? Rekister\u00f6idy t\u00e4n\u00e4\u00e4n ja hanki Gobelin - Elsinor Negro (lanka) tukkuhintaan. sinulle taataan parhaat hinnat.\" \/>\n<meta property=\"og:url\" content=\"https:\/\/jydsk-stoflager.dk\/fi\/butik\/koti-kangas\/verhoilukangas\/gobeliini\/gobelin-elsinor-negro-lanka\/\" \/>\n<meta property=\"og:site_name\" content=\"Jydsk stoflager\" \/>\n<meta property=\"article:publisher\" content=\"https:\/\/www.facebook.com\/jydskstoflager\" \/>\n<meta property=\"article:modified_time\" content=\"2026-03-05T11:23:07+00:00\" \/>\n<meta property=\"og:image\" content=\"https:\/\/jydsk-stoflager.dk\/wp-content\/uploads\/2024\/06\/ELSINOR_NEGRO_YARN_G.jpg\" \/>\n\t<meta property=\"og:image:width\" content=\"800\" \/>\n\t<meta property=\"og:image:height\" content=\"800\" \/>\n\t<meta property=\"og:image:type\" content=\"image\/jpeg\" \/>\n<meta name=\"twitter:card\" content=\"summary_large_image\" \/>\n<meta name=\"twitter:label1\" content=\"Saatavuus\" \/>\n\t<meta name=\"twitter:data1\" content=\"Varastossa\" \/>\n<script type=\"application\/ld+json\" class=\"yoast-schema-graph\">{\"@context\":\"https:\\\/\\\/schema.org\",\"@graph\":[{\"@type\":\"WebPage\",\"@id\":\"https:\\\/\\\/jydsk-stoflager.dk\\\/fi\\\/butik\\\/koti-kangas\\\/verhoilukangas\\\/gobeliini\\\/gobelin-elsinor-negro-lanka\\\/\",\"url\":\"https:\\\/\\\/jydsk-stoflager.dk\\\/fi\\\/butik\\\/koti-kangas\\\/verhoilukangas\\\/gobeliini\\\/gobelin-elsinor-negro-lanka\\\/\",\"name\":\"Gobelin - Elsinor Negro (lanka) - Jydsk stoflager\",\"isPartOf\":{\"@id\":\"https:\\\/\\\/jydsk-stoflager.dk\\\/fi\\\/#website\"},\"primaryImageOfPage\":{\"@id\":\"https:\\\/\\\/jydsk-stoflager.dk\\\/fi\\\/butik\\\/koti-kangas\\\/verhoilukangas\\\/gobeliini\\\/gobelin-elsinor-negro-lanka\\\/#primaryimage\"},\"image\":{\"@id\":\"https:\\\/\\\/jydsk-stoflager.dk\\\/fi\\\/butik\\\/koti-kangas\\\/verhoilukangas\\\/gobeliini\\\/gobelin-elsinor-negro-lanka\\\/#primaryimage\"},\"thumbnailUrl\":\"https:\\\/\\\/jydsk-stoflager.dk\\\/wp-content\\\/uploads\\\/2024\\\/06\\\/ELSINOR_NEGRO_YARN_G.jpg\",\"datePublished\":\"2024-01-30T10:17:03+00:00\",\"dateModified\":\"2026-03-05T11:23:07+00:00\",\"description\":\"Onko sinulla yritys ja tarvitset kangasta tai tarvikkeita? Rekister\u00f6idy t\u00e4n\u00e4\u00e4n ja hanki Gobelin - Elsinor Negro (lanka) tukkuhintaan. sinulle taataan parhaat hinnat.\",\"breadcrumb\":{\"@id\":\"https:\\\/\\\/jydsk-stoflager.dk\\\/fi\\\/butik\\\/koti-kangas\\\/verhoilukangas\\\/gobeliini\\\/gobelin-elsinor-negro-lanka\\\/#breadcrumb\"},\"inLanguage\":\"fi\",\"potentialAction\":[{\"@type\":\"ReadAction\",\"target\":[\"https:\\\/\\\/jydsk-stoflager.dk\\\/fi\\\/butik\\\/koti-kangas\\\/verhoilukangas\\\/gobeliini\\\/gobelin-elsinor-negro-lanka\\\/\"]}]},{\"@type\":\"ImageObject\",\"inLanguage\":\"fi\",\"@id\":\"https:\\\/\\\/jydsk-stoflager.dk\\\/fi\\\/butik\\\/koti-kangas\\\/verhoilukangas\\\/gobeliini\\\/gobelin-elsinor-negro-lanka\\\/#primaryimage\",\"url\":\"https:\\\/\\\/jydsk-stoflager.dk\\\/wp-content\\\/uploads\\\/2024\\\/06\\\/ELSINOR_NEGRO_YARN_G.jpg\",\"contentUrl\":\"https:\\\/\\\/jydsk-stoflager.dk\\\/wp-content\\\/uploads\\\/2024\\\/06\\\/ELSINOR_NEGRO_YARN_G.jpg\",\"width\":800,\"height\":800,\"caption\":\"Gobelin - Elsinor Negro (lanka)\"},{\"@type\":\"BreadcrumbList\",\"@id\":\"https:\\\/\\\/jydsk-stoflager.dk\\\/fi\\\/butik\\\/koti-kangas\\\/verhoilukangas\\\/gobeliini\\\/gobelin-elsinor-negro-lanka\\\/#breadcrumb\",\"itemListElement\":[{\"@type\":\"ListItem\",\"position\":1,\"name\":\"Hjem\",\"item\":\"https:\\\/\\\/jydsk-stoflager.dk\\\/fi\\\/\"},{\"@type\":\"ListItem\",\"position\":2,\"name\":\"Myym\u00e4l\u00e4\",\"item\":\"https:\\\/\\\/jydsk-stoflager.dk\\\/fi\\\/myymaelae\\\/\"},{\"@type\":\"ListItem\",\"position\":3,\"name\":\"Gobelin &#8211; Elsinor Negro (lanka)\"}]},{\"@type\":\"WebSite\",\"@id\":\"https:\\\/\\\/jydsk-stoflager.dk\\\/fi\\\/#website\",\"url\":\"https:\\\/\\\/jydsk-stoflager.dk\\\/fi\\\/\",\"name\":\"Jydsk Stoflager\",\"description\":\"Jydsk Stoflager \u2013 stof til din forretning, kvalitet til dit brand\",\"publisher\":{\"@id\":\"https:\\\/\\\/jydsk-stoflager.dk\\\/fi\\\/#organization\"},\"alternateName\":\"Jydsk Stoflager\",\"potentialAction\":[{\"@type\":\"SearchAction\",\"target\":{\"@type\":\"EntryPoint\",\"urlTemplate\":\"https:\\\/\\\/jydsk-stoflager.dk\\\/fi\\\/?s={search_term_string}\"},\"query-input\":{\"@type\":\"PropertyValueSpecification\",\"valueRequired\":true,\"valueName\":\"search_term_string\"}}],\"inLanguage\":\"fi\"},{\"@type\":\"Organization\",\"@id\":\"https:\\\/\\\/jydsk-stoflager.dk\\\/fi\\\/#organization\",\"name\":\"Jydsk Stoflager\",\"alternateName\":\"Jydsk Stoflager\",\"url\":\"https:\\\/\\\/jydsk-stoflager.dk\\\/fi\\\/\",\"logo\":{\"@type\":\"ImageObject\",\"inLanguage\":\"fi\",\"@id\":\"https:\\\/\\\/jydsk-stoflager.dk\\\/fi\\\/#\\\/schema\\\/logo\\\/image\\\/\",\"url\":\"https:\\\/\\\/jydsk-stoflager.dk\\\/wp-content\\\/uploads\\\/2024\\\/04\\\/Jydsk-stoflager-logo-facebook-kopi.png\",\"contentUrl\":\"https:\\\/\\\/jydsk-stoflager.dk\\\/wp-content\\\/uploads\\\/2024\\\/04\\\/Jydsk-stoflager-logo-facebook-kopi.png\",\"width\":300,\"height\":300,\"caption\":\"Jydsk Stoflager\"},\"image\":{\"@id\":\"https:\\\/\\\/jydsk-stoflager.dk\\\/fi\\\/#\\\/schema\\\/logo\\\/image\\\/\"},\"sameAs\":[\"https:\\\/\\\/www.facebook.com\\\/jydskstoflager\",\"https:\\\/\\\/www.instagram.com\\\/jydskstoflager\\\/\"],\"hasMerchantReturnPolicy\":{\"@type\":\"MerchantReturnPolicy\",\"merchantReturnLink\":\"https:\\\/\\\/jydsk-stoflager.dk\\\/handelsbetingelser\\\/\"}}]}<\/script>\n<meta property=\"og:availability\" content=\"instock\" \/>\n<meta property=\"product:availability\" content=\"instock\" \/>\n<meta property=\"product:retailer_item_id\" content=\"JC-2400-005\" \/>\n<meta property=\"product:condition\" content=\"new\" \/>\n<!-- \/ Yoast SEO plugin. -->","yoast_head_json":{"title":"Gobelin - Elsinor Negro (lanka) - Jydsk stoflager","description":"Onko sinulla yritys ja tarvitset kangasta tai tarvikkeita? Rekister\u00f6idy t\u00e4n\u00e4\u00e4n ja hanki Gobelin - Elsinor Negro (lanka) tukkuhintaan. sinulle taataan parhaat hinnat.","robots":{"index":"index","follow":"follow","max-snippet":"max-snippet:-1","max-image-preview":"max-image-preview:large","max-video-preview":"max-video-preview:-1"},"canonical":"https:\/\/jydsk-stoflager.dk\/fi\/butik\/koti-kangas\/verhoilukangas\/gobeliini\/gobelin-elsinor-negro-lanka\/","og_locale":"fi_FI","og_type":"article","og_title":"Gobelin - Elsinor Negro (lanka) - Jydsk stoflager","og_description":"Onko sinulla yritys ja tarvitset kangasta tai tarvikkeita? Rekister\u00f6idy t\u00e4n\u00e4\u00e4n ja hanki Gobelin - Elsinor Negro (lanka) tukkuhintaan. sinulle taataan parhaat hinnat.","og_url":"https:\/\/jydsk-stoflager.dk\/fi\/butik\/koti-kangas\/verhoilukangas\/gobeliini\/gobelin-elsinor-negro-lanka\/","og_site_name":"Jydsk stoflager","article_publisher":"https:\/\/www.facebook.com\/jydskstoflager","article_modified_time":"2026-03-05T11:23:07+00:00","og_image":[{"width":800,"height":800,"url":"https:\/\/jydsk-stoflager.dk\/wp-content\/uploads\/2024\/06\/ELSINOR_NEGRO_YARN_G.jpg","type":"image\/jpeg"}],"twitter_card":"summary_large_image","twitter_misc":{"Saatavuus":"Varastossa"},"schema":{"@context":"https:\/\/schema.org","@graph":[{"@type":"WebPage","@id":"https:\/\/jydsk-stoflager.dk\/fi\/butik\/koti-kangas\/verhoilukangas\/gobeliini\/gobelin-elsinor-negro-lanka\/","url":"https:\/\/jydsk-stoflager.dk\/fi\/butik\/koti-kangas\/verhoilukangas\/gobeliini\/gobelin-elsinor-negro-lanka\/","name":"Gobelin - Elsinor Negro (lanka) - Jydsk stoflager","isPartOf":{"@id":"https:\/\/jydsk-stoflager.dk\/fi\/#website"},"primaryImageOfPage":{"@id":"https:\/\/jydsk-stoflager.dk\/fi\/butik\/koti-kangas\/verhoilukangas\/gobeliini\/gobelin-elsinor-negro-lanka\/#primaryimage"},"image":{"@id":"https:\/\/jydsk-stoflager.dk\/fi\/butik\/koti-kangas\/verhoilukangas\/gobeliini\/gobelin-elsinor-negro-lanka\/#primaryimage"},"thumbnailUrl":"https:\/\/jydsk-stoflager.dk\/wp-content\/uploads\/2024\/06\/ELSINOR_NEGRO_YARN_G.jpg","datePublished":"2024-01-30T10:17:03+00:00","dateModified":"2026-03-05T11:23:07+00:00","description":"Onko sinulla yritys ja tarvitset kangasta tai tarvikkeita? Rekister\u00f6idy t\u00e4n\u00e4\u00e4n ja hanki Gobelin - Elsinor Negro (lanka) tukkuhintaan. sinulle taataan parhaat hinnat.","breadcrumb":{"@id":"https:\/\/jydsk-stoflager.dk\/fi\/butik\/koti-kangas\/verhoilukangas\/gobeliini\/gobelin-elsinor-negro-lanka\/#breadcrumb"},"inLanguage":"fi","potentialAction":[{"@type":"ReadAction","target":["https:\/\/jydsk-stoflager.dk\/fi\/butik\/koti-kangas\/verhoilukangas\/gobeliini\/gobelin-elsinor-negro-lanka\/"]}]},{"@type":"ImageObject","inLanguage":"fi","@id":"https:\/\/jydsk-stoflager.dk\/fi\/butik\/koti-kangas\/verhoilukangas\/gobeliini\/gobelin-elsinor-negro-lanka\/#primaryimage","url":"https:\/\/jydsk-stoflager.dk\/wp-content\/uploads\/2024\/06\/ELSINOR_NEGRO_YARN_G.jpg","contentUrl":"https:\/\/jydsk-stoflager.dk\/wp-content\/uploads\/2024\/06\/ELSINOR_NEGRO_YARN_G.jpg","width":800,"height":800,"caption":"Gobelin - Elsinor Negro (lanka)"},{"@type":"BreadcrumbList","@id":"https:\/\/jydsk-stoflager.dk\/fi\/butik\/koti-kangas\/verhoilukangas\/gobeliini\/gobelin-elsinor-negro-lanka\/#breadcrumb","itemListElement":[{"@type":"ListItem","position":1,"name":"Hjem","item":"https:\/\/jydsk-stoflager.dk\/fi\/"},{"@type":"ListItem","position":2,"name":"Myym\u00e4l\u00e4","item":"https:\/\/jydsk-stoflager.dk\/fi\/myymaelae\/"},{"@type":"ListItem","position":3,"name":"Gobelin &#8211; Elsinor Negro (lanka)"}]},{"@type":"WebSite","@id":"https:\/\/jydsk-stoflager.dk\/fi\/#website","url":"https:\/\/jydsk-stoflager.dk\/fi\/","name":"Jydsk Stoflager","description":"Jydsk Stoflager \u2013 stof til din forretning, kvalitet til dit brand","publisher":{"@id":"https:\/\/jydsk-stoflager.dk\/fi\/#organization"},"alternateName":"Jydsk Stoflager","potentialAction":[{"@type":"SearchAction","target":{"@type":"EntryPoint","urlTemplate":"https:\/\/jydsk-stoflager.dk\/fi\/?s={search_term_string}"},"query-input":{"@type":"PropertyValueSpecification","valueRequired":true,"valueName":"search_term_string"}}],"inLanguage":"fi"},{"@type":"Organization","@id":"https:\/\/jydsk-stoflager.dk\/fi\/#organization","name":"Jydsk Stoflager","alternateName":"Jydsk Stoflager","url":"https:\/\/jydsk-stoflager.dk\/fi\/","logo":{"@type":"ImageObject","inLanguage":"fi","@id":"https:\/\/jydsk-stoflager.dk\/fi\/#\/schema\/logo\/image\/","url":"https:\/\/jydsk-stoflager.dk\/wp-content\/uploads\/2024\/04\/Jydsk-stoflager-logo-facebook-kopi.png","contentUrl":"https:\/\/jydsk-stoflager.dk\/wp-content\/uploads\/2024\/04\/Jydsk-stoflager-logo-facebook-kopi.png","width":300,"height":300,"caption":"Jydsk Stoflager"},"image":{"@id":"https:\/\/jydsk-stoflager.dk\/fi\/#\/schema\/logo\/image\/"},"sameAs":["https:\/\/www.facebook.com\/jydskstoflager","https:\/\/www.instagram.com\/jydskstoflager\/"],"hasMerchantReturnPolicy":{"@type":"MerchantReturnPolicy","merchantReturnLink":"https:\/\/jydsk-stoflager.dk\/handelsbetingelser\/"}}]},"og_availability":"instock","product_availability":"instock","product_retailer_item_id":"JC-2400-005","product_condition":"new"},"_links":{"self":[{"href":"https:\/\/jydsk-stoflager.dk\/fi\/wp-json\/wp\/v2\/product\/601008","targetHints":{"allow":["GET"]}}],"collection":[{"href":"https:\/\/jydsk-stoflager.dk\/fi\/wp-json\/wp\/v2\/product"}],"about":[{"href":"https:\/\/jydsk-stoflager.dk\/fi\/wp-json\/wp\/v2\/types\/product"}],"replies":[{"embeddable":true,"href":"https:\/\/jydsk-stoflager.dk\/fi\/wp-json\/wp\/v2\/comments?post=601008"}],"wp:featuredmedia":[{"embeddable":true,"href":"https:\/\/jydsk-stoflager.dk\/fi\/wp-json\/wp\/v2\/media\/601011"}],"wp:attachment":[{"href":"https:\/\/jydsk-stoflager.dk\/fi\/wp-json\/wp\/v2\/media?parent=601008"}],"wp:term":[{"taxonomy":"product_brand","embeddable":true,"href":"https:\/\/jydsk-stoflager.dk\/fi\/wp-json\/wp\/v2\/product_brand?post=601008"},{"taxonomy":"product_cat","embeddable":true,"href":"https:\/\/jydsk-stoflager.dk\/fi\/wp-json\/wp\/v2\/product_cat?post=601008"},{"taxonomy":"product_tag","embeddable":true,"href":"https:\/\/jydsk-stoflager.dk\/fi\/wp-json\/wp\/v2\/product_tag?post=601008"}],"curies":[{"name":"wp","href":"https:\/\/api.w.org\/{rel}","templated":true}]}}